{"id":3146,"date":"2025-11-25T13:56:25","date_gmt":"2025-11-25T12:56:25","guid":{"rendered":"https:\/\/apexvape.de\/?post_type=product&#038;p=3146"},"modified":"2025-11-25T13:57:13","modified_gmt":"2025-11-25T12:57:13","slug":"bang-blaze-60000","status":"publish","type":"product","link":"https:\/\/apexvape.de\/pl\/product\/bang-blaze-60000\/","title":{"rendered":"Bang Blaze 60000 zaci\u0105gni\u0119\u0107 Jednorazowy vape"},"content":{"rendered":"<h1>Bang Blaze 60000 zaci\u0105gni\u0119\u0107 4 w 1 Vape | 60 ml e-liquidu, akumulator 650 mAh, \u0142adowalny typu C, 12 opcji smakowych<\/h1>\n<p>Jednorazowy vape pen Bang Blaze 60000 60k Puffs zapewnia najwy\u017csz\u0105 wszechstronno\u015b\u0107 podczas wapowania dzi\u0119ki 4 trybom smaku w jednym urz\u0105dzeniu i zbiornikowi o pojemno\u015bci 60 ml. Dzi\u0119ki regulowanej zawarto\u015bci nikotyny (0%, 2%, 3% i 5%) oraz wydajnej cewce siatkowej 1,0 \u03a9 zapewnia delikatn\u0105, intensywn\u0105 par\u0119. Akumulator 650 mAh i z\u0142\u0105cze \u0142adowania typu C zapewniaj\u0105 najwy\u017cszy komfort, a inteligentny wy\u015bwietlacz cyfrowy pokazuje poziom na\u0142adowania akumulatora i poziom e-p\u0142ynu w czasie rzeczywistym. Wybierz jeden z 12 smak\u00f3w premium, aby uzyska\u0107 indywidualne doznania podczas wapowania, kt\u00f3re zachwyc\u0105 zar\u00f3wno pocz\u0105tkuj\u0105cych, jak i zaawansowanych u\u017cytkownik\u00f3w.<\/p>\n<h2>Najwa\u017cniejsze cechy Bang Blaze 60000 Puffs:<\/h2>\n<p>Dzi\u0119ki imponuj\u0105cej pojemno\u015bci 60 ml premium e-liquidu urz\u0105dzenie to oferuje wyj\u0105tkow\u0105 wydajno\u015b\u0107, umo\u017cliwiaj\u0105c\u0105 d\u0142ugotrwa\u0142e u\u017cytkowanie bez konieczno\u015bci ponownego nape\u0142niania \u2013 idealne rozwi\u0105zanie dla os\u00f3b intensywnie korzystaj\u0105cych z e-papieros\u00f3w, kt\u00f3re wymagaj\u0105 wygody i wydajno\u015bci. Akumulator o pojemno\u015bci 650 mAh z z\u0142\u0105czem \u0142adowania typu C gwarantuje wystarczaj\u0105c\u0105 moc do ca\u0142odziennego u\u017cytkowania, a funkcja szybkiego \u0142adowania sprawia, \u017ce urz\u0105dzenie jest zawsze gotowe do u\u017cycia.<\/p>\n<p>Cewka siatkowa 1,0 ohm zapewnia sta\u0142\u0105, delikatn\u0105 par\u0119 o pe\u0142nym smaku przy ka\u017cdym zaci\u0105gni\u0119ciu si\u0119, gwarantuj\u0105c satysfakcjonuj\u0105ce doznania zar\u00f3wno do\u015bwiadczonym u\u017cytkownikom, jak i pocz\u0105tkuj\u0105cym. Spersonalizuj swoje doznania zwi\u0105zane z wapowaniem dzi\u0119ki 4 opcjom mocy nikotyny \u2013 0%, 2%, 3% i 5% \u2013 niezale\u017cnie od tego, czy wolisz produkty bez nikotyny, czy te\u017c pragniesz mocniejszego kopa.<\/p>\n<p>Wybierz spo\u015br\u00f3d 12 pysznych smak\u00f3w, kt\u00f3re zadowol\u0105 ka\u017cde podniebienie \u2013 od orze\u017awiaj\u0105cych mieszanek owocowych po ch\u0142odny mentol. Dzi\u0119ki opcjom dostosowanym do ka\u017cdego nastroju i upodoba\u0144 ka\u017cdy znajdzie co\u015b dla siebie.<\/p>\n<p>Bang Blaze 60000 Puffs 4-in-1 Vape \u0142\u0105czy w sobie pojemno\u015b\u0107, wydajno\u015b\u0107, smak i indywidualizacj\u0119 w jednym urz\u0105dzeniu klasy premium, zapewniaj\u0105cym najwy\u017csz\u0105 jako\u015b\u0107 wapowania.<\/p>\n<h2>Dane techniczne:<\/h2>\n<ul>\n<li><strong>Zawarto\u015b\u0107 nikotyny:<\/strong> 0%, 2%, 3%, 5%<\/li>\n<li><strong>Pojemno\u015b\u0107 poci\u0105gu:<\/strong> Do 60 000 poci\u0105g\u00f3w<\/li>\n<li><strong>Typ cewki:<\/strong> Cewka siatkowa 1,0 \u03a9 zapewniaj\u0105ca lepsze wytwarzanie pary i smak<\/li>\n<li><strong>Pojemno\u015b\u0107 e-liquidu:<\/strong> 60 ml wst\u0119pnie nape\u0142nione, aby zmniejszy\u0107 liczb\u0119 operacji uzupe\u0142niania<\/li>\n<li><strong>Akumulator:<\/strong> Akumulator 650 mAh z funkcj\u0105 szybkiego \u0142adowania typu C<\/li>\n<li><strong>Wy\u015bwietlacz:<\/strong> Inteligentny wy\u015bwietlacz cyfrowy z informacj\u0105 o stanie na\u0142adowania akumulatora i poziomie e-liquidu<\/li>\n<li><strong>Do\u0142adowanie:<\/strong> Z\u0142\u0105cze szybkiego \u0142adowania typu C zapewniaj\u0105ce szybkie i wygodne \u0142adowanie<\/li>\n<li><strong>Opcje smakowe:<\/strong> 12 ekscytuj\u0105cych kombinacji smakowych<\/li>\n<\/ul>\n<h2>Bang Blaze 60000 zaci\u0105gni\u0119\u0107 Lista smak\u00f3w:<\/h2>\n<ol>\n<li>Arbuzowy l\u00f3d\/Jagodowa mi\u0119ta\/Fuii Ice\/Limonkowy romans<\/li>\n<li>Arbuzowy l\u00f3d\/Jagoda i wi\u015bnia\/Letni czas\/Kwa\u015bny mango i ananas<\/li>\n<li>Jagodowy l\u00f3d\/Brzoskwiniowy l\u00f3d\/T\u0119czowe cukierki\/Cytrynowo-pomara\u0144czowy<\/li>\n<li>Jagoda lodowa\/Brzoskwinia Mango Arbuz\/Passion Kiss\/Melon Jab\u0142ko<\/li>\n<li>Jagoda Malina\/Mieszanka jag\u00f3d\/Wi\u015bnia kalifornijska\/Mango marakuja<\/li>\n<li>Jagoda Malina\/Winogrono Ice\/Jagoda Ice\/Aloes Mango Melon<\/li>\n<li>Nap\u00f3j energetyczny\/truskawkowo-bananowy\/mango-brzoskwiniowo-morelowy\/marakuja-kiwi-limonka<\/li>\n<li>Nap\u00f3j energetyczny\/Jagoda i arbuz\/Kwa\u015bna jab\u0142ko i malina\/\u017belki<\/li>\n<li>Truskawka Mango\/Arbuzowa guma balonowa\/Czerwone mojito\/Love66<\/li>\n<li>Truskawka mango\/truskawka kiwi\/jab\u0142ko winogrono\/arbuz smoczy owoc<\/li>\n<li>Truskawka i arbuz\/Czarny l\u00f3d\/Trzyna\u015bcie melon\u00f3w\/\u017burawina i winogrono<\/li>\n<li>Truskawka Arbuz\/Kiwi Marakuja Guawa\/Mango Lody\/Arbuz Kwa\u015bna brzoskwinia<\/li>\n<\/ol>\n<h2>Cz\u0119sto zadawane pytania (FAQ)<\/h2>\n<p><strong>P: Ile zaci\u0105gni\u0119\u0107 oferuje Bang Blaze 60K 4 w 1?<\/strong><br \/>\nO: \u0141\u0105cznie do 60 000 zaci\u0105gni\u0119\u0107 \u2013 odpowiada to oko\u0142o 15 000 zaci\u0105gni\u0119\u0107 na pojemnik smakowy.<\/p>\n<p><strong>P: Czy mog\u0119 zmienia\u0107 smaki?<\/strong><br \/>\nO: Tak! Urz\u0105dzenie posiada cztery oddzielne zbiorniki na e-liquid, mi\u0119dzy kt\u00f3rymi mo\u017cna \u0142atwo prze\u0142\u0105cza\u0107 si\u0119 za pomoc\u0105 prze\u0142\u0105cznika wyboru smaku.<\/p>\n<p><strong>P: Czy Bang Blaze 60K jest \u0142adowalny?<\/strong><br \/>\nO: Tak. Posiada akumulator o pojemno\u015bci 650 mAh i obs\u0142uguje szybkie \u0142adowanie typu C.<\/p>\n<p><strong>P: Czy mo\u017cna go ponownie nape\u0142nia\u0107 lub u\u017cywa\u0107 wielokrotnie?<\/strong><br \/>\nO: Nie. Bang Blaze 60K jest urz\u0105dzeniem jednorazowego u\u017cytku \u2013 po zu\u017cyciu wszystkich czterech zbiornik\u00f3w urz\u0105dzenie nale\u017cy zutylizowa\u0107 w odpowiedni spos\u00f3b.<\/p>\n<p><strong>P: Jak d\u0142ugo trwa pe\u0142ne na\u0142adowanie?<\/strong><br \/>\nO: Dzi\u0119ki szybkiemu \u0142adowaniu typu C pe\u0142ne na\u0142adowanie trwa oko\u0142o 45\u201360 minut.<\/p>\n<h2 class=\"font-claude-response-heading text-text-100 mt-1 -mb-0.5\">Odkryj wi\u0119cej produkt\u00f3w premium do wapowania<\/h2>\n<p class=\"font-claude-response-body whitespace-normal break-words\">Bang Blaze 60000 to tylko jedno z wielu wysokiej jako\u015bci urz\u0105dze\u0144 do waporyzacji, kt\u00f3re mo\u017cna znale\u017a\u0107 na stronie <strong><a class=\"underline\" href=\"https:\/\/apexvape.de\/pl\/\">Apex Vape<\/a><\/strong> . Je\u015bli szukasz innych innowacyjnych rozwi\u0105za\u0144 zwi\u0105zanych z vapowaniem, zapoznaj si\u0119 z nasz\u0105 pe\u0142n\u0105 ofert\u0105 <strong><a class=\"underline\" href=\"https:\/\/apexvape.de\/pl\/product-category\/bang-vape\/\">Kolekcja BANG VAPE<\/a><\/strong>, gdzie znajdziesz szeroki wyb\u00f3r wydajnych jednorazowych vape'\u00f3w i doskona\u0142ych opcji smakowych. Oferujemy najnowsze produkty, szybk\u0105 wysy\u0142k\u0119 i obs\u0142ug\u0119 klienta na najwy\u017cszym poziomie, aby zapewni\u0107 Ci idealne wra\u017cenia z vapowania.<\/p>","protected":false},"excerpt":{"rendered":"<p class=\"font-claude-response-body whitespace-normal break-words\">Bang Blaze 60000 wyznacza nowe standardy dzi\u0119ki 60 ml e-liquidu i 4 trybom smaku w jednym. Inteligentny wy\u015bwietlacz cyfrowy pokazuje poziom na\u0142adowania baterii i poziom p\u0142ynu w czasie rzeczywistym. Cewka siatkowa 1,0 \u03a9, bateria typu C 650 mAh i 12 smak\u00f3w premium w 4 mocach nikotynowych. Maksymalna pojemno\u015b\u0107 spotyka si\u0119 z inteligentn\u0105 technologi\u0105.<\/p>","protected":false},"featured_media":3147,"comment_status":"open","ping_status":"closed","template":"","meta":[],"product_brand":[],"product_cat":[76],"product_tag":[],"class_list":{"0":"post-3146","1":"product","2":"type-product","3":"status-publish","4":"has-post-thumbnail","6":"product_cat-bang-vape","8":"first","9":"instock","10":"shipping-taxable","11":"purchasable","12":"product-type-variable"},"_links":{"self":[{"href":"https:\/\/apexvape.de\/pl\/wp-json\/wp\/v2\/product\/3146","targetHints":{"allow":["GET"]}}],"collection":[{"href":"https:\/\/apexvape.de\/pl\/wp-json\/wp\/v2\/product"}],"about":[{"href":"https:\/\/apexvape.de\/pl\/wp-json\/wp\/v2\/types\/product"}],"replies":[{"embeddable":true,"href":"https:\/\/apexvape.de\/pl\/wp-json\/wp\/v2\/comments?post=3146"}],"version-history":[{"count":0,"href":"https:\/\/apexvape.de\/pl\/wp-json\/wp\/v2\/product\/3146\/revisions"}],"wp:featuredmedia":[{"embeddable":true,"href":"https:\/\/apexvape.de\/pl\/wp-json\/wp\/v2\/media\/3147"}],"wp:attachment":[{"href":"https:\/\/apexvape.de\/pl\/wp-json\/wp\/v2\/media?parent=3146"}],"wp:term":[{"taxonomy":"product_brand","embeddable":true,"href":"https:\/\/apexvape.de\/pl\/wp-json\/wp\/v2\/product_brand?post=3146"},{"taxonomy":"product_cat","embeddable":true,"href":"https:\/\/apexvape.de\/pl\/wp-json\/wp\/v2\/product_cat?post=3146"},{"taxonomy":"product_tag","embeddable":true,"href":"https:\/\/apexvape.de\/pl\/wp-json\/wp\/v2\/product_tag?post=3146"}],"curies":[{"name":"wp","href":"https:\/\/api.w.org\/{rel}","templated":true}]}}