{"id":2934,"date":"2025-11-25T13:33:07","date_gmt":"2025-11-25T12:33:07","guid":{"rendered":"https:\/\/apexvape.de\/?post_type=product&#038;p=2934"},"modified":"2025-11-25T14:00:08","modified_gmt":"2025-11-25T13:00:08","slug":"bang-blaze-40000","status":"publish","type":"product","link":"https:\/\/apexvape.de\/pl\/product\/bang-blaze-40000\/","title":{"rendered":"Bang Blaze 40000 zaci\u0105gni\u0119\u0107 Jednorazowy vape"},"content":{"rendered":"<h1>Bang Blaze 40000 jednorazowy vape o podw\u00f3jnym smaku | 40 000 zaci\u0105gni\u0119\u0107 | 40 ml e-liquidu | Podw\u00f3jna cewka siatkowa | \u0141adowanie przez z\u0142\u0105cze typu C<\/h1>\n<p>Jednorazowy e-papieros Bang Blaze 40000 Dual-Flavor zapewnia do 40 000 zaci\u0105gni\u0119\u0107, pojemno\u015b\u0107 e-liquidu 40 ml i akumulator 650 mAh, kt\u00f3ry mo\u017cna \u0142adowa\u0107, zapewniaj\u0105c d\u0142ugotrwa\u0142\u0105 przyjemno\u015b\u0107 z wapowania. Dzi\u0119ki innowacyjnemu systemowi suwaka Dual Flavor mo\u017cna z \u0142atwo\u015bci\u0105 prze\u0142\u0105cza\u0107 si\u0119 mi\u0119dzy dwoma smakami i urozmaica\u0107 ka\u017cd\u0105 sesj\u0119. Wyposa\u017cony w podw\u00f3jn\u0105 cewk\u0119 siatkow\u0105 (1,2 \u03a9) zapewniaj\u0105c\u0105 intensywniejszy smak i delikatn\u0105 par\u0119, dost\u0119pny w 32 smakach i 4 mocach nikotyny (0%, 2%, 3%, 5%), ten urz\u0105dzenie jest idealnym wyborem dla ka\u017cdego u\u017cytkownika. Szybkie \u0142adowanie typu C zapewnia szybkie \u0142adowanie i pozwala by\u0107 zawsze gotowym do dzia\u0142ania.<\/p>\n<h2>Bang Blaze 40000 zaci\u0105gni\u0119\u0107 Najwa\u017cniejsze cechy:<\/h2>\n<p>E-papieros Bang Blaze 40000 zaci\u0105gni\u0119\u0107 na nowo definiuje d\u0142ugotrwa\u0142\u0105 wydajno\u015b\u0107 i zapewnia wyj\u0105tkowe 40 000 zaci\u0105gni\u0119\u0107, gwarantuj\u0105c d\u0142ugotrwa\u0142\u0105 przyjemno\u015b\u0107 bez konieczno\u015bci cz\u0119stej wymiany. Ka\u017cde urz\u0105dzenie jest fabrycznie nape\u0142nione imponuj\u0105c\u0105 ilo\u015bci\u0105 40 ml e-liquidu o podw\u00f3jnym smaku, oferuj\u0105c wyj\u0105tkowe potr\u00f3jne doznania smakowe \u2013 ciesz si\u0119 smakiem A, smakiem B lub wymieszaj oba, aby uzyska\u0107 trzeci, po\u0142\u0105czony profil smakowy. Ta innowacyjna konstrukcja umo\u017cliwia trzy r\u00f3\u017cne doznania podczas wapowania w jednym eleganckim urz\u0105dzeniu \u2013 idealnym dla u\u017cytkownik\u00f3w, kt\u00f3rzy ceni\u0105 sobie r\u00f3\u017cnorodno\u015b\u0107 i elastyczno\u015b\u0107 w codziennej rutynie.<\/p>\n<p>Zaprojektowany z my\u015bl\u0105 o optymalnej wydajno\u015bci, Bang Blaze posiada niezawodny akumulator o pojemno\u015bci 650 mAh z funkcj\u0105 szybkiego \u0142adowania typu C, kt\u00f3ry zapewnia minimalny czas przestoju i maksymaln\u0105 przyjemno\u015b\u0107 z wapowania. Zaawansowany system podw\u00f3jnej cewki siatkowej 0,6 \u03a9 zwi\u0119ksza produkcj\u0119 pary i intensywno\u015b\u0107 smaku, zapewniaj\u0105c g\u0119ste, r\u00f3wnomierne chmury pary przy ka\u017cdym zaci\u0105gni\u0119ciu. Pomimo kompaktowej, smuk\u0142ej konstrukcji, urz\u0105dzenie to oferuje znaczn\u0105 wydajno\u015b\u0107 i funkcjonalno\u015b\u0107, dor\u00f3wnuj\u0105c\u0105 wi\u0119kszym alternatywom.<\/p>\n<p>Dost\u0119pny w elastycznych st\u0119\u017ceniach nikotyny 0%, 2%, 3% i 5%, Bang Blaze 40000 jest przeznaczony zar\u00f3wno dla okazjonalnych u\u017cytkownik\u00f3w, jak i do\u015bwiadczonych vaper\u00f3w, kt\u00f3rzy poszukuj\u0105 indywidualnie dostosowanego do\u015bwiadczenia. Niezale\u017cnie od tego, czy chcesz odkrywa\u0107 nowe kombinacje smak\u00f3w, czy te\u017c wolisz sta\u0142\u0105 przyjemno\u015b\u0107 przez ca\u0142y dzie\u0144 \u2013 to urz\u0105dzenie \u0142\u0105czy w sobie wyj\u0105tkow\u0105 wytrzyma\u0142o\u015b\u0107, innowacyjn\u0105 technologi\u0119 smaku i delikatn\u0105 produkcj\u0119 pary w jednym wydajnym pakiecie dla nowoczesnych u\u017cytkownik\u00f3w.<\/p>\n<h2>Dane techniczne:<\/h2>\n<p><strong>Liczba ruch\u00f3w:<\/strong> Do 40 000 poci\u0105g\u00f3w<br \/>\n<strong>Pojemno\u015b\u0107 e-liquidu:<\/strong> 40 ml<br \/>\n<strong>Zawarto\u015b\u0107 nikotyny:<\/strong> 0%, 2%, 3%, 5%<br \/>\n<strong>Pojemno\u015b\u0107 akumulatora:<\/strong> 650 mAh (\u0142adowalna)<br \/>\n<strong>Z\u0142\u0105cze \u0142adowania:<\/strong> Typ C<br \/>\n<strong>Typ cewki:<\/strong> Podw\u00f3jna cewka siatkowa (1,2 \u03a9)<br \/>\n<strong>System smakowy:<\/strong> Prze\u0142\u0105cznik suwakowy z podw\u00f3jnym smakiem<br \/>\n<strong>Waga urz\u0105dzenia:<\/strong> Oko\u0142o 120 g<\/p>\n<h2>Bang Blaze 40000 zaci\u0105gni\u0119\u0107 Smaki:<\/h2>\n<ol>\n<li>Arbuz\/truskawka-arbuz<\/li>\n<li>Jagoda Ice\/Jagoda-Malina<\/li>\n<li>Lody mango\/truskawkowe z mango<\/li>\n<li>Arbuz\/guma balonowa o smaku arbuza<\/li>\n<li>Ananas Ice\/Ananas-kokos<\/li>\n<li>Mieszanka owocowa\/potr\u00f3jna jagoda<\/li>\n<li>Brzoskwinia Ice\/Mango-Brzoskwinia<\/li>\n<li>Wi\u015bnia\/wi\u015bniowa cola<\/li>\n<li>Winogrono\/jagoda-winogrono<\/li>\n<li>Mi\u0119ta\/mi\u0119ta bor\u00f3wkowa<\/li>\n<li>Black Dragon Ice\/Red Bull<\/li>\n<li>Truskawka Ice\/Truskawka-Kiwi<\/li>\n<li>Owoce tropikalne\/Potr\u00f3jny arbuz<\/li>\n<li>Kwa\u015bny mango-ananas\/cytryna-limonka<\/li>\n<li>Summer Time\/Jab\u0142ko Ice<\/li>\n<li>Rainbow Candy\/Arctic Freezing<\/li>\n<li>Malina-arbuz\/Jieshuang<\/li>\n<li>Romans cytrynowy\/California Cherry<\/li>\n<li>Mango-brzoskwinia-morela\/bia\u0142e \u017celki<\/li>\n<li>Mary\u2019s Dream\/Lody o smaku aloesowo-mango-melonowym<\/li>\n<li>Kiwi-marakuja-guawa\/jagoda-wi\u015bnia<\/li>\n<li>Lody ananasowo-mango\/ananasowo-kokosowe<\/li>\n<li>Malina-arbuz\/aloes-winogrono<\/li>\n<li>Litchis Ice\/Truskawka-Litchis<\/li>\n<li>Seks na pla\u017cy\/malina i arbuz<\/li>\n<li>\u017belki\/malinowo-czarny brokat<\/li>\n<li>Jagody Cool Arbuz\/Kwa\u015bna brzoskwinia<\/li>\n<li>Truskawka-banan\/marakuja-kiwi<\/li>\n<li>Acai Storm Ice\/Love 66<\/li>\n<li>R\u00f3\u017cowa lemoniada\/jagoda-wi\u015bnia-cytryna<\/li>\n<li>Lody truskawkowe\/truskawkowe z wanili\u0105<\/li>\n<li>Jagoda-\u017curawina-wi\u015bnia\/arbuz-wi\u015bnia<\/li>\n<\/ol>\n<h2>Cz\u0119sto zadawane pytania (FAQ)<\/h2>\n<p><strong>1. Ile ruch\u00f3w oferuje Bang Blaze 40K?<\/strong><br \/>\nBang Blaze 40K zapewnia \u0142\u0105cznie do 40 000 zaci\u0105gni\u0119\u0107 \u2013 oko\u0142o 20 000 zaci\u0105gni\u0119\u0107 na ka\u017cdy zbiornik smaku.<\/p>\n<p><strong>2. Czy mog\u0119 zmienia\u0107 smaki?<\/strong><br \/>\nTak! To urz\u0105dzenie jest wyposa\u017cone w system podw\u00f3jnego smaku. Mo\u017cesz b\u0142yskawicznie prze\u0142\u0105cza\u0107 si\u0119 mi\u0119dzy dwoma r\u00f3\u017cnymi zbiornikami smaku, przesuwaj\u0105c pokr\u0119t\u0142o.<\/p>\n<p><strong>3. Czy urz\u0105dzenie jest wielokrotnego \u0142adowania?<\/strong><br \/>\nTak, posiada akumulator o pojemno\u015bci 650 mAh i obs\u0142uguje szybkie \u0142adowanie typu C, zapewniaj\u0105ce szybkie i wydajne \u0142adowanie.<\/p>\n<p><strong>4. Jakie s\u0105 dost\u0119pne poziomy nikotyny?<\/strong><br \/>\nDost\u0119pne poziomy nikotyny to 0%, 2%, 3%, 5%, w zale\u017cno\u015bci od regionu lub sprzedawcy.<\/p>\n<p><strong>5. Czy Bang Blaze 40K mo\u017cna ponownie nape\u0142nia\u0107 lub u\u017cywa\u0107 wielokrotnie?<\/strong><br \/>\nNie, jest to jednorazowy e-papieros. Po zu\u017cyciu obu zbiornik\u00f3w smakowych urz\u0105dzenie nale\u017cy utylizowa\u0107 w odpowiedzialny spos\u00f3b.<\/p>\n<p><strong>6. Jak d\u0142ugo trwa pe\u0142ne na\u0142adowanie?<\/strong><br \/>\nPe\u0142ne na\u0142adowanie urz\u0105dzenia za pomoc\u0105 kabla typu C zajmuje zazwyczaj od 45 do 60 minut.<\/p>\n<h2 class=\"font-claude-response-heading text-text-100 mt-1 -mb-0.5\">Dowiedz si\u0119 wi\u0119cej na stronie Apex Vape<\/h2>\n<p class=\"font-claude-response-body whitespace-normal break-words\">Szukasz wysokiej jako\u015bci jednorazowych e-papieros\u00f3w i innowacyjnych produkt\u00f3w do wapowania? Odwied\u017a stron\u0119 <strong><a class=\"underline\" href=\"https:\/\/apexvape.de\/pl\/\">Apex Vape<\/a><\/strong>, Tw\u00f3j zaufany sklep internetowy z produktami premium do waporyzacji w Niemczech. Bang Blaze 40000 jest cz\u0119\u015bci\u0105 naszej bogatej oferty <strong><a class=\"underline\" href=\"https:\/\/apexvape.de\/pl\/product-category\/bang-vape\/\">Kolekcja BANG VAPE<\/a><\/strong>, kt\u00f3ra oferuje szeroki wyb\u00f3r wydajnych jednorazowych vape'\u00f3w z innowacyjn\u0105 technologi\u0105 i wyj\u0105tkowym smakiem. Odkryj wi\u0119cej modeli, por\u00f3wnaj specyfikacje i znajd\u017a idealne urz\u0105dzenie dla swoich indywidualnych potrzeb. W Apex Vape gwarantujemy autentyczne produkty, szybk\u0105 wysy\u0142k\u0119 i pierwszorz\u0119dn\u0105 obs\u0142ug\u0119 klienta dla wszystkich entuzjast\u00f3w vapingu.<\/p>","protected":false},"excerpt":{"rendered":"<p class=\"font-claude-response-body whitespace-normal break-words\">Bang Blaze 40000 rewolucjonizuje Twoje wra\u017cenia z vapowania, oferuj\u0105c do 40 000 zaci\u0105gni\u0119\u0107 i unikalny system podw\u00f3jnego smaku. Mo\u017cesz \u0142atwo prze\u0142\u0105cza\u0107 si\u0119 mi\u0119dzy dwoma smakami lub miesza\u0107 je, aby uzyska\u0107 trzeci profil smakowy. 40 ml e-liquidu, bateria 650 mAh typu C, podw\u00f3jna cewka siatkowa i 32 smaki w 4 st\u0119\u017ceniach nikotyny.<\/p>","protected":false},"featured_media":2935,"comment_status":"open","ping_status":"closed","template":"","meta":[],"product_brand":[],"product_cat":[76],"product_tag":[],"class_list":{"0":"post-2934","1":"product","2":"type-product","3":"status-publish","4":"has-post-thumbnail","6":"product_cat-bang-vape","8":"first","9":"instock","10":"shipping-taxable","11":"purchasable","12":"product-type-variable"},"_links":{"self":[{"href":"https:\/\/apexvape.de\/pl\/wp-json\/wp\/v2\/product\/2934","targetHints":{"allow":["GET"]}}],"collection":[{"href":"https:\/\/apexvape.de\/pl\/wp-json\/wp\/v2\/product"}],"about":[{"href":"https:\/\/apexvape.de\/pl\/wp-json\/wp\/v2\/types\/product"}],"replies":[{"embeddable":true,"href":"https:\/\/apexvape.de\/pl\/wp-json\/wp\/v2\/comments?post=2934"}],"version-history":[{"count":0,"href":"https:\/\/apexvape.de\/pl\/wp-json\/wp\/v2\/product\/2934\/revisions"}],"wp:featuredmedia":[{"embeddable":true,"href":"https:\/\/apexvape.de\/pl\/wp-json\/wp\/v2\/media\/2935"}],"wp:attachment":[{"href":"https:\/\/apexvape.de\/pl\/wp-json\/wp\/v2\/media?parent=2934"}],"wp:term":[{"taxonomy":"product_brand","embeddable":true,"href":"https:\/\/apexvape.de\/pl\/wp-json\/wp\/v2\/product_brand?post=2934"},{"taxonomy":"product_cat","embeddable":true,"href":"https:\/\/apexvape.de\/pl\/wp-json\/wp\/v2\/product_cat?post=2934"},{"taxonomy":"product_tag","embeddable":true,"href":"https:\/\/apexvape.de\/pl\/wp-json\/wp\/v2\/product_tag?post=2934"}],"curies":[{"name":"wp","href":"https:\/\/api.w.org\/{rel}","templated":true}]}}