{"id":2849,"date":"2025-11-23T10:54:44","date_gmt":"2025-11-23T09:54:44","guid":{"rendered":"https:\/\/apexvape.de\/?post_type=product&#038;p=2849"},"modified":"2025-11-23T10:56:16","modified_gmt":"2025-11-23T09:56:16","slug":"waspe-6-in-1-150000","status":"publish","type":"product","link":"https:\/\/apexvape.de\/pl\/product\/waspe-6-in-1-150000\/","title":{"rendered":"WASPE 6 w 1 150000 zaci\u0105gni\u0119\u0107 Jednorazowy vape"},"content":{"rendered":"<h2>WASPE 6 w 1 150 000 zaci\u0105gni\u0119\u0107 | 6 smak\u00f3w w jednym 150K 64 ml jednorazowym e-papierosie o d\u0142ugotrwa\u0142ym dzia\u0142aniu<\/h2>\n<p>WASPE 6-in-1 150000 oferuje niezr\u00f3wnan\u0105 liczb\u0119 150 000 zaci\u0105gni\u0119\u0107 \u2013 najwy\u017csz\u0105 pojemno\u015b\u0107 na rynku. Innowacyjny system zmiany smaku 6-in-1 umo\u017cliwia korzystanie z pojedynczych lub mieszanych aromat\u00f3w. Potr\u00f3jne cewki siatkowe gwarantuj\u0105 doskona\u0142y smak i wytwarzanie pary. Du\u017ca pojemno\u015b\u0107 64 ml z akumulatorem typu C 650 mAh. Inteligentny wy\u015bwietlacz LED do monitorowania poziomu na\u0142adowania akumulatora, poziomu e-liquidu i ustawie\u0144. Dost\u0119pny w wersjach o mocy nikotynowej 0 %, 2 % lub 5 %. Lekki, wa\u017cy 140 g i ma stylowy design z ma\u0142pk\u0105. Idealny do d\u0142ugotrwa\u0142ego, nieskomplikowanego wapowania.<\/p>\n<h3>WASPE 6 w 1 150000 zaci\u0105gni\u0119\u0107 Najwa\u017cniejsze cechy:<\/h3>\n<p>Jednorazowy e-papieros WASPE 6-in-1 150000 zapewnia imponuj\u0105ce 150 000 zaci\u0105gni\u0119\u0107 i oferuje wiod\u0105ce w bran\u017cy, d\u0142ugotrwa\u0142e doznania zwi\u0105zane z wapowaniem, znacznie przewy\u017cszaj\u0105ce tradycyjne produkty jednorazowego u\u017cytku. Innowacyjny system sze\u015bciu aromat\u00f3w w jednym pozwala na prze\u0142\u0105czanie si\u0119 mi\u0119dzy sze\u015bcioma r\u00f3\u017cnymi profilami smakowymi w jednym urz\u0105dzeniu, co zapewnia maksymaln\u0105 r\u00f3\u017cnorodno\u015b\u0107 i eliminuje potrzeb\u0119 posiadania wielu e-papieros\u00f3w. Dzi\u0119ki ogromnej pojemno\u015bci 64 ml e-p\u0142ynu mo\u017cna cieszy\u0107 si\u0119 d\u0142ugimi sesjami wapowania bez obaw o szybkie zu\u017cycie.<\/p>\n<p>Nap\u0119dzane niezawodnym akumulatorem o pojemno\u015bci 650 mAh, urz\u0105dzenie to zapewnia sta\u0142\u0105 wydajno\u015b\u0107 przez ca\u0142y dzie\u0144 i mo\u017cna je szybko i wygodnie \u0142adowa\u0107 za pomoc\u0105 nowoczesnego z\u0142\u0105cza typu C. Inteligentny wy\u015bwietlacz LED na bie\u017c\u0105co informuje o stanie baterii i poziomu e-liquidu, dzi\u0119ki czemu zawsze wiesz, kiedy nadszed\u0142 czas na \u0142adowanie i nigdy nie jeste\u015b zaskoczony.<\/p>\n<p>Wysokiej jako\u015bci system potr\u00f3jnej cewki siatkowej (3 x 1,0 \u03a9) zosta\u0142 zaprojektowany z my\u015bl\u0105 o wyj\u0105tkowym smaku i zapewnia delikatn\u0105, intensywn\u0105 i r\u00f3wnomiern\u0105 par\u0119 przy ka\u017cdym zaci\u0105gni\u0119ciu, gwarantuj\u0105c najwy\u017cszej klasy wra\u017cenia podczas wapowania. Dost\u0119pny w wersjach o st\u0119\u017ceniu nikotyny 0 %, 2 % lub 5 %, WASPE 150000 zaspokaja wszystkie preferencje \u2013 od wapowania bez nikotyny po mocniejsze uderzenie.<\/p>\n<h3>Specyfikacje produktu:<\/h3>\n<ul>\n<li>Poci\u0105gi: 150 000<\/li>\n<li>Cewka siatkowa: 3 x 1,0 om<\/li>\n<li>Pojemno\u015b\u0107 e-liquidu: 64 ml<\/li>\n<li>Zawarto\u015b\u0107 nikotyny: 0 % \/ 2 % \/ 5 %<\/li>\n<li>Pojemno\u015b\u0107 akumulatora: 650 mAh<\/li>\n<li>\u0141adowanie: typ C (\u0142adowalne)<\/li>\n<li>Cechy szczeg\u00f3lne: wy\u015bwietlacz LED<\/li>\n<li>Waga produktu: 140 g\/sztuka<\/li>\n<li>Wymiary produktu: 53 x 46 x 138 mm<\/li>\n<\/ul>\n<h3>WASPE 6 w 1 150000 zaci\u0105gni\u0119\u0107 Lista smak\u00f3w:<\/h3>\n<ol>\n<li>Arbuz lodowy \/ cytryna limonka \/ cytryna brzoskwinia<\/li>\n<li>Jagoda Ice \/ Truskawka Kiwi \/ Wi\u015bnia Truskawka Ice<\/li>\n<li>Red Bull Ice \/ Malina Granat \/ Kwa\u015bny mango Truskawka<\/li>\n<li>Truskawka Arbuz \/ Soczysta brzoskwinia Ice \/ Potr\u00f3jna jagoda Ice<\/li>\n<li>Wi\u015bnia Cola Ice \/ Truskawka Red Bull Ice \/ Arbuz Malina<\/li>\n<li>Winogrono Ice \/ Niebieska malina \/ Truskawka Ice<\/li>\n<li>Mieszanka jag\u00f3d \/ Czarny smok Ice \/ Truskawka Wi\u015bnia Cola<\/li>\n<li>Musuj\u0105ca Cola Ice \/ Nap\u00f3j energetyczny \/ Wi\u015bnia Ice<\/li>\n<li>Truskawka Banany \/ Kiwi Arbuz \/ Kokos Truskawka<\/li>\n<li>Red Bull Cola Ice \/ Truskawka Malina Wi\u015bnia \/ Je\u017cyna Smoczy owoc<\/li>\n<li>Truskawka Arbuz Gumy do \u017cucia \/ Kwa\u015bny mango Ice \/ Truskawka Winogrono Ice<\/li>\n<li>Melon, marakuja \/ je\u017cyna lodowa \/ jab\u0142ko, kiwi<\/li>\n<\/ol>\n<h3>Cz\u0119sto zadawane pytania dotycz\u0105ce WASPE Aiviou 6 w 1 150K<\/h3>\n<p><strong>Jak d\u0142ugo wytrzymuje WASPE 6-in-1 150000?<\/strong><\/p>\n<p>WASPE Aiviou 150K jest zaprojektowany na imponuj\u0105ce 150 000 zaci\u0105gni\u0119\u0107. Rzeczywisty czas u\u017cytkowania zale\u017cy w du\u017cej mierze od indywidualnych nawyk\u00f3w zwi\u0105zanych z wapowaniem, ale dzi\u0119ki pojemno\u015bci 64 ml e-liquidu i du\u017cej liczbie zaci\u0105gni\u0119\u0107 zapewnia wyj\u0105tkowo d\u0142ugi czas u\u017cytkowania.<\/p>\n<p><strong>Czy mog\u0119 ponownie na\u0142adowa\u0107 WASPE Aiviou?<\/strong><\/p>\n<p>Tak, to mo\u017cliwe! Chocia\u017c WASPE Aiviou jest jednorazowym e-papierosem, posiada akumulator o pojemno\u015bci 650 mAh, kt\u00f3ry mo\u017cna ponownie \u0142adowa\u0107. Urz\u0105dzenie mo\u017cna \u0142atwo na\u0142adowa\u0107 za pomoc\u0105 portu typu C, aby mie\u0107 pewno\u015b\u0107, \u017ce wykorzystasz ca\u0142\u0105 zawarto\u015b\u0107 64 ml e-p\u0142ynu.<\/p>\n<p><strong>Jak dzia\u0142a zmiana smaku 6 w 1?<\/strong><\/p>\n<p>WASPE Aiviou 6 w 1 zosta\u0142 zaprojektowany, aby zapewni\u0107 maksymaln\u0105 r\u00f3\u017cnorodno\u015b\u0107. Prze\u0142\u0105czanie odbywa si\u0119 zazwyczaj za pomoc\u0105 intuicyjnego mechanizmu lub prze\u0142\u0105cznika na samym urz\u0105dzeniu, kt\u00f3ry umo\u017cliwia szybkie prze\u0142\u0105czanie mi\u0119dzy sze\u015bcioma wst\u0119pnie ustawionymi smakami.<\/p>\n<h3 class=\"font-claude-response-heading text-text-100 mt-1 -mb-0.5\">Dowiedz si\u0119 wi\u0119cej na stronie Apex Vape<\/h3>\n<p class=\"font-claude-response-body whitespace-normal break-words\">Szukasz innych wysokiej jako\u015bci e-papieros\u00f3w i produkt\u00f3w do wapowania? Odwied\u017a nasz\u0105 stron\u0119 internetow\u0105. <strong><a class=\"underline\" href=\"https:\/\/apexvape.de\/pl\/\">Strona g\u0142\u00f3wna<\/a><\/strong>, aby zapozna\u0107 si\u0119 z nasz\u0105 pe\u0142n\u0105 ofert\u0105. Dla wszystkich mi\u0142o\u015bnik\u00f3w WASPE nasza <strong><a class=\"underline\" href=\"https:\/\/apexvape.de\/pl\/product-category\/waspe-vape\/\">WASPE VAPE Kategoria<\/a><\/strong> szeroki wyb\u00f3r innowacyjnych urz\u0105dze\u0144 z najnowocze\u015bniejsz\u0105 technologi\u0105 i r\u00f3\u017cnorodnymi smakami. Do\u015bwiadcz najwy\u017cszej jako\u015bci i niezawodnej obs\u0142ugi w Apex Vape \u2013 Twoim zaufanym partnerze zapewniaj\u0105cym wyj\u0105tkowe doznania zwi\u0105zane z wapowaniem.<\/p>","protected":false},"excerpt":{"rendered":"<p class=\"font-claude-response-body whitespace-normal break-words\">Jednorazowy e-papieros WASPE 6 w 1 o pojemno\u015bci 150000 zaci\u0105gni\u0119\u0107 oferuje wiod\u0105c\u0105 na rynku pojemno\u015b\u0107 oraz system zmiany smaku 6 w 1. Potr\u00f3jne cewki siatkowe (3\u00d71,0\u03a9), 64 ml e-liquidu, akumulator 650 mAh z \u0142adowaniem typu C i wy\u015bwietlaczem LED. Dost\u0119pny z nikotyn\u0105 0%, 2% lub 5%. Stylowy design z ma\u0142pk\u0105, wa\u017cy tylko 140 g.<\/p>","protected":false},"featured_media":2850,"comment_status":"open","ping_status":"closed","template":"","meta":[],"product_brand":[],"product_cat":[75],"product_tag":[],"class_list":{"0":"post-2849","1":"product","2":"type-product","3":"status-publish","4":"has-post-thumbnail","6":"product_cat-waspe-vape","8":"first","9":"instock","10":"shipping-taxable","11":"purchasable","12":"product-type-variable"},"_links":{"self":[{"href":"https:\/\/apexvape.de\/pl\/wp-json\/wp\/v2\/product\/2849","targetHints":{"allow":["GET"]}}],"collection":[{"href":"https:\/\/apexvape.de\/pl\/wp-json\/wp\/v2\/product"}],"about":[{"href":"https:\/\/apexvape.de\/pl\/wp-json\/wp\/v2\/types\/product"}],"replies":[{"embeddable":true,"href":"https:\/\/apexvape.de\/pl\/wp-json\/wp\/v2\/comments?post=2849"}],"version-history":[{"count":0,"href":"https:\/\/apexvape.de\/pl\/wp-json\/wp\/v2\/product\/2849\/revisions"}],"wp:featuredmedia":[{"embeddable":true,"href":"https:\/\/apexvape.de\/pl\/wp-json\/wp\/v2\/media\/2850"}],"wp:attachment":[{"href":"https:\/\/apexvape.de\/pl\/wp-json\/wp\/v2\/media?parent=2849"}],"wp:term":[{"taxonomy":"product_brand","embeddable":true,"href":"https:\/\/apexvape.de\/pl\/wp-json\/wp\/v2\/product_brand?post=2849"},{"taxonomy":"product_cat","embeddable":true,"href":"https:\/\/apexvape.de\/pl\/wp-json\/wp\/v2\/product_cat?post=2849"},{"taxonomy":"product_tag","embeddable":true,"href":"https:\/\/apexvape.de\/pl\/wp-json\/wp\/v2\/product_tag?post=2849"}],"curies":[{"name":"wp","href":"https:\/\/api.w.org\/{rel}","templated":true}]}}