{"id":2796,"date":"2025-11-23T10:45:46","date_gmt":"2025-11-23T09:45:46","guid":{"rendered":"https:\/\/apexvape.de\/?post_type=product&#038;p=2796"},"modified":"2025-11-23T10:46:04","modified_gmt":"2025-11-23T09:46:04","slug":"waspe-4-in-1-100000","status":"publish","type":"product","link":"https:\/\/apexvape.de\/pl\/product\/waspe-4-in-1-100000\/","title":{"rendered":"WASPE 4 w 1 100000 zaci\u0105gni\u0119\u0107 Jednorazowy vape"},"content":{"rendered":"<h2>WASPE 4 w 1 100 000 zaci\u0105gni\u0119\u0107 | 100 000 zaci\u0105gni\u0119\u0107 Quad-smak Jednorazowy vape hurtowo<\/h2>\n<p>Die <strong>WASPE 4 w 1 100000<\/strong> posiada innowacyjny system smak\u00f3w 4 w 1, kt\u00f3ry zapewnia inne doznania podczas ka\u017cdego zaci\u0105gni\u0119cia si\u0119. Wyposa\u017cony w wydajn\u0105 bateri\u0119 650 mAh i pojemny zbiornik o pojemno\u015bci 56 ml, jest idealny dla wszystkich, kt\u00f3rzy chc\u0105 do\u015bwiadczy\u0107 intensywnej i p\u0142ynnej podr\u00f3\u017cy parowej. Zestaw WASPE 4 w 1 zapewnia do 100 000 zaci\u0105gni\u0119\u0107 \u2013 niewyobra\u017calnie d\u0142ugi czas u\u017cytkowania. Urz\u0105dzenie posiada r\u00f3wnie\u017c wy\u015bwietlacz LED, kt\u00f3ry pokazuje informacje o smakach, stanie baterii i innych szczeg\u00f3\u0142ach. Odkryj nowe doznania zwi\u0105zane z wapowaniem dzi\u0119ki zestawowi WASPE 4 w 1 100000 Vape Kit.<\/p>\n<h3>WASPE 4 w 1 100000 zaci\u0105gni\u0119\u0107 Najwa\u017cniejsze cechy:<\/h3>\n<p>Die <strong>WASPE 100000 100K zaci\u0105gni\u0119\u0107 Jednorazowy vape<\/strong> oferuje imponuj\u0105ce 100 000 zaci\u0105gni\u0119\u0107 w jednym urz\u0105dzeniu i gwarantuje d\u0142ugotrwa\u0142\u0105 wydajno\u015b\u0107 bez konieczno\u015bci ci\u0105g\u0142ej wymiany. Dost\u0119pny w wersjach o st\u0119\u017ceniu nikotyny 0%, 2% i 5%, idealnie nadaje si\u0119 dla os\u00f3b przechodz\u0105cych na e-papierosy lub kontroluj\u0105cych spo\u017cycie nikotyny. System smak\u00f3w 4 w 1 umo\u017cliwia zmian\u0119 mi\u0119dzy czterema r\u00f3\u017cnymi aromatami w jednym urz\u0105dzeniu \u2013 dla urozmaicenia wed\u0142ug w\u0142asnego uznania.<\/p>\n<p>Z <strong>Cewki siatkowe poczw\u00f3rne 1,0 \u03a9<\/strong> To urz\u0105dzenie zapewnia aksamitn\u0105 par\u0119 i intensywny aromat przy ka\u017cdym zaci\u0105gni\u0119ciu. Du\u017ca pojemno\u015b\u0107 56 ml e-liquidu oznacza rzadsze uzupe\u0142nianie i d\u0142u\u017csze sesje wapowania. Akumulator o pojemno\u015bci 650 mAh wystarcza na ca\u0142y dzie\u0144, a dzi\u0119ki z\u0142\u0105czu typu C \u0142aduje si\u0119 ca\u0142kowicie w zaledwie 30 minut \u2013 nigdy nie b\u0119dziesz d\u0142ugo bez swojego vape'a.<\/p>\n<p>Inteligentny ekran LED pokazuje poziom na\u0142adowania baterii i poziom e-liquidu w czasie rzeczywistym, dzi\u0119ki czemu zawsze masz oko na swoje urz\u0105dzenie. Kompaktowa konstrukcja jest przeno\u015bna i praktyczna \u2013 bez problemu mie\u015bci si\u0119 w kieszeni lub plecaku, wi\u0119c mo\u017cesz j\u0105 zabra\u0107 ze sob\u0105 w podr\u00f3\u017c.<\/p>\n<p>Wybierz WASPE 100000, aby cieszy\u0107 si\u0119 niezawodnym, smacznym do\u015bwiadczeniem wapowania, \u0142\u0105cz\u0105cym wygod\u0119 i wydajno\u015b\u0107. Dzi\u0119ki imponuj\u0105cej liczbie zaci\u0105gni\u0119\u0107, r\u00f3\u017cnorodnym opcjom smakowym i przyjaznym dla u\u017cytkownika funkcjom, urz\u0105dzenie to zapewnia satysfakcj\u0119 za ka\u017cdym razem.<\/p>\n<h3>Dane techniczne:<\/h3>\n<ul>\n<li><strong>Poci\u0105gi:<\/strong> 100 000 poci\u0105g\u00f3w<\/li>\n<li><strong>Cztery smaki<\/strong><\/li>\n<li><strong>Cewka siatkowa:<\/strong> 1,0 om x 4<\/li>\n<li><strong>E-liquid:<\/strong> 56 ml<\/li>\n<li><strong>Akumulator:<\/strong> 650 mAh<\/li>\n<li><strong>Nikotyna:<\/strong> 0% \/ 2% \/ 5%<\/li>\n<li><strong>Akumulator:<\/strong> Typ C<\/li>\n<li><strong>wy\u015bwietlacz LED<\/strong><\/li>\n<\/ul>\n<h3>WASPE 4 w 1 100000 zaci\u0105gni\u0119\u0107 Lista smak\u00f3w:<\/h3>\n<ol>\n<li>Arbuz lodowy \/ truskawka kiwi \/ malina arbuz \/ cytryna limonka<\/li>\n<li>Truskawka Arbuz \/ Pan Niebieski \/ Lody winogronowe \/ T\u0119czowe cukierki<\/li>\n<li>Lody Red Bull \/ Lody bananowe \/ Lody ananasowo-kokosowe \/ Lody potr\u00f3jnie mango<\/li>\n<li>Truskawka Malina Wi\u015bnia \/ Lody Crazy Cherry \/ Lody Blue Cherry \/ Lody Cola<\/li>\n<li>Truskawka banan \/ Truskawka Red Bull \/ Truskawka mango \/ R\u00f3\u017cowa lemoniada<\/li>\n<li>Lody jagodowe \/ Czarny Rycerz \/ Lody truskawkowe \/ Truskawka arbuz<\/li>\n<li>Lody wi\u015bniowo-colowe \/ Lody truskawkowe z wi\u015bniami \/ Lody truskawkowe z col\u0105 \/ Truskawki z arbuzem Gumy do \u017cucia<\/li>\n<li>Soczyste lody brzoskwiniowe \/ Owoce tropikalne \/ Owocowa eksplozja \/ Brzoskwinia i jagody<\/li>\n<li>Lody winogronowe \/ truskawkowe Kiwi \/ truskawkowe Malina Wi\u015bnia \/ Black Knight<\/li>\n<li>Mieszanka jag\u00f3d \/ Podw\u00f3jne lody jab\u0142kowe \/ Jagoda i malina \/ Jagoda i mi\u00f3d<\/li>\n<li>Truskawkowy Red Bull \/ Truskawkowo-arbuzowa guma do \u017cucia \/ Lody Red Bull \/ Lody wi\u015bniowo-colowe<\/li>\n<li>Jagoda malina \/ Jagoda lemoniada \/ Mieszanka jag\u00f3d \/ Winogrono mi\u00f3d lody<\/li>\n<\/ol>\n<h3>Cz\u0119sto zadawane pytania (FAQ)<\/h3>\n<p><strong>P: Ile smak\u00f3w oferuje to urz\u0105dzenie?<\/strong><br \/>\nO: To innowacyjne urz\u0105dzenie oferuje cztery r\u00f3\u017cne smaki w jednym urz\u0105dzeniu, mi\u0119dzy kt\u00f3rymi mo\u017cna prze\u0142\u0105cza\u0107 si\u0119, aby uzyska\u0107 r\u00f3\u017cnorodne doznania podczas wapowania.<\/p>\n<p><strong>P: Czy WASPE 100K 4-in-1 jest urz\u0105dzeniem wielokrotnego \u0142adowania?<\/strong><br \/>\nO: Tak, posiada bateri\u0119 o pojemno\u015bci 650 mAh, kt\u00f3r\u0105 mo\u017cna \u0142adowa\u0107 za pomoc\u0105 z\u0142\u0105cza typu C.<\/p>\n<p><strong>P: Jakie s\u0105 dost\u0119pne poziomy nikotyny?<\/strong><br \/>\nO: WASPE 100K 4-in-1 jest dost\u0119pny w wersjach o zawarto\u015bci nikotyny 0%, 2% i 5%.<\/p>\n<p><strong>P: Czy posiada wy\u015bwietlacz?<\/strong><br \/>\nO: Tak, posiada wy\u015bwietlacz LED, kt\u00f3ry pokazuje wa\u017cne informacje, takie jak liczba przejazd\u00f3w i stan na\u0142adowania akumulatora.<\/p>\n<p><strong>P: Jakiego rodzaju cewki stosuje?<\/strong><br \/>\nO: Wykorzystuje cztery cewki siatkowe 1,0 oma, zapewniaj\u0105ce optymalny smak i wytwarzanie pary.<\/p>\n<h3 class=\"font-claude-response-heading text-text-100 mt-1 -mb-0.5\">Dowiedz si\u0119 wi\u0119cej na stronie ApexVape<\/h3>\n<p class=\"font-claude-response-body whitespace-normal break-words\">Szukasz wysokiej jako\u015bci produkt\u00f3w do wapowania i innowacyjnych rozwi\u0105za\u0144 w zakresie parowania? Odwied\u017a stron\u0119 <strong><a class=\"underline\" href=\"https:\/\/apexvape.de\/pl\/\">ApexVape<\/a><\/strong>, Tw\u00f3j zaufany sklep internetowy z wysokiej jako\u015bci e-papierosami i akcesoriami. W naszej bogatej ofercie <strong><a class=\"underline\" href=\"https:\/\/apexvape.de\/pl\/product-category\/waspe-vape\/\">WASPE VAPE Kategoria<\/a><\/strong> znajdziesz szeroki wyb\u00f3r produkt\u00f3w WASPE, w tym najnowsze modele z innowacyjnymi funkcjami i r\u00f3\u017cnorodnymi smakami. Skorzystaj z szybkiej wysy\u0142ki, doskona\u0142ej obs\u0142ugi klienta i konkurencyjnych cen. Odkryj \u015bwiat wapowania w ApexVape i znajd\u017a urz\u0105dzenie idealnie dopasowane do swoich potrzeb.<\/p>","protected":false},"excerpt":{"rendered":"<p class=\"font-claude-response-body whitespace-normal break-words\">Jednorazowy vape WASPE 4 w 1 o pojemno\u015bci 100 000 zaci\u0105gni\u0119\u0107 oferuje rewolucyjny system czterech smak\u00f3w z czterema wymiennymi aromatami. Cewki Quadruple Mesh (1,0 \u03a9), 56 ml e-liquidu, akumulator 650 mAh z funkcj\u0105 szybkiego \u0142adowania w 30 minut i wy\u015bwietlaczem LED. Dost\u0119pny w wersjach 0%, 2% lub 5% nikotyny dla d\u0142ugotrwa\u0142ej przyjemno\u015bci z wapowania.<\/p>","protected":false},"featured_media":2836,"comment_status":"open","ping_status":"closed","template":"","meta":[],"product_brand":[],"product_cat":[75],"product_tag":[],"class_list":{"0":"post-2796","1":"product","2":"type-product","3":"status-publish","4":"has-post-thumbnail","6":"product_cat-waspe-vape","8":"first","9":"instock","10":"shipping-taxable","11":"purchasable","12":"product-type-variable"},"_links":{"self":[{"href":"https:\/\/apexvape.de\/pl\/wp-json\/wp\/v2\/product\/2796","targetHints":{"allow":["GET"]}}],"collection":[{"href":"https:\/\/apexvape.de\/pl\/wp-json\/wp\/v2\/product"}],"about":[{"href":"https:\/\/apexvape.de\/pl\/wp-json\/wp\/v2\/types\/product"}],"replies":[{"embeddable":true,"href":"https:\/\/apexvape.de\/pl\/wp-json\/wp\/v2\/comments?post=2796"}],"version-history":[{"count":0,"href":"https:\/\/apexvape.de\/pl\/wp-json\/wp\/v2\/product\/2796\/revisions"}],"wp:featuredmedia":[{"embeddable":true,"href":"https:\/\/apexvape.de\/pl\/wp-json\/wp\/v2\/media\/2836"}],"wp:attachment":[{"href":"https:\/\/apexvape.de\/pl\/wp-json\/wp\/v2\/media?parent=2796"}],"wp:term":[{"taxonomy":"product_brand","embeddable":true,"href":"https:\/\/apexvape.de\/pl\/wp-json\/wp\/v2\/product_brand?post=2796"},{"taxonomy":"product_cat","embeddable":true,"href":"https:\/\/apexvape.de\/pl\/wp-json\/wp\/v2\/product_cat?post=2796"},{"taxonomy":"product_tag","embeddable":true,"href":"https:\/\/apexvape.de\/pl\/wp-json\/wp\/v2\/product_tag?post=2796"}],"curies":[{"name":"wp","href":"https:\/\/api.w.org\/{rel}","templated":true}]}}