{"id":2743,"date":"2025-11-23T10:35:05","date_gmt":"2025-11-23T09:35:05","guid":{"rendered":"https:\/\/apexvape.de\/?post_type=product&#038;p=2743"},"modified":"2025-11-23T10:36:18","modified_gmt":"2025-11-23T09:36:18","slug":"waspe-crystal-40000","status":"publish","type":"product","link":"https:\/\/apexvape.de\/pl\/product\/waspe-crystal-40000\/","title":{"rendered":"Waspe Crystal 40000 zaci\u0105gni\u0119\u0107 Jednorazowy vape"},"content":{"rendered":"<h2>Waspe Crystal 40000 zaci\u0105gni\u0119\u0107 | Jednorazowy e-papieros wielokrotnego \u0142adowania o podw\u00f3jnym smaku Sprzeda\u017c hurtowa<\/h2>\n<p>Die <strong>Waspe Crystal 40000 40K Puffs Dual Flavors Jednorazowy e-papieros<\/strong> oferuje 40 000 zaci\u0105gni\u0119\u0107, 32 ml e-liquidu i podw\u00f3jny system cewek siatkowych (0,9 \u03a9) zapewniaj\u0105cy intensywny smak i delikatn\u0105 par\u0119. Dzi\u0119ki akumulatorowi 850 mAh z mo\u017cliwo\u015bci\u0105 \u0142adowania, szybkiemu \u0142adowaniu typu C i innowacyjnemu podw\u00f3jnemu systemowi smak\u00f3w zapewnia przyjemne i dostosowane do indywidualnych potrzeb doznania podczas wapowania. Inteligentny wy\u015bwietlacz LED pokazuje poziom na\u0142adowania baterii i poziom e-liquidu w czasie rzeczywistym, a kompaktowa konstrukcja sprawia, \u017ce idealnie nadaje si\u0119 do u\u017cytku w podr\u00f3\u017cy. Wybierz spo\u015br\u00f3d 12 unikalnych smak\u00f3w, aby uzyska\u0107 spersonalizowane wra\u017cenia z wapowania.<\/p>\n<h3>Waspe Crystal 40000 Puffs Najwa\u017cniejsze cechy produktu:<\/h3>\n<p>Jednorazowy e-papieros Waspe Crystal 40000 40K Puffs przekonuje wyj\u0105tkow\u0105 wszechstronno\u015bci\u0105 dzi\u0119ki opcjom nikotynowym 0 %, 2 % lub 5 %, dzi\u0119ki czemu mo\u017cna wybra\u0107 idealn\u0105 dla siebie moc. Dzi\u0119ki nawet 40 000 zaci\u0105gni\u0119\u0107 urz\u0105dzenie to gwarantuje niezwykle d\u0142ugotrwa\u0142\u0105 przyjemno\u015b\u0107 dzi\u0119ki innowacyjnemu systemowi podw\u00f3jnego smaku, kt\u00f3ry umo\u017cliwia prze\u0142\u0105czanie si\u0119 mi\u0119dzy dwoma r\u00f3\u017cnymi smakami, zapewniaj\u0105c dodatkow\u0105 r\u00f3\u017cnorodno\u015b\u0107 i emocje.<\/p>\n<p>Dzi\u0119ki zaawansowanej technologii podw\u00f3jnej cewki siatkowej 0,9 \u03a9, Waspe Crystal 40000 wytwarza delikatn\u0105 par\u0119 i intensywny smak przy ka\u017cdym zaci\u0105gni\u0119ciu. Du\u017ca pojemno\u015b\u0107 e-liquidu wynosz\u0105ca 32 ml minimalizuje cz\u0119ste uzupe\u0142nianie, a akumulator 850 mAh zapewnia sta\u0142\u0105 wydajno\u015b\u0107 podczas d\u0142ugich sesji. Szybkie \u0142adowanie typu C zapewnia szybkie i wydajne \u0142adowanie w razie potrzeby.<\/p>\n<p>Inteligentny wy\u015bwietlacz LED umo\u017cliwia monitorowanie poziomu na\u0142adowania baterii i poziomu e-liquidu w czasie rzeczywistym, zapewniaj\u0105c wygodn\u0105 kontrol\u0119, a 12 pysznych opcji smakowych zaspokoi najr\u00f3\u017cniejsze preferencje smakowe. Lekka i przeno\u015bna konstrukcja sprawia, \u017ce idealnie nadaje si\u0119 do vapowania w podr\u00f3\u017cy i wygodnie mie\u015bci si\u0119 w kieszeni.<\/p>\n<p>Pakowany w pude\u0142ka zawieraj\u0105ce po 10 sztuk, Waspe Crystal 40000 idealnie nadaje si\u0119 do zakup\u00f3w hurtowych i sprzeda\u017cy detalicznej. Wybierz to innowacyjne urz\u0105dzenie, aby cieszy\u0107 si\u0119 smacznym, dostosowanym do indywidualnych potrzeb i nieskomplikowanym do\u015bwiadczeniem vapingowym, kt\u00f3re \u0142\u0105czy w sobie wydajno\u015b\u0107, wygod\u0119 i styl.<\/p>\n<h3>Dane techniczne:<\/h3>\n<ul>\n<li><strong>Nikotyna:<\/strong> 0 % \/ 2 % \/ 5 %<\/li>\n<li><strong>Poci\u0105gi:<\/strong> 40 000 zaci\u0105gni\u0119\u0107<\/li>\n<li><strong>Pojemno\u015b\u0107 e-liquidu:<\/strong> 32 ml<\/li>\n<li>Podw\u00f3jne cewki siatkowe 0,9 oma zapewniaj\u0105ce \u0142agodne, intensywne w smaku zaci\u0105gni\u0119cia<\/li>\n<li>Akumulator typu C umo\u017cliwiaj\u0105cy szybkie \u0142adowanie<\/li>\n<li>Akumulator 850 mAh do \u0142adowania<\/li>\n<li>Inteligentny wy\u015bwietlacz LED pokazuje poziom na\u0142adowania akumulatora i poziom e-liquidu.<\/li>\n<li>Podw\u00f3jne doznania smakowe<\/li>\n<li>12 smak\u00f3w do wyboru<\/li>\n<\/ul>\n<h3>Waspe Crystal 40000 Puffs Lista smak\u00f3w:<\/h3>\n<ol>\n<li>Arbuz Ice \/ Cytryna-Limonka<\/li>\n<li>Red Bull Ice \/ Truskawka-mango<\/li>\n<li>Truskawka Red Bull \/ Jagoda-wi\u015bnia<\/li>\n<li>Cukierki jagodowe \/ truskawkowe i arbuzowe<\/li>\n<li>Truskawka-kiwi \/ Truskawka-wi\u015bnia<\/li>\n<li>Jagoda-malina \/ brzoskwinia-jagody Ice<\/li>\n<li>Truskawka-malina-wi\u015bnia \/ Love 666<\/li>\n<li>Brzoskwinia Ice \/ Arbuz-mango-brzoskwinia<\/li>\n<li>Truskawka-banan \/ Ananas-kokos Ice<\/li>\n<li>Winogrono Ice \/ Czarny Smok Ice<\/li>\n<li>Mieszanka jag\u00f3d \/ lemoniada malinowa<\/li>\n<li>Lody jagodowe \/ Lody wi\u015bniowo-colowe<\/li>\n<\/ol>\n<h3>Cz\u0119sto zadawane pytania:<\/h3>\n<p><strong>P: Czym jest system Dual Flavor i jak dzia\u0142a?<\/strong><br \/>\nO: System Dual Flavor umo\u017cliwia prze\u0142\u0105czanie si\u0119 mi\u0119dzy dwoma r\u00f3\u017cnymi, fabrycznie nape\u0142nionymi smakami w tym samym urz\u0105dzeniu, zapewniaj\u0105c indywidualne i urozmaicone doznania podczas wapowania bez konieczno\u015bci posiadania drugiego urz\u0105dzenia.<\/p>\n<p><strong>P: Dlaczego podw\u00f3jne cewki siatkowe s\u0105 lepsze dla smaku?<\/strong><br \/>\nO: Podw\u00f3jne cewki siatkowe 0,9 \u03a9 zapewniaj\u0105 wi\u0119ksz\u0105 powierzchni\u0119 do podgrzewania e-p\u0142ynu. Zapewnia to \u0142agodniejsz\u0105 par\u0119, intensywniejszy smak i wi\u0119ksz\u0105 konsystencj\u0119, a tak\u017ce eliminuje suchy lub spalony smak, kt\u00f3ry cz\u0119sto wyst\u0119puje w przypadku standardowych cewek.<\/p>\n<p><strong>P: Jak d\u0142ugo dzia\u0142a WASPE Crystal 40000?<\/strong><br \/>\nO: Urz\u0105dzenie jest zaprojektowane na maksymalnie 40 000 zaci\u0105gni\u0119\u0107. Rzeczywisty czas u\u017cytkowania zale\u017cy od indywidualnych nawyk\u00f3w, ale urz\u0105dzenie jest zaprojektowane tak, aby dzia\u0142a\u0142o znacznie d\u0142u\u017cej ni\u017c tradycyjne jednorazowe e-papierosy.<\/p>\n<h3 class=\"font-claude-response-body whitespace-normal break-words\"><strong>O Apex Vape \u2013 Twoim niezawodnym partnerze w zakresie wysokiej jako\u015bci e-papieros\u00f3w:<\/strong><\/h3>\n<p class=\"font-claude-response-body whitespace-normal break-words\">Odkryj Waspe Crystal 40000 i inne wysokiej jako\u015bci produkty do wapowania na stronie <strong><a class=\"underline\" href=\"https:\/\/apexvape.de\/pl\/\">Apex Vape<\/a><\/strong>, wiod\u0105cym sklepie internetowym z e-papierosami i akcesoriami dla vaper\u00f3w w Niemczech. W naszej bogatej ofercie <strong><a class=\"underline\" href=\"https:\/\/apexvape.de\/pl\/product-category\/waspe-vape\/\">WASPE VAPE Kategoria<\/a><\/strong> znajdziesz najnowsze modele i innowacyjne urz\u0105dzenia marki WASPE w atrakcyjnych cenach hurtowych. Skorzystaj z szybkiej wysy\u0142ki, doskona\u0142ej obs\u0142ugi klienta i szerokiego wyboru produkt\u00f3w premium dla ka\u017cdego gustu. Zam\u00f3w ju\u017c dzi\u015b Waspe Crystal 40000 i ciesz si\u0119 najwy\u017csz\u0105 jako\u015bci\u0105 pary!<\/p>","protected":false},"excerpt":{"rendered":"<p class=\"font-claude-response-body whitespace-normal break-words\">Jednorazowy e-papieros Waspe Crystal 40000 Puffs przekonuje systemem Dual-Flavor, kt\u00f3ry umo\u017cliwia prze\u0142\u0105czanie si\u0119 mi\u0119dzy dwoma smakami. Podw\u00f3jne cewki siatkowe (0,9 \u03a9), 32 ml e-liquidu, akumulator 850 mAh z szybkim \u0142adowaniem typu C i wy\u015bwietlaczem LED. Dost\u0119pny w wersjach 0%, 2% lub 5% nikotyny z 12 smakami do wyboru.<\/p>","protected":false},"featured_media":2783,"comment_status":"open","ping_status":"closed","template":"","meta":[],"product_brand":[],"product_cat":[75],"product_tag":[],"class_list":{"0":"post-2743","1":"product","2":"type-product","3":"status-publish","4":"has-post-thumbnail","6":"product_cat-waspe-vape","8":"first","9":"instock","10":"shipping-taxable","11":"purchasable","12":"product-type-variable"},"_links":{"self":[{"href":"https:\/\/apexvape.de\/pl\/wp-json\/wp\/v2\/product\/2743","targetHints":{"allow":["GET"]}}],"collection":[{"href":"https:\/\/apexvape.de\/pl\/wp-json\/wp\/v2\/product"}],"about":[{"href":"https:\/\/apexvape.de\/pl\/wp-json\/wp\/v2\/types\/product"}],"replies":[{"embeddable":true,"href":"https:\/\/apexvape.de\/pl\/wp-json\/wp\/v2\/comments?post=2743"}],"version-history":[{"count":0,"href":"https:\/\/apexvape.de\/pl\/wp-json\/wp\/v2\/product\/2743\/revisions"}],"wp:featuredmedia":[{"embeddable":true,"href":"https:\/\/apexvape.de\/pl\/wp-json\/wp\/v2\/media\/2783"}],"wp:attachment":[{"href":"https:\/\/apexvape.de\/pl\/wp-json\/wp\/v2\/media?parent=2743"}],"wp:term":[{"taxonomy":"product_brand","embeddable":true,"href":"https:\/\/apexvape.de\/pl\/wp-json\/wp\/v2\/product_brand?post=2743"},{"taxonomy":"product_cat","embeddable":true,"href":"https:\/\/apexvape.de\/pl\/wp-json\/wp\/v2\/product_cat?post=2743"},{"taxonomy":"product_tag","embeddable":true,"href":"https:\/\/apexvape.de\/pl\/wp-json\/wp\/v2\/product_tag?post=2743"}],"curies":[{"name":"wp","href":"https:\/\/api.w.org\/{rel}","templated":true}]}}