{"id":2612,"date":"2025-11-23T10:13:15","date_gmt":"2025-11-23T09:13:15","guid":{"rendered":"https:\/\/apexvape.de\/?post_type=product&#038;p=2612"},"modified":"2025-11-23T10:13:40","modified_gmt":"2025-11-23T09:13:40","slug":"waspe-aiviou-40000","status":"publish","type":"product","link":"https:\/\/apexvape.de\/pl\/product\/waspe-aiviou-40000\/","title":{"rendered":"WASPE AIVIOU 40000 zaci\u0105gni\u0119\u0107 Jednorazowy vape"},"content":{"rendered":"<h2>WASPE AIVIOU 40000 zaci\u0105gni\u0119\u0107 | 36 ml, podw\u00f3jna siatka, nikotyna 0%-5%, podw\u00f3jny aromat, jednorazowy e-papieros<\/h2>\n<p>Jednorazowy e-papieros WASPE AIVIOU 40000 z podw\u00f3jnym aromatem oferuje wiod\u0105c\u0105 w bran\u017cy pojemno\u015b\u0107 40 000 zaci\u0105gni\u0119\u0107. Innowacyjny system podw\u00f3jnego aromatu umo\u017cliwia natychmiastowe prze\u0142\u0105czanie mi\u0119dzy dwoma r\u00f3\u017cnymi smakami spo\u015br\u00f3d 20 opcji aromat\u00f3w. Inteligentny wy\u015bwietlacz LCD dostarcza w czasie rzeczywistym informacje o stanie baterii i poziomie e-p\u0142ynu, a podw\u00f3jne cewki siatkowe zapewniaj\u0105 intensywny smak. Zasilany akumulatorem 850 mAh z \u0142adowaniem typu C, dost\u0119pny w wersjach o st\u0119\u017ceniu nikotyny 0%\/2%\/5%.<\/p>\n<h3>WASPE AIVIOU 40000 poci\u0105gni\u0119\u0107 Najwa\u017cniejsze cechy:<\/h3>\n<p>Jednorazowy e-papieros WASPE 40000 40K to supernowoczesne urz\u0105dzenie dla os\u00f3b, kt\u00f3re chc\u0105 spr\u00f3bowa\u0107 czego\u015b nowego i szukaj\u0105 wyj\u0105tkowej mocy. Dzi\u0119ki nawet 40 000 zaci\u0105gni\u0119\u0107 i podw\u00f3jnym cewkom siatkowym 0,9 Ohm gwarantuje \u0142agodn\u0105, aromatyczn\u0105 produkcj\u0119 pary z satysfakcjonuj\u0105cym efektem uderzenia w gard\u0142o. Podw\u00f3jne cewki zapewniaj\u0105, \u017ce ka\u017cdy zaci\u0105gni\u0119cie jest bogate i pe\u0142ne, poprawiaj\u0105c wra\u017cenia z wapowania.<\/p>\n<p>Dzi\u0119ki pojemno\u015bci 36 ml e-liquidu i akumulatorowi o pojemno\u015bci 850 mAh ten e-papieros zapewnia d\u0142ugie sesje wapowania bez konieczno\u015bci cz\u0119stego uzupe\u0142niania lub przerywania \u0142adowania. Szybkie \u0142adowanie typu C zapewnia szybkie i wygodne \u0142adowanie, dzi\u0119ki czemu urz\u0105dzenie jest zawsze gotowe do u\u017cycia. Inteligentny wy\u015bwietlacz LED dostarcza aktualnych informacji o stanie baterii i poziomie e-liquidu, dzi\u0119ki czemu zawsze wiesz, w jakim stanie jest Twoje urz\u0105dzenie.<\/p>\n<p>Funkcja podw\u00f3jnego aromatu pozwala na prze\u0142\u0105czanie si\u0119 mi\u0119dzy dwoma r\u00f3\u017cnymi smakami i zapewnia indywidualnie dostosowane doznania podczas wapowania z niesko\u0144czonymi mo\u017cliwo\u015bciami. Dost\u0119pny w wersjach o st\u0119\u017ceniu nikotyny 0%, 2% i 5%, WASPE 40000 jest przeznaczony zar\u00f3wno dla okazjonalnych u\u017cytkownik\u00f3w, jak i do\u015bwiadczonych u\u017cytkownik\u00f3w, oferuj\u0105c 20 r\u00f3\u017cnych smak\u00f3w dla ka\u017cdego gustu.<\/p>\n<h3>Dane techniczne:<\/h3>\n<ul>\n<li><strong>Nikotyna:<\/strong> 0%\/2%\/5%<\/li>\n<li><strong>Poci\u0105gi:<\/strong> 40 000 poci\u0105g\u00f3w<\/li>\n<li><strong>Pojemno\u015b\u0107 e-liquidu:<\/strong> 36 ml<\/li>\n<li>Podw\u00f3jne cewki siatkowe 0,9 Ohm zapewniaj\u0105ce \u0142agodne, aromatyczne zaci\u0105gni\u0119cia<\/li>\n<li>Akumulator typu C umo\u017cliwiaj\u0105cy szybkie \u0142adowanie<\/li>\n<li>Akumulator wielokrotnego \u0142adowania o pojemno\u015bci 850 mAh<\/li>\n<li>Inteligentny wy\u015bwietlacz LED pokazuje poziom na\u0142adowania akumulatora i poziom e-liquidu.<\/li>\n<li>Podw\u00f3jne doznania aromatyczne<\/li>\n<li>20 smak\u00f3w do wyboru<\/li>\n<\/ul>\n<h3>WASPE AIVIOU 40000 zaci\u0105gni\u0119\u0107 Lista aromat\u00f3w:<\/h3>\n<ol>\n<li>Arbuz Lody\/Cytryna Limonka<\/li>\n<li>Mro\u017c\u0105ca wi\u015bnia Lody\/jagody Wata cukrowa<\/li>\n<li>Truskawka Arbuz\/jagoda Malina<\/li>\n<li>Lody Red Bull\/truskawka mango<\/li>\n<li>Lody brzoskwiniowe\/ananasowo-mango-brzoskwiniowe<\/li>\n<li>Winogrono Lody\/Truskawka Kiwi<\/li>\n<li>Mieszanka jag\u00f3d\/podw\u00f3jne lody jab\u0142kowe<\/li>\n<li>Guma do \u017cucia o smaku lemoniady Blue Razz\/arbuzu<\/li>\n<li>Truskawka Malina Wi\u015bnia\/Love 666<\/li>\n<li>Truskawka Banana\/ananas Kokos Lody<\/li>\n<li>Truskawka Arbuz Guma balonowa\/Mieszanka owoc\u00f3w<\/li>\n<li>Lody wi\u015bniowo-colowe\/truskawkowe malinowe cukierki<\/li>\n<li>Kwa\u015bna jab\u0142ko malina\/truskawka Big Bang<\/li>\n<li>Brzoskwinia Jagoda\/arbuz Mango Brzoskwinia<\/li>\n<li>Lody jagodowe\/Lody Black Dragon<\/li>\n<li>Truskawka Wi\u015bnia\/Kiwi Marakuja<\/li>\n<li>\u017belki\/truskawkowa cola<\/li>\n<li>Lody bananowo-ananasowe\/lody Red Bull<\/li>\n<li>Lody Red Bull truskawkowe\/czarne porzeczki<\/li>\n<li>Potr\u00f3jny melon Lody\/malina Arbuz<\/li>\n<\/ol>\n<h3>Cz\u0119sto zadawane pytania (FAQ)<\/h3>\n<p><strong>P: Jak prze\u0142\u0105cza\u0107 si\u0119 mi\u0119dzy dwoma smakami w WASPE 40000?<\/strong><\/p>\n<p>O: G\u00f3rn\u0105 ko\u0144c\u00f3wk\u0119 ustnika mo\u017cna przesuwa\u0107 w lewo i w prawo. Po lewej stronie znajduje si\u0119 pierwszy aromat, a po prawej drugi. W dowolnym momencie mo\u017cna zmieni\u0107 aromat, przesuwaj\u0105c g\u00f3rn\u0105 ko\u0144c\u00f3wk\u0119 ustnika w lewo lub w prawo.<\/p>\n<p><strong>P: Jak d\u0142ugo wystarcza bateria 850 mAh elektronicznego papierosa WASPE 40K?<\/strong><\/p>\n<p>O: Czas pracy baterii zale\u017cy od sposobu u\u017cytkowania. Akumulator typu C umo\u017cliwia wielokrotne \u0142adowanie i zapewnia wystarczaj\u0105c\u0105 pojemno\u015b\u0107 dla ca\u0142ego 36 ml e-liquidu.<\/p>\n<p><strong>P: Co pokazuje wy\u015bwietlacz LED jednorazowego e-papierosa WASPE 40K?<\/strong><\/p>\n<p>O: Wy\u015bwietlacz LED wyra\u017anie pokazuje pozosta\u0142y poziom na\u0142adowania baterii oraz kt\u00f3ry z dw\u00f3ch aromat\u00f3w jest aktualnie wybrany do wapowania.<\/p>\n<h3>Dowiedz si\u0119 wi\u0119cej na stronie Apex Vape<\/h3>\n<p>Szukasz wysokiej jako\u015bci e-papieros\u00f3w i produkt\u00f3w do wapowania? Odwied\u017a stron\u0119 <strong><a href=\"https:\/\/apexvape.de\/pl\/\">Apex Vape<\/a><\/strong>, Tw\u00f3j zaufany sklep internetowy z produktami premium do wapowania w Niemczech. WASPE AIVIOU 40000 zaci\u0105gni\u0119\u0107 jest cz\u0119\u015bci\u0105 naszej bogatej oferty <strong><a href=\"https:\/\/apexvape.de\/pl\/product-category\/waspe-vape\/\">Kolekcja WASPE VAPE<\/a><\/strong>, kt\u00f3ra oferuje innowacyjne jednorazowe e-papierosy z najnowocze\u015bniejsz\u0105 technologi\u0105. Odkryj inne modele WASPE i skorzystaj z szybkiej wysy\u0142ki, autentycznych produkt\u00f3w i doskona\u0142ej obs\u0142ugi klienta. Niezale\u017cnie od tego, czy jeste\u015b pocz\u0105tkuj\u0105cym, czy do\u015bwiadczonym u\u017cytkownikiem e-papieros\u00f3w \u2013 w Apex Vape znajdziesz idealny e-papieros dla siebie.<\/p>","protected":false},"excerpt":{"rendered":"<p class=\"font-claude-response-body whitespace-normal break-words\">Jednorazowy e-papieros WASPE AIVIOU 40000 zaci\u0105gni\u0119\u0107 zachwyca innowacyjnym systemem podw\u00f3jnego aromatu, umo\u017cliwiaj\u0105cym wyb\u00f3r spo\u015br\u00f3d 20 smak\u00f3w. Podw\u00f3jne cewki siatkowe, 36 ml e-liquidu, akumulator 850 mAh z \u0142adowaniem typu C i wy\u015bwietlaczem LCD pokazuj\u0105cym poziom na\u0142adowania akumulatora i poziom e-liquidu. Dost\u0119pny z nikotyn\u0105 0%, 2% lub 5%.<\/p>","protected":false},"featured_media":2676,"comment_status":"open","ping_status":"closed","template":"","meta":[],"product_brand":[],"product_cat":[75],"product_tag":[],"class_list":{"0":"post-2612","1":"product","2":"type-product","3":"status-publish","4":"has-post-thumbnail","6":"product_cat-waspe-vape","8":"first","9":"instock","10":"shipping-taxable","11":"purchasable","12":"product-type-variable"},"_links":{"self":[{"href":"https:\/\/apexvape.de\/pl\/wp-json\/wp\/v2\/product\/2612","targetHints":{"allow":["GET"]}}],"collection":[{"href":"https:\/\/apexvape.de\/pl\/wp-json\/wp\/v2\/product"}],"about":[{"href":"https:\/\/apexvape.de\/pl\/wp-json\/wp\/v2\/types\/product"}],"replies":[{"embeddable":true,"href":"https:\/\/apexvape.de\/pl\/wp-json\/wp\/v2\/comments?post=2612"}],"version-history":[{"count":0,"href":"https:\/\/apexvape.de\/pl\/wp-json\/wp\/v2\/product\/2612\/revisions"}],"wp:featuredmedia":[{"embeddable":true,"href":"https:\/\/apexvape.de\/pl\/wp-json\/wp\/v2\/media\/2676"}],"wp:attachment":[{"href":"https:\/\/apexvape.de\/pl\/wp-json\/wp\/v2\/media?parent=2612"}],"wp:term":[{"taxonomy":"product_brand","embeddable":true,"href":"https:\/\/apexvape.de\/pl\/wp-json\/wp\/v2\/product_brand?post=2612"},{"taxonomy":"product_cat","embeddable":true,"href":"https:\/\/apexvape.de\/pl\/wp-json\/wp\/v2\/product_cat?post=2612"},{"taxonomy":"product_tag","embeddable":true,"href":"https:\/\/apexvape.de\/pl\/wp-json\/wp\/v2\/product_tag?post=2612"}],"curies":[{"name":"wp","href":"https:\/\/api.w.org\/{rel}","templated":true}]}}