{"id":2517,"date":"2025-11-22T15:00:35","date_gmt":"2025-11-22T14:00:35","guid":{"rendered":"https:\/\/apexvape.de\/?post_type=product&#038;p=2517"},"modified":"2025-11-22T15:00:58","modified_gmt":"2025-11-22T14:00:58","slug":"fumot-leopard-40000","status":"publish","type":"product","link":"https:\/\/apexvape.de\/pl\/product\/fumot-leopard-40000\/","title":{"rendered":"Fumot Leopard 40000 zaci\u0105gni\u0119\u0107 Jednorazowy vape"},"content":{"rendered":"<h2>Fumot Leopard 40000 | 40 000 zaci\u0105gni\u0119\u0107 RGB Dual-Mesh E-papieros hurtowo<\/h2>\n<p>Jednorazowy e-papieros Fumot Leopard 40000 zapewnia do 40 000 zaci\u0105gni\u0119\u0107 delikatnej, aromatycznej pary. Dzi\u0119ki podw\u00f3jnym cewkom siatkowym zapewniaj\u0105cym intensywny smak mo\u017cna wybiera\u0107 spo\u015br\u00f3d nikotyny o mocy 2 %, 3 % lub 5 %. Akumulator o pojemno\u015bci 700 mAh zapewnia d\u0142ugotrwa\u0142\u0105 wydajno\u015b\u0107, a z\u0142\u0105cze \u0142adowania typu C umo\u017cliwia szybkie \u0142adowanie. Dodatkowo cyfrowy wy\u015bwietlacz informuje o poziomie e-p\u0142ynu i na\u0142adowaniu akumulatora.<\/p>\n<h3>Fumot Leopard 40000 zaci\u0105gni\u0119\u0107 Najwa\u017cniejsze cechy:<\/h3>\n<p>Fumot Leopard 40000 \u0142\u0105czy w sobie wydajno\u015b\u0107 i styl w wysokowydajnym jednorazowym e-papierosie, kt\u00f3ry zapewnia a\u017c 40 000 zaci\u0105gni\u0119\u0107. Zaprojektowany z my\u015bl\u0105 o wysokiej wydajno\u015bci, posiada system podw\u00f3jnej cewki siatkowej, kt\u00f3ry zapewnia intensywny smak i delikatn\u0105 par\u0119 od pierwszego do ostatniego zaci\u0105gni\u0119cia. Dost\u0119pny w wersjach o mocy nikotyny 2 %, 3 % i 5 %, urz\u0105dzenie dostosowuje si\u0119 do osobistych preferencji i stylu wapowania.<\/p>\n<p>Leopard 40000 jest zasilany akumulatorem o pojemno\u015bci 700 mAh z funkcj\u0105 \u0142adowania, kt\u00f3ry zapewnia sta\u0142\u0105 wydajno\u015b\u0107 podczas sesji wapowania. Dzi\u0119ki szybkiemu \u0142adowaniu typu C mo\u017cna szybko na\u0142adowa\u0107 urz\u0105dzenie i kontynuowa\u0107 wapowanie przy minimalnym czasie przestoju, dzi\u0119ki czemu nigdy nie pozostajesz bez swojego urz\u0105dzenia na d\u0142u\u017cej.<\/p>\n<p>To, co wyr\u00f3\u017cnia ten e-papieros, to efektowne obrotowe \u015bwiat\u0142o RGB, kt\u00f3re nadaje ka\u017cdemu zaci\u0105gni\u0119ciu si\u0119 \u017cywy element wizualny. Cyfrowy wy\u015bwietlacz rurowy informuje o stanie e-p\u0142ynu i baterii w czasie rzeczywistym, zapewniaj\u0105c pe\u0142n\u0105 kontrol\u0119 nad do\u015bwiadczeniem zwi\u0105zanym z wapowaniem. Zawsze wiesz dok\u0142adnie, kiedy nadszed\u0142 czas na \u0142adowanie lub kiedy e-p\u0142yn si\u0119 ko\u0144czy.<\/p>\n<p>Dost\u0119pny w 25 pysznych smakach i praktycznym opakowaniu zawieraj\u0105cym 10 sztuk, Fumot Leopard 40000 jest przeznaczony dla u\u017cytkownik\u00f3w, kt\u00f3rzy ceni\u0105 sobie zar\u00f3wno styl, jak i jako\u015b\u0107. Dzi\u0119ki charakterystycznemu wygl\u0105dowi, mocnym zaci\u0105gni\u0119ciom i inteligentnym funkcjom monitorowania, urz\u0105dzenie to zapewnia wyj\u0105tkowe doznania podczas wapowania, kt\u00f3re pozwalaj\u0105 zachowa\u0107 kontrol\u0119 od pocz\u0105tku do ko\u0144ca.<\/p>\n<h3>Specyfikacje produktu:<\/h3>\n<ul>\n<li><strong>Poci\u0105gi:<\/strong> Do 40 000<\/li>\n<li><strong>Nikotyna:<\/strong> 2 % \/ 3 % \/ 5 %<\/li>\n<li><strong>Akumulator:<\/strong> 700 mAh, akumulator wielokrotnego \u0142adowania<\/li>\n<li><strong>Cewka:<\/strong> Cewka z podw\u00f3jn\u0105 siatk\u0105<\/li>\n<li><strong>Do\u0142adowanie:<\/strong> Typ C<\/li>\n<li><strong>O\u015bwietlenie:<\/strong> \u015awiat\u0142o obrotowe RGB<\/li>\n<li><strong>Wy\u015bwietlacz:<\/strong> Cyfrowy wy\u015bwietlacz poziomu e-liquidu i na\u0142adowania akumulatora<\/li>\n<li><strong>Opakowanie:<\/strong> 10 sztuk\/opakowanie<\/li>\n<li><strong>Smaki:<\/strong> 25 opcji<\/li>\n<\/ul>\n<h3>Lista smak\u00f3w:<\/h3>\n<ol>\n<li>Mieszanka jag\u00f3d<\/li>\n<li>Jagoda Malina<\/li>\n<li>Truskawka Arbuz<\/li>\n<li>Truskawka Ice<\/li>\n<li>Wi\u015bnia Ice<\/li>\n<li>Arbuz Ice<\/li>\n<li>Kiwi Marakuja Guawa<\/li>\n<li>Dr Blue<\/li>\n<li>Jagoda na lodzie<\/li>\n<li>Brzoskwinia Jagoda<\/li>\n<li>R\u00f3\u017cowa lemoniada<\/li>\n<li>Truskawka Banana<\/li>\n<li>Guma balonowa o smaku arbuza<\/li>\n<li>Brzoskwinia Mango Ananas<\/li>\n<li>Czarny Smok L\u00f3d<\/li>\n<li>Jagoda Wi\u015bnia \u017burawina<\/li>\n<li>\u017belki Blue Razz<\/li>\n<li>Je\u017cyna Czerwona malina<\/li>\n<li>Zielone jab\u0142ko Brzoskwinia<\/li>\n<li>Nowa niebieska wi\u015bnia \u017curawina<\/li>\n<li>Marakuja Kiwi<\/li>\n<li>Mango Marakuja<\/li>\n<li>Niebieska wi\u015bnia Razz<\/li>\n<li>Wi\u015bnia Arbuz Freeze<\/li>\n<li>Jagoda Granat Ice<\/li>\n<\/ol>\n<h3>Cz\u0119sto zadawane pytania (FAQ):<\/h3>\n<p><strong>F1: Ile zaci\u0105gni\u0119\u0107 oferuje e-papieros Fumot Leopard 40000?<\/strong><br \/>\nA1: E-papieros Fumot Leopard 40000 zaci\u0105gni\u0119\u0107 zapewnia do 40 000 zaci\u0105gni\u0119\u0107, co czyni go jednym z najtrwalszych jednorazowych e-papieros\u00f3w na rynku.<\/p>\n<p><strong>Pytanie 2: Czym e-papieros Fumot Leopard 40k r\u00f3\u017cni si\u0119 od innych?<\/strong><br \/>\nA2: Fumot Leopard 40k wyr\u00f3\u017cnia si\u0119 obrotowym \u015bwiat\u0142em RGB, cyfrowym wy\u015bwietlaczem poziomu e-liquidu i na\u0142adowania baterii, podw\u00f3jn\u0105 cewk\u0105 siatkow\u0105 oraz akumulatorem o pojemno\u015bci 700 mAh.<\/p>\n<p><strong>Pytanie 3: Czy e-papieros 40k jest wielokrotnego \u0142adowania?<\/strong><br \/>\nA3: Tak, ten e-papieros 40k jest wyposa\u017cony w akumulator typu C z funkcj\u0105 \u0142adowania, kt\u00f3ry zapewnia wygodne i szybkie \u0142adowanie.<\/p>\n<h3>Odkryj wi\u0119cej produkt\u00f3w FUMOT VAPE w apexvape<\/h3>\n<p>Odkryj Fumot Leopard 40000 i inne wysokiej jako\u015bci e-papierosy na stronie <strong><a href=\"https:\/\/apexvape.de\/pl\/\">Apex Vape<\/a><\/strong>, Pa\u0144stwa niezawodnym partnerem w zakresie wysokiej jako\u015bci produkt\u00f3w do wapowania w sprzeda\u017cy hurtowej. W naszej bogatej ofercie <strong><a href=\"https:\/\/apexvape.de\/pl\/product-category\/fumot-vape\/\">Kategoria FUMOT VAPE<\/a><\/strong> znajdziesz najnowsze modele i najbardziej innowacyjne urz\u0105dzenia marki Fumot. Skorzystaj z atrakcyjnych cen hurtowych, szybkiej wysy\u0142ki i najwy\u017cszej jako\u015bci obs\u0142ugi klienta dla Twojego sklepu z produktami do wapowania.<\/p>","protected":false},"excerpt":{"rendered":"<p class=\"font-claude-response-body whitespace-normal break-words\">Fumot Leopard 40000 zapewnia do 40 000 zaci\u0105gni\u0119\u0107 dzi\u0119ki technologii podw\u00f3jnej cewki siatkowej, kt\u00f3ra zapewnia intensywny smak. Obrotowe \u015bwiat\u0142o RGB zapewnia efekt wizualny, a cyfrowy wy\u015bwietlacz pokazuje poziom e-liquidu i na\u0142adowanie baterii. Bateria 700 mAh z \u0142adowaniem typu C, nikotyna 2%-5%, dost\u0119pnych 25 smak\u00f3w.<\/p>","protected":false},"featured_media":2596,"comment_status":"open","ping_status":"closed","template":"","meta":[],"product_brand":[],"product_cat":[74],"product_tag":[],"class_list":{"0":"post-2517","1":"product","2":"type-product","3":"status-publish","4":"has-post-thumbnail","6":"product_cat-fumot-vape","8":"first","9":"instock","10":"shipping-taxable","11":"purchasable","12":"product-type-variable"},"_links":{"self":[{"href":"https:\/\/apexvape.de\/pl\/wp-json\/wp\/v2\/product\/2517","targetHints":{"allow":["GET"]}}],"collection":[{"href":"https:\/\/apexvape.de\/pl\/wp-json\/wp\/v2\/product"}],"about":[{"href":"https:\/\/apexvape.de\/pl\/wp-json\/wp\/v2\/types\/product"}],"replies":[{"embeddable":true,"href":"https:\/\/apexvape.de\/pl\/wp-json\/wp\/v2\/comments?post=2517"}],"version-history":[{"count":0,"href":"https:\/\/apexvape.de\/pl\/wp-json\/wp\/v2\/product\/2517\/revisions"}],"wp:featuredmedia":[{"embeddable":true,"href":"https:\/\/apexvape.de\/pl\/wp-json\/wp\/v2\/media\/2596"}],"wp:attachment":[{"href":"https:\/\/apexvape.de\/pl\/wp-json\/wp\/v2\/media?parent=2517"}],"wp:term":[{"taxonomy":"product_brand","embeddable":true,"href":"https:\/\/apexvape.de\/pl\/wp-json\/wp\/v2\/product_brand?post=2517"},{"taxonomy":"product_cat","embeddable":true,"href":"https:\/\/apexvape.de\/pl\/wp-json\/wp\/v2\/product_cat?post=2517"},{"taxonomy":"product_tag","embeddable":true,"href":"https:\/\/apexvape.de\/pl\/wp-json\/wp\/v2\/product_tag?post=2517"}],"curies":[{"name":"wp","href":"https:\/\/api.w.org\/{rel}","templated":true}]}}