{"id":2424,"date":"2025-11-22T14:49:42","date_gmt":"2025-11-22T13:49:42","guid":{"rendered":"https:\/\/apexvape.de\/?post_type=product&#038;p=2424"},"modified":"2025-11-22T15:04:39","modified_gmt":"2025-11-22T14:04:39","slug":"fumot-tornado-25000","status":"publish","type":"product","link":"https:\/\/apexvape.de\/pl\/product\/fumot-tornado-25000\/","title":{"rendered":"Fumot Tornado 25000 zaci\u0105gni\u0119\u0107 Jednorazowy vape"},"content":{"rendered":"<h2>Fumot Tornado 25000 zaci\u0105gni\u0119\u0107 2% 3% 5% Niska zawarto\u015b\u0107 nikotyny Zakup hurtowy Hurtownia E-papieros wielokrotnego \u0142adowania z wy\u015bwietlaczem cyfrowym<\/h2>\n<p>Der <strong>Fumot Tornado 25000<\/strong> to jednorazowy e-papieros z podw\u00f3jnym systemem cewek siatkowych i inteligentnym ekranem dotykowym. Urz\u0105dzenie zawiera 20 ml e-p\u0142ynu i umo\u017cliwia wykonanie do 25 000 zaci\u0105gni\u0119\u0107. Tornado 25000 jest dost\u0119pny w 4 wersjach nikotynowych: 0%, 2%, 3% i 5% oraz w 26 r\u00f3\u017cnych smakach. Dzi\u0119ki szybko \u0142adowanemu z\u0142\u0105czu typu C na spodzie urz\u0105dzenia masz pewno\u015b\u0107, \u017ce zu\u017cyjesz ca\u0142y e-liquid.<\/p>\n<h3>Fumot Tornado 25000 zaci\u0105gni\u0119\u0107 \u2013 najwa\u017cniejsze cechy produktu:<\/h3>\n<p>Fumot Tornado 25000 oferuje imponuj\u0105ce 25 000 zaci\u0105gni\u0119\u0107, co czyni go jednym z najtrwalszych e-papieros\u00f3w na rynku. Jest dost\u0119pny w pysznych smakach, takich jak jagoda-malina i truskawka-mi\u0119ta, i zapewnia intensywny smak przy ka\u017cdym zaci\u0105gni\u0119ciu. Podw\u00f3jny system cewki siatkowej wytwarza mi\u0119kk\u0105, aromatyczn\u0105 par\u0119 o doskona\u0142ej wydajno\u015bci, zapewniaj\u0105c niezmiennie satysfakcjonuj\u0105ce doznania.<\/p>\n<p>Urz\u0105dzenie posiada akumulator o pojemno\u015bci 700 mAh z z\u0142\u0105czem \u0142adowania typu C, kt\u00f3ry umo\u017cliwia szybkie i wygodne \u0142adowanie. Cech\u0105 szczeg\u00f3ln\u0105 tego e-papierosa jest 1,77-calowy ekran dotykowy, kt\u00f3ry wy\u015bwietla wa\u017cne informacje, takie jak poziom na\u0142adowania baterii, licznik zaci\u0105gni\u0119\u0107 i ustawienia mocy. Dzi\u0119ki temu czytelnym ekranowi mo\u017cesz monitorowa\u0107 i dostosowywa\u0107 swoje wra\u017cenia z vapowania za pomoc\u0105 kilku dotkni\u0119\u0107.<\/p>\n<p>Wyj\u0105tkow\u0105 cech\u0105 jest zintegrowany tryb gry, kt\u00f3ry dodaje zabawny element interaktywny do sesji wapowania. Podczas przerw mo\u017cna cieszy\u0107 si\u0119 kr\u00f3tkimi grami, co sprawia, \u017ce Fumot Tornado 25000 jest czym\u015b wi\u0119cej ni\u017c tylko e-papierosem. Eleganckie sterowanie dotykowe umo\u017cliwia \u0142atw\u0105 nawigacj\u0119 po wszystkich ustawieniach i funkcjach.<\/p>\n<p>Regulowana moc wynosi od 24 W do 80 W, co pozwala dostosowa\u0107 styl wapowania do w\u0142asnych preferencji. Wybierz ni\u017csz\u0105 moc, aby uzyska\u0107 delikatne, lekkie zaci\u0105gni\u0119cia, lub zwi\u0119ksz j\u0105 do 80 W, aby uzyska\u0107 mocne, intensywne wytwarzanie pary. Ta elastyczno\u015b\u0107 sprawia, \u017ce Fumot Tornado 25000 jest odpowiedni dla ka\u017cdego \u2013 niezale\u017cnie od tego, czy dopiero zaczynasz przygod\u0119 z wapowaniem, czy jeste\u015b do\u015bwiadczonym u\u017cytkownikiem poszukuj\u0105cym urz\u0105dzenia o wielu funkcjach.<\/p>\n<h3>Dane techniczne:<\/h3>\n<ul>\n<li>Zawarto\u015b\u0107 nikotyny: 2% \/ 3% \/ 5%<\/li>\n<li>Akumulator o pojemno\u015bci 700 mAh<\/li>\n<li>Poci\u0105gi: 25 000 poci\u0105g\u00f3w<\/li>\n<li>Pojemno\u015b\u0107 zbiornika: 20 ml<\/li>\n<li>Prze\u0142\u0105cznik dotykowy<\/li>\n<li>Ekran TFT o przek\u0105tnej 1,77 cala<\/li>\n<li>Regulacja mocy poprzez trzykrotne naci\u015bni\u0119cie ekranu dotykowego<\/li>\n<li>Wy\u015bwietlacz z wska\u017anikiem poziomu nape\u0142nienia i na\u0142adowania akumulatora<\/li>\n<li>Z\u0142\u0105cze typu C<\/li>\n<li>26 dost\u0119pnych smak\u00f3w<\/li>\n<li>Podw\u00f3jny system cewek siatkowych<\/li>\n<\/ul>\n<h3>Smaki:<\/h3>\n<ol>\n<li>Banana Ice (Lody bananowe)<\/li>\n<li>Strawberry Watermelon (truskawka arbuz)<\/li>\n<li>Miami Mint (Mennica w Miami)<\/li>\n<li>Blueberry Raspberry (jagoda malina)<\/li>\n<li>Czarny l\u00f3d (Black Ice)<\/li>\n<li>White Gummy Ice (bia\u0142e lody \u017celkowe)<\/li>\n<li>Watermelon Ice (lody arbuzowe)<\/li>\n<li>Juicy Peach Ice (Soczyste lody brzoskwiniowe)<\/li>\n<li>Pink Lemonade (r\u00f3\u017cowa lemoniada)<\/li>\n<li>Truskawka mango (truskawka mango)<\/li>\n<li>Peach Mango Watermelon (brzoskwinia, mango, arbuz)<\/li>\n<li>Grape Lemon (winogrono cytryna)<\/li>\n<li>Tropical Rainbow Blast (Tropikalna t\u0119cza)<\/li>\n<li>Cherry Bomb (Bomba wi\u015bniowa)<\/li>\n<li>Cukierki truskawkowe z mi\u0119t\u0105<\/li>\n<li>Double Apple (Podw\u00f3jne jab\u0142ko)<\/li>\n<li>Blueberry On Ice (jagoda na lodzie)<\/li>\n<li>Strawberry Ice (truskawkowe lody)<\/li>\n<li>Lush Ice (Bujny l\u00f3d)<\/li>\n<li>Pineapple Ice (lody ananasowe)<\/li>\n<li>Grape Ice (lody winogronowe)<\/li>\n<li>Dr Blue (Dr Niebieski)<\/li>\n<li>Kiwi Passion Fruit Guava (kiwi, marakuja, guawa)<\/li>\n<li>Cherry Cola (cola wi\u015bniowa)<\/li>\n<li>Cool Mint (Ch\u0142odna mi\u0119ta)<\/li>\n<li>Strawberry Red Bull (truskawkowy Red Bull)<\/li>\n<\/ol>\n<h3>Cz\u0119sto zadawane pytania (FAQ)<\/h3>\n<p><strong>1. Ile ruch\u00f3w oferuje Fumot Tornado 25k?<\/strong> Fumot Tornado 25000 oferuje do 25 000 zaci\u0105gni\u0119\u0107 dzi\u0119ki pojemno\u015bci 20 ml e-liquidu.<\/p>\n<p><strong>2. Jakie s\u0105 dost\u0119pne poziomy nikotyny?<\/strong> Mo\u017cesz wybra\u0107 mi\u0119dzy opcjami nikotynowymi 0%, 2%, 3% lub 5%.<\/p>\n<p><strong>3. Czy urz\u0105dzenie posiada akumulator wielokrotnego \u0142adowania?<\/strong> Tak, posiada bateri\u0119 o pojemno\u015bci 700 mAh, kt\u00f3r\u0105 mo\u017cna szybko i wydajnie \u0142adowa\u0107 za pomoc\u0105 z\u0142\u0105cza \u0142adowania typu C.<\/p>\n<p><strong>4. Co to jest \u201etryb gry\u201c?<\/strong> Tryb gry umo\u017cliwia u\u017cytkownikom rzucanie cyberkostkami, dodaj\u0105c do wapowania interaktywny i rozrywkowy element.<\/p>\n<p><strong>5. Jak dzia\u0142a ekran dotykowy?<\/strong> Tornado 25k posiada inteligentny prze\u0142\u0105cznik dotykowy, kt\u00f3ry umo\u017cliwia \u0142atw\u0105 regulacj\u0119 mocy i aktywacj\u0119 trybu gry poprzez dotkni\u0119cie ekranu.<\/p>\n<h3 class=\"font-claude-response-heading text-text-100 mt-1 -mb-0.5\">Wi\u0119cej informacji i produkt\u00f3w<\/h3>\n<p class=\"font-claude-response-body whitespace-normal break-words\">Odkryj Fumot Tornado 25000 i inne wysokiej jako\u015bci e-papierosy w naszym sklepie internetowym. Odwied\u017a nasz\u0105 stron\u0119 <strong><a class=\"underline\" href=\"https:\/\/apexvape.de\/pl\/\">Strona g\u0142\u00f3wna<\/a><\/strong> za kompletny asortyment produkt\u00f3w premium do waporyzacji i atrakcyjne oferty. Je\u015bli interesuj\u0105 Ci\u0119 konkretnie produkty Fumot, znajdziesz je w naszej <strong><a class=\"underline\" href=\"https:\/\/apexvape.de\/pl\/product-category\/fumot-vape\/\">Kategoria FUMOT VAPE<\/a><\/strong> Szeroki wyb\u00f3r innowacyjnych jednorazowych e-papieros\u00f3w z najnowocze\u015bniejsz\u0105 technologi\u0105. Skorzystaj z naszej szybkiej wysy\u0142ki, kompetentnej obs\u0142ugi klienta i atrakcyjnych cen hurtowych dla klient\u00f3w komercyjnych.<\/p>","protected":false},"excerpt":{"rendered":"<p class=\"font-claude-response-body whitespace-normal break-words\">Fumot Tornado 25000 oferuje do 25 000 zaci\u0105gni\u0119\u0107 przy u\u017cyciu 20 ml e-liquidu i podw\u00f3jnego systemu cewek siatkowych. Ekran dotykowy o przek\u0105tnej 1,77 cala wy\u015bwietla poziom na\u0142adowania baterii, liczb\u0119 zaci\u0105gni\u0119\u0107 i moc (24\u201380 W). Posiada tryb gry, bateri\u0119 700 mAh, szybkie \u0142adowanie typu C i 26 smak\u00f3w. Innowacyjny i wydajny.<\/p>","protected":false},"featured_media":2506,"comment_status":"open","ping_status":"closed","template":"","meta":[],"product_brand":[],"product_cat":[74],"product_tag":[],"class_list":{"0":"post-2424","1":"product","2":"type-product","3":"status-publish","4":"has-post-thumbnail","6":"product_cat-fumot-vape","8":"first","9":"instock","10":"shipping-taxable","11":"purchasable","12":"product-type-variable"},"_links":{"self":[{"href":"https:\/\/apexvape.de\/pl\/wp-json\/wp\/v2\/product\/2424","targetHints":{"allow":["GET"]}}],"collection":[{"href":"https:\/\/apexvape.de\/pl\/wp-json\/wp\/v2\/product"}],"about":[{"href":"https:\/\/apexvape.de\/pl\/wp-json\/wp\/v2\/types\/product"}],"replies":[{"embeddable":true,"href":"https:\/\/apexvape.de\/pl\/wp-json\/wp\/v2\/comments?post=2424"}],"version-history":[{"count":0,"href":"https:\/\/apexvape.de\/pl\/wp-json\/wp\/v2\/product\/2424\/revisions"}],"wp:featuredmedia":[{"embeddable":true,"href":"https:\/\/apexvape.de\/pl\/wp-json\/wp\/v2\/media\/2506"}],"wp:attachment":[{"href":"https:\/\/apexvape.de\/pl\/wp-json\/wp\/v2\/media?parent=2424"}],"wp:term":[{"taxonomy":"product_brand","embeddable":true,"href":"https:\/\/apexvape.de\/pl\/wp-json\/wp\/v2\/product_brand?post=2424"},{"taxonomy":"product_cat","embeddable":true,"href":"https:\/\/apexvape.de\/pl\/wp-json\/wp\/v2\/product_cat?post=2424"},{"taxonomy":"product_tag","embeddable":true,"href":"https:\/\/apexvape.de\/pl\/wp-json\/wp\/v2\/product_tag?post=2424"}],"curies":[{"name":"wp","href":"https:\/\/api.w.org\/{rel}","templated":true}]}}