{"id":2235,"date":"2025-11-22T14:32:22","date_gmt":"2025-11-22T13:32:22","guid":{"rendered":"https:\/\/apexvape.de\/?post_type=product&#038;p=2235"},"modified":"2025-11-22T14:38:09","modified_gmt":"2025-11-22T13:38:09","slug":"fumot-tornado-20000","status":"publish","type":"product","link":"https:\/\/apexvape.de\/pl\/product\/fumot-tornado-20000\/","title":{"rendered":"Fumot Tornado 20000 zaci\u0105gni\u0119\u0107 Jednorazowy vape"},"content":{"rendered":"<h2>Fumot Tornado 20000 | 20 000 zaci\u0105gni\u0119\u0107 E-papieros z podw\u00f3jn\u0105 siateczk\u0105 do hurtowego zakupu<\/h2>\n<p>Die <strong>Fumot Tornado 20000 jednorazowy e-papieros<\/strong> to urz\u0105dzenie vape z podw\u00f3jn\u0105 cewk\u0105 siatkow\u0105 i inteligentnym wy\u015bwietlaczem LED. Dzi\u0119ki dw\u00f3m cewkom siatkowym ka\u017cde zaci\u0105gni\u0119cie si\u0119 zapewnia intensywniejszy i pe\u0142niejszy smak. Inteligentny wy\u015bwietlacz LED dostarcza informacji w czasie rzeczywistym i pokazuje na pierwszy rzut oka wa\u017cne szczeg\u00f3\u0142y, takie jak poziom na\u0142adowania baterii i poziom e-p\u0142ynu. Urz\u0105dzenie jest nape\u0142nione 20 ml e-liquidu i umo\u017cliwia wykonanie do 20 000 zaci\u0105gni\u0119\u0107. Dost\u0119pne w wersjach o mocy nikotyny 0 %, 2 %, 3 % i 5 % oraz w 59 r\u00f3\u017cnych smakach do wyboru. Wyposa\u017cony w akumulator o pojemno\u015bci 850 mAh, ten wydajny akumulator zapewnia d\u0142ugi czas u\u017cytkowania i mo\u017cna go wygodnie \u0142adowa\u0107 za pomoc\u0105 z\u0142\u0105cza typu C. Koniec z jednorazowymi vape'ami, kt\u00f3rych akumulator zbyt szybko si\u0119 roz\u0142adowuje!<\/p>\n<h3>Fumot Tornado 20000 zaci\u0105gni\u0119\u0107 \u2013 najwa\u017cniejsze cechy:<\/h3>\n<p>Fumot Tornado 20000 przekonuje innowacyjn\u0105 technologi\u0105 Dual-Mesh-Coil, kt\u00f3ra umo\u017cliwia prze\u0142\u0105czanie mi\u0119dzy trybem pojedynczej i podw\u00f3jnej mocy. Tryb pojedynczy zapewnia r\u00f3wnomiern\u0105, delikatn\u0105 par\u0119, zapewniaj\u0105c\u0105 relaksuj\u0105ce doznania podczas wapowania, natomiast tryb podw\u00f3jny wytwarza intensywniejsze chmury pary i silniejszy smak. Ta elastyczno\u015b\u0107 pozwala dostosowa\u0107 wapowanie do nastroju i preferencji w dowolnym momencie.<\/p>\n<p>Dzi\u0119ki imponuj\u0105cej pojemno\u015bci do 20 000 zaci\u0105gni\u0119\u0107 Fumot Tornado 20000 jest jednym z najtrwalszych jednorazowych e-papieros\u00f3w na rynku. Ta niezwyk\u0142a liczba zaci\u0105gni\u0119\u0107 oznacza d\u0142ugotrwa\u0142\u0105 przyjemno\u015b\u0107 bez konieczno\u015bci cz\u0119stej wymiany \u2013 idealne rozwi\u0105zanie zar\u00f3wno dla okazjonalnych u\u017cytkownik\u00f3w, jak i os\u00f3b korzystaj\u0105cych z e-papieros\u00f3w na co dzie\u0144. Urz\u0105dzenie posiada inteligentny wy\u015bwietlacz LED, kt\u00f3ry pokazuje w czasie rzeczywistym informacje o stanie baterii i pozosta\u0142ej ilo\u015bci p\u0142ynu, dzi\u0119ki czemu zawsze wiesz, kiedy konieczne jest na\u0142adowanie lub kiedy ko\u0144czy si\u0119 e-p\u0142yn.<\/p>\n<p>Urz\u0105dzenie jest zasilane przez akumulator o pojemno\u015bci 850 mAh, kt\u00f3ry mo\u017cna wielokrotnie \u0142adowa\u0107, dzi\u0119ki czemu mo\u017cna w pe\u0142ni wykorzysta\u0107 potencja\u0142 e-liquidu bez obawy o wyczerpanie si\u0119 baterii. Ta wi\u0119ksza pojemno\u015b\u0107 akumulatora w po\u0142\u0105czeniu z technologi\u0105 Dual Mesh i regulowanymi trybami mocy gwarantuje elastyczne i d\u0142ugotrwa\u0142e doznania podczas wapowania, dostosowane do Twoich nawyk\u00f3w u\u017cytkowania w ci\u0105gu dnia.<\/p>\n<p>Fumot Tornado 20000 oferuje szerok\u0105 gam\u0119 smak\u00f3w dla ka\u017cdego \u2013 owocowych, s\u0142odkich lub orze\u017awiaj\u0105cych. Ka\u017cdy smak zapewnia wysok\u0105 jako\u015b\u0107 od pierwszego do ostatniego zaci\u0105gni\u0119cia si\u0119 i gwarantuje satysfakcjonuj\u0105ce doznania przez ca\u0142y imponuj\u0105cy okres u\u017cytkowania urz\u0105dzenia.<\/p>\n<h3>Dane techniczne:<\/h3>\n<ul>\n<li><strong>Liczba poci\u0105g\u00f3w:<\/strong> Do 20 000<\/li>\n<li><strong>Zawarto\u015b\u0107 nikotyny:<\/strong> 0 % \/ 2 % \/ 3 % \/ 5 %<\/li>\n<li><strong>Akumulator:<\/strong> 850 mAh (akumulator)<\/li>\n<li><strong>Pojemno\u015b\u0107 e-liquidu:<\/strong> 20 ml<\/li>\n<li><strong>Waga:<\/strong> 120 g<\/li>\n<li><strong>Rezystancja cewki:<\/strong> 0,9 \u03a9<\/li>\n<li><strong>Wy\u015bwietlacz:<\/strong> Wska\u017anik poziomu e-liquidu i na\u0142adowania akumulatora<\/li>\n<\/ul>\n<h3>Smaki:<\/h3>\n<ol>\n<li>Cukierki twardy o smaku jagodowo-malinowym<\/li>\n<li>Blue Razz<\/li>\n<li>Truskawka Kiwi<\/li>\n<li>Brzoskwinia Ananas Pomara\u0144cza<\/li>\n<li>Skittles<\/li>\n<li>Brzoskwinia, mango, arbuz<\/li>\n<li>Lody truskawkowe<\/li>\n<li>Lody gruszkowe<\/li>\n<li>Wata cukrowa<\/li>\n<li>\u017belki<\/li>\n<li>Og\u00f3rkowa lemoniada<\/li>\n<li>Pina Colada<\/li>\n<li>Huckleberry<\/li>\n<li>Lody arbuzowe<\/li>\n<li>Truskawka i arbuz<\/li>\n<li>Mieszanka jag\u00f3d<\/li>\n<li>Liczi Melon Hami<\/li>\n<li>Wi\u015bnia i limonka<\/li>\n<li>Ananas Cytryna Zielone jab\u0142ko<\/li>\n<li>Ciasto bananowe<\/li>\n<li>Pan Blue<\/li>\n<li>Wi\u015bnia<\/li>\n<li>Jagoda Malina<\/li>\n<li>Cherry Cola<\/li>\n<li>Kiwi Marakuja Guawa<\/li>\n<li>Truskawkowy l\u00f3d<\/li>\n<li>Truskawka Malina Wi\u015bnia Lody<\/li>\n<li>Wi\u015bnia jagodowa<\/li>\n<li>Jagoda Kwa\u015bna malina<\/li>\n<li>Brzoskwinia i jagoda<\/li>\n<li>Niebieski \u017celki Razz Gummy Bear<\/li>\n<li>Ch\u0142odna mi\u0119ta<\/li>\n<li>Jagoda na lodzie<\/li>\n<li>L\u00f3d Cactus<\/li>\n<li>Czerwony winogronowo-limonkowy<\/li>\n<li>Cola Lemon<\/li>\n<li>Czarna porzeczka Jab\u0142ko<\/li>\n<li>Kaktus Kiwi<\/li>\n<li>Cola Ice<\/li>\n<li>Apeg Grejpfrut<\/li>\n<li>Jagodowy kaktus lodowy<\/li>\n<li>Lody mango-winogrono<\/li>\n<li>Winogrono Kiwi<\/li>\n<\/ol>\n<h3>Cz\u0119sto zadawane pytania (FAQ):<\/h3>\n<p><strong>Pytanie 1: Jak d\u0142ugo wystarcza e-papieros Fumot Tornado 20000 zaci\u0105gni\u0119\u0107?<\/strong> A1: Zapewnia do 20 000 zaci\u0105gni\u0119\u0107, co w zale\u017cno\u015bci od indywidualnych nawyk\u00f3w zwi\u0105zanych z paleniem pozwala na d\u0142ugi okres u\u017cytkowania.<\/p>\n<p><strong>Pytanie 2: Czy Fumot Tornado 20k jest wielokrotnego \u0142adowania?<\/strong> A2: Tak, posiada wbudowany akumulator o pojemno\u015bci 850 mAh, kt\u00f3ry mo\u017cna \u0142adowa\u0107 za pomoc\u0105 kabla typu C.<\/p>\n<p><strong>Pytanie 3: Jakie s\u0105 dost\u0119pne poziomy nikotyny?<\/strong> A3: Urz\u0105dzenie to jest dost\u0119pne w czterech wersjach: 0 %, 2 %, 3 % i 5 % nikotyny, aby zaspokoi\u0107 r\u00f3\u017cne preferencje.<\/p>\n<p><strong>P4: Jak rozpozna\u0107, kiedy nale\u017cy na\u0142adowa\u0107 lub wymieni\u0107 e-papierosa?<\/strong> A4: E-papieros posiada cyfrowy wy\u015bwietlacz, kt\u00f3ry w przejrzysty spos\u00f3b pokazuje poziom e-liquidu i na\u0142adowania baterii.<\/p>\n<h3 class=\"font-claude-response-heading text-text-100 mt-1 -mb-0.5\">Wi\u0119cej informacji i produkt\u00f3w<\/h3>\n<p class=\"font-claude-response-body whitespace-normal break-words\">Odkryj Fumot Tornado 20000 i inne wysokiej jako\u015bci e-papierosy w naszym bogatym asortymencie. W <strong><a class=\"underline\" href=\"https:\/\/apexvape.de\/pl\/\">Apex Vape<\/a><\/strong> znajdziesz szeroki wyb\u00f3r jednorazowych e-papieros\u00f3w, p\u0142yn\u00f3w premium i akcesori\u00f3w do vape w atrakcyjnych cenach. Odwied\u017a nasz\u0105 stron\u0119 <strong><a class=\"underline\" href=\"https:\/\/apexvape.de\/pl\/product-category\/fumot-vape\/\">Kategoria FUMOT VAPE<\/a><\/strong>, aby zapozna\u0107 si\u0119 z pe\u0142n\u0105 ofert\u0105 produkt\u00f3w marki Fumot i znale\u017a\u0107 urz\u0105dzenie idealnie dopasowane do swoich potrzeb. Skorzystaj z szybkiej wysy\u0142ki, bezpiecznej p\u0142atno\u015bci i doskona\u0142ej obs\u0142ugi klienta.<\/p>","protected":false},"excerpt":{"rendered":"<p class=\"font-claude-response-body whitespace-normal break-words\">Fumot Tornado 20000 przekonuje technologi\u0105 Dual-Mesh-Coil i nawet 20 000 zaci\u0105gni\u0119\u0107 z 20 ml e-liquidu. Prze\u0142\u0105czaj si\u0119 mi\u0119dzy trybem pojedynczej i podw\u00f3jnej mocy, aby dostosowa\u0107 urz\u0105dzenie do indywidualnych preferencji. Wy\u015bwietlacz LED pokazuje poziom na\u0142adowania baterii i poziom e-liquidu, a bateria 850 mAh \u0142aduje si\u0119 przez z\u0142\u0105cze typu C. Dost\u0119pnych jest 59 smak\u00f3w.<\/p>","protected":false},"featured_media":2236,"comment_status":"open","ping_status":"closed","template":"","meta":[],"product_brand":[],"product_cat":[74],"product_tag":[],"class_list":{"0":"post-2235","1":"product","2":"type-product","3":"status-publish","4":"has-post-thumbnail","6":"product_cat-fumot-vape","8":"first","9":"instock","10":"shipping-taxable","11":"purchasable","12":"product-type-variable"},"_links":{"self":[{"href":"https:\/\/apexvape.de\/pl\/wp-json\/wp\/v2\/product\/2235","targetHints":{"allow":["GET"]}}],"collection":[{"href":"https:\/\/apexvape.de\/pl\/wp-json\/wp\/v2\/product"}],"about":[{"href":"https:\/\/apexvape.de\/pl\/wp-json\/wp\/v2\/types\/product"}],"replies":[{"embeddable":true,"href":"https:\/\/apexvape.de\/pl\/wp-json\/wp\/v2\/comments?post=2235"}],"version-history":[{"count":0,"href":"https:\/\/apexvape.de\/pl\/wp-json\/wp\/v2\/product\/2235\/revisions"}],"wp:featuredmedia":[{"embeddable":true,"href":"https:\/\/apexvape.de\/pl\/wp-json\/wp\/v2\/media\/2236"}],"wp:attachment":[{"href":"https:\/\/apexvape.de\/pl\/wp-json\/wp\/v2\/media?parent=2235"}],"wp:term":[{"taxonomy":"product_brand","embeddable":true,"href":"https:\/\/apexvape.de\/pl\/wp-json\/wp\/v2\/product_brand?post=2235"},{"taxonomy":"product_cat","embeddable":true,"href":"https:\/\/apexvape.de\/pl\/wp-json\/wp\/v2\/product_cat?post=2235"},{"taxonomy":"product_tag","embeddable":true,"href":"https:\/\/apexvape.de\/pl\/wp-json\/wp\/v2\/product_tag?post=2235"}],"curies":[{"name":"wp","href":"https:\/\/api.w.org\/{rel}","templated":true}]}}