{"id":1975,"date":"2025-11-22T14:11:46","date_gmt":"2025-11-22T13:11:46","guid":{"rendered":"https:\/\/apexvape.de\/?post_type=product&#038;p=1975"},"modified":"2025-11-22T14:22:28","modified_gmt":"2025-11-22T13:22:28","slug":"fumot-tornado-15000","status":"publish","type":"product","link":"https:\/\/apexvape.de\/pl\/product\/fumot-tornado-15000\/","title":{"rendered":"Fumot Tornado 15000 zaci\u0105gni\u0119\u0107 Jednorazowy vape"},"content":{"rendered":"<h2>Fumot Tornado 15000 zaci\u0105gni\u0119\u0107 | 0%-5% nikotyna, 25 ml, jednorazowy e-papieros w sprzeda\u017cy hurtowej<\/h2>\n<p>Fumot Tornado 15000 zapewnia do 15 000 zaci\u0105gni\u0119\u0107 dzi\u0119ki pojemno\u015bci 25 ml wst\u0119pnie nape\u0142nionego e-liquidu i zawarto\u015bci nikotyny 0%\/2%\/3%\/5%. Urz\u0105dzenie zasilane jest akumulatorem o pojemno\u015bci 850 mAh i wyposa\u017cone jest w cewk\u0119 siatkow\u0105 zapewniaj\u0105c\u0105 r\u00f3wnomierne ogrzewanie oraz wy\u015bwietlacz do monitorowania poziomu na\u0142adowania akumulatora i poziomu p\u0142ynu. Dost\u0119pne w r\u00f3\u017cnych smakach, takich jak brzoskwinia z lodem, lemoniada Blue Razz i kiwi z marakuj\u0105 i guaw\u0105.<\/p>\n<h3>Fumot Tornado 15000 zaci\u0105gni\u0119\u0107 Najwa\u017cniejsze cechy<\/h3>\n<p>Fumot Tornado 15000 jest znany ze swojej imponuj\u0105cej pojemno\u015bci wynosz\u0105cej 15 000 zaci\u0105gni\u0119\u0107 i doskona\u0142ej wydajno\u015bci. Ten wielokrotnego \u0142adowania, wst\u0119pnie nape\u0142niony e-papieros posiada praktyczny wy\u015bwietlacz, kt\u00f3ry pokazuje zar\u00f3wno poziom na\u0142adowania baterii, jak i poziom p\u0142ynu, dzi\u0119ki czemu zawsze wiesz, kiedy nadszed\u0142 czas na \u0142adowanie. Urz\u0105dzenie wykorzystuje zaawansowan\u0105 technologi\u0119, aby zapewni\u0107 wspania\u0142e aromaty i satysfakcjonuj\u0105c\u0105 produkcj\u0119 pary przy ka\u017cdym zaci\u0105gni\u0119ciu.<\/p>\n<p>Korzystanie z Fumot Tornado 15000 jest niezwykle proste dzi\u0119ki konstrukcji aktywowanej przez zaci\u0105gni\u0119cie si\u0119. Nie ma skomplikowanych ustawie\u0144 ani przycisk\u00f3w \u2013 wystarczy zaci\u0105gn\u0105\u0107 si\u0119 i cieszy\u0107 si\u0119. To proste podej\u015bcie sprawia, \u017ce urz\u0105dzenie jest idealne zar\u00f3wno dla nowych u\u017cytkownik\u00f3w, jak i do\u015bwiadczonych, kt\u00f3rzy chc\u0105 cieszy\u0107 si\u0119 bezproblemowym vapingiem.<\/p>\n<p>Urz\u0105dzenie jest zasilane wydajn\u0105 bateri\u0105 wielokrotnego \u0142adowania o pojemno\u015bci 850 mAh, kt\u00f3r\u0105 mo\u017cna \u0142atwo na\u0142adowa\u0107 za pomoc\u0105 kabla USB typu C. Gdy bateria si\u0119 wyczerpie, wystarczy pod\u0142\u0105czy\u0107 j\u0105 do \u0142adowarki, aby kontynuowa\u0107 sesje wapowania. Po\u0142\u0105czenie akumulatora wielokrotnego \u0142adowania i pojemno\u015bci 15 000 zaci\u0105gni\u0119\u0107 oznacza, \u017ce mo\u017cna wapowa\u0107 przez d\u0142u\u017cszy czas bez przerwy.<\/p>\n<p>Kompaktowa i por\u0119czna konstrukcja sprawia, \u017ce Fumot Tornado 15000 mo\u017cna \u0142atwo przenosi\u0107. Niezale\u017cnie od tego, czy jeste\u015b w pracy, z przyjaci\u00f3\u0142mi, czy w podr\u00f3\u017cy \u2013 mo\u017cesz schowa\u0107 to urz\u0105dzenie do torby i wygodnie korzysta\u0107 z niego przez ca\u0142y dzie\u0144.<\/p>\n<h3>Dane techniczne<\/h3>\n<ul>\n<li><strong>Poci\u0105gi:<\/strong> 15 000 poci\u0105g\u00f3w<\/li>\n<li><strong>Pojemno\u015b\u0107 cieczy:<\/strong> 25 ml kartusz z wype\u0142nieniem<\/li>\n<li><strong>Typ:<\/strong> Jednorazowy e-papieros<\/li>\n<li><strong>Op\u00f3r:<\/strong> 0,9 oma<\/li>\n<li><strong>Akumulator:<\/strong> Wbudowany akumulator 850 mAh<\/li>\n<li><strong>Cewka:<\/strong> Cewka siatkowa<\/li>\n<li><strong>Do\u0142adowanie:<\/strong> Kabel USB typu C<\/li>\n<li><strong>Wy\u015bwietlacz:<\/strong> ekran LCD<\/li>\n<\/ul>\n<h3>Smaki<\/h3>\n<ol>\n<li>Niebieska lemoniada razz<\/li>\n<li>Lody brzoskwiniowe<\/li>\n<li>Kwa\u015bne jab\u0142ko<\/li>\n<li>Lody arbuzowe<\/li>\n<li>Jagoda na lodzie<\/li>\n<li>Jagoda Malina<\/li>\n<li>Ananasowy l\u00f3d<\/li>\n<li>Wi\u015bnia<\/li>\n<li>Truskawkowy l\u00f3d<\/li>\n<li>Vimto<\/li>\n<li>Lody winogronowe<\/li>\n<li>Cola Ice<\/li>\n<li>Truskawka i arbuz<\/li>\n<li>R\u00f3\u017cowa lemoniada<\/li>\n<li>Mieszanka jag\u00f3d<\/li>\n<li>Brzoskwinia Mango<\/li>\n<li>Smoczy owoc<\/li>\n<li>Truskawkowo-winogronowy<\/li>\n<li>Pan Blue<\/li>\n<li>Lush Ice<\/li>\n<li>Lody na patyku<\/li>\n<li>Truskawka Kiwi<\/li>\n<li>Kiwi Marakuja Guawa<\/li>\n<li>Potr\u00f3jna jagoda<\/li>\n<li>Lody bananowe<\/li>\n<li>S\u0142odki cukierki brzoskwiniowo-jagodowe<\/li>\n<li>Jab\u0142ko Brzoskwinia Gruszka<\/li>\n<li>Lemoniada jagodowa<\/li>\n<li>Niebieska wi\u015bnia<\/li>\n<li>Jagodowa guma balonowa<\/li>\n<li>Jagoda Wi\u015bnia \u017burawina<\/li>\n<li>Jagoda i granat<\/li>\n<li>Bluesour Malina<\/li>\n<li>Cherry Cola<\/li>\n<li>\u017belki<\/li>\n<li>Cytryna i limonka<\/li>\n<li>Mango na lodzie<\/li>\n<li>Red Energy Ice<\/li>\n<li>Truskawkowo-bananowy<\/li>\n<li>Truskawkowy Red Bull<\/li>\n<li>Truskawkowa lemoniada arbuzowa<\/li>\n<li>Mro\u017cona herbata cytrynowa<\/li>\n<li>Mro\u017cona herbata brzoskwiniowa<\/li>\n<li>Fizzy Cherry<\/li>\n<li>Skittles<\/li>\n<li>Ch\u0142odna mi\u0119ta<\/li>\n<li>Pina Colada<\/li>\n<li>Huckleberry<\/li>\n<li>Lody jagodowo-brzoskwiniowe<\/li>\n<li>Winogrono Cytryna<\/li>\n<li>Fanta<\/li>\n<li>\u015awie\u017cy mi\u0119towy mojito<\/li>\n<li>Aloes cytrynowy z jagodami<\/li>\n<li>Zielone jab\u0142ko, cytrusy, mentol<\/li>\n<li>Zielony winogrono melon<\/li>\n<li>Kaktus Kiwi<\/li>\n<li>Cola Lemon<\/li>\n<li>L\u00f3d Cactus<\/li>\n<li>Niebieski \u017celki Razz Gummy Bear<\/li>\n<\/ol>\n<h3>Cz\u0119sto zadawane pytania (FAQ)<\/h3>\n<p><strong>P: Jak u\u017cywa\u0107 Fumot 15000?<\/strong><\/p>\n<p>O: Po otrzymaniu opakowania Fumot znajdziesz urz\u0105dzenie TORNADO 15000 w zapiecz\u0119towanej plastikowej torebce z \u0142atwym do otwarcia zamkni\u0119ciem. Po prostu wyjmij vape pen Fumot 15000 z opakowania i we\u017a pierwszy \u0142yk \u2013 nie ma \u017cadnych przycisk\u00f3w ani system\u00f3w menu, co u\u0142atwia konfiguracj\u0119.<\/p>\n<p><strong>P: Jaki jest najmocniejszy e-papieros?<\/strong><\/p>\n<p>O: Si\u0142a uczucia zaci\u0105gni\u0119cia si\u0119 e-papierosem mo\u017ce si\u0119 r\u00f3\u017cni\u0107 w zale\u017cno\u015bci od takich czynnik\u00f3w, jak st\u0119\u017cenie nikotyny, konstrukcja cewki i przep\u0142yw powietrza. Niekt\u00f3re e-papierosy s\u0105 zaprojektowane tak, aby zapewni\u0107 silniejsze uczucie zaci\u0105gni\u0119cia si\u0119 ni\u017c inne. Dlatego zaleca si\u0119 sprawdzenie specyfikacji produktu lub opinii u\u017cytkownik\u00f3w, aby uzyska\u0107 konkretne zalecenia.<\/p>\n<p><strong>P: Czy wst\u0119pnie nape\u0142nione e-papierosy naprawd\u0119 wystarczaj\u0105 na 15 000 zaci\u0105gni\u0119\u0107?<\/strong><\/p>\n<p>O: E-papierosy z fabrycznie nape\u0142nionymi wk\u0142adami maj\u0105 zazwyczaj okre\u015blon\u0105 liczb\u0119 zaci\u0105gni\u0119\u0107, ale to, czy faktycznie osi\u0105gn\u0105 t\u0119 liczb\u0119, mo\u017ce si\u0119 r\u00f3\u017cni\u0107 w zale\u017cno\u015bci od indywidualnych nawyk\u00f3w u\u017cytkownika, czasu trwania inhalacji i innych czynnik\u00f3w. Chocia\u017c niekt\u00f3re e-papierosy reklamowane s\u0105 jako maj\u0105ce oko\u0142o 15 000 zaci\u0105gni\u0119\u0107, rzeczywiste zu\u017cycie mo\u017ce si\u0119 r\u00f3\u017cni\u0107.<\/p>\n<h3>Odkryj inne e-papierosy klasy premium w ApexVape<\/h3>\n<p>Fumot Tornado 15000 to tylko jeden z wielu wysokiej jako\u015bci produkt\u00f3w w naszym asortymencie. W <strong><a href=\"https:\/\/apexvape.de\/pl\/\">Apex Vape<\/a><\/strong> znajdziesz szeroki wyb\u00f3r najwy\u017cszej jako\u015bci e-papieros\u00f3w i akcesori\u00f3w do wapowania, kt\u00f3re zaspokoj\u0105 wszystkie potrzeby. Je\u015bli interesuj\u0105 Ci\u0119 inne innowacyjne produkty Fumot, odwied\u017a nasz\u0105 stron\u0119 internetow\u0105. <strong><a href=\"https:\/\/apexvape.de\/pl\/product-category\/fumot-vape\/\">Kategoria FUMOT VAPE<\/a><\/strong>, gdzie mo\u017cna zapozna\u0107 si\u0119 z pe\u0142n\u0105 ofert\u0105 produkt\u00f3w tej popularnej marki. Skorzystaj z naszych konkurencyjnych cen hurtowych, szybkiej wysy\u0142ki i doskona\u0142ej obs\u0142ugi klienta. Zam\u00f3w ju\u017c dzi\u015b i przekonaj si\u0119 o jako\u015bci, kt\u00f3ra wyr\u00f3\u017cnia Apex Vape.<\/p>","protected":false},"excerpt":{"rendered":"<p>Fumot Tornado 15000 zapewnia do 15 000 zaci\u0105gni\u0119\u0107 dzi\u0119ki zbiornikowi na e-liquid o pojemno\u015bci 25 ml. Wyposa\u017cony w wy\u015bwietlacz LCD do kontroli poziomu na\u0142adowania baterii i poziomu p\u0142ynu, akumulator 850 mAh oraz z\u0142\u0105cze \u0142adowania typu C. Cewka siatkowa 0,9 \u03a9 gwarantuje intensywny smak. Aktywowany zaci\u0105gni\u0119ciem, kompaktowy i dost\u0119pny w wielu wersjach. Idealny do podr\u00f3\u017cy.<\/p>","protected":false},"featured_media":1976,"comment_status":"open","ping_status":"closed","template":"","meta":[],"product_brand":[],"product_cat":[74],"product_tag":[],"class_list":{"0":"post-1975","1":"product","2":"type-product","3":"status-publish","4":"has-post-thumbnail","6":"product_cat-fumot-vape","8":"first","9":"instock","10":"shipping-taxable","11":"purchasable","12":"product-type-variable"},"_links":{"self":[{"href":"https:\/\/apexvape.de\/pl\/wp-json\/wp\/v2\/product\/1975","targetHints":{"allow":["GET"]}}],"collection":[{"href":"https:\/\/apexvape.de\/pl\/wp-json\/wp\/v2\/product"}],"about":[{"href":"https:\/\/apexvape.de\/pl\/wp-json\/wp\/v2\/types\/product"}],"replies":[{"embeddable":true,"href":"https:\/\/apexvape.de\/pl\/wp-json\/wp\/v2\/comments?post=1975"}],"version-history":[{"count":0,"href":"https:\/\/apexvape.de\/pl\/wp-json\/wp\/v2\/product\/1975\/revisions"}],"wp:featuredmedia":[{"embeddable":true,"href":"https:\/\/apexvape.de\/pl\/wp-json\/wp\/v2\/media\/1976"}],"wp:attachment":[{"href":"https:\/\/apexvape.de\/pl\/wp-json\/wp\/v2\/media?parent=1975"}],"wp:term":[{"taxonomy":"product_brand","embeddable":true,"href":"https:\/\/apexvape.de\/pl\/wp-json\/wp\/v2\/product_brand?post=1975"},{"taxonomy":"product_cat","embeddable":true,"href":"https:\/\/apexvape.de\/pl\/wp-json\/wp\/v2\/product_cat?post=1975"},{"taxonomy":"product_tag","embeddable":true,"href":"https:\/\/apexvape.de\/pl\/wp-json\/wp\/v2\/product_tag?post=1975"}],"curies":[{"name":"wp","href":"https:\/\/api.w.org\/{rel}","templated":true}]}}