{"id":1752,"date":"2025-11-22T13:57:43","date_gmt":"2025-11-22T12:57:43","guid":{"rendered":"https:\/\/apexvape.de\/?post_type=product&#038;p=1752"},"modified":"2025-11-22T14:02:19","modified_gmt":"2025-11-22T13:02:19","slug":"fumot-digital-box-12000","status":"publish","type":"product","link":"https:\/\/apexvape.de\/pl\/product\/fumot-digital-box-12000\/","title":{"rendered":"Fumot Digital Box 12000 zaci\u0105gni\u0119\u0107 Jednorazowy vape"},"content":{"rendered":"<h2>Fumot Digital Box 12000 zaci\u0105gni\u0119\u0107 | 20 ml e-liquidu, bateria 550 mAh, wy\u015bwietlacz LCD, jednorazowy vape<\/h2>\n<p>Fumot Digital Box 12000 to wysokiej jako\u015bci jednorazowy e-papieros, kt\u00f3ry zapewnia imponuj\u0105ce 12 000 zaci\u0105gni\u0119\u0107 z 20 ml zbiornika. Posiada wy\u015bwietlacz LED pokazuj\u0105cy poziom na\u0142adowania baterii i poziom e-liquidu, akumulator 550-850 mAh z funkcj\u0105 szybkiego \u0142adowania typu C (30-45 minut) oraz cewk\u0119 siatkow\u0105 0,8 \u03a9 zapewniaj\u0105c\u0105 intensywny smak. Dost\u0119pny w wersjach 0-5% nikotyny i ponad 15 smakach, oferuje przep\u0142yw powietrza MTL, obwody bezpiecze\u0144stwa i trwa\u0142\u0105 aluminiow\u0105 obudow\u0119 o wadze zaledwie 67 g. Wska\u017aniki kolorystyczne i zintegrowane funkcje ochronne zapewniaj\u0105 niezawodne i komfortowe vapowanie przez ca\u0142y dzie\u0144.<\/p>\n<h3>Fumot Digital Box 12000 zaci\u0105gni\u0119\u0107 \u2013 cechy szczeg\u00f3lne:<\/h3>\n<p>Fumot Digital Box 12000 przekonuje wyj\u0105tkow\u0105 pojemno\u015bci\u0105 e-liquidu wynosz\u0105c\u0105 20 mililitr\u00f3w, kt\u00f3ra umo\u017cliwia d\u0142ugie sesje wapowania bez konieczno\u015bci ci\u0105g\u0142ego uzupe\u0142niania. Ta du\u017ca pojemno\u015b\u0107 w po\u0142\u0105czeniu z imponuj\u0105c\u0105 liczb\u0105 12 000 zaci\u0105gni\u0119\u0107 na urz\u0105dzenie zapewnia d\u0142ugotrwa\u0142e doznania zwi\u0105zane z wapowaniem, kt\u00f3re zadowol\u0105 zar\u00f3wno okazjonalnych u\u017cytkownik\u00f3w, jak i zapalonych wapowaczy.<\/p>\n<p>Jedn\u0105 z najbardziej innowacyjnych funkcji jest zintegrowany wy\u015bwietlacz stanu baterii i e-liquidu, kt\u00f3ry zapewnia sta\u0142y dost\u0119p do informacji i kontrol\u0119 nad procesem wapowania. Ten podw\u00f3jny system monitorowania pozwala \u015bledzi\u0107 w czasie rzeczywistym zar\u00f3wno poziom na\u0142adowania baterii, jak i pozosta\u0142\u0105 ilo\u015b\u0107 e-liquidu, dzi\u0119ki czemu nigdy nie spotka Ci\u0119 \u017cadna niespodzianka podczas sesji.<\/p>\n<p>Urz\u0105dzenie jest zasilane wbudowanym akumulatorem o pojemno\u015bci 550 mAh, kt\u00f3ry zapewnia niezawodne i sta\u0142e \u017ar\u00f3d\u0142o energii podczas ca\u0142ej podr\u00f3\u017cy. Chocia\u017c Fumot Digital Box 12000 charakteryzuje si\u0119 ju\u017c imponuj\u0105c\u0105 trwa\u0142o\u015bci\u0105, akumulator mo\u017cna w razie potrzeby ponownie na\u0142adowa\u0107, co jeszcze bardziej wyd\u0142u\u017ca \u017cywotno\u015b\u0107 urz\u0105dzenia.<\/p>\n<p>Ta funkcja \u0142adowania nie tylko pozwala cieszy\u0107 si\u0119 e-papierosem przez d\u0142u\u017cszy czas, ale tak\u017ce stanowi bardziej ekologiczny wyb\u00f3r, umo\u017cliwiaj\u0105c ponowne u\u017cycie urz\u0105dzenia i zmniejszenie ilo\u015bci odpad\u00f3w. Po\u0142\u0105czenie du\u017cej pojemno\u015bci, wyd\u0142u\u017conej liczby zaci\u0105gni\u0119\u0107 i mo\u017cliwo\u015bci ponownego \u0142adowania sprawia, \u017ce Fumot Digital Box 12000 jest praktyczn\u0105 i ekologiczn\u0105 opcj\u0105 dla u\u017cytkownik\u00f3w e-papieros\u00f3w, kt\u00f3rzy poszukuj\u0105 d\u0142ugotrwa\u0142ej wydajno\u015bci.<\/p>\n<h3>Dane techniczne:<\/h3>\n<ul>\n<li><strong>S\u00f3l nikotynowa:<\/strong> 0% \/ 2% \/ 3% \/ 5%<\/li>\n<li><strong>E-liquid:<\/strong> 20 ml<\/li>\n<li><strong>Poci\u0105gi:<\/strong> do 12 000<\/li>\n<li><strong>Wy\u015bwietlacz:<\/strong> Wska\u017anik na\u0142adowania akumulatora i poziomu e-liquidu<\/li>\n<li><strong>Akumulator:<\/strong> Akumulator, 550 mAh<\/li>\n<li><strong>Smaki:<\/strong> 53 warianty<\/li>\n<li><strong>Opakowanie:<\/strong> 10 sztuk w opakowaniu ekspozycyjnym<\/li>\n<\/ul>\n<h3>Lista smak\u00f3w:<\/h3>\n<ol>\n<li>Ch\u0142odna mi\u0119ta<\/li>\n<li>Lody arbuzowe<\/li>\n<li>Lody winogronowe<\/li>\n<li>Jagoda Malina<\/li>\n<li>Truskawka i arbuz<\/li>\n<li>Truskawkowo-bananowy<\/li>\n<li>Lush Ice<\/li>\n<li>Wi\u015bnia<\/li>\n<li>Truskawkowy l\u00f3d<\/li>\n<li>Lody na patyku<\/li>\n<li>R\u00f3\u017cowa lemoniada<\/li>\n<li>Mango na lodzie<\/li>\n<li>Mieszanka jag\u00f3d<\/li>\n<li>P\u0105czek truskawkowy<\/li>\n<li>Truskawkowo-winogronowy<\/li>\n<li>Cherry Cola<\/li>\n<li>Dr Blue<\/li>\n<li>Jagoda na lodzie<\/li>\n<li>Kiwi Marakuja Guawa<\/li>\n<li>Truskawka Kiwi<\/li>\n<li>Brzoskwinia Mango<\/li>\n<li>Lody brzoskwiniowe<\/li>\n<li>Czerwone jab\u0142ko z lodem<\/li>\n<li>Jagodowa guma balonowa<\/li>\n<li>Lemoniada jagodowa<\/li>\n<li>Niebieska lemoniada razz<\/li>\n<li>Bluesour Malina<\/li>\n<li>Truskawkowy Red Bull<\/li>\n<li>Apple Berry Blast<\/li>\n<li>Arbuzowa guma balonowa<\/li>\n<li>Malina i arbuz<\/li>\n<li>Czarny l\u00f3d<\/li>\n<li>Jagoda Wi\u015bnia \u017burawina<\/li>\n<li>Strawberry Pomp (granat)<\/li>\n<li>Vimto<\/li>\n<li>Wi\u015bnia jagodowa<\/li>\n<li>Cytryna i limonka<\/li>\n<li>Bingo Crush<\/li>\n<li>Jagoda i kiwi<\/li>\n<li>Lody bananowe<\/li>\n<li>Lody z owoc\u00f3w smoka<\/li>\n<li>Owocowa mieszanka<\/li>\n<li>Winogrono mi\u0119towe<\/li>\n<li>Mi\u0142o\u015b\u0107 66<\/li>\n<li>Ananasowy l\u00f3d<\/li>\n<li>Red Energy Ice<\/li>\n<li>Dwa jab\u0142ka<\/li>\n<li>Cola Ice<\/li>\n<li>Mro\u017cona herbata cytrynowa<\/li>\n<li>Mro\u017cona herbata brzoskwiniowa<\/li>\n<li>Niebieski \u017celki Razz Gummy Bear<\/li>\n<\/ol>\n<h3>Cz\u0119sto zadawane pytania:<\/h3>\n<p><strong>F1: Ile ruch\u00f3w oferuje Fumot Digital Box 12K?<\/strong> Oferuje do 12 000 ruch\u00f3w na urz\u0105dzenie.<\/p>\n<p><strong>Pytanie 2: Co wyr\u00f3\u017cnia wersj\u0119 Digital Box?<\/strong> Posiada cyfrowy wy\u015bwietlacz, kt\u00f3ry pokazuje zar\u00f3wno poziom na\u0142adowania baterii, jak i poziom e-liquidu.<\/p>\n<p><strong>Pytanie 3: Czy urz\u0105dzenie jest \u0142adowalne?<\/strong> Tak, posiada akumulator wielokrotnego \u0142adowania i funkcj\u0119 \u0142adowania typu C.<\/p>\n<h3>Wi\u0119cej informacji i produkt\u00f3w<\/h3>\n<p>Odkryj pe\u0142n\u0105 ofert\u0119 wysokiej jako\u015bci e-papieros\u00f3w i produkt\u00f3w do wapowania na naszej stronie internetowej. <strong><a href=\"https:\/\/apexvape.de\/pl\/\">Strona g\u0142\u00f3wna<\/a><\/strong>. Fumot Digital Box 12000 jest cz\u0119\u015bci\u0105 naszej bogatej oferty <strong>FUMOT VAPE<\/strong> Kolekcja, w kt\u00f3rej znajdziesz inne innowacyjne urz\u0105dzenia parowe i jednorazowe e-papierosy marki Fumot. Odwied\u017a nasz\u0105 stron\u0119 internetow\u0105. <strong><a href=\"https:\/\/apexvape.de\/pl\/product-category\/fumot-vape\/\">Kategoria FUMOT VAPE<\/a><\/strong>, aby por\u00f3wna\u0107 wszystkie dost\u0119pne modele, smaki i poziomy nikotyny i znale\u017a\u0107 produkt idealnie dopasowany do swoich potrzeb.<\/p>","protected":false},"excerpt":{"rendered":"<p class=\"font-claude-response-body whitespace-normal break-words\">Fumot Digital Box 12000 zapewnia do 12 000 zaci\u0105gni\u0119\u0107 przy pojemno\u015bci 20 ml e-liquidu. Wy\u015bwietlacz LCD pokazuje poziom na\u0142adowania baterii i poziom nape\u0142nienia, a akumulator 550 mAh umo\u017cliwia szybkie \u0142adowanie typu C. Cewka siatkowa 0,8 \u03a9 zapewnia intensywny smak w ponad 15 rodzajach. Kompaktowy i niezawodny.<\/p>","protected":false},"featured_media":1753,"comment_status":"open","ping_status":"closed","template":"","meta":[],"product_brand":[],"product_cat":[74],"product_tag":[],"class_list":{"0":"post-1752","1":"product","2":"type-product","3":"status-publish","4":"has-post-thumbnail","6":"product_cat-fumot-vape","8":"first","9":"instock","10":"shipping-taxable","11":"purchasable","12":"product-type-variable"},"_links":{"self":[{"href":"https:\/\/apexvape.de\/pl\/wp-json\/wp\/v2\/product\/1752","targetHints":{"allow":["GET"]}}],"collection":[{"href":"https:\/\/apexvape.de\/pl\/wp-json\/wp\/v2\/product"}],"about":[{"href":"https:\/\/apexvape.de\/pl\/wp-json\/wp\/v2\/types\/product"}],"replies":[{"embeddable":true,"href":"https:\/\/apexvape.de\/pl\/wp-json\/wp\/v2\/comments?post=1752"}],"version-history":[{"count":0,"href":"https:\/\/apexvape.de\/pl\/wp-json\/wp\/v2\/product\/1752\/revisions"}],"wp:featuredmedia":[{"embeddable":true,"href":"https:\/\/apexvape.de\/pl\/wp-json\/wp\/v2\/media\/1753"}],"wp:attachment":[{"href":"https:\/\/apexvape.de\/pl\/wp-json\/wp\/v2\/media?parent=1752"}],"wp:term":[{"taxonomy":"product_brand","embeddable":true,"href":"https:\/\/apexvape.de\/pl\/wp-json\/wp\/v2\/product_brand?post=1752"},{"taxonomy":"product_cat","embeddable":true,"href":"https:\/\/apexvape.de\/pl\/wp-json\/wp\/v2\/product_cat?post=1752"},{"taxonomy":"product_tag","embeddable":true,"href":"https:\/\/apexvape.de\/pl\/wp-json\/wp\/v2\/product_tag?post=1752"}],"curies":[{"name":"wp","href":"https:\/\/api.w.org\/{rel}","templated":true}]}}