{"id":1674,"date":"2025-11-22T03:51:36","date_gmt":"2025-11-22T02:51:36","guid":{"rendered":"https:\/\/apexvape.de\/?post_type=product&#038;p=1674"},"modified":"2025-11-22T03:53:41","modified_gmt":"2025-11-22T02:53:41","slug":"vozol-star-40000","status":"publish","type":"product","link":"https:\/\/apexvape.de\/pl\/product\/vozol-star-40000\/","title":{"rendered":"Vozol Star 40000 zaci\u0105gni\u0119\u0107 Jednorazowy vape"},"content":{"rendered":"<h2>Vozol Star 40000 zaci\u0105gni\u0119\u0107 | E-papieros z podw\u00f3jnym trybem pracy, 40 000 zaci\u0105gni\u0119\u0107 i falistym ekranem<\/h2>\n<p>Vozol Star 40000 to jednorazowy e-papieros z mo\u017cliwo\u015bci\u0105 ponownego \u0142adowania, zapewniaj\u0105cy nieprzerwane wapowanie i doskona\u0142y smak. Zasilany wytrzyma\u0142\u0105 bateri\u0105 1000 mAh z szybkim \u0142adowaniem typu C, urz\u0105dzenie zapewnia do 40 000 zaci\u0105gni\u0119\u0107 w trybie normalnym. Tryb Boost podwaja intensywno\u015b\u0107 dla wszystkich, kt\u00f3rzy chc\u0105 uzyska\u0107 wi\u0119ksz\u0105 wydajno\u015b\u0107 wapowania. Vozol Star 40K ma boczny, zakrzywiony ekran falowy, kt\u00f3ry wy\u015bwietla poziom e-p\u0142ynu i na\u0142adowania baterii, zapewniaj\u0105c praktyczny przegl\u0105d.<\/p>\n<h3>Najwa\u017cniejsze cechy Vozol Star 40000 Puffs<\/h3>\n<p>Jednorazowy e-papieros Vozol Star 40000 Puffs zachwyca wyj\u0105tkow\u0105 pojemno\u015bci\u0105 do 40 000 zaci\u0105gni\u0119\u0107. Urz\u0105dzenie eliminuje konieczno\u015b\u0107 cz\u0119stego dokupowania i zapewnia \u0142agodne, satysfakcjonuj\u0105ce zaci\u0105gni\u0119cia za ka\u017cdym razem. Dzi\u0119ki zaawansowanym funkcjom, takim jak tryby Boost i Norm, regulowany system przep\u0142ywu powietrza i nowoczesny wy\u015bwietlacz, Vozol Star 40000 wyr\u00f3\u017cnia si\u0119 jako pot\u0119\u017cne urz\u0105dzenie w \u015bwiecie jednorazowych vape'\u00f3w.<\/p>\n<p>Wyposa\u017cony w bateri\u0119 o pojemno\u015bci 1000 mAh i funkcj\u0119 szybkiego \u0142adowania USB typu C, minimalizuje przestoje. Pojemno\u015b\u0107 18 ml e-liquidu zapewnia d\u0142ugotrwa\u0142\u0105 przyjemno\u015b\u0107, a technologia mesh coil gwarantuje sta\u0142y smak i zwi\u0119kszon\u0105 wydajno\u015b\u0107 pary. Niezale\u017cnie od tego, czy preferujesz mieszanki owocowe, czy lodowe aromaty \u2013 Vozol Star 40000 zapewnia najwy\u017cszej jako\u015bci doznania dla ka\u017cdego.<\/p>\n<p>Kompaktowa, ergonomiczna konstrukcja sprawia, \u017ce idealnie nadaje si\u0119 do u\u017cytku w domu i w podr\u00f3\u017cy. Je\u015bli szukasz jednorazowego e-papierosa o du\u017cej pojemno\u015bci, VOZOL STAR 40000 zapewni Ci idealn\u0105 r\u00f3wnowag\u0119 mi\u0119dzy smakiem, wydajno\u015bci\u0105 i stylem.<\/p>\n<h3>Dane techniczne<\/h3>\n<ul>\n<li><strong>Liczba ruch\u00f3w:<\/strong> 40 000 (normalnie), 25 000 (wzmocnienie)<\/li>\n<li><strong>Moc nikotyny:<\/strong> 5% (50 mg)<\/li>\n<li><strong>Akumulator:<\/strong> Obs\u0142uga typu C, szybkie \u0142adowanie<\/li>\n<li><strong>Cewka:<\/strong> Podw\u00f3jna cewka siatkowa<\/li>\n<li><strong>Wy\u015bwietlacz:<\/strong> Wska\u017anik LED<\/li>\n<li><strong>Pojemno\u015b\u0107 akumulatora:<\/strong> 1000 mAh (\u0142adowalna)<\/li>\n<\/ul>\n<h3>Smaki<\/h3>\n<ol>\n<li>Niebieski Razz Ice<\/li>\n<li>Lody jagodowe<\/li>\n<li>Jagoda mi\u0119towa<\/li>\n<li>Jagoda i arbuz<\/li>\n<li>Cherimoya Grejpfrut Jagody<\/li>\n<li>Cherry Cola<\/li>\n<li>Ch\u0142odna mi\u0119ta<\/li>\n<li>Lody winogronowe<\/li>\n<li>Lody mango<\/li>\n<li>Mango Brzoskwinia<\/li>\n<li>Guma melonowa<\/li>\n<li>Melon Ice<\/li>\n<li>Lody brzoskwiniowe<\/li>\n<li>Kwa\u015bne jab\u0142ko z lodem<\/li>\n<li>Truskawkowy l\u00f3d<\/li>\n<li>Truskawka Kiwi<\/li>\n<li>Truskawka i arbuz<\/li>\n<li>Melon s\u0142omkowy Brzoskwinia<\/li>\n<li>Tyto\u0144<\/li>\n<li>Vzbull<\/li>\n<li>Arbuzowa guma balonowa<\/li>\n<li>Arbuz Winogrono Boysenberry<\/li>\n<li>Lody arbuzowe<\/li>\n<li>Arbuz z kwa\u015bn\u0105 brzoskwini\u0105<\/li>\n<li>Bia\u0142a brzoskwinia i malina<\/li>\n<\/ol>\n<h3>Cz\u0119sto zadawane pytania (FAQ)<\/h3>\n<p><strong>F1: Ile ruch\u00f3w oferuje VOZOL Star 40000?<\/strong><br \/>\nO: VOZOL Star zapewnia do 40 000 zaci\u0105gni\u0119\u0107.<\/p>\n<p><strong>Pytanie 2: Czy VOZOL Star 40k jest \u0142adowalny?<\/strong><br \/>\nO: Tak! Posiada akumulator wielokrotnego \u0142adowania i funkcj\u0119 szybkiego \u0142adowania typu C, dzi\u0119ki czemu mo\u017cna w pe\u0142ni cieszy\u0107 si\u0119 ka\u017cd\u0105 kropl\u0105 e-liquidu.<\/p>\n<p><strong>Pytanie 3: Jakie jest st\u0119\u017cenie nikotyny w VOZOL Star 40000 Puffs?<\/strong><br \/>\nO: Wi\u0119kszo\u015b\u0107 urz\u0105dze\u0144 VOZOL Star 40000 jest dost\u0119pna z nikotyn\u0105 o mocy 5% (50 mg) i zapewnia \u0142agodne i satysfakcjonuj\u0105ce uczucie w gardle.<\/p>\n<p><strong>F4: Jak d\u0142ugo wystarcza VOZOL Star 40k?<\/strong><br \/>\nO: W zale\u017cno\u015bci od intensywno\u015bci u\u017cytkowania VOZOL Star 40000 Puffs mo\u017ce wystarczy\u0107 na kilka tygodni.<\/p>\n<h3 class=\"font-claude-response-heading text-text-100 mt-1 -mb-0.5\">Zam\u00f3w teraz w Apex Vape<\/h3>\n<p class=\"font-claude-response-body whitespace-normal break-words\">Odkryj Vozol Star 40k i wiele innych e-papieros\u00f3w premium w naszym sklepie internetowym. W <strong><a class=\"underline\" href=\"https:\/\/apexvape.de\/pl\/\">Apex Vape<\/a><\/strong> znajdziesz szeroki wyb\u00f3r wysokiej jako\u015bci produkt\u00f3w do wapowania w uczciwych cenach. Zapraszamy do zapoznania si\u0119 z nasz\u0105 bogat\u0105 ofert\u0105. <strong><a class=\"underline\" href=\"https:\/\/apexvape.de\/pl\/product-category\/vozol-vape\/\">VOZOL VAPE Kategoria<\/a><\/strong> i odkryj najnowsze modele i smaki. Skorzystaj z szybkiej wysy\u0142ki, doskona\u0142ej obs\u0142ugi klienta i autentycznych produkt\u00f3w markowych. Zam\u00f3w teraz Vozol Star 40k i ciesz si\u0119 najwy\u017cszej jako\u015bci par\u0105!<\/p>","protected":false},"excerpt":{"rendered":"<p class=\"font-claude-response-body whitespace-normal break-words\">Vozol Star 40000 oferuje do 40 000 zaci\u0105gni\u0119\u0107 w jednym wielokrotnego \u0142adowania jednorazowym e-papierosie. Wyposa\u017cony jest w akumulator o pojemno\u015bci 1000 mAh, technologi\u0119 podw\u00f3jnej cewki siatkowej oraz falisty ekran do wy\u015bwietlania poziomu e-p\u0142ynu i na\u0142adowania akumulatora. Podw\u00f3jny tryb (normalny\/wzmocniony), pojemno\u015b\u0107 e-p\u0142ynu 18 ml i szybkie \u0142adowanie USB typu C zapewniaj\u0105 maksymaln\u0105 przyjemno\u015b\u0107 z wapowania.<\/p>","protected":false},"featured_media":1675,"comment_status":"open","ping_status":"closed","template":"","meta":[],"product_brand":[],"product_cat":[73],"product_tag":[],"class_list":{"0":"post-1674","1":"product","2":"type-product","3":"status-publish","4":"has-post-thumbnail","6":"product_cat-vozol-vape","8":"first","9":"instock","10":"shipping-taxable","11":"purchasable","12":"product-type-variable"},"_links":{"self":[{"href":"https:\/\/apexvape.de\/pl\/wp-json\/wp\/v2\/product\/1674","targetHints":{"allow":["GET"]}}],"collection":[{"href":"https:\/\/apexvape.de\/pl\/wp-json\/wp\/v2\/product"}],"about":[{"href":"https:\/\/apexvape.de\/pl\/wp-json\/wp\/v2\/types\/product"}],"replies":[{"embeddable":true,"href":"https:\/\/apexvape.de\/pl\/wp-json\/wp\/v2\/comments?post=1674"}],"version-history":[{"count":0,"href":"https:\/\/apexvape.de\/pl\/wp-json\/wp\/v2\/product\/1674\/revisions"}],"wp:featuredmedia":[{"embeddable":true,"href":"https:\/\/apexvape.de\/pl\/wp-json\/wp\/v2\/media\/1675"}],"wp:attachment":[{"href":"https:\/\/apexvape.de\/pl\/wp-json\/wp\/v2\/media?parent=1674"}],"wp:term":[{"taxonomy":"product_brand","embeddable":true,"href":"https:\/\/apexvape.de\/pl\/wp-json\/wp\/v2\/product_brand?post=1674"},{"taxonomy":"product_cat","embeddable":true,"href":"https:\/\/apexvape.de\/pl\/wp-json\/wp\/v2\/product_cat?post=1674"},{"taxonomy":"product_tag","embeddable":true,"href":"https:\/\/apexvape.de\/pl\/wp-json\/wp\/v2\/product_tag?post=1674"}],"curies":[{"name":"wp","href":"https:\/\/api.w.org\/{rel}","templated":true}]}}