{"id":1637,"date":"2025-11-21T16:36:43","date_gmt":"2025-11-21T15:36:43","guid":{"rendered":"https:\/\/apexvape.de\/?post_type=product&#038;p=1637"},"modified":"2025-11-21T16:36:43","modified_gmt":"2025-11-21T15:36:43","slug":"vozol-rave-40000","status":"publish","type":"product","link":"https:\/\/apexvape.de\/pl\/product\/vozol-rave-40000\/","title":{"rendered":"Vozol Rave 40000 Jednorazowy vape"},"content":{"rendered":"<h2>Vozol Rave 40000 zaci\u0105gni\u0119\u0107 | Jednorazowy vape o podw\u00f3jnym trybie pracy w du\u017cym formacie<\/h2>\n<p>Jednorazowy e-papieros Vozol Rave 40000 oferuje imponuj\u0105c\u0105 pojemno\u015b\u0107 do 40 000 zaci\u0105gni\u0119\u0107. Akumulator o pojemno\u015bci 1000 mAh i zbiornik na p\u0142yn o pojemno\u015bci 20 ml gwarantuj\u0105 d\u0142ug\u0105 \u017cywotno\u015b\u0107 i niezawodne dzia\u0142anie. Dzi\u0119ki wy\u015bwietlaczowi 270\u00b0 Beat i zakrzywionemu ekranowi 3D urz\u0105dzenie zapewnia atrakcyjne wizualnie i interaktywne wra\u017cenia. U\u017cytkownicy mog\u0105 wybiera\u0107 mi\u0119dzy dwoma trybami mocy, aby dostosowa\u0107 wra\u017cenia z wapowania do w\u0142asnych preferencji.<\/p>\n<h3>Vozol Rave 40000 zaci\u0105gni\u0119\u0107 \u2013 najwa\u017cniejsze cechy<\/h3>\n<p>Vozol Rave 40000 przekonuje swoj\u0105 niezwyk\u0142\u0105 pojemno\u015bci\u0105: pojemny zbiornik na p\u0142yn o pojemno\u015bci 20 ml i akumulator o pojemno\u015bci 1000 mAh z funkcj\u0105 \u0142adowania USB-C sprawiaj\u0105, \u017ce urz\u0105dzenie to jest prawdziwym pot\u0119\u017cnym narz\u0119dziem. W trybie normalnym zapewnia oko\u0142o 40 000 zaci\u0105gni\u0119\u0107, a w trybie Surge oko\u0142o 25 000 zaci\u0105gni\u0119\u0107 \u2013 dzi\u0119ki temu jest jednym z najtrwalszych jednorazowych vape'\u00f3w na rynku. Dzi\u0119ki zawarto\u015bci nikotyny 5 % (50 mg) zapewnia do\u015bwiadczonym u\u017cytkownikom intensywne uczucie w gardle.<\/p>\n<p>Zaawansowana technologia S.i.L.C wsp\u00f3\u0142pracuje z podw\u00f3jnymi uk\u0142adami MCU i wysokiej jako\u015bci cewkami siatkowymi, aby zapewni\u0107 sta\u0142\u0105, smaczn\u0105 par\u0119 przy ka\u017cdym zaci\u0105gni\u0119ciu. Innowacyjny system podw\u00f3jnego trybu umo\u017cliwia prze\u0142\u0105czanie mi\u0119dzy trybem normalnym, zapewniaj\u0105cym \u0142agodne, zr\u00f3wnowa\u017cone zaci\u0105gni\u0119cia, a trybem Surge, zapewniaj\u0105cym zwi\u0119kszon\u0105 moc i produkcj\u0119 pary \u2013 idealnym rozwi\u0105zaniem dla r\u00f3\u017cnych preferencji i sytuacji.<\/p>\n<p>Vozol Rave posiada innowacyjny wy\u015bwietlacz 270\u00b0 Beat Sensing, kt\u00f3ry podczas u\u017cytkowania zapewnia dynamiczne informacje zwrotne w czasie rzeczywistym, tworz\u0105c interaktywne wra\u017cenia podczas wapowania. Zintegrowany wy\u015bwietlacz cyfrowy wyra\u017anie pokazuje poziom na\u0142adowania baterii i poziom p\u0142ynu, dzi\u0119ki czemu nigdy nie spotka Ci\u0119 \u017cadna niespodzianka. To po\u0142\u0105czenie technologii wizualnej sprawia, \u017ce monitorowanie funkcjonalno\u015bci staje si\u0119 fascynuj\u0105c\u0105 funkcj\u0105.<\/p>\n<p>Indywidualne dostosowanie jest kluczow\u0105 cech\u0105 tego urz\u0105dzenia: regulowany przep\u0142yw powietrza pozwala dok\u0142adnie dostosowa\u0107 op\u00f3r zaci\u0105gni\u0119cia do w\u0142asnych preferencji \u2013 niezale\u017cnie od tego, czy wolisz mocne, restrykcyjne zaci\u0105gni\u0119cia, czy te\u017c lekkie, otwarte. System \u0142adowania USB-C zapewnia szybkie \u0142adowanie w razie potrzeby, a du\u017cy format sprawia, \u017ce jest to idealny wyb\u00f3r dla sprzedawc\u00f3w, kt\u00f3rzy chc\u0105 oferowa\u0107 urz\u0105dzenia o du\u017cej pojemno\u015bci, a tak\u017ce dla intensywnych u\u017cytkownik\u00f3w, kt\u00f3rzy szukaj\u0105 d\u0142ugich sesji wapowania bez konieczno\u015bci ci\u0105g\u0142ej wymiany.<\/p>\n<h3>Dane techniczne<\/h3>\n<ul>\n<li><strong>Moc nikotyny:<\/strong> 5 %<\/li>\n<li><strong>Pojemno\u015b\u0107 cieczy:<\/strong> 20 ml<\/li>\n<li><strong>Styl jazdy:<\/strong> MTL (ustno-p\u0142ucny)<\/li>\n<li><strong>Akumulator:<\/strong> 1000 mAh, akumulator<\/li>\n<li><strong>Tryb:<\/strong> Tryb podw\u00f3jny<\/li>\n<li><strong>Typ cewki:<\/strong> Podw\u00f3jna cewka siatkowa<\/li>\n<li><strong>Cechy szczeg\u00f3lne:<\/strong> Konstrukcja 270\u00b0 Vibrant Glow<\/li>\n<li><strong>Przep\u0142yw powietrza:<\/strong> Regulowany przep\u0142yw powietrza<\/li>\n<li><strong>Wy\u015bwietlacz:<\/strong> Inteligentny wska\u017anik poziomu na\u0142adowania akumulatora i poziomu p\u0142ynu<\/li>\n<\/ul>\n<h3>Smaki<\/h3>\n<ol>\n<li>Niebieski Razz Ice<\/li>\n<li>Lody jagodowe<\/li>\n<li>Jagoda i arbuz<\/li>\n<li>Cherry Cola<\/li>\n<li>Wi\u015bnia Truskawka<\/li>\n<li>Ch\u0142odna mi\u0119ta<\/li>\n<li>Podw\u00f3jne jab\u0142ko<\/li>\n<li>Smoczy owoc i banan<\/li>\n<li>Lody winogronowe<\/li>\n<li>Kiwi i marakuja<\/li>\n<li>Mi\u0142o\u015b\u0107 777<\/li>\n<li>Lody mango<\/li>\n<li>Mango Brzoskwinia<\/li>\n<li>Lody brzoskwiniowe<\/li>\n<li>Lemoniada brzoskwiniowo-malinowa<\/li>\n<li>Truskawkowy l\u00f3d<\/li>\n<li>Truskawka Kiwi<\/li>\n<li>Truskawka Mango<\/li>\n<li>Truskawka i arbuz<\/li>\n<li>Melon s\u0142omkowy Brzoskwinia<\/li>\n<li>Arbuzowa guma balonowa<\/li>\n<li>Lody arbuzowe<\/li>\n<li>Arbuz Razz Rancher<\/li>\n<\/ol>\n<h3>Cz\u0119sto zadawane pytania (FAQ)<\/h3>\n<p><strong>F1: Ile zaci\u0105gni\u0119\u0107 oferuje Vozol Rave 40000?<\/strong><\/p>\n<p>A1: W zale\u017cno\u015bci od trybu pracy mo\u017cliwe jest wykonanie do 40 000 zaci\u0105gni\u0119\u0107 w trybie normalnym lub 25 000 zaci\u0105gni\u0119\u0107 w trybie Surge. Przy 500\u20131000 zaci\u0105gni\u0119ciach dziennie urz\u0105dzenie cz\u0119sto wystarcza na kilka tygodni, zgodnie z opiniami u\u017cytkownik\u00f3w na forach i wynikami test\u00f3w.<\/p>\n<p><strong>Pytanie 2: Czy Vozol Rave 40000 jest \u0142adowalny?<\/strong><\/p>\n<p>A2: Tak, posiada bateri\u0119 o pojemno\u015bci 1000 mAh i obs\u0142uguje praktyczne szybkie \u0142adowanie przez USB-C.<\/p>\n<p><strong>Pytanie 3: Czym Vozol Rave 40000 r\u00f3\u017cni si\u0119 od innych e-papieros\u00f3w?<\/strong><\/p>\n<p>A3: Oferuje tryb podw\u00f3jnego zasilania, inteligentny wy\u015bwietlacz i tryb imprezowy zsynchronizowany z rytmem \u2013 wydajno\u015b\u0107 i rozrywka w jednym urz\u0105dzeniu.<\/p>\n<p><strong>F4: Jakie smaki s\u0105 dost\u0119pne?<\/strong><\/p>\n<p>A4: Do wyboru jest ponad 20 wyj\u0105tkowych smak\u00f3w, w tym Blue Razz Ice, Peach Ice i Watermelon Bubblegum.<\/p>\n<h3>Dowiedz si\u0119 wi\u0119cej na stronie Apex Vape<\/h3>\n<p>Vozol Rave 40000 to tylko jeden z wielu wysokiej jako\u015bci produkt\u00f3w w naszym asortymencie. W <strong><a href=\"https:\/\/apexvape.de\/pl\/\">Apex Vape<\/a><\/strong> znajdziesz szeroki wyb\u00f3r wysokiej jako\u015bci e-papieros\u00f3w i akcesori\u00f3w do wapowania, kt\u00f3re zaspokoj\u0105 ka\u017cdy gust i potrzeby. Je\u015bli jeste\u015b zachwycony Vozol Rave, koniecznie sprawd\u017a nasz\u0105 pe\u0142n\u0105 ofert\u0119 <strong><a href=\"https:\/\/apexvape.de\/pl\/product-category\/vozol-vape\/\">Kolekcja VOZOL VAPE<\/a><\/strong> Sprawd\u017a, gdzie mo\u017cesz znale\u017a\u0107 inne innowacyjne urz\u0105dzenia i ciekawe smaki tej popularnej marki. Skorzystaj z szybkiej wysy\u0142ki, kompetentnego doradztwa i atrakcyjnych ofert \u2013 idealne wra\u017cenia z vapowania czekaj\u0105 na Ciebie!<\/p>","protected":false},"excerpt":{"rendered":"<p class=\"font-claude-response-body whitespace-normal break-words\">Vozol Rave 40000 zapewnia do 40 000 zaci\u0105gni\u0119\u0107 w trybie normalnym. Dzi\u0119ki 20 ml p\u0142ynu, baterii 1000 mAh, podw\u00f3jnej cewce siatkowej, wy\u015bwietlaczowi 270\u00b0 Beat i dw\u00f3m trybom mocy mo\u017cesz cieszy\u0107 si\u0119 d\u0142ugotrwa\u0142\u0105 przyjemno\u015bci\u0105 na najwy\u017cszym poziomie. Regulowany przep\u0142yw powietrza i szybkie \u0142adowanie USB-C zapewniaj\u0105 maksymaln\u0105 elastyczno\u015b\u0107.<\/p>","protected":false},"featured_media":1662,"comment_status":"open","ping_status":"closed","template":"","meta":[],"product_brand":[],"product_cat":[73],"product_tag":[],"class_list":{"0":"post-1637","1":"product","2":"type-product","3":"status-publish","4":"has-post-thumbnail","6":"product_cat-vozol-vape","8":"first","9":"instock","10":"shipping-taxable","11":"purchasable","12":"product-type-variable"},"_links":{"self":[{"href":"https:\/\/apexvape.de\/pl\/wp-json\/wp\/v2\/product\/1637","targetHints":{"allow":["GET"]}}],"collection":[{"href":"https:\/\/apexvape.de\/pl\/wp-json\/wp\/v2\/product"}],"about":[{"href":"https:\/\/apexvape.de\/pl\/wp-json\/wp\/v2\/types\/product"}],"replies":[{"embeddable":true,"href":"https:\/\/apexvape.de\/pl\/wp-json\/wp\/v2\/comments?post=1637"}],"version-history":[{"count":0,"href":"https:\/\/apexvape.de\/pl\/wp-json\/wp\/v2\/product\/1637\/revisions"}],"wp:featuredmedia":[{"embeddable":true,"href":"https:\/\/apexvape.de\/pl\/wp-json\/wp\/v2\/media\/1662"}],"wp:attachment":[{"href":"https:\/\/apexvape.de\/pl\/wp-json\/wp\/v2\/media?parent=1637"}],"wp:term":[{"taxonomy":"product_brand","embeddable":true,"href":"https:\/\/apexvape.de\/pl\/wp-json\/wp\/v2\/product_brand?post=1637"},{"taxonomy":"product_cat","embeddable":true,"href":"https:\/\/apexvape.de\/pl\/wp-json\/wp\/v2\/product_cat?post=1637"},{"taxonomy":"product_tag","embeddable":true,"href":"https:\/\/apexvape.de\/pl\/wp-json\/wp\/v2\/product_tag?post=1637"}],"curies":[{"name":"wp","href":"https:\/\/api.w.org\/{rel}","templated":true}]}}