{"id":1579,"date":"2025-11-19T15:05:39","date_gmt":"2025-11-19T14:05:39","guid":{"rendered":"https:\/\/apexvape.de\/?post_type=product&#038;p=1579"},"modified":"2025-11-21T16:39:58","modified_gmt":"2025-11-21T15:39:58","slug":"vozol-gear-shisha-25000","status":"publish","type":"product","link":"https:\/\/apexvape.de\/pl\/product\/vozol-gear-shisha-25000\/","title":{"rendered":"Vozol Gear Shisha 25000 Jednorazowy vape"},"content":{"rendered":"<h2>Vozol Gear Shisha 25000 | 25k E-papieros z podw\u00f3jnym trybem pracy, 25000 zaci\u0105gni\u0119\u0107, inteligentnym wy\u015bwietlaczem i sprzeda\u017c\u0105 hurtow\u0105<\/h2>\n<p>Die <strong>Vozol Gear Shisha 25000<\/strong> zosta\u0142 opracowany, aby zapewni\u0107 autentyczne wra\u017cenia z palenia sziszy dzi\u0119ki symulowanym efektom bulgotania. Dzi\u0119ki nawet <strong>25 000 poci\u0105g\u00f3w w trybie Eco<\/strong> umo\u017cliwia d\u0142ugotrwa\u0142e sesje wapowania bez przerw. Tryb Power zapewnia natomiast bardziej intensywne doznania dzi\u0119ki podw\u00f3jnym cewkom siatkowym. Konstrukcja Airway oparta na dynamice p\u0142yn\u00f3w spe\u0142nia wymagania wi\u0119kszo\u015bci u\u017cytkownik\u00f3w DTL i zapewnia natychmiastowy i p\u0142ynny zaci\u0105g. Dzi\u0119ki baterii o pojemno\u015bci 1000 mAh, pojemnemu zbiornikowi na p\u0142yn o pojemno\u015bci 24 ml i ogromnemu wy\u015bwietlaczowi o przek\u0105tnej 2,1 cala, Vozol Gear Shisha 25000 zapewnia idealn\u0105 r\u00f3wnowag\u0119 mi\u0119dzy trwa\u0142o\u015bci\u0105, funkcjonalno\u015bci\u0105 i wygod\u0105.<\/p>\n<h3>Vozol Gear Shisha 25000 zaci\u0105gni\u0119\u0107 \u2013 najwa\u017cniejsze cechy:<\/h3>\n<p>Urz\u0105dzenie zapewnia imponuj\u0105ce 25 000 zaci\u0105gni\u0119\u0107, co pozwala na d\u0142ugotrwa\u0142e u\u017cytkowanie bez konieczno\u015bci wielokrotnego uzupe\u0142niania, a zawarto\u015b\u0107 nikotyny na poziomie 5% zapewnia mocny, pe\u0142ny smak przy ka\u017cdym zaci\u0105gni\u0119ciu. Zaprojektowany do wapowania bezpo\u015bredniego do p\u0142uc (DTL), umo\u017cliwia uzyskanie pe\u0142niejszego profilu smakowego i wi\u0119kszych chmur pary, uzupe\u0142nionych ogromnym wyborem doskona\u0142ych smak\u00f3w e-liquidu \u2013 od owocowych i mi\u0119towych po deserowe, kt\u00f3re zaspokoj\u0105 ka\u017cdy gust.<\/p>\n<p>E-papieros przekonuje smuk\u0142\u0105, lekk\u0105 konstrukcj\u0105, kt\u00f3ra idealnie nadaje si\u0119 do u\u017cytku w podr\u00f3\u017cy, a wbudowany akumulator zapewnia d\u0142ugotrwa\u0142\u0105 wydajno\u015b\u0107 przez ca\u0142y okres eksploatacji urz\u0105dzenia. Jako ca\u0142kowicie jednorazowy vape jest fabrycznie nape\u0142niony i gotowy do u\u017cycia, bez uci\u0105\u017cliwego \u0142adowania lub uzupe\u0142niania i bez konieczno\u015bci konserwacji.<\/p>\n<p>Dzi\u0119ki po\u0142\u0105czeniu du\u017cej liczby zaci\u0105gni\u0119\u0107, silnego uwalniania nikotyny i przyjaznych dla u\u017cytkownika funkcji komfortowych, urz\u0105dzenie to zapewnia niezwyk\u0142e doznania podczas wapowania od pierwszego do ostatniego z 25 000 zaci\u0105gni\u0119\u0107.<\/p>\n<h3>Cechy techniczne:<\/h3>\n<ul>\n<li>Pierwszy na \u015bwiecie jednorazowy e-papieros DTL z interaktywnym d\u017awi\u0119kiem i efektem shishy<\/li>\n<li>Inteligentny chip z technologi\u0105 S.i.L.C.<\/li>\n<li>Akumulator 1000 mAh z mo\u017cliwo\u015bci\u0105 ponownego \u0142adowania<\/li>\n<li>System podw\u00f3jnej cewki siatkowej<\/li>\n<li>Dwa tryby: Eco (25 000 zaci\u0105gni\u0119\u0107) \/ Power (18 000 zaci\u0105gni\u0119\u0107)<\/li>\n<li>Pojemno\u015b\u0107 e-liquidu: 24 ml<\/li>\n<li>2,1-calowy kolorowy wy\u015bwietlacz<\/li>\n<li>Regulowany przep\u0142yw powietrza<\/li>\n<li>System przep\u0142ywu powietrza oparty na dynamice p\u0142yn\u00f3w: czas reakcji 0,1 s<\/li>\n<\/ul>\n<h3>Smaki:<\/h3>\n<ol>\n<li>Dwa jab\u0142ka<\/li>\n<li>Lody arbuzowe<\/li>\n<li>Mango Freeze<\/li>\n<li>Lody z czarnej porzeczki<\/li>\n<li>Mango Brzoskwinia<\/li>\n<li>Jagoda mi\u0119towa<\/li>\n<li>Lody jagodowe<\/li>\n<li>Perfumy cytrynowe<\/li>\n<li>Cytryna i mi\u0119ta<\/li>\n<li>Niebieski Razz Ice<\/li>\n<li>Lody winogronowe<\/li>\n<li>Truskawka Kiwi<\/li>\n<li>Jagoda i arbuz<\/li>\n<li>Cherry Cola<\/li>\n<li>Niebieski mojito<\/li>\n<li>Jagoda i mi\u0119ta<\/li>\n<li>Winogrono mi\u0119towe<\/li>\n<li>Mi\u0142o\u015b\u0107 777<\/li>\n<li>Wieczory w Moskwie<\/li>\n<li>Zab\u00f3jca dziewic<\/li>\n<li>Lody wi\u015bniowe<\/li>\n<li>Berry Ice<\/li>\n<li>Lody brzoskwiniowe<\/li>\n<li>Truskawkowa margarita<\/li>\n<li>Arbuzowa mi\u0119ta<\/li>\n<li>Jagoda lodowa<\/li>\n<li>S\u0142odki owoc m\u0119czennicy<\/li>\n<li>Mro\u017cona truskawka z kiwi<\/li>\n<li>Marakuja Liczi Pomara\u0144cza<\/li>\n<li>Smoczy owoc, banan, wi\u015bnia<\/li>\n<\/ol>\n<h3>Cz\u0119sto zadawane pytania (FAQ)<\/h3>\n<p><strong>1. Czym jest Vozol Gear Shisha 25000 zaci\u0105gni\u0119\u0107?<\/strong> Vozol Gear Shisha 25000 to inteligentny, wielokrotnego \u0142adowania jednorazowy e-papieros z podw\u00f3jnymi cewkami siatkowymi, trybem podw\u00f3jnej mocy i du\u017c\u0105 pojemno\u015bci\u0105 24 ml e-p\u0142ynu, zapewniaj\u0105c\u0105 d\u0142ugotrwa\u0142\u0105 wydajno\u015b\u0107.<\/p>\n<p><strong>2. Jak dzia\u0142a tryb Dual Power?<\/strong> Tryb Dual Power umo\u017cliwia prze\u0142\u0105czanie mi\u0119dzy trybem ECO (do 25 000 zaci\u0105gni\u0119\u0107) a trybem Power (do 18 000 zaci\u0105gni\u0119\u0107), co pozwala kontrolowa\u0107 intensywno\u015b\u0107 pary i liczb\u0119 zaci\u0105gni\u0119\u0107.<\/p>\n<p><strong>3. Czy Vozol Gear Shisha 25k jest wielokrotnego \u0142adowania?<\/strong> Tak, posiada bateri\u0119 o pojemno\u015bci 1000 mAh i z\u0142\u0105cze \u0142adowania typu C, kt\u00f3re umo\u017cliwia szybkie i wygodne \u0142adowanie.<\/p>\n<h3 class=\"font-claude-response-heading text-text-100 mt-1 -mb-0.5\">Kup teraz w Apex Vape<\/h3>\n<p class=\"font-claude-response-body whitespace-normal break-words\">Odkryj Vozol Gear Shisha 25000 i do\u015bwiadcz innowacyjno\u015bci i jako\u015bci na najwy\u017cszym poziomie. Przy <strong><a class=\"underline\" href=\"https:\/\/apexvape.de\/pl\/\">Apex Vape<\/a><\/strong> znajdziesz nie tylko to urz\u0105dzenie klasy premium, ale tak\u017ce szeroki wyb\u00f3r wysokiej jako\u015bci e-papieros\u00f3w i produkt\u00f3w do wapowania na ka\u017cd\u0105 potrzeb\u0119. Odwied\u017a nasz\u0105 stron\u0119 <strong><a class=\"underline\" href=\"https:\/\/apexvape.de\/pl\/product-category\/vozol-vape\/\">VOZOL VAPE Kategoria<\/a><\/strong>, aby odkry\u0107 pe\u0142n\u0105 gam\u0119 produkt\u00f3w i znale\u017a\u0107 idealny produkt do wapowania dla siebie. Skorzystaj z szybkiej wysy\u0142ki, atrakcyjnych cen hurtowych i doskona\u0142ej obs\u0142ugi klienta.<\/p>","protected":false},"excerpt":{"rendered":"<p>Vozol Gear Shisha 25000 rewolucjonizuje wapowanie, zapewniaj\u0105c autentyczne wra\u017cenia z palenia sziszy i efekt bulgotania. Do 25 000 zaci\u0105gni\u0119\u0107 w trybie Eco, podw\u00f3jny system cewek siatkowych i wy\u015bwietlacz 2,1\u2033 zapewniaj\u0105 najwy\u017cszy komfort. Zbiornik o pojemno\u015bci 24 ml i akumulator 1000 mAh gwarantuj\u0105 d\u0142ugotrwa\u0142\u0105 przyjemno\u015b\u0107 dla u\u017cytkownik\u00f3w DTL. R\u00e9essayer<\/p>","protected":false},"featured_media":1580,"comment_status":"open","ping_status":"closed","template":"","meta":[],"product_brand":[],"product_cat":[73],"product_tag":[],"class_list":{"0":"post-1579","1":"product","2":"type-product","3":"status-publish","4":"has-post-thumbnail","6":"product_cat-vozol-vape","8":"first","9":"instock","10":"shipping-taxable","11":"purchasable","12":"product-type-variable"},"_links":{"self":[{"href":"https:\/\/apexvape.de\/pl\/wp-json\/wp\/v2\/product\/1579","targetHints":{"allow":["GET"]}}],"collection":[{"href":"https:\/\/apexvape.de\/pl\/wp-json\/wp\/v2\/product"}],"about":[{"href":"https:\/\/apexvape.de\/pl\/wp-json\/wp\/v2\/types\/product"}],"replies":[{"embeddable":true,"href":"https:\/\/apexvape.de\/pl\/wp-json\/wp\/v2\/comments?post=1579"}],"version-history":[{"count":0,"href":"https:\/\/apexvape.de\/pl\/wp-json\/wp\/v2\/product\/1579\/revisions"}],"wp:featuredmedia":[{"embeddable":true,"href":"https:\/\/apexvape.de\/pl\/wp-json\/wp\/v2\/media\/1580"}],"wp:attachment":[{"href":"https:\/\/apexvape.de\/pl\/wp-json\/wp\/v2\/media?parent=1579"}],"wp:term":[{"taxonomy":"product_brand","embeddable":true,"href":"https:\/\/apexvape.de\/pl\/wp-json\/wp\/v2\/product_brand?post=1579"},{"taxonomy":"product_cat","embeddable":true,"href":"https:\/\/apexvape.de\/pl\/wp-json\/wp\/v2\/product_cat?post=1579"},{"taxonomy":"product_tag","embeddable":true,"href":"https:\/\/apexvape.de\/pl\/wp-json\/wp\/v2\/product_tag?post=1579"}],"curies":[{"name":"wp","href":"https:\/\/api.w.org\/{rel}","templated":true}]}}