{"id":1570,"date":"2025-11-18T08:19:45","date_gmt":"2025-11-18T07:19:45","guid":{"rendered":"https:\/\/apexvape.de\/?page_id=1570"},"modified":"2025-11-18T08:19:48","modified_gmt":"2025-11-18T07:19:48","slug":"ueber-uns","status":"publish","type":"page","link":"https:\/\/apexvape.de\/pl\/ueber-uns\/","title":{"rendered":"o nas"},"content":{"rendered":"<h1 class=\"wp-block-heading\">Informacje o apexvape<\/h1>\n\n\n\n<h2 class=\"wp-block-heading\">Tw\u00f3j niezawodny partner w zakresie jednorazowych e-papieros\u00f3w w sprzeda\u017cy hurtowej online<\/h2>\n\n\n\n<p>Witamy w apexvape - pierwszorz\u0119dnym sklepie internetowym z wysokiej jako\u015bci jednorazowymi e-papierosami. Dzi\u0119ki ponad pi\u0119cioletniemu do\u015bwiadczeniu w bran\u017cy, stali\u015bmy si\u0119 godnym zaufania dostawc\u0105 i oferujemy szerok\u0105 gam\u0119 renomowanych marek. Nasze portfolio produkt\u00f3w obejmuje Bang King, Al Fakher Vape, Vapeme, Waspe, RandM Tornado, Bang Box i wiele innych marek premium.<\/p>\n\n\n\n<h2 class=\"wp-block-heading\">Nasza misja i zasi\u0119g<\/h2>\n\n\n\n<p>Firma apexvape sta\u0142a si\u0119 wiod\u0105c\u0105 si\u0142\u0105 w dziedzinie waporyzacji elektronicznej. Nasze produkty trafi\u0142y do wielu kraj\u00f3w na ca\u0142ym \u015bwiecie - jest to wyra\u017ane \u015bwiadectwo naszego bezkompromisowego d\u0105\u017cenia do jako\u015bci i skupienia si\u0119 na zadowoleniu klient\u00f3w. Jako do\u015bwiadczeni specjali\u015bci w dystrybucji e-papieros\u00f3w, zaspokajamy zar\u00f3wno potrzeby detaliczne, jak i hurtowe i zawsze gwarantujemy naszym klientom dost\u0119p do najlepszych produkt\u00f3w i us\u0142ug dost\u0119pnych na rynku.<\/p>\n\n\n\n<h2 class=\"wp-block-heading\">Nasza oferta online<\/h2>\n\n\n\n<p>Nasza platforma apexvape.de dzia\u0142a jako centralny punkt kontaktowy zar\u00f3wno dla entuzjast\u00f3w waporyzacji, jak i pocz\u0105tkuj\u0105cych. Oferujemy nieskomplikowane zakupy z szerokim wyborem jednorazowych e-papieros\u00f3w. Niezale\u017cnie od tego, czy szukasz najnowszych innowacji produktowych, czy wypr\u00f3bowanych i przetestowanych klasyk\u00f3w, w apexvape znajdziesz to, czego szukasz. Postrzegamy siebie jako niezawodnego towarzysza w \u015bwiecie wapowania.<\/p>\n\n\n\n<h2 class=\"wp-block-heading\">Nasza wizja przysz\u0142o\u015bci<\/h2>\n\n\n\n<p>Sta\u0144 si\u0119 cz\u0119\u015bci\u0105 naszej historii sukcesu, poniewa\u017c nadal wyznaczamy nowe standardy doskona\u0142o\u015bci w bran\u017cy jednorazowych e-papieros\u00f3w. W apexvape do\u015bwiadczysz r\u00f3\u017cnicy - gdzie najwy\u017csza jako\u015b\u0107, szeroka gama produkt\u00f3w i doskona\u0142a obs\u0142uga klienta \u0142\u0105cz\u0105 si\u0119 w harmonijny pakiet.<\/p>\n\n\n\n<h2 class=\"wp-block-heading\">Skontaktuj si\u0119 z nami<\/h2>\n\n\n\n<p><strong>E-mail:<\/strong> canliumit3535@gmail.com<\/p>\n\n\n\n<p>Odwied\u017a nasz sklep internetowy i odkryj pe\u0142n\u0105 gam\u0119 najwy\u017cszej jako\u015bci jednorazowych e-papieros\u00f3w!<\/p>","protected":false},"excerpt":{"rendered":"<p>O apexvape Tw\u00f3j niezawodny partner w zakresie jednorazowych e-papieros\u00f3w w sprzeda\u017cy hurtowej online Witamy w apexvape - pierwszorz\u0119dnym punkcie kontaktowym w Internecie w zakresie wysokiej jako\u015bci e-papieros\u00f3w.<\/p>","protected":false},"author":1,"featured_media":0,"parent":0,"menu_order":0,"comment_status":"closed","ping_status":"closed","template":"","meta":{"footnotes":""},"class_list":["post-1570","page","type-page","status-publish","hentry"],"_links":{"self":[{"href":"https:\/\/apexvape.de\/pl\/wp-json\/wp\/v2\/pages\/1570","targetHints":{"allow":["GET"]}}],"collection":[{"href":"https:\/\/apexvape.de\/pl\/wp-json\/wp\/v2\/pages"}],"about":[{"href":"https:\/\/apexvape.de\/pl\/wp-json\/wp\/v2\/types\/page"}],"author":[{"embeddable":true,"href":"https:\/\/apexvape.de\/pl\/wp-json\/wp\/v2\/users\/1"}],"replies":[{"embeddable":true,"href":"https:\/\/apexvape.de\/pl\/wp-json\/wp\/v2\/comments?post=1570"}],"version-history":[{"count":0,"href":"https:\/\/apexvape.de\/pl\/wp-json\/wp\/v2\/pages\/1570\/revisions"}],"wp:attachment":[{"href":"https:\/\/apexvape.de\/pl\/wp-json\/wp\/v2\/media?parent=1570"}],"curies":[{"name":"wp","href":"https:\/\/api.w.org\/{rel}","templated":true}]}}