{"id":1567,"date":"2025-11-18T08:15:29","date_gmt":"2025-11-18T07:15:29","guid":{"rendered":"https:\/\/apexvape.de\/?page_id=1567"},"modified":"2025-11-18T08:15:32","modified_gmt":"2025-11-18T07:15:32","slug":"faqs","status":"publish","type":"page","link":"https:\/\/apexvape.de\/pl\/faqs\/","title":{"rendered":"FAQ"},"content":{"rendered":"<h1 class=\"wp-block-heading\">Cz\u0119sto zadawane pytania - apexvape<\/h1>\n\n\n\n<h2 class=\"wp-block-heading\">Opcje p\u0142atno\u015bci<\/h2>\n\n\n\n<h3 class=\"wp-block-heading\">Jakie opcje p\u0142atno\u015bci oferuje apexvape?<\/h3>\n\n\n\n<p>Akceptujemy r\u00f3\u017cne metody p\u0142atno\u015bci, aby zapewni\u0107 maksymaln\u0105 elastyczno\u015b\u0107. Obejmuj\u0105 one p\u0142atno\u015bci kart\u0105 kredytow\u0105, PayPal, polecenie zap\u0142aty SEPA i inne opcje p\u0142atno\u015bci. Wszystkie dost\u0119pne opcje p\u0142atno\u015bci s\u0105 wy\u015bwietlane w obszarze kasy podczas procesu sk\u0142adania zam\u00f3wienia.<\/p>\n\n\n\n<h2 class=\"wp-block-heading\">Wysy\u0142ka i dostawa<\/h2>\n\n\n\n<h3 class=\"wp-block-heading\">Co oznacza wysy\u0142ka DDP?<\/h3>\n\n\n\n<p>apexvape oferuje us\u0142ug\u0119 DDP (Delivered Duty Paid) dla wybranych kraj\u00f3w. Dzi\u0119ki tej metodzie wysy\u0142ki zajmujemy si\u0119 wszystkimi formalno\u015bciami celnymi, dzi\u0119ki czemu nie musisz martwi\u0107 si\u0119 o odpraw\u0119 celn\u0105 i nie ponosisz \u017cadnych dodatkowych op\u0142at celnych.<\/p>\n\n\n\n<h3 class=\"wp-block-heading\">Dla kt\u00f3rych kraj\u00f3w dost\u0119pna jest wysy\u0142ka DDP?<\/h3>\n\n\n\n<p>Nasza us\u0142uga wysy\u0142ki DDP jest dost\u0119pna dla nast\u0119puj\u0105cych region\u00f3w:<\/p>\n\n\n\n<p><strong>Wielka Brytania<\/strong><\/p>\n\n\n\n<ul class=\"wp-block-list\">\n<li>Wysy\u0142ka za po\u015brednictwem lokalnej us\u0142ugi DPD Express<\/li>\n<\/ul>\n\n\n\n<p><strong>Unia Europejska<\/strong><\/p>\n\n\n\n<ul class=\"wp-block-list\">\n<li>Wysy\u0142ka za po\u015brednictwem UPS\/DPD\/DHL Express<\/li>\n\n\n\n<li>Dost\u0119pne kraje: Niemcy, Belgia, Luksemburg, Holandia, Czechy, Polska, Chorwacja, S\u0142owacja, S\u0142owenia, Finlandia, Szwecja, Austria, Francja, W\u0142ochy, W\u0119gry, Bu\u0142garia, Litwa, Estonia, \u0141otwa, Grecja, Irlandia, Portugalia i Hiszpania.<\/li>\n<\/ul>\n\n\n\n<h3 class=\"wp-block-heading\">Jak d\u0142ugo trwa dostawa?<\/h3>\n\n\n\n<p>Czas dostawy r\u00f3\u017cni si\u0119 w zale\u017cno\u015bci od kraju przeznaczenia:<\/p>\n\n\n\n<ul class=\"wp-block-list\">\n<li><strong>Wielka Brytania<\/strong>7 do 12 dni<\/li>\n\n\n\n<li><strong>Unia Europejska<\/strong>10 do 15 dni (wysy\u0142ka odbywa si\u0119 przez Niemcy)<\/li>\n<\/ul>\n\n\n\n<h3 class=\"wp-block-heading\">Co dotyczy kraj\u00f3w spoza listy DDP?<\/h3>\n\n\n\n<p>W przypadku zam\u00f3wie\u0144 do kraj\u00f3w spoza naszej listy DDP, klienci s\u0105 odpowiedzialni za odpraw\u0119 celn\u0105. W takich przypadkach mog\u0105 zosta\u0107 naliczone op\u0142aty celne i c\u0142a przywozowe, kt\u00f3re musi ponie\u015b\u0107 odbiorca.<\/p>\n\n\n\n<h2 class=\"wp-block-heading\">Zwroty i wymiany<\/h2>\n\n\n\n<h3 class=\"wp-block-heading\">Jaki jest okres zwrotu dla apexvape?<\/h3>\n\n\n\n<p>Okres zwrotu wynosi 15 dni od otrzymania zam\u00f3wienia. Mo\u017cesz zwr\u00f3ci\u0107 produkty w tym okresie, je\u015bli nie jeste\u015b zadowolony z zakupu.<\/p>\n\n\n\n<h3 class=\"wp-block-heading\">Jakie warunki maj\u0105 zastosowanie do zwrot\u00f3w?<\/h3>\n\n\n\n<p>Aby\u015bmy mogli przyj\u0105\u0107 zwrot, musz\u0105 zosta\u0107 spe\u0142nione nast\u0119puj\u0105ce warunki:<\/p>\n\n\n\n<ul class=\"wp-block-list\">\n<li>Przedmiot musi by\u0107 w oryginalnym, nieu\u017cywanym stanie<\/li>\n\n\n\n<li>Wszystkie etykiety musz\u0105 by\u0107 nadal przymocowane<\/li>\n\n\n\n<li>Oryginalne opakowanie musi by\u0107 obecne<\/li>\n\n\n\n<li>Zwroty nale\u017cy zg\u0142asza\u0107 z wyprzedzeniem poczt\u0105 elektroniczn\u0105<\/li>\n<\/ul>\n\n\n\n<h3 class=\"wp-block-heading\">Jak zainicjowa\u0107 zwrot?<\/h3>\n\n\n\n<p>Skontaktuj si\u0119 z nami przez e-mail, aby poprosi\u0107 o zwrot. Nast\u0119pnie poinformujemy Ci\u0119 o kolejnych krokach.<\/p>\n\n\n\n<h2 class=\"wp-block-heading\">Bezpiecze\u0144stwo i ochrona danych<\/h2>\n\n\n\n<h3 class=\"wp-block-heading\">Jak bezpieczne jest moje zam\u00f3wienie w apexvape?<\/h3>\n\n\n\n<p>Bezpiecze\u0144stwo naszych klient\u00f3w jest naszym najwy\u017cszym priorytetem. Wdro\u017cyli\u015bmy r\u00f3\u017cne \u015brodki bezpiecze\u0144stwa:<\/p>\n\n\n\n<ul class=\"wp-block-list\">\n<li><strong>Bezpiecze\u0144stwo stron internetowych<\/strong>Nasza strona jest chroniona przez nowoczesne technologie bezpiecze\u0144stwa<\/li>\n\n\n\n<li><strong>Ochrona danych<\/strong>Dane osobowe u\u017cytkownika b\u0119d\u0105 traktowane jako poufne i chronione<\/li>\n\n\n\n<li><strong>Bezpieczne przetwarzanie p\u0142atno\u015bci<\/strong>Wszystkie transakcje p\u0142atnicze s\u0105 przetwarzane za po\u015brednictwem szyfrowanych po\u0142\u0105cze\u0144<\/li>\n\n\n\n<li><strong>Ochrona przed phishingiem<\/strong>Wdra\u017camy \u015brodki maj\u0105ce na celu ochron\u0119 przed nieuczciwymi dzia\u0142aniami<\/li>\n<\/ul>\n\n\n\n<hr class=\"wp-block-separator has-alpha-channel-opacity\"\/>\n\n\n\n<p>Masz dodatkowe pytania? Skontaktuj si\u0119 z nami - z przyjemno\u015bci\u0105 Ci pomo\u017cemy!<\/p>","protected":false},"excerpt":{"rendered":"<p>H\u00e4ufig gestellte Fragen &#8211; apexvape Zahlungsoptionen Welche Zahlungsm\u00f6glichkeiten bietet apexvape an? Wir akzeptieren eine Vielzahl von Zahlungsmethoden, um Ihnen maximale<\/p>","protected":false},"author":1,"featured_media":0,"parent":0,"menu_order":0,"comment_status":"closed","ping_status":"closed","template":"","meta":{"footnotes":""},"class_list":["post-1567","page","type-page","status-publish","hentry"],"_links":{"self":[{"href":"https:\/\/apexvape.de\/pl\/wp-json\/wp\/v2\/pages\/1567","targetHints":{"allow":["GET"]}}],"collection":[{"href":"https:\/\/apexvape.de\/pl\/wp-json\/wp\/v2\/pages"}],"about":[{"href":"https:\/\/apexvape.de\/pl\/wp-json\/wp\/v2\/types\/page"}],"author":[{"embeddable":true,"href":"https:\/\/apexvape.de\/pl\/wp-json\/wp\/v2\/users\/1"}],"replies":[{"embeddable":true,"href":"https:\/\/apexvape.de\/pl\/wp-json\/wp\/v2\/comments?post=1567"}],"version-history":[{"count":0,"href":"https:\/\/apexvape.de\/pl\/wp-json\/wp\/v2\/pages\/1567\/revisions"}],"wp:attachment":[{"href":"https:\/\/apexvape.de\/pl\/wp-json\/wp\/v2\/media?parent=1567"}],"curies":[{"name":"wp","href":"https:\/\/api.w.org\/{rel}","templated":true}]}}