{"id":1560,"date":"2025-11-18T08:11:28","date_gmt":"2025-11-18T07:11:28","guid":{"rendered":"https:\/\/apexvape.de\/?page_id=1560"},"modified":"2025-11-18T08:11:30","modified_gmt":"2025-11-18T07:11:30","slug":"versand-und-lieferung","status":"publish","type":"page","link":"https:\/\/apexvape.de\/pl\/versand-und-lieferung\/","title":{"rendered":"Wysy\u0142ka i dostawa"},"content":{"rendered":"<h1 class=\"wp-block-heading\">Zasady wysy\u0142ki i dostawa - apexvape<\/h1>\n\n\n\n<h2 class=\"wp-block-heading\">Czas przetwarzania i dostawy<\/h2>\n\n\n\n<p>Zam\u00f3wienia b\u0119d\u0105 przetwarzane i wysy\u0142ane przez nas w ci\u0105gu jednego do trzech dni roboczych. Po wysy\u0142ce czas dostawy wynosi zazwyczaj od dziesi\u0119ciu do pi\u0119tnastu dni roboczych. Nale\u017cy pami\u0119ta\u0107, \u017ce zam\u00f3wienia nie s\u0105 wysy\u0142ane w weekendy.<\/p>\n\n\n\n<h2 class=\"wp-block-heading\">\u015aledzenie zam\u00f3wienia<\/h2>\n\n\n\n<p>Gdy tylko Twoje zam\u00f3wienie opu\u015bci nasz magazyn, wy\u015blemy Ci powiadomienie e-mail z odpowiednimi danymi \u015bledzenia. Nale\u017cy pami\u0119ta\u0107, \u017ce aktualizacja informacji o \u015bledzeniu przesy\u0142ki na stronie internetowej dostawcy us\u0142ug wysy\u0142kowych mo\u017ce potrwa\u0107 od jednego do dw\u00f3ch dni.<\/p>\n\n\n\n<h2 class=\"wp-block-heading\">Anulowanie i zmiana adresu dostawy<\/h2>\n\n\n\n<p>U\u017cytkownik ma mo\u017cliwo\u015b\u0107 anulowania zam\u00f3wienia lub zmiany adresu dostawy, o ile zam\u00f3wienie nie zosta\u0142o jeszcze wys\u0142ane. Niestety, nie jeste\u015bmy w stanie dokona\u0107 zwrotu pieni\u0119dzy ani zmiany adresu po wys\u0142aniu zam\u00f3wienia.<\/p>\n\n\n\n<h2 class=\"wp-block-heading\">Us\u0142uga wysy\u0142ki DDP (Delivered Duty Paid)<\/h2>\n\n\n\n<p>Oferujemy wysy\u0142k\u0119 DDP dla wybranych kraj\u00f3w. Dzi\u0119ki tej metodzie wysy\u0142ki nie musisz p\u0142aci\u0107 \u017cadnych procedur odprawy celnej ani op\u0142at celnych:<\/p>\n\n\n\n<h3 class=\"wp-block-heading\">Wielka Brytania<\/h3>\n\n\n\n<ul class=\"wp-block-list\">\n<li><strong>Partner wysy\u0142kowy<\/strong>Lokalny DPD Express<\/li>\n\n\n\n<li><strong>Okres dostawy<\/strong>7 do 12 dni<\/li>\n<\/ul>\n\n\n\n<h3 class=\"wp-block-heading\">Unia Europejska<\/h3>\n\n\n\n<ul class=\"wp-block-list\">\n<li><strong>Partner wysy\u0142kowy<\/strong>UPS\/DPD\/DHL Express<\/li>\n\n\n\n<li><strong>Okres dostawy<\/strong>10 do 15 dni<\/li>\n<\/ul>\n\n\n\n<h2 class=\"wp-block-heading\">Wysy\u0142ka DDP w krajach europejskich<\/h2>\n\n\n\n<p>Nast\u0119puj\u0105ce kraje europejskie korzystaj\u0105 z naszej us\u0142ugi wysy\u0142ki DDP:<\/p>\n\n\n\n<p>Niemcy, Belgia, Luksemburg, Holandia, Czechy, Polska, Chorwacja, S\u0142owacja, S\u0142owenia, Finlandia, Dania, Szwecja, Austria, Francja, W\u0142ochy, W\u0119gry, Bu\u0142garia, Litwa, Estonia, \u0141otwa, Grecja, Irlandia, Portugalia i Hiszpania.<\/p>\n\n\n\n<h2 class=\"wp-block-heading\">Uwagi dotycz\u0105ce czasu wysy\u0142ki<\/h2>\n\n\n\n<p>Rzeczywisty czas dostawy mo\u017ce si\u0119 r\u00f3\u017cni\u0107 w zale\u017cno\u015bci od kraju przeznaczenia i wybranej metody wysy\u0142ki. W przypadku dostaw w krajach europejskich standardowy czas dostawy wynosi od o\u015bmiu do trzynastu dni.<\/p>","protected":false},"excerpt":{"rendered":"<p>Versandrichtlinien und Zustellung &#8211; apexvape Bearbeitungs- und Lieferdauer Ihre Bestellungen werden von uns innerhalb eines Zeitraums von ein bis drei<\/p>","protected":false},"author":1,"featured_media":0,"parent":0,"menu_order":0,"comment_status":"closed","ping_status":"closed","template":"","meta":{"footnotes":""},"class_list":["post-1560","page","type-page","status-publish","hentry"],"_links":{"self":[{"href":"https:\/\/apexvape.de\/pl\/wp-json\/wp\/v2\/pages\/1560","targetHints":{"allow":["GET"]}}],"collection":[{"href":"https:\/\/apexvape.de\/pl\/wp-json\/wp\/v2\/pages"}],"about":[{"href":"https:\/\/apexvape.de\/pl\/wp-json\/wp\/v2\/types\/page"}],"author":[{"embeddable":true,"href":"https:\/\/apexvape.de\/pl\/wp-json\/wp\/v2\/users\/1"}],"replies":[{"embeddable":true,"href":"https:\/\/apexvape.de\/pl\/wp-json\/wp\/v2\/comments?post=1560"}],"version-history":[{"count":0,"href":"https:\/\/apexvape.de\/pl\/wp-json\/wp\/v2\/pages\/1560\/revisions"}],"wp:attachment":[{"href":"https:\/\/apexvape.de\/pl\/wp-json\/wp\/v2\/media?parent=1560"}],"curies":[{"name":"wp","href":"https:\/\/api.w.org\/{rel}","templated":true}]}}