{"id":1557,"date":"2025-11-18T08:01:57","date_gmt":"2025-11-18T07:01:57","guid":{"rendered":"https:\/\/apexvape.de\/?page_id=1557"},"modified":"2025-11-18T08:09:20","modified_gmt":"2025-11-18T07:09:20","slug":"rueckgaberichtlinie","status":"publish","type":"page","link":"https:\/\/apexvape.de\/pl\/rueckgaberichtlinie\/","title":{"rendered":"Polityka zwrot\u00f3w"},"content":{"rendered":"<h1 class=\"wp-block-heading\">Wytyczne dotycz\u0105ce zwracanych towar\u00f3w - apexvape<\/h1>\n\n\n\n<h2 class=\"wp-block-heading\">Okres zwrotu 3 dni<\/h2>\n\n\n\n<p>W apexvape oferujemy mo\u017cliwo\u015b\u0107 zwrotu produkt\u00f3w w ci\u0105gu trzech dni. Okres ten rozpoczyna si\u0119 w dniu otrzymania zam\u00f3wienia. Je\u015bli nie jeste\u015b zadowolony z zakupionego produktu, mo\u017cesz z\u0142o\u017cy\u0107 wniosek o zwrot w tym okresie.<\/p>\n\n\n\n<h2 class=\"wp-block-heading\">Wymagania dotycz\u0105ce udanego zwrotu<\/h2>\n\n\n\n<p>Aby\u015bmy mogli przyj\u0105\u0107 zwrot, musz\u0105 zosta\u0107 spe\u0142nione okre\u015blone warunki. Zwracany produkt musi by\u0107 w oryginalnym stanie, tj. nieu\u017cywany, z do\u0142\u0105czonymi etykietami i w oryginalnym opakowaniu. Ponadto potrzebny b\u0119dzie wa\u017cny dow\u00f3d zakupu, taki jak paragon lub potwierdzenie zam\u00f3wienia, aby zapewni\u0107 sprawny przebieg procesu zwrotu.<\/p>\n\n\n\n<h2 class=\"wp-block-heading\">Rozpocz\u0119cie procedury zwrotu<\/h2>\n\n\n\n<p>Je\u015bli chcesz dokona\u0107 zwrotu, skontaktuj si\u0119 z nami za po\u015brednictwem poczty elektronicznej pod adresem canliumit3535@gmail.com. Po sprawdzeniu i zatwierdzeniu wniosku wy\u015blemy op\u0142acon\u0105 z g\u00f3ry etykiet\u0119 wysy\u0142kow\u0105 i szczeg\u00f3\u0142owe instrukcje dotycz\u0105ce sposobu wys\u0142ania paczki. Wa\u017cne uwagi: Niezapowiedziane zwroty bez uprzedniej autoryzacji nie mog\u0105 by\u0107 przetwarzane. Dlatego prosimy o wcze\u015bniejszy kontakt.<\/p>\n\n\n\n<h2 class=\"wp-block-heading\">Reklamacje w przypadku wad lub uszkodze\u0144<\/h2>\n\n\n\n<p>Prosimy o dok\u0142adne sprawdzenie zam\u00f3wienia zaraz po jego otrzymaniu. Je\u015bli oka\u017ce si\u0119, \u017ce przedmiot jest uszkodzony, wadliwy lub nie zosta\u0142 dostarczony prawid\u0142owo, skontaktuj si\u0119 z nami natychmiast, aby\u015bmy mogli jak najszybciej przetworzy\u0107 Twoj\u0105 pro\u015bb\u0119.<\/p>\n\n\n\n<h2 class=\"wp-block-heading\">Produkty wy\u0142\u0105czone ze zwrot\u00f3w<\/h2>\n\n\n\n<p>Nie wszystkie produkty mog\u0105 zosta\u0107 zwr\u00f3cone. Nast\u0119puj\u0105ce kategorie produkt\u00f3w s\u0105 wy\u0142\u0105czone z naszego prawa do zwrotu:<\/p>\n\n\n\n<ul class=\"wp-block-list\">\n<li>Towary \u0142atwo psuj\u0105ce si\u0119<\/li>\n\n\n\n<li>Przedmioty niestandardowe lub spersonalizowane<\/li>\n\n\n\n<li>Produkty do higieny i piel\u0119gnacji cia\u0142a<\/li>\n\n\n\n<li>Towary niebezpieczne<\/li>\n\n\n\n<li>\u0141atwopalne ciecze lub gazy<\/li>\n<\/ul>\n\n\n\n<p>W przypadku w\u0105tpliwo\u015bci dotycz\u0105cych upowa\u017cnienia do zwrotu okre\u015blonego produktu, zach\u0119camy do skontaktowania si\u0119 z nami w celu uzyskania wyja\u015bnie\u0144.<\/p>\n\n\n\n<h2 class=\"wp-block-heading\">Wymiana artyku\u0142\u00f3w<\/h2>\n\n\n\n<p>Zalecamy nast\u0119puj\u0105c\u0105 procedur\u0119 wymiany: Najpierw nale\u017cy zwr\u00f3ci\u0107 oryginalny produkt. Po autoryzacji zwrotu mo\u017cna z\u0142o\u017cy\u0107 nowe zam\u00f3wienie na \u017c\u0105dany element wymienny. Zapewnia to szybk\u0105 realizacj\u0119 zam\u00f3wienia.<\/p>\n\n\n\n<h2 class=\"wp-block-heading\">Przetwarzanie zwrot\u00f3w<\/h2>\n\n\n\n<p>Po otrzymaniu i sprawdzeniu zwrotu poinformujemy u\u017cytkownika o zatwierdzeniu lub odrzuceniu zwrotu. Je\u015bli zwrot zostanie zatwierdzony, zostanie on przes\u0142any na konto u\u017cytkownika w ci\u0105gu dziesi\u0119ciu dni roboczych. Nale\u017cy pami\u0119ta\u0107, \u017ce instytucja finansowa lub firma obs\u0142uguj\u0105ca kart\u0119 kredytow\u0105 mo\u017ce potrzebowa\u0107 dodatkowego czasu na zaksi\u0119gowanie \u015brodk\u00f3w na koncie. W przypadku nieotrzymania zwrotu \u015brodk\u00f3w po up\u0142ywie pi\u0119tnastu dni roboczych od autoryzacji, prosimy o kontakt pod adresem canliumit3535@gmail.com.<\/p>\n\n\n\n<hr class=\"wp-block-separator has-alpha-channel-opacity\"\/>\n\n\n\n<p>Bardzo doceniamy Twoje zaufanie do apexvape. Twoje zadowolenie jest naszym najwy\u017cszym priorytetem.<\/p>\n\n\n\n<p><\/p>","protected":false},"excerpt":{"rendered":"<p>Richtlinien f\u00fcr Warenr\u00fccksendungen &#8211; apexvape R\u00fccksendefrist von 3 Tagen Bei apexvape bieten wir Ihnen die M\u00f6glichkeit, Artikel innerhalb von drei<\/p>","protected":false},"author":1,"featured_media":0,"parent":0,"menu_order":0,"comment_status":"closed","ping_status":"closed","template":"","meta":{"footnotes":""},"class_list":["post-1557","page","type-page","status-publish","hentry"],"_links":{"self":[{"href":"https:\/\/apexvape.de\/pl\/wp-json\/wp\/v2\/pages\/1557","targetHints":{"allow":["GET"]}}],"collection":[{"href":"https:\/\/apexvape.de\/pl\/wp-json\/wp\/v2\/pages"}],"about":[{"href":"https:\/\/apexvape.de\/pl\/wp-json\/wp\/v2\/types\/page"}],"author":[{"embeddable":true,"href":"https:\/\/apexvape.de\/pl\/wp-json\/wp\/v2\/users\/1"}],"replies":[{"embeddable":true,"href":"https:\/\/apexvape.de\/pl\/wp-json\/wp\/v2\/comments?post=1557"}],"version-history":[{"count":0,"href":"https:\/\/apexvape.de\/pl\/wp-json\/wp\/v2\/pages\/1557\/revisions"}],"wp:attachment":[{"href":"https:\/\/apexvape.de\/pl\/wp-json\/wp\/v2\/media?parent=1557"}],"curies":[{"name":"wp","href":"https:\/\/api.w.org\/{rel}","templated":true}]}}