{"id":1555,"date":"2025-11-18T07:51:41","date_gmt":"2025-11-18T06:51:41","guid":{"rendered":"https:\/\/apexvape.de\/?page_id=1555"},"modified":"2025-11-18T07:51:43","modified_gmt":"2025-11-18T06:51:43","slug":"datenschutzerklaerung","status":"publish","type":"page","link":"https:\/\/apexvape.de\/pl\/datenschutzerklaerung\/","title":{"rendered":"Polityka prywatno\u015bci"},"content":{"rendered":"<h1 class=\"wp-block-heading\">Polityka prywatno\u015bci - apexvape<\/h1>\n\n\n\n<p>Ochrona danych osobowych i prywatno\u015bci u\u017cytkownik\u00f3w jest dla apexvape najwy\u017cszym priorytetem. W niniejszej polityce prywatno\u015bci wyja\u015bniamy, w jaki spos\u00f3b gromadzimy, wykorzystujemy i zabezpieczamy dane, kt\u00f3re nam przekazujesz podczas odwiedzania naszej strony internetowej.<\/p>\n\n\n\n<h2 class=\"wp-block-heading\">Gromadzenie danych osobowych<\/h2>\n\n\n\n<p>Mo\u017cemy gromadzi\u0107 r\u00f3\u017cne kategorie informacji, gdy u\u017cytkownik odwiedza nasz\u0105 witryn\u0119 internetow\u0105:<\/p>\n\n\n\n<ul class=\"wp-block-list\">\n<li><strong>Dane osobowe<\/strong>Obejmuje to imi\u0119 i nazwisko, adres e-mail i inne dane kontaktowe, kt\u00f3re u\u017cytkownik przekazuje nam podczas dokonywania zakupu lub kontaktowania si\u0119 z nami.<\/li>\n\n\n\n<li><strong>Dane dotycz\u0105ce u\u017cytkowania i urz\u0105dze\u0144<\/strong>Informacje te s\u0105 gromadzone za pomoc\u0105 plik\u00f3w cookie i podobnych technologii i obejmuj\u0105 szczeg\u00f3\u0142y dotycz\u0105ce zachowania u\u017cytkownika podczas przegl\u0105dania stron internetowych oraz u\u017cywanych przez niego urz\u0105dze\u0144<\/li>\n\n\n\n<li><strong>Dalsze dobrowolne informacje<\/strong>Wszelkie dodatkowe informacje, kt\u00f3re u\u017cytkownik chcia\u0142by nam dobrowolnie udost\u0119pni\u0107<\/li>\n<\/ul>\n\n\n\n<h2 class=\"wp-block-heading\">Cele przetwarzania danych<\/h2>\n\n\n\n<p>Gromadzone przez nas dane wykorzystujemy do nast\u0119puj\u0105cych cel\u00f3w:<\/p>\n\n\n\n<ul class=\"wp-block-list\">\n<li><strong>Przetwarzanie zam\u00f3wie\u0144<\/strong>Przetwarzanie i realizacja zam\u00f3wie\u0144 sk\u0142adanych na naszej stronie internetowej<\/li>\n\n\n\n<li><strong>Komunikacja z klientem<\/strong>Wymiana informacji z u\u017cytkownikiem na temat jego zam\u00f3wie\u0144, zapyta\u0144 i kampanii marketingowych<\/li>\n\n\n\n<li><strong>Optymalizacja naszych us\u0142ug<\/strong>Ulepszanie naszej strony internetowej i us\u0142ug w oparciu o interakcje i opinie u\u017cytkownik\u00f3w<\/li>\n\n\n\n<li><strong>Gwarancja bezpiecze\u0144stwa<\/strong>Aby chroni\u0107 nasz\u0105 stron\u0119 internetow\u0105 i zapobiega\u0107 nieuczciwym dzia\u0142aniom<\/li>\n<\/ul>\n\n\n\n<h2 class=\"wp-block-heading\">Przekazywanie danych stronom trzecim<\/h2>\n\n\n\n<p>Nie b\u0119dziemy sprzedawa\u0107 ani przekazywa\u0107 danych osobowych u\u017cytkownika stronom trzecim bez jego wyra\u017anej zgody. Wyj\u0105tki maj\u0105 zastosowanie tylko wtedy, gdy przekazanie jest konieczne do spe\u0142nienia \u017cycze\u0144 u\u017cytkownika - na przyk\u0142ad partnerom logistycznym w celu wysy\u0142ki - lub je\u015bli istnieje obowi\u0105zek prawny.<\/p>\n\n\n\n<h2 class=\"wp-block-heading\">\u015arodki bezpiecze\u0144stwa danych<\/h2>\n\n\n\n<p>Wdra\u017camy r\u00f3\u017cne \u015brodki bezpiecze\u0144stwa w celu ochrony informacji u\u017cytkownika. Obejmuj\u0105 one technologie szyfrowania, korzystanie z protoko\u0142u Secure Socket Layer (SSL) oraz regularne kontrole naszych system\u00f3w bezpiecze\u0144stwa.<\/p>\n\n\n\n<h2 class=\"wp-block-heading\">Prawa u\u017cytkownika do ochrony danych<\/h2>\n\n\n\n<p>U\u017cytkownik ma prawo w dowolnym momencie uzyska\u0107 dost\u0119p do swoich danych osobowych, poprawi\u0107 je lub usun\u0105\u0107. U\u017cytkownik mo\u017ce r\u00f3wnie\u017c w dowolnym momencie zrezygnowa\u0107 z subskrypcji naszych komunikat\u00f3w marketingowych.<\/p>\n\n\n\n<h2 class=\"wp-block-heading\">Zmiany w niniejszej polityce prywatno\u015bci<\/h2>\n\n\n\n<p>Zastrzegamy sobie prawo do okresowej zmiany niniejszej Polityki prywatno\u015bci w celu odzwierciedlenia zmian w naszych praktykach lub wymogach prawnych. Zalecamy zapoznawanie si\u0119 z niniejsz\u0105 polityk\u0105 w regularnych odst\u0119pach czasu.<\/p>\n\n\n\n<hr class=\"wp-block-separator has-alpha-channel-opacity\"\/>\n\n\n\n<p>Korzystaj\u0105c z naszej strony internetowej, u\u017cytkownik wyra\u017ca zgod\u0119 na warunki okre\u015blone w niniejszej Polityce prywatno\u015bci. W przypadku jakichkolwiek pyta\u0144 lub w\u0105tpliwo\u015bci dotycz\u0105cych naszych praktyk w zakresie ochrony prywatno\u015bci, prosimy o kontakt pod adresem canliumit3535@gmail.com.<\/p>\n\n\n\n<p>Dzi\u0119kujemy za zaufanie do apexvape jako dostawcy jednorazowych e-papieros\u00f3w (vape).<\/p>","protected":false},"excerpt":{"rendered":"<p>Datenschutzrichtlinie &#8211; apexvape Der Schutz Ihrer pers\u00f6nlichen Informationen und die Wahrung Ihrer Privatsph\u00e4re stehen bei apexvape an erster Stelle. In<\/p>","protected":false},"author":1,"featured_media":0,"parent":0,"menu_order":0,"comment_status":"closed","ping_status":"closed","template":"","meta":{"footnotes":""},"class_list":["post-1555","page","type-page","status-publish","hentry"],"_links":{"self":[{"href":"https:\/\/apexvape.de\/pl\/wp-json\/wp\/v2\/pages\/1555","targetHints":{"allow":["GET"]}}],"collection":[{"href":"https:\/\/apexvape.de\/pl\/wp-json\/wp\/v2\/pages"}],"about":[{"href":"https:\/\/apexvape.de\/pl\/wp-json\/wp\/v2\/types\/page"}],"author":[{"embeddable":true,"href":"https:\/\/apexvape.de\/pl\/wp-json\/wp\/v2\/users\/1"}],"replies":[{"embeddable":true,"href":"https:\/\/apexvape.de\/pl\/wp-json\/wp\/v2\/comments?post=1555"}],"version-history":[{"count":0,"href":"https:\/\/apexvape.de\/pl\/wp-json\/wp\/v2\/pages\/1555\/revisions"}],"wp:attachment":[{"href":"https:\/\/apexvape.de\/pl\/wp-json\/wp\/v2\/media?parent=1555"}],"curies":[{"name":"wp","href":"https:\/\/api.w.org\/{rel}","templated":true}]}}