{"id":1550,"date":"2025-11-18T05:13:18","date_gmt":"2025-11-18T04:13:18","guid":{"rendered":"https:\/\/apexvape.de\/?page_id=1550"},"modified":"2025-11-18T05:13:20","modified_gmt":"2025-11-18T04:13:20","slug":"nutzungsbedingungen","status":"publish","type":"page","link":"https:\/\/apexvape.de\/pl\/nutzungsbedingungen\/","title":{"rendered":"Warunki u\u017cytkowania"},"content":{"rendered":"<h1 class=\"wp-block-heading\">Og\u00f3lne warunki handlowe - apexvape<\/h1>\n\n\n\n<p>Witamy na stronie apexvape! Prosimy o uwa\u017cne zapoznanie si\u0119 z poni\u017cszymi warunkami przed rozpocz\u0119ciem korzystania z naszej platformy. Odwiedzaj\u0105c i korzystaj\u0105c z naszej strony internetowej, o\u015bwiadczasz, \u017ce zgadzasz si\u0119 z regulaminem okre\u015blonym tutaj i wszystkimi obowi\u0105zuj\u0105cymi przepisami prawa. Je\u015bli nie zgadzasz si\u0119 z tymi warunkami, prosimy o powstrzymanie si\u0119 od dalszego korzystania z naszej strony internetowej. Dokonuj\u0105c zakupu, automatycznie akceptujesz niniejsze warunki, a tak\u017ce nasze zasady dotycz\u0105ce wysy\u0142ki, zwrot\u00f3w i gwarancji.<\/p>\n\n\n\n<h2 class=\"wp-block-heading\">Wysy\u0142ka na ca\u0142y \u015bwiat<\/h2>\n\n\n\n<p>Nasza firma apexvape dzia\u0142a na arenie mi\u0119dzynarodowej i ma siedzib\u0119 w Hongkongu. Wszyscy kupuj\u0105cy spoza Hongkongu s\u0105 traktowani jako klienci mi\u0119dzynarodowi. Zdecydowanie zalecamy zapoznanie si\u0119 z wymogami prawnymi obowi\u0105zuj\u0105cymi w danym kraju przed z\u0142o\u017ceniem zam\u00f3wienia, w szczeg\u00f3lno\u015bci w odniesieniu do posiadania, importu i u\u017cytkowania waporyzator\u00f3w. W niekt\u00f3rych krajach mog\u0105 obowi\u0105zywa\u0107 specjalne przepisy, kt\u00f3re zosta\u0142y szczeg\u00f3\u0142owo opisane w naszych oddzielnych zasadach dotycz\u0105cych wysy\u0142ki, zwrot\u00f3w i gwarancji.<\/p>\n\n\n\n<h2 class=\"wp-block-heading\">W\u0142asno\u015b\u0107 intelektualna i prawa autorskie<\/h2>\n\n\n\n<p>Wszystkie tre\u015bci opublikowane na tej stronie - w tym tekst, obrazy, grafika i kod programu - podlegaj\u0105 ochronie praw autorskich i s\u0105 w\u0142asno\u015bci\u0105 apexvape jako kompletny utw\u00f3r. Copyright 2022, apexvape. Wszelkie prawa zastrze\u017cone. U\u017cytkownik ma prawo do kopiowania lub drukowania cz\u0119\u015bci strony internetowej w formie elektronicznej, pod warunkiem, \u017ce odbywa si\u0119 to w celu realizacji zam\u00f3wie\u0144 lub zakupu produkt\u00f3w od apexvape. Jakiekolwiek inne wykorzystanie, w szczeg\u00f3lno\u015bci powielanie, dystrybucja lub przesy\u0142anie zawarto\u015bci strony internetowej, jest zabronione bez wyra\u017anej zgody apexvape Inc.<\/p>\n\n\n\n<h2 class=\"wp-block-heading\">Ochrona znak\u00f3w towarowych<\/h2>\n\n\n\n<p>Wszystkie znaki towarowe, znaki us\u0142ugowe i nazwy handlowe u\u017cywane na naszej stronie internetowej s\u0105 prawnie chronion\u0105 w\u0142asno\u015bci\u0105 apexvape.<\/p>\n\n\n\n<h2 class=\"wp-block-heading\">Wy\u0142\u0105czenie gwarancji<\/h2>\n\n\n\n<p>Witryna internetowa oraz wszystkie materia\u0142y i produkty na niej udost\u0119pniane s\u0105 w stanie, w jakim si\u0119 znajduj\u0105, bez jakichkolwiek gwarancji, wyra\u017anych lub dorozumianych. apexvape zrzeka si\u0119 wszelkich gwarancji, w tym gwarancji przydatno\u015bci handlowej, przydatno\u015bci do okre\u015blonego celu i tytu\u0142u prawnego. Nie gwarantujemy, \u017ce funkcjonalno\u015b\u0107 witryny b\u0119dzie nieprzerwana lub wolna od b\u0142\u0119d\u00f3w. Nie gwarantujemy r\u00f3wnie\u017c, \u017ce wszelkie b\u0142\u0119dy zostan\u0105 poprawione lub \u017ce witryna jest wolna od wirus\u00f3w lub innych szkodliwych element\u00f3w. Nie gwarantujemy dok\u0142adno\u015bci, kompletno\u015bci ani wiarygodno\u015bci dostarczanych informacji.<\/p>\n\n\n\n<h2 class=\"wp-block-heading\">Ograniczenie odpowiedzialno\u015bci<\/h2>\n\n\n\n<p>apexvape nie ponosi odpowiedzialno\u015bci za jakiekolwiek szkody szczeg\u00f3lne lub wynikowe, kt\u00f3re wynikaj\u0105 z korzystania lub niemo\u017cno\u015bci korzystania z materia\u0142\u00f3w na tej stronie lub z dzia\u0142ania produktu, nawet je\u015bli zostali\u015bmy poinformowani o mo\u017cliwo\u015bci wyst\u0105pienia takich szk\u00f3d. Niekt\u00f3re jurysdykcje nie zezwalaj\u0105 na wy\u0142\u0105czenie lub ograniczenie odpowiedzialno\u015bci za szkody wynikowe lub przypadkowe, wi\u0119c powy\u017csze ograniczenia mog\u0105 nie mie\u0107 zastosowania.<\/p>\n\n\n\n<h2 class=\"wp-block-heading\">Rozwi\u0105zanie umowy<\/h2>\n\n\n\n<p>Niniejsze warunki maj\u0105 zastosowanie do wszystkich u\u017cytkownik\u00f3w, kt\u00f3rzy uzyskuj\u0105 dost\u0119p do strony internetowej, rejestruj\u0105 si\u0119 lub dokonuj\u0105 zakupu. apexvape zastrzega sobie prawo do wypowiedzenia niniejszych warunk\u00f3w w ca\u0142o\u015bci lub w cz\u0119\u015bci w dowolnym momencie i bez wcze\u015bniejszego powiadomienia. Postanowienia dotycz\u0105ce praw autorskich, praw do znak\u00f3w towarowych, zrzeczenia si\u0119 gwarancji, ogranicze\u0144 odpowiedzialno\u015bci, odszkodowa\u0144 i innych kwestii pozostaj\u0105 w mocy nawet po rozwi\u0105zaniu.<\/p>\n\n\n\n<h2 class=\"wp-block-heading\">Komunikacja i powiadomienia<\/h2>\n\n\n\n<p>apexvape mo\u017ce wysy\u0142a\u0107 powiadomienia poczt\u0105 elektroniczn\u0105, publikowa\u0107 og\u00f3lne powiadomienia na stronie internetowej lub korzysta\u0107 z innych niezawodnych \u015brodk\u00f3w komunikacji przy u\u017cyciu podanych danych kontaktowych.<\/p>\n\n\n\n<h2 class=\"wp-block-heading\">Inne postanowienia<\/h2>\n\n\n\n<p>Niniejsze Warunki b\u0119d\u0105 interpretowane zgodnie z prawem Hongkongu, bez wzgl\u0119du na przepisy kolizyjne. Wszelkie spory wynikaj\u0105ce z niniejszych Warunk\u00f3w b\u0119d\u0105 rozstrzygane przez w\u0142a\u015bciwe s\u0105dy w Hongkongu. Roszczenia musz\u0105 zosta\u0107 wniesione w ci\u0105gu dwunastu miesi\u0119cy od ich powstania. Je\u015bli apexvape zdecyduje si\u0119 nie egzekwowa\u0107 jakiejkolwiek cz\u0119\u015bci niniejszych Warunk\u00f3w, nie b\u0119dzie to stanowi\u0107 zrzeczenia si\u0119 odpowiednich praw. Mo\u017cemy przenie\u015b\u0107 nasze prawa i obowi\u0105zki wynikaj\u0105ce z niniejszych Warunk\u00f3w bez powiadomienia.<\/p>\n\n\n\n<h2 class=\"wp-block-heading\">Zasady zachowania podczas korzystania ze strony internetowej<\/h2>\n\n\n\n<p>N\u0119kanie lub nieodpowiednie zachowanie nie jest dozwolone na naszej stronie internetowej. U\u017cytkownicy nie mog\u0105 przesy\u0142a\u0107 obra\u017aliwych lub budz\u0105cych zastrze\u017cenia tre\u015bci ani nak\u0142ania\u0107 innych u\u017cytkownik\u00f3w do korzystania z us\u0142ug komercyjnych. apexvape zastrzega sobie prawo do blokowania lub usuwania wszelkich tre\u015bci naruszaj\u0105cych te warunki.<\/p>\n\n\n\n<h2 class=\"wp-block-heading\">Zastrze\u017cenie dotycz\u0105ce tre\u015bci u\u017cytkownika<\/h2>\n\n\n\n<p>apexvape nie ponosi odpowiedzialno\u015bci za tre\u015bci tworzone lub przesy\u0142ane przez u\u017cytkownik\u00f3w na stronie internetowej. Dzia\u0142amy wy\u0142\u0105cznie jako platforma dystrybucyjna i zastrzegamy sobie prawo do usuwania obra\u017aliwych lub nieodpowiednich tre\u015bci wed\u0142ug w\u0142asnego uznania.<\/p>\n\n\n\n<h2 class=\"wp-block-heading\">U\u017cycie produktu<\/h2>\n\n\n\n<p>apexvape nie sk\u0142ada \u017cadnych o\u015bwiadcze\u0144 dotycz\u0105cych skuteczno\u015bci lub przydatno\u015bci produkt\u00f3w do okre\u015blonego celu. Wszystkie produkty s\u0105 u\u017cywane na w\u0142asne ryzyko kupuj\u0105cego. Produkty zawieraj\u0105ce nikotyn\u0119 s\u0105 przeznaczone do u\u017cytku wy\u0142\u0105cznie przez osoby doros\u0142e. Zdecydowanie zalecamy skonsultowanie si\u0119 z lekarzem przed u\u017cyciem produkt\u00f3w nikotynowych.<\/p>\n\n\n\n<h2 class=\"wp-block-heading\">Zwolnienie<\/h2>\n\n\n\n<p>Korzystaj\u0105c z naszej strony internetowej, u\u017cytkownik zgadza si\u0119 zabezpieczy\u0107 apexvape i jej us\u0142ugodawc\u00f3w przed wszelkimi stratami, szkodami, kosztami i wydatkami wynikaj\u0105cymi z jakiegokolwiek naruszenia niniejszych warunk\u00f3w lub jakiejkolwiek dzia\u0142alno\u015bci prowadzonej w zwi\u0105zku z kontem u\u017cytkownika.<\/p>\n\n\n\n<h2 class=\"wp-block-heading\">Linki zewn\u0119trzne<\/h2>\n\n\n\n<p>apexvape mo\u017ce udost\u0119pnia\u0107 linki do zewn\u0119trznych stron internetowych dla wygody odwiedzaj\u0105cych. Te zewn\u0119trzne strony internetowe nie s\u0105 pod nasz\u0105 kontrol\u0105 i nie ponosimy \u017cadnej odpowiedzialno\u015bci za ich zawarto\u015b\u0107 lub praktyki.<\/p>\n\n\n\n<h2 class=\"wp-block-heading\">Wy\u0142\u0105czenia specyficzne dla produktu<\/h2>\n\n\n\n<p>Niekt\u00f3re produkty mog\u0105 podlega\u0107 specjalnym klauzulom dotycz\u0105cym zwrot\u00f3w lub wymiany. Przed zakupem nale\u017cy dok\u0142adnie sprawdzi\u0107 wszystkie wy\u0142\u0105czenia dotycz\u0105ce poszczeg\u00f3lnych produkt\u00f3w. Akceptuj\u0105c nasz Regulamin przy kasie, potwierdzasz, \u017ce rozumiesz wszystkie obowi\u0105zuj\u0105ce wy\u0142\u0105czenia.<\/p>\n\n\n\n<hr class=\"wp-block-separator has-alpha-channel-opacity\"\/>\n\n\n\n<p>Bardzo dzi\u0119kujemy za zaufanie do apexvape!<\/p>","protected":false},"excerpt":{"rendered":"<p>Allgemeine Gesch\u00e4ftsbedingungen &#8211; apexvape Herzlich willkommen auf der apexvape-Website! Wir bitten Sie, die nachfolgenden Gesch\u00e4ftsbedingungen aufmerksam zu lesen, bevor Sie<\/p>","protected":false},"author":1,"featured_media":0,"parent":0,"menu_order":0,"comment_status":"closed","ping_status":"closed","template":"","meta":{"footnotes":""},"class_list":["post-1550","page","type-page","status-publish","hentry"],"_links":{"self":[{"href":"https:\/\/apexvape.de\/pl\/wp-json\/wp\/v2\/pages\/1550","targetHints":{"allow":["GET"]}}],"collection":[{"href":"https:\/\/apexvape.de\/pl\/wp-json\/wp\/v2\/pages"}],"about":[{"href":"https:\/\/apexvape.de\/pl\/wp-json\/wp\/v2\/types\/page"}],"author":[{"embeddable":true,"href":"https:\/\/apexvape.de\/pl\/wp-json\/wp\/v2\/users\/1"}],"replies":[{"embeddable":true,"href":"https:\/\/apexvape.de\/pl\/wp-json\/wp\/v2\/comments?post=1550"}],"version-history":[{"count":0,"href":"https:\/\/apexvape.de\/pl\/wp-json\/wp\/v2\/pages\/1550\/revisions"}],"wp:attachment":[{"href":"https:\/\/apexvape.de\/pl\/wp-json\/wp\/v2\/media?parent=1550"}],"curies":[{"name":"wp","href":"https:\/\/api.w.org\/{rel}","templated":true}]}}