{"id":6531,"date":"2026-03-15T14:21:33","date_gmt":"2026-03-15T13:21:33","guid":{"rendered":"https:\/\/apexvape.de\/?post_type=product&#038;p=6531"},"modified":"2026-03-15T14:22:48","modified_gmt":"2026-03-15T13:22:48","slug":"airmez-tornado-25000","status":"publish","type":"product","link":"https:\/\/apexvape.de\/nl\/product\/airmez-tornado-25000\/","title":{"rendered":"Airmez Tornado 25000 puffs wegwerpvape"},"content":{"rendered":"<h1>Airmez Tornado 25000 puffs - wegwerp e-sigaret<\/h1>\n<p>De <strong>Airmez Tornado 25000<\/strong> is een e-sigaret voor eenmalig gebruik van hoge kwaliteit voor langdurige en smaakvolle dampervaringen. Met tot <strong>25.000 treinen<\/strong>, <strong>25 ml voorgevulde e-vloeistof<\/strong> en een <strong>Nicotineconcentratie van 5 %<\/strong> het biedt een uitzonderlijk uithoudingsvermogen. A <strong>Mesh-spoel<\/strong> zorgt voor gelijkmatige verwarming, terwijl een <strong>Ge\u00efntegreerd display<\/strong> Het niveau van de batterij en de e-vloeistof worden duidelijk weergegeven. Dankzij de oplaadbare batterij is vaak opladen niet nodig - voor ononderbroken dampplezier. De <strong>Automatische verstuivingstechnologie<\/strong> maakt vaping kinderspel voor alle ervaringsniveaus.<\/p>\n<p><img decoding=\"async\" class=\"alignnone size-large wp-image-6548\" src=\"https:\/\/spcdn.shortpixel.ai\/spio\/ret_img,q_cdnize,to_webp,s_webp\/apexvape.de\/wp-content\/uploads\/2026\/03\/AIRMEZ-25K-banner-1024x427.png\" alt=\"Airmez Tornado 25000\" width=\"1024\" height=\"427\" srcset=\"https:\/\/spcdn.shortpixel.ai\/spio\/ret_img,q_cdnize,to_webp,s_webp\/apexvape.de\/wp-content\/uploads\/2026\/03\/AIRMEZ-25K-banner-1024x427.png 1024w, https:\/\/spcdn.shortpixel.ai\/spio\/ret_img,q_cdnize,to_webp,s_webp\/apexvape.de\/wp-content\/uploads\/2026\/03\/AIRMEZ-25K-banner-300x125.png 300w, https:\/\/spcdn.shortpixel.ai\/spio\/ret_img,q_cdnize,to_webp,s_webp\/apexvape.de\/wp-content\/uploads\/2026\/03\/AIRMEZ-25K-banner-768x320.png 768w, https:\/\/spcdn.shortpixel.ai\/spio\/ret_img,q_cdnize,to_webp,s_webp\/apexvape.de\/wp-content\/uploads\/2026\/03\/AIRMEZ-25K-banner-1536x640.png 1536w, https:\/\/spcdn.shortpixel.ai\/spio\/ret_img,q_cdnize,to_webp,s_webp\/apexvape.de\/wp-content\/uploads\/2026\/03\/AIRMEZ-25K-banner-18x8.png 18w, https:\/\/spcdn.shortpixel.ai\/spio\/ret_img,q_cdnize,to_webp,s_webp\/apexvape.de\/wp-content\/uploads\/2026\/03\/AIRMEZ-25K-banner-1200x500.png 1200w, https:\/\/spcdn.shortpixel.ai\/spio\/ret_img,q_cdnize,to_webp,s_webp\/apexvape.de\/wp-content\/uploads\/2026\/03\/AIRMEZ-25K-banner-150x63.png 150w, https:\/\/spcdn.shortpixel.ai\/spio\/ret_img,q_cdnize,to_webp,s_webp\/apexvape.de\/wp-content\/uploads\/2026\/03\/AIRMEZ-25K-banner.png 1920w\" sizes=\"(max-width: 1024px) 100vw, 1024px\" \/><\/p>\n<h2>Airmez Tornado 25000 Puffs - Hoogtepunten<\/h2>\n<p>De <strong>Airmez Tornado 25000<\/strong> is een topklasse automatische verstuiver - ideaal voor vapers die waarde hechten aan een lange en aromatische ervaring. De geavanceerde verstuivingstechnologie maakt vaping zonder inhalatie mogelijk - net zo natuurlijk en eenvoudig als ademen.<\/p>\n<p>Met <strong>25.000 treinen<\/strong> en <strong>25 ml e-vloeistof<\/strong> met <strong>5 % (50 mg) Nicotinegehalte<\/strong> De Tornado 25000 biedt bijzonder langdurig dampgenot. De <strong>Mesh-spoel<\/strong> zorgt voor gelijkmatige verwarming voor een gelijkmatige trek, terwijl de <strong>Ge\u00efntegreerd display<\/strong> batterij en vulniveau moeiteloos in het zicht.<\/p>\n<p>De krachtige, <strong>Oplaadbare 850 mAh batterij<\/strong> voorkomt dat je vaak moet opladen en houdt elke vaping-sessie bij - van begin tot eind. Ontworpen voor maximaal uithoudingsvermogen, verlengt het de verstuivingstijd voor een ononderbroken ervaring.<\/p>\n<h2>Technische gegevens<\/h2>\n<table>\n<thead>\n<tr>\n<th>Functie<\/th>\n<th>details<\/th>\n<\/tr>\n<\/thead>\n<tbody>\n<tr>\n<td>E-vloeistof<\/td>\n<td>25 ml<\/td>\n<\/tr>\n<tr>\n<td>Aantal treinen<\/td>\n<td>25.000 treinen<\/td>\n<\/tr>\n<tr>\n<td>Coil<\/td>\n<td>Dubbele mesh-spoel<\/td>\n<\/tr>\n<tr>\n<td>accu<\/td>\n<td>850 mAh, oplaadbaar<\/td>\n<\/tr>\n<tr>\n<td>Stoom modi<\/td>\n<td>Verschillende modi beschikbaar<\/td>\n<\/tr>\n<tr>\n<td>Weergave<\/td>\n<td>Weergave van batterij en e-vloeistof<\/td>\n<\/tr>\n<tr>\n<td>Nicotinegehalte<\/td>\n<td>5 %<\/td>\n<\/tr>\n<tr>\n<td>Oplaadpoort<\/td>\n<td>USB-C<\/td>\n<\/tr>\n<tr>\n<td>Type<\/td>\n<td>MTL e-sigaret<\/td>\n<\/tr>\n<\/tbody>\n<\/table>\n<h2>Airmez Tornado 25000 - Beschikbare smaken<\/h2>\n<ol>\n<li>Aardbei-watermeloen <em>(Aardbei &amp; Watermeloen)<\/em><\/li>\n<li>Kiwi Passievrucht Guave <em>(kiwi, passievrucht &amp; guave)<\/em><\/li>\n<li>Blueberry On Ice <em>(Bosbessen op ijs)<\/em><\/li>\n<li>Perzik Mango <em>(Perzik &amp; Mango)<\/em><\/li>\n<li>Aardbeienijs <em>(Aardbei op ijs)<\/em><\/li>\n<li>Gemengde bessen <em>(Gemengde bessen)<\/em><\/li>\n<li>Lush Ice <em>(Watermeloen op ijs)<\/em><\/li>\n<li>Grape Ice <em>(Druif op ijs)<\/em><\/li>\n<li>Peach Ice <em>(Perzik op ijs)<\/em><\/li>\n<li>Bessenlimonade <em>(Bessenlimonade)<\/em><\/li>\n<li>Drakenfruitijs <em>(Drakenfruit op ijs)<\/em><\/li>\n<li>Citroen &amp; Limoen <em>(citroen &amp; limoen)<\/em><\/li>\n<li>Triple Berry <em>(driedubbele bes)<\/em><\/li>\n<li>Kers <em>(kers)<\/em><\/li>\n<li>Zure appel <em>(Zure appel)<\/em><\/li>\n<\/ol>\n<h2>Veelgestelde vragen (FAQ)<\/h2>\n<p><strong>V1: Wat is de Airmez Tornado 25000 en hoeveel pufjes biedt hij?<\/strong> De Airmez Tornado 25000 is een geavanceerde wegwerp e-sigaret met tot <strong>25.000 treinen<\/strong>, <strong>25 ml voorgevulde e-vloeistof<\/strong> en een <strong>Nicotinegehalte van 5 %<\/strong>.<\/p>\n<p><strong>V2: Moet de Tornado 25000 vaak worden opgeladen?<\/strong> Nee. De krachtige, oplaadbare batterij verlengt de vernevelingstijd aanzienlijk en zorgt voor ononderbroken dampsessies - zonder het gedoe van opladen.<\/p>\n<p><strong>V3: Welke technologie zorgt voor een aangename dampervaring met de Tornado 25000?<\/strong> De <strong>Mesh-spoel<\/strong> zorgt voor een gelijkmatige verwarming voor een gelijkmatige trek. De <strong>Ge\u00efntegreerd display<\/strong> geeft te allen tijde duidelijk het niveau van de batterij en de e-vloeistof weer.<\/p>\n<p><strong>V4: Is de Tornado 25000 ook geschikt voor beginners?<\/strong> Absoluut. Dankzij de <strong>automatische verstuivingstechnologie<\/strong> Vapen is net zo makkelijk als ademen - geen ingewikkelde setup nodig. Perfect voor alle ervaringsniveaus.<\/p>\n<h2>Ontdek nu bij Apex Vape<\/h2>\n<p>De Airmez Tornado 25000 is de ideale keuze voor iedereen die op zoek is naar een hoogwaardige, langdurige en smaakvolle vaping ervaring. Bekijk ons volledige assortiment op <strong><a href=\"https:\/\/apexvape.de\/nl\/\">Apex Vape<\/a><\/strong> of ontdek meer topproducten in de <strong><a href=\"https:\/\/apexvape.de\/nl\/product-category\/airmez-vape\/\">Airmez Categorie<\/a><\/strong> - voor eersteklas kwaliteit en een enorme keuze aan smaken.<\/p>","protected":false},"excerpt":{"rendered":"<p class=\"font-claude-response-body break-words whitespace-normal leading-[1.7]\">Der Airmez Tornado 25000 bietet bis zu 25.000 Z\u00fcge, 25 ml E-Liquid mit 5 % Nikotin und einen Dual-Mesh-Coil f\u00fcr gleichm\u00e4\u00dfigen Dampfgenuss. Mit wiederaufladbarem 850-mAh-Akku, integriertem Display und USB-C-Ladeanschluss \u2013 perfekt f\u00fcr Einsteiger und Profis.<\/p>\n<p class=\"font-claude-response-body break-words whitespace-normal leading-[1.7]\">\n","protected":false},"featured_media":6549,"comment_status":"open","ping_status":"closed","template":"","meta":[],"product_brand":[],"product_cat":[86],"product_tag":[],"class_list":{"0":"post-6531","1":"product","2":"type-product","3":"status-publish","4":"has-post-thumbnail","6":"product_cat-airmez-vape","8":"first","9":"instock","10":"shipping-taxable","11":"purchasable","12":"product-type-variable"},"_links":{"self":[{"href":"https:\/\/apexvape.de\/nl\/wp-json\/wp\/v2\/product\/6531","targetHints":{"allow":["GET"]}}],"collection":[{"href":"https:\/\/apexvape.de\/nl\/wp-json\/wp\/v2\/product"}],"about":[{"href":"https:\/\/apexvape.de\/nl\/wp-json\/wp\/v2\/types\/product"}],"replies":[{"embeddable":true,"href":"https:\/\/apexvape.de\/nl\/wp-json\/wp\/v2\/comments?post=6531"}],"version-history":[{"count":3,"href":"https:\/\/apexvape.de\/nl\/wp-json\/wp\/v2\/product\/6531\/revisions"}],"predecessor-version":[{"id":6562,"href":"https:\/\/apexvape.de\/nl\/wp-json\/wp\/v2\/product\/6531\/revisions\/6562"}],"wp:featuredmedia":[{"embeddable":true,"href":"https:\/\/apexvape.de\/nl\/wp-json\/wp\/v2\/media\/6549"}],"wp:attachment":[{"href":"https:\/\/apexvape.de\/nl\/wp-json\/wp\/v2\/media?parent=6531"}],"wp:term":[{"taxonomy":"product_brand","embeddable":true,"href":"https:\/\/apexvape.de\/nl\/wp-json\/wp\/v2\/product_brand?post=6531"},{"taxonomy":"product_cat","embeddable":true,"href":"https:\/\/apexvape.de\/nl\/wp-json\/wp\/v2\/product_cat?post=6531"},{"taxonomy":"product_tag","embeddable":true,"href":"https:\/\/apexvape.de\/nl\/wp-json\/wp\/v2\/product_tag?post=6531"}],"curies":[{"name":"wp","href":"https:\/\/api.w.org\/{rel}","templated":true}]}}