{"id":1560,"date":"2025-11-18T08:11:28","date_gmt":"2025-11-18T07:11:28","guid":{"rendered":"https:\/\/apexvape.de\/?page_id=1560"},"modified":"2025-11-18T08:11:30","modified_gmt":"2025-11-18T07:11:30","slug":"versand-und-lieferung","status":"publish","type":"page","link":"https:\/\/apexvape.de\/nl\/versand-und-lieferung\/","title":{"rendered":"Verzending en levering"},"content":{"rendered":"<h1 class=\"wp-block-heading\">Verzendbeleid en levering - apexvape<\/h1>\n\n\n\n<h2 class=\"wp-block-heading\">Verwerking en levertijd<\/h2>\n\n\n\n<p>Je bestellingen worden door ons binnen \u00e9\u00e9n tot drie werkdagen verwerkt en verzonden. Na verzending kun je rekenen op een levertijd van meestal tien tot vijftien werkdagen. Houd er rekening mee dat er in het weekend geen verzending plaatsvindt.<\/p>\n\n\n\n<h2 class=\"wp-block-heading\">Je bestelling volgen<\/h2>\n\n\n\n<p>Zodra je bestelling ons magazijn heeft verlaten, sturen we je een e-mail met de bijbehorende trackinggegevens. Houd er rekening mee dat het \u00e9\u00e9n tot twee dagen kan duren voordat de trackinggegevens zijn bijgewerkt op de trackingwebsite van de verzenddienstverlener.<\/p>\n\n\n\n<h2 class=\"wp-block-heading\">Annulering en wijziging van leveringsadres<\/h2>\n\n\n\n<p>Je hebt de mogelijkheid om je bestelling te annuleren of het afleveradres te wijzigen zolang de bestelling nog niet is verzonden. Helaas kunnen we geen geld teruggeven of adreswijzigingen doorvoeren zodra je bestelling is verzonden.<\/p>\n\n\n\n<h2 class=\"wp-block-heading\">DDP verzendservice (Delivered Duty Paid)<\/h2>\n\n\n\n<p>We bieden DDP-verzending voor geselecteerde landen. Met deze verzendmethode hoef je geen inklaringsprocedures of douanerechten te betalen:<\/p>\n\n\n\n<h3 class=\"wp-block-heading\">Verenigd Koninkrijk<\/h3>\n\n\n\n<ul class=\"wp-block-list\">\n<li><strong>Verzendpartner<\/strong>Lokaal DPD Express<\/li>\n\n\n\n<li><strong>Levertijd<\/strong>: 7 tot 12 dagen<\/li>\n<\/ul>\n\n\n\n<h3 class=\"wp-block-heading\">Europese Unie<\/h3>\n\n\n\n<ul class=\"wp-block-list\">\n<li><strong>Verzendpartner<\/strong>UPS\/DPD\/DHL Express<\/li>\n\n\n\n<li><strong>Levertijd<\/strong>10 tot 15 dagen<\/li>\n<\/ul>\n\n\n\n<h2 class=\"wp-block-heading\">DDP-verzending in Europese landen<\/h2>\n\n\n\n<p>De volgende Europese landen profiteren van onze DDP verzendservice:<\/p>\n\n\n\n<p>Duitsland, Belgi\u00eb, Luxemburg, Nederland, Tsjechi\u00eb, Polen, Kroati\u00eb, Slowakije, Sloveni\u00eb, Finland, Denemarken, Zweden, Oostenrijk, Frankrijk, Itali\u00eb, Hongarije, Bulgarije, Litouwen, Estland, Letland, Griekenland, Ierland, Portugal en Spanje.<\/p>\n\n\n\n<h2 class=\"wp-block-heading\">Opmerkingen over verzendtijden<\/h2>\n\n\n\n<p>De werkelijke levertijden kunnen vari\u00ebren afhankelijk van het land van bestemming en de gekozen verzendmethode. Voor leveringen binnen Europese landen is de standaard levertijd acht tot dertien dagen.<\/p>","protected":false},"excerpt":{"rendered":"<p>Versandrichtlinien und Zustellung &#8211; apexvape Bearbeitungs- und Lieferdauer Ihre Bestellungen werden von uns innerhalb eines Zeitraums von ein bis drei<\/p>","protected":false},"author":1,"featured_media":0,"parent":0,"menu_order":0,"comment_status":"closed","ping_status":"closed","template":"","meta":{"footnotes":""},"class_list":["post-1560","page","type-page","status-publish","hentry"],"_links":{"self":[{"href":"https:\/\/apexvape.de\/nl\/wp-json\/wp\/v2\/pages\/1560","targetHints":{"allow":["GET"]}}],"collection":[{"href":"https:\/\/apexvape.de\/nl\/wp-json\/wp\/v2\/pages"}],"about":[{"href":"https:\/\/apexvape.de\/nl\/wp-json\/wp\/v2\/types\/page"}],"author":[{"embeddable":true,"href":"https:\/\/apexvape.de\/nl\/wp-json\/wp\/v2\/users\/1"}],"replies":[{"embeddable":true,"href":"https:\/\/apexvape.de\/nl\/wp-json\/wp\/v2\/comments?post=1560"}],"version-history":[{"count":0,"href":"https:\/\/apexvape.de\/nl\/wp-json\/wp\/v2\/pages\/1560\/revisions"}],"wp:attachment":[{"href":"https:\/\/apexvape.de\/nl\/wp-json\/wp\/v2\/media?parent=1560"}],"curies":[{"name":"wp","href":"https:\/\/api.w.org\/{rel}","templated":true}]}}