{"id":6682,"date":"2026-04-06T10:58:41","date_gmt":"2026-04-06T08:58:41","guid":{"rendered":"https:\/\/apexvape.de\/?post_type=product&#038;p=6682"},"modified":"2026-04-06T10:59:13","modified_gmt":"2026-04-06T08:59:13","slug":"airmez-fox-4-in-1-120k","status":"publish","type":"product","link":"https:\/\/apexvape.de\/it\/product\/airmez-fox-4-in-1-120k\/","title":{"rendered":"Airmez FOX 4 IN 1 120K boccate di vapore monouso"},"content":{"rendered":"<h1>Airmez FOX 4 IN 1 120K Puff usa e getta - 4 gusti e 120.000 puff<\/h1>\n<p>Airmez FOX 4 IN 1 120K eroga fino a 120.000 boccate con un sistema di aromi 4 in 1 e 60 ml di e-liquid per un divertimento di lunga durata. Il display a LED consente di monitorare facilmente i livelli della batteria e dell'e-liquid, mentre la batteria da 650 mAh con ricarica rapida Type-C riduce al minimo i tempi di inattivit\u00e0. Con 3 intensit\u00e0 di nicotina % e una bobina da 1,0 \u03a9 per un vapore omogeneo e costante, \u00e8 un dispositivo versatile ad alte prestazioni per i vapers che esigono qualit\u00e0 e variet\u00e0.<\/p>\n<h2>Airmez FOX 4 IN 1 120K Puffs - I punti di forza pi\u00f9 importanti<\/h2>\n<p>Airmez FOX 4 IN 1 120K \u00e8 un potente vaporizzatore con un'impressionante capacit\u00e0 di 120.000 boccate per un'esperienza di vaping duratura e soddisfacente. Ci\u00f2 che lo distingue \u00e8 il suo sistema di aromi 4 in 1, che consente agli utenti di godere di quattro aromi unici in un unico dispositivo, per una variet\u00e0 e una convenienza senza pari.<\/p>\n<p>Con una generosa ricarica di 60 ml di e-liquid (15 ml \u00d7 4 serbatoi), questo dispositivo \u00e8 progettato per un divertimento duraturo con meno interruzioni. Un intuitivo display a LED vi tiene sempre informati e vi permette di monitorare facilmente lo stato della batteria e il livello di riempimento dell'e-liquid, anche quando siete in movimento.<\/p>\n<p>La ricarica \u00e8 facile e veloce grazie alla batteria da 650 mAh con ricarica rapida Type-C, in modo che il dispositivo sia sempre pronto quando serve. Airmez FOX 4 IN 1 120K \u00e8 disponibile con 3 intensit\u00e0 di nicotina % e si rivolge agli utenti che preferiscono un'esperienza di nicotina morbida e controllata.<\/p>\n<p>Al centro del dispositivo c'\u00e8 una bobina a rete da 1,0 \u03a9, che eroga un vapore omogeneo e aromatico a ogni boccata. Questa combinazione di capacit\u00e0, variet\u00e0 e tecnologia rende Airmez FOX 4 IN 1 120K un dispositivo versatile ad alte prestazioni per i vapers pi\u00f9 esigenti.<\/p>\n<h2>Dati tecnici - Airmez FOX 4 IN 1 120K Puffs<\/h2>\n<table>\n<thead>\n<tr>\n<th>Caratteristica<\/th>\n<th>dettagli<\/th>\n<\/tr>\n<\/thead>\n<tbody>\n<tr>\n<td>Numero di treni<\/td>\n<td>120.000 treni<\/td>\n<\/tr>\n<tr>\n<td>Capacit\u00e0 del liquido elettronico<\/td>\n<td>15 ml \u00d7 4 serbatoi (60 ml in totale)<\/td>\n<\/tr>\n<tr>\n<td>Modalit\u00e0 di aromatizzazione<\/td>\n<td>4 gusti regolabili<\/td>\n<\/tr>\n<tr>\n<td>Capacit\u00e0 della batteria<\/td>\n<td>650 mAh (ricaricabile)<\/td>\n<\/tr>\n<tr>\n<td>Bobina<\/td>\n<td>1,0 \u03a9 Bobina di maglia<\/td>\n<\/tr>\n<tr>\n<td>Collegamento di ricarica<\/td>\n<td>USB tipo C<\/td>\n<\/tr>\n<tr>\n<td>Unit\u00e0 di imballaggio<\/td>\n<td>10 pezzi per confezione<\/td>\n<\/tr>\n<tr>\n<td>Gusti disponibili<\/td>\n<td>10 opzioni<\/td>\n<\/tr>\n<\/tbody>\n<\/table>\n<h2>Airmez FOX 4 IN 1 120K Puffs - Gusti disponibili<\/h2>\n<ol>\n<li>Lampone fragola \/ Kiwi fragola \/ Ghiaccio fragola \/ Pesca mango anguria<\/li>\n<li>Ghiaccio all'anguria \/ Anguria alla fragola \/ Anguria al lampone \/ Lampone al mirtillo<\/li>\n<li>Limonata rosa \/ Bacio della passione \/ Bacche miste \/ Tripla bacca<\/li>\n<li>Ciliegia \/ Amore 66 \/ Limonata ai frutti di bosco \/ Ghiaccio all'uva<\/li>\n<li>Mango e pesca \/ Frutta tropicale \/ Pesca ghiacciata \/ Ananas mango acido<\/li>\n<li>Ghiaccio all'uva \/ Amore 66 \/ Mirtillo su ghiaccio \/ Frutto del drago su ghiaccio<\/li>\n<li>Amore 66 \/ Ciliegia \/ Mirtillo su ghiaccio \/ Kiwi Frutto della passione Guava<\/li>\n<li>Ghiaccio alla pesca \/ Limonata rosa \/ Ghiaccio all'anguria \/ Dr. Blue<\/li>\n<li>Mojito rosso \/ Love 66 \/ Frutti di bosco misti \/ Anguria alla fragola<\/li>\n<li>Pesca Mango Anguria \/ Mirtillo Ciliegia \/ Anguria Frutto del Drago \/ Bacio della Passione<\/li>\n<\/ol>\n<h2>Domande frequenti (FAQ) - Airmez FOX 4 IN 1 120K Puffs<\/h2>\n<p><strong>D1: Cosa distingue Airmez FOX 4 IN 1 120K da altri vapers usa e getta?<\/strong> Airmez FOX 4 IN 1 120K si distingue per l'impressionante capacit\u00e0 di 120.000 puff, quattro gusti unici in un unico dispositivo e una scorta di e-liquid da 60 ml: una delle opzioni pi\u00f9 versatili e durature sul mercato.<\/p>\n<p><strong>D2: Quanti gusti sono disponibili in un apparecchio?<\/strong> Questo innovativo dispositivo \u00e8 dotato di un sistema di aromi 4-in-1 che consente agli utenti di accedere a quattro aromi diversi senza dover cambiare il dispositivo - ideale per i vapers che apprezzano la variet\u00e0.<\/p>\n<p><strong>D3: Quanto dura la batteria e supporta la ricarica rapida?<\/strong> Il dispositivo \u00e8 alimentato da una batteria da 650 mAh con ricarica rapida Type-C, che garantisce tempi di inattivit\u00e0 minimi e mantiene il dispositivo sempre pronto all'uso.<\/p>\n<p><strong>D4: C'\u00e8 un display per monitorare il livello dell'e-liquid e della batteria?<\/strong> S\u00ec, \u00e8 dotato di un display LED integrato che consente agli utenti di monitorare facilmente il livello della batteria e il livello di e-liquid rimanente in tempo reale.<\/p>\n<p><strong>D5: Quale intensit\u00e0 di nicotina e quale tipo di bobina utilizza questo vaporizzatore?<\/strong> \u00c8 disponibile con 3 gradazioni di nicotina % ed \u00e8 dotata di una bobina a maglia da 1,0 \u03a9 che offre un vapore omogeneo, costante e saporito ad ogni boccata.<\/p>\n<h2>Scopri di pi\u00f9 AIRMEZ VAPE su Apexvape<\/h2>\n<p>Se cercate altri prodotti per vaporizzatori di alta qualit\u00e0, nel nostro negozio troverete sicuramente quello che cercate. Sfogliate il nostro <strong><a href=\"https:\/\/apexvape.de\/it\/\">Homepage<\/a><\/strong> per l'intera gamma o per scoprire altri modelli e nuovi prodotti del marchio nella sezione <strong><a href=\"https:\/\/apexvape.de\/it\/product-category\/airmez-vape\/\">Categoria Airmez Vape<\/a><\/strong>.<\/p>","protected":false},"excerpt":{"rendered":"<p class=\"font-claude-response-body break-words whitespace-normal leading-[1.7]\">Der Airmez FOX 4 IN 1 120K bietet 120.000 Z\u00fcge, 60 ml E-Liquid auf 4 Tanks und ein 4-in-1-Aromasystem. LED-Display f\u00fcr Akku- und F\u00fcllstandskontrolle, 1,0-\u03a9-Mesh-Coil, 650-mAh-Akku mit Type-C-Schnellladung \u2013 mit 3 % Nikotin.<\/p>\n<p class=\"font-claude-response-body break-words whitespace-normal leading-[1.7]\">\n","protected":false},"featured_media":6694,"comment_status":"open","ping_status":"closed","template":"","meta":[],"product_brand":[],"product_cat":[86],"product_tag":[],"class_list":{"0":"post-6682","1":"product","2":"type-product","3":"status-publish","4":"has-post-thumbnail","6":"product_cat-airmez-vape","8":"first","9":"instock","10":"shipping-taxable","11":"purchasable","12":"product-type-variable"},"_links":{"self":[{"href":"https:\/\/apexvape.de\/it\/wp-json\/wp\/v2\/product\/6682","targetHints":{"allow":["GET"]}}],"collection":[{"href":"https:\/\/apexvape.de\/it\/wp-json\/wp\/v2\/product"}],"about":[{"href":"https:\/\/apexvape.de\/it\/wp-json\/wp\/v2\/types\/product"}],"replies":[{"embeddable":true,"href":"https:\/\/apexvape.de\/it\/wp-json\/wp\/v2\/comments?post=6682"}],"version-history":[{"count":0,"href":"https:\/\/apexvape.de\/it\/wp-json\/wp\/v2\/product\/6682\/revisions"}],"wp:featuredmedia":[{"embeddable":true,"href":"https:\/\/apexvape.de\/it\/wp-json\/wp\/v2\/media\/6694"}],"wp:attachment":[{"href":"https:\/\/apexvape.de\/it\/wp-json\/wp\/v2\/media?parent=6682"}],"wp:term":[{"taxonomy":"product_brand","embeddable":true,"href":"https:\/\/apexvape.de\/it\/wp-json\/wp\/v2\/product_brand?post=6682"},{"taxonomy":"product_cat","embeddable":true,"href":"https:\/\/apexvape.de\/it\/wp-json\/wp\/v2\/product_cat?post=6682"},{"taxonomy":"product_tag","embeddable":true,"href":"https:\/\/apexvape.de\/it\/wp-json\/wp\/v2\/product_tag?post=6682"}],"curies":[{"name":"wp","href":"https:\/\/api.w.org\/{rel}","templated":true}]}}