{"id":6655,"date":"2026-04-06T10:51:52","date_gmt":"2026-04-06T08:51:52","guid":{"rendered":"https:\/\/apexvape.de\/?post_type=product&#038;p=6655"},"modified":"2026-04-06T10:52:28","modified_gmt":"2026-04-06T08:52:28","slug":"airmez-fox-6-in-1-140k","status":"publish","type":"product","link":"https:\/\/apexvape.de\/it\/product\/airmez-fox-6-in-1-140k\/","title":{"rendered":"Airmez FOX 6 IN 1 140K boccate di vapore monouso"},"content":{"rendered":"<h1>Airmez FOX 6 IN 1 140K Puffs usa e getta - 6 gusti in un unico dispositivo<\/h1>\n<p>Airmez FOX 6 IN 1 140K offre sei esperienze di gusto in un unico dispositivo, supportato da una capacit\u00e0 totale di e-liquid di 45 ml su tre serbatoi per un tempo di utilizzo extra-lungo. Una bobina a rete avanzata assicura un riscaldamento uniforme e un vapore morbido e saporito a ogni boccata. La batteria da 650 mAh con ricarica rapida Type-C garantisce prestazioni stabili e tempi di inattivit\u00e0 minimi. Non sono necessari pulsanti o impostazioni grazie al semplice sistema di attivazione dell'estrazione. Con 3 intensit\u00e0 di nicotina %, offre un'esperienza soddisfacente fin dalla prima volta.<\/p>\n<p><img decoding=\"async\" class=\"alignnone size-large wp-image-6678\" src=\"https:\/\/spcdn.shortpixel.ai\/spio\/ret_img,q_cdnize,to_webp,s_webp\/apexvape.de\/wp-content\/uploads\/2026\/04\/banner-1024x320.png\" alt=\"Airmez FOX 6 IN 1 140K\" width=\"1024\" height=\"320\" srcset=\"https:\/\/spcdn.shortpixel.ai\/spio\/ret_img,q_cdnize,to_webp,s_webp\/apexvape.de\/wp-content\/uploads\/2026\/04\/banner-1024x320.png 1024w, https:\/\/spcdn.shortpixel.ai\/spio\/ret_img,q_cdnize,to_webp,s_webp\/apexvape.de\/wp-content\/uploads\/2026\/04\/banner-300x94.png 300w, https:\/\/spcdn.shortpixel.ai\/spio\/ret_img,q_cdnize,to_webp,s_webp\/apexvape.de\/wp-content\/uploads\/2026\/04\/banner-768x240.png 768w, https:\/\/spcdn.shortpixel.ai\/spio\/ret_img,q_cdnize,to_webp,s_webp\/apexvape.de\/wp-content\/uploads\/2026\/04\/banner-1536x480.png 1536w, https:\/\/spcdn.shortpixel.ai\/spio\/ret_img,q_cdnize,to_webp,s_webp\/apexvape.de\/wp-content\/uploads\/2026\/04\/banner-2048x640.png 2048w, https:\/\/spcdn.shortpixel.ai\/spio\/ret_img,q_cdnize,to_webp,s_webp\/apexvape.de\/wp-content\/uploads\/2026\/04\/banner-18x6.png 18w, https:\/\/spcdn.shortpixel.ai\/spio\/ret_img,q_cdnize,to_webp,s_webp\/apexvape.de\/wp-content\/uploads\/2026\/04\/banner-1200x375.png 1200w, https:\/\/spcdn.shortpixel.ai\/spio\/ret_img,q_cdnize,to_webp,s_webp\/apexvape.de\/wp-content\/uploads\/2026\/04\/banner-150x47.png 150w\" sizes=\"(max-width: 1024px) 100vw, 1024px\" \/><\/p>\n<h2>Airmez FOX 6 IN 1 140K Puffs - I punti di forza pi\u00f9 importanti<\/h2>\n<p>Airmez FOX 6 IN 1 140K \u00e8 stato sviluppato per i vapers che cercano la variet\u00e0 senza compromessi. Il sistema di aromi 6 in 1 offre sei diverse esperienze di gusto in un unico dispositivo, mentre la generosa capacit\u00e0 di e-liquid di 15 ml \u00d7 3 serbatoi assicura un uso duraturo senza frequenti sostituzioni.<\/p>\n<p>Le prestazioni sono garantite da una bobina a rete avanzata che offre un riscaldamento uniforme, una maggiore chiarezza del sapore e un vapore sempre omogeneo. Una batteria da 650 mAh con porta di ricarica Type-C mantiene il dispositivo in funzione con una potenza stabile e la comodit\u00e0 di tutti i giorni.<\/p>\n<p>Il dispositivo \u00e8 stato progettato per essere semplice: nessun pulsante, nessuna impostazione, basta tirare per attivarlo. Con un'intensit\u00e0 di nicotina standardizzata di 3 %, offre un'esperienza soddisfacente e conforme, adatta a un'ampia gamma di utenti, fin dalla confezione.<\/p>\n<h2>Dati tecnici - Airmez FOX 6 IN 1 140K Puffs<\/h2>\n<table>\n<thead>\n<tr>\n<th>Caratteristica<\/th>\n<th>dettagli<\/th>\n<\/tr>\n<\/thead>\n<tbody>\n<tr>\n<td>Numero massimo di treni<\/td>\n<td>140.000 treni<\/td>\n<\/tr>\n<tr>\n<td>Forza della nicotina<\/td>\n<td>3 %<\/td>\n<\/tr>\n<tr>\n<td>Capacit\u00e0 pre-riempita<\/td>\n<td>15 ml \u00d7 3 vasche (45 ml in totale)<\/td>\n<\/tr>\n<tr>\n<td>Capacit\u00e0 della batteria<\/td>\n<td>650 mAh<\/td>\n<\/tr>\n<tr>\n<td>Collegamento di ricarica<\/td>\n<td>USB tipo C<\/td>\n<\/tr>\n<tr>\n<td>Unit\u00e0 di imballaggio<\/td>\n<td>1 scatola = 10 pezzi<\/td>\n<\/tr>\n<tr>\n<td>Operazione<\/td>\n<td>Attivazione del treno<\/td>\n<\/tr>\n<\/tbody>\n<\/table>\n<h2>Airmez FOX 6 IN 1 140K Puffs - Gusti disponibili<\/h2>\n<ol>\n<li>Amore 66 \/ Limonata ai frutti di bosco \/ Ciliegia frizzante<\/li>\n<li>Bacche miste \/ Limonata Blu Razz \/ Bacche di ciliegia<\/li>\n<li>Ghiaccio al pompelmo \/ Fusione fruttata \/ Anguria al lampone<\/li>\n<li>Ciliegia \/ Ghiaccio alla cola \/ Ghiaccio al mango<\/li>\n<li>Ghiaccio alla pesca \/ Ghiaccio al mango \/ Dr. Blue<\/li>\n<li>Fragola Banana \/ Vimto \/ Mirtillo Ciliegia Mirtillo Rosso<\/li>\n<li>Ghiaccio alla fragola \/ Limonata rosa \/ Bingo Crush<\/li>\n<li>Amore 66 \/ Fragola Kiwi \/ Pesca Mango<\/li>\n<li>Anguria alla fragola \/ Triplo Melone \/ Ghiaccio Blu Razz<\/li>\n<li>Ghiaccio all'anguria \/ Bingo Crush \/ Bacche miste<\/li>\n<\/ol>\n<h2>Domande frequenti (FAQ) - Airmez FOX 6 IN 1 140K Puffs<\/h2>\n<p><strong>D1: Cosa distingue Airmez FOX 6 IN 1 140K da altri vapers usa e getta?<\/strong> L'Airmez FOX 6 IN 1 140K si distingue per il suo sistema di aromi 6 in 1, che offre sei diverse esperienze di gusto in un unico dispositivo - combinato con una grande capacit\u00e0 totale di e-liquid di 45 ml per una durata particolarmente lunga.<\/p>\n<p><strong>D2: Quanto e-liquid contiene questo dispositivo?<\/strong> Il dispositivo dispone di tre serbatoi separati da 15 ml con una capacit\u00e0 totale di 45 ml di e-liquid, progettati per ridurre le sostituzioni frequenti e consentire una sessione di svapo pi\u00f9 lunga.<\/p>\n<p><strong>D3: Che tipo di bobina utilizza questo vaporizzatore?<\/strong> \u00c8 dotata di una bobina a rete avanzata che assicura un riscaldamento uniforme, una migliore chiarezza del sapore e un vapore uniforme ad ogni boccata.<\/p>\n<p><strong>D4: Come funzionano la batteria e la ricarica?<\/strong> Il dispositivo \u00e8 alimentato da una batteria da 650 mAh con connessione di ricarica Type-C e offre un'alimentazione stabile e una ricarica rapida e comoda in qualsiasi momento.<\/p>\n<p><strong>D5: Questo dispositivo \u00e8 adatto ai principianti?<\/strong> Assolutamente. Il dispositivo non richiede pulsanti o impostazioni: \u00e8 sufficiente estrarre per attivare. Con un'intensit\u00e0 di nicotina semplice di 3 %, \u00e8 un'opzione senza problemi per tutti i livelli di esperienza.<\/p>\n<h2>Scopri di pi\u00f9 AIRMEZ VAPE su Apexvape<\/h2>\n<p>Airmez FOX 6 IN 1 140K \u00e8 solo una delle tante opzioni interessanti della nostra gamma. Potete trovare una panoramica completa di tutti i prodotti disponibili sul nostro sito web <strong><a href=\"https:\/\/apexvape.de\/it\/\">Homepage<\/a><\/strong>. Tutti i modelli del marchio Airmez, compresi i pi\u00f9 recenti, sono chiaramente elencati nella sezione \"Modelli\". <strong><a href=\"https:\/\/apexvape.de\/it\/product-category\/airmez-vape\/\">Categoria Airmez Vape<\/a><\/strong> riassunto.<\/p>","protected":false},"excerpt":{"rendered":"<p class=\"font-claude-response-body break-words whitespace-normal leading-[1.7]\">Der Airmez FOX 6 IN 1 140K bietet 140.000 Z\u00fcge, 45 ml E-Liquid auf 3 Tanks und ein 6-in-1-Aromasystem. Advanced Mesh Coil, zugaktiviert ohne Kn\u00f6pfe, 650-mAh-Akku mit Type-C-Schnellladung \u2013 mit 3 % Nikotin direkt einsatzbereit.<\/p>\n<p class=\"font-claude-response-body break-words whitespace-normal leading-[1.7]\">\n","protected":false},"featured_media":6667,"comment_status":"open","ping_status":"closed","template":"","meta":[],"product_brand":[],"product_cat":[86],"product_tag":[],"class_list":{"0":"post-6655","1":"product","2":"type-product","3":"status-publish","4":"has-post-thumbnail","6":"product_cat-airmez-vape","8":"first","9":"instock","10":"shipping-taxable","11":"purchasable","12":"product-type-variable"},"_links":{"self":[{"href":"https:\/\/apexvape.de\/it\/wp-json\/wp\/v2\/product\/6655","targetHints":{"allow":["GET"]}}],"collection":[{"href":"https:\/\/apexvape.de\/it\/wp-json\/wp\/v2\/product"}],"about":[{"href":"https:\/\/apexvape.de\/it\/wp-json\/wp\/v2\/types\/product"}],"replies":[{"embeddable":true,"href":"https:\/\/apexvape.de\/it\/wp-json\/wp\/v2\/comments?post=6655"}],"version-history":[{"count":0,"href":"https:\/\/apexvape.de\/it\/wp-json\/wp\/v2\/product\/6655\/revisions"}],"wp:featuredmedia":[{"embeddable":true,"href":"https:\/\/apexvape.de\/it\/wp-json\/wp\/v2\/media\/6667"}],"wp:attachment":[{"href":"https:\/\/apexvape.de\/it\/wp-json\/wp\/v2\/media?parent=6655"}],"wp:term":[{"taxonomy":"product_brand","embeddable":true,"href":"https:\/\/apexvape.de\/it\/wp-json\/wp\/v2\/product_brand?post=6655"},{"taxonomy":"product_cat","embeddable":true,"href":"https:\/\/apexvape.de\/it\/wp-json\/wp\/v2\/product_cat?post=6655"},{"taxonomy":"product_tag","embeddable":true,"href":"https:\/\/apexvape.de\/it\/wp-json\/wp\/v2\/product_tag?post=6655"}],"curies":[{"name":"wp","href":"https:\/\/api.w.org\/{rel}","templated":true}]}}