{"id":6531,"date":"2026-03-15T14:21:33","date_gmt":"2026-03-15T13:21:33","guid":{"rendered":"https:\/\/apexvape.de\/?post_type=product&#038;p=6531"},"modified":"2026-03-15T14:22:48","modified_gmt":"2026-03-15T13:22:48","slug":"airmez-tornado-25000","status":"publish","type":"product","link":"https:\/\/apexvape.de\/it\/product\/airmez-tornado-25000\/","title":{"rendered":"Airmez Tornado 25000 soffi di vapore usa e getta"},"content":{"rendered":"<h1>Airmez Tornado 25000 puff - sigaretta elettronica monouso<\/h1>\n<p>Il <strong>Airmez Tornado 25000<\/strong> \u00e8 una sigaretta elettronica monouso di alta qualit\u00e0 per esperienze di svapo durature e ricche di sapore. Con un massimo di <strong>25.000 treni<\/strong>, <strong>25 ml di e-liquid pre-riempito<\/strong> e uno <strong>Concentrazione di nicotina di 5 %<\/strong> offre una resistenza eccezionale. A <strong>Bobina a maglia<\/strong> garantisce un riscaldamento uniforme, mentre un <strong>Display integrato<\/strong> I livelli della batteria e dell'e-liquid sono chiaramente visualizzati. Grazie alla batteria ricaricabile, non \u00e8 necessario effettuare ricariche frequenti, per un piacere di svapo ininterrotto. Il <strong>Tecnologia di atomizzazione automatica<\/strong> rende il vaping un gioco da ragazzi per tutti i livelli di esperienza.<\/p>\n<p><img decoding=\"async\" class=\"alignnone size-large wp-image-6548\" src=\"https:\/\/spcdn.shortpixel.ai\/spio\/ret_img,q_cdnize,to_webp,s_webp\/apexvape.de\/wp-content\/uploads\/2026\/03\/AIRMEZ-25K-banner-1024x427.png\" alt=\"Airmez Tornado 25000\" width=\"1024\" height=\"427\" srcset=\"https:\/\/spcdn.shortpixel.ai\/spio\/ret_img,q_cdnize,to_webp,s_webp\/apexvape.de\/wp-content\/uploads\/2026\/03\/AIRMEZ-25K-banner-1024x427.png 1024w, https:\/\/spcdn.shortpixel.ai\/spio\/ret_img,q_cdnize,to_webp,s_webp\/apexvape.de\/wp-content\/uploads\/2026\/03\/AIRMEZ-25K-banner-300x125.png 300w, https:\/\/spcdn.shortpixel.ai\/spio\/ret_img,q_cdnize,to_webp,s_webp\/apexvape.de\/wp-content\/uploads\/2026\/03\/AIRMEZ-25K-banner-768x320.png 768w, https:\/\/spcdn.shortpixel.ai\/spio\/ret_img,q_cdnize,to_webp,s_webp\/apexvape.de\/wp-content\/uploads\/2026\/03\/AIRMEZ-25K-banner-1536x640.png 1536w, https:\/\/spcdn.shortpixel.ai\/spio\/ret_img,q_cdnize,to_webp,s_webp\/apexvape.de\/wp-content\/uploads\/2026\/03\/AIRMEZ-25K-banner-18x8.png 18w, https:\/\/spcdn.shortpixel.ai\/spio\/ret_img,q_cdnize,to_webp,s_webp\/apexvape.de\/wp-content\/uploads\/2026\/03\/AIRMEZ-25K-banner-1200x500.png 1200w, https:\/\/spcdn.shortpixel.ai\/spio\/ret_img,q_cdnize,to_webp,s_webp\/apexvape.de\/wp-content\/uploads\/2026\/03\/AIRMEZ-25K-banner-150x63.png 150w, https:\/\/spcdn.shortpixel.ai\/spio\/ret_img,q_cdnize,to_webp,s_webp\/apexvape.de\/wp-content\/uploads\/2026\/03\/AIRMEZ-25K-banner.png 1920w\" sizes=\"(max-width: 1024px) 100vw, 1024px\" \/><\/p>\n<h2>Airmez Tornado 25000 Puffs - Punti di forza<\/h2>\n<p>Il <strong>Airmez Tornado 25000<\/strong> \u00e8 un atomizzatore automatico di prima classe, ideale per i vapers che apprezzano un'esperienza lunga e aromatica. L'avanzata tecnologia di atomizzazione consente di svapare senza inalare, in modo naturale e semplice come respirare.<\/p>\n<p>Con <strong>25.000 treni<\/strong> e <strong>25 ml di e-liquid<\/strong> con <strong>5 % (50 mg) Contenuto di nicotina<\/strong> Tornado 25000 offre un piacere di svapo particolarmente duraturo. Il <strong>Bobina a maglia<\/strong> garantisce un riscaldamento uniforme per un tiraggio sempre regolare, mentre il <strong>Display integrato<\/strong> batteria e il livello di riempimento sono facilmente visibili.<\/p>\n<p>Quello potente, <strong>Batteria ricaricabile da 850 mAh<\/strong> elimina la necessit\u00e0 di ricaricare frequentemente e tiene il passo con ogni sessione di vaping, dall'inizio alla fine. Progettata per la massima durata, estende il tempo di atomizzazione per un'esperienza ininterrotta.<\/p>\n<h2>Dati tecnici<\/h2>\n<table>\n<thead>\n<tr>\n<th>Caratteristica<\/th>\n<th>dettagli<\/th>\n<\/tr>\n<\/thead>\n<tbody>\n<tr>\n<td>Liquido per sigarette elettroniche<\/td>\n<td>25 ml<\/td>\n<\/tr>\n<tr>\n<td>Numero di treni<\/td>\n<td>25.000 treni<\/td>\n<\/tr>\n<tr>\n<td>Bobina<\/td>\n<td>Bobina a doppia maglia<\/td>\n<\/tr>\n<tr>\n<td>batteria ricaricabile<\/td>\n<td>850 mAh, ricaricabile<\/td>\n<\/tr>\n<tr>\n<td>Modalit\u00e0 di vapore<\/td>\n<td>Diverse modalit\u00e0 disponibili<\/td>\n<\/tr>\n<tr>\n<td>Display<\/td>\n<td>Display della batteria e dell'e-liquid<\/td>\n<\/tr>\n<tr>\n<td>Contenuto di nicotina<\/td>\n<td>5 %<\/td>\n<\/tr>\n<tr>\n<td>Porta di ricarica<\/td>\n<td>USB-C<\/td>\n<\/tr>\n<tr>\n<td>Tipo<\/td>\n<td>Sigaretta elettronica MTL<\/td>\n<\/tr>\n<\/tbody>\n<\/table>\n<h2>Airmez Tornado 25000 - Gusti disponibili<\/h2>\n<ol>\n<li>Anguria e fragola <em>(Fragola e anguria)<\/em><\/li>\n<li>Kiwi Frutto della passione Guava <em>(kiwi, frutto della passione e guava)<\/em><\/li>\n<li>Mirtillo su ghiaccio <em>(Mirtillo con ghiaccio)<\/em><\/li>\n<li>Pesca e mango <em>(Pesca e mango)<\/em><\/li>\n<li>Ghiaccio alla fragola <em>(Fragola su gelato)<\/em><\/li>\n<li>Frutti di bosco misti <em>(Bacche miste)<\/em><\/li>\n<li>Lush Ice <em>(Anguria con ghiaccio)<\/em><\/li>\n<li>Grape Ice <em>(Uva in ghiaccio)<\/em><\/li>\n<li>Ghiaccio alla pesca <em>(Pesca con ghiaccio)<\/em><\/li>\n<li>Limonata ai frutti di bosco <em>(limonata ai frutti di bosco)<\/em><\/li>\n<li>Gelato al frutto del drago <em>(Frutto del drago con ghiaccio)<\/em><\/li>\n<li>Limone e lime <em>(limone e lime)<\/em><\/li>\n<li>Triplo frutti di bosco <em>(tripla bacca)<\/em><\/li>\n<li>Ciliegia <em>(ciliegia)<\/em><\/li>\n<li>Mela acida <em>(Mela acida)<\/em><\/li>\n<\/ol>\n<h2>Domande frequenti (FAQ)<\/h2>\n<p><strong>D1: Che cos'\u00e8 l'Airmez Tornado 25000 e quanti soffi offre?<\/strong> Airmez Tornado 25000 \u00e8 un'avanzata sigaretta elettronica usa e getta con una potenza fino a <strong>25.000 treni<\/strong>, <strong>25 ml di e-liquid pre-riempito<\/strong> e un <strong>Contenuto di nicotina di 5 %<\/strong>.<\/p>\n<p><strong>D2: Il Tornado 25000 deve essere ricaricato frequentemente?<\/strong> No. La potente batteria ricaricabile prolunga notevolmente il tempo di nebulizzazione e garantisce sessioni di svapo ininterrotte, senza il fastidio di doverla ricaricare.<\/p>\n<p><strong>D3: Quale tecnologia garantisce una piacevole esperienza di svapo con Tornado 25000?<\/strong> Il <strong>Bobina a maglia<\/strong> consente un riscaldamento uniforme per un tiraggio sempre regolare. Il <strong>Display integrato<\/strong> visualizza chiaramente i livelli di batteria e di e-liquid in ogni momento.<\/p>\n<p><strong>D4: Il Tornado 25000 \u00e8 adatto anche ai principianti?<\/strong> Assolutamente. Grazie al <strong>tecnologia di atomizzazione automatica<\/strong> Il vaping \u00e8 facile come respirare, senza bisogno di complicate configurazioni. Perfetto per tutti i livelli di esperienza.<\/p>\n<h2>Scopri ora da Apex Vape<\/h2>\n<p>Airmez Tornado 25000 \u00e8 la scelta ideale per chi cerca un'esperienza di vaping di alta qualit\u00e0, di lunga durata e ricca di sapore. Sfoglia la nostra gamma completa su <strong><a href=\"https:\/\/apexvape.de\/it\/\">Apex Vape<\/a><\/strong> o scoprire altri prodotti di punta nella sezione <strong><a href=\"https:\/\/apexvape.de\/it\/product-category\/airmez-vape\/\">Categoria Airmez Vape<\/a><\/strong> - per una qualit\u00e0 di prim'ordine e un'ampia scelta di sapori.<\/p>","protected":false},"excerpt":{"rendered":"<p class=\"font-claude-response-body break-words whitespace-normal leading-[1.7]\">Der Airmez Tornado 25000 bietet bis zu 25.000 Z\u00fcge, 25 ml E-Liquid mit 5 % Nikotin und einen Dual-Mesh-Coil f\u00fcr gleichm\u00e4\u00dfigen Dampfgenuss. Mit wiederaufladbarem 850-mAh-Akku, integriertem Display und USB-C-Ladeanschluss \u2013 perfekt f\u00fcr Einsteiger und Profis.<\/p>\n<p class=\"font-claude-response-body break-words whitespace-normal leading-[1.7]\">\n","protected":false},"featured_media":6549,"comment_status":"open","ping_status":"closed","template":"","meta":[],"product_brand":[],"product_cat":[86],"product_tag":[],"class_list":{"0":"post-6531","1":"product","2":"type-product","3":"status-publish","4":"has-post-thumbnail","6":"product_cat-airmez-vape","8":"first","9":"instock","10":"shipping-taxable","11":"purchasable","12":"product-type-variable"},"_links":{"self":[{"href":"https:\/\/apexvape.de\/it\/wp-json\/wp\/v2\/product\/6531","targetHints":{"allow":["GET"]}}],"collection":[{"href":"https:\/\/apexvape.de\/it\/wp-json\/wp\/v2\/product"}],"about":[{"href":"https:\/\/apexvape.de\/it\/wp-json\/wp\/v2\/types\/product"}],"replies":[{"embeddable":true,"href":"https:\/\/apexvape.de\/it\/wp-json\/wp\/v2\/comments?post=6531"}],"version-history":[{"count":3,"href":"https:\/\/apexvape.de\/it\/wp-json\/wp\/v2\/product\/6531\/revisions"}],"predecessor-version":[{"id":6562,"href":"https:\/\/apexvape.de\/it\/wp-json\/wp\/v2\/product\/6531\/revisions\/6562"}],"wp:featuredmedia":[{"embeddable":true,"href":"https:\/\/apexvape.de\/it\/wp-json\/wp\/v2\/media\/6549"}],"wp:attachment":[{"href":"https:\/\/apexvape.de\/it\/wp-json\/wp\/v2\/media?parent=6531"}],"wp:term":[{"taxonomy":"product_brand","embeddable":true,"href":"https:\/\/apexvape.de\/it\/wp-json\/wp\/v2\/product_brand?post=6531"},{"taxonomy":"product_cat","embeddable":true,"href":"https:\/\/apexvape.de\/it\/wp-json\/wp\/v2\/product_cat?post=6531"},{"taxonomy":"product_tag","embeddable":true,"href":"https:\/\/apexvape.de\/it\/wp-json\/wp\/v2\/product_tag?post=6531"}],"curies":[{"name":"wp","href":"https:\/\/api.w.org\/{rel}","templated":true}]}}