{"id":6287,"date":"2025-12-20T12:53:02","date_gmt":"2025-12-20T11:53:02","guid":{"rendered":"https:\/\/apexvape.de\/?post_type=product&#038;p=6287"},"modified":"2025-12-20T12:53:42","modified_gmt":"2025-12-20T11:53:42","slug":"lavande-bm18000","status":"publish","type":"product","link":"https:\/\/apexvape.de\/it\/product\/lavande-bm18000\/","title":{"rendered":"Lavande BM18000 Sigarette elettroniche usa e getta"},"content":{"rendered":"<h1>Lavande BM18000 Puffs Display digitale 18K Basso contenuto di nicotina Commercio all'ingrosso Sigaretta elettronica ricaricabile e ricaricabile<\/h1>\n<p>Il Lavande BM18000 \u00e8 un potente dispositivo per lo svapo che offre ben 18.000 tiri e garantisce un utilizzo prolungato senza necessit\u00e0 di sostituzioni continue. Questa generosa capacit\u00e0 consente di godere di lunghe sessioni di svapo senza interruzioni, rendendolo ideale per l'uso quotidiano. Il dispositivo \u00e8 progettato per fornire prestazioni affidabili dall'inizio alla fine, cos\u00ec potrete concentrarvi sulla vostra esperienza di svapo senza preoccuparvi che si esaurisca.<\/p>\n<h2>Lavande BM18000 Puffs Caratteristiche principali:<\/h2>\n<p>Il dispositivo \u00e8 alimentato da una batteria ricaricabile da 650 mAh con connettore di ricarica rapida di tipo C, che consente un ripristino dell'energia rapido e semplice. Questo efficiente sistema di batteria garantisce prestazioni costanti durante tutte le sessioni e previene cali di potenza o perdite di funzionalit\u00e0. La ricarica rapida significa meno tempo di attesa e pi\u00f9 tempo di svapo, in modo che il dispositivo sia sempre pronto all'uso quando ne avete bisogno.<\/p>\n<p>Dotato dell'avanzata tecnologia Mesh Coil da 1,0 \u03a9, Lavande BM18000 offre nuvole di vapore dense e un gusto puro e intenso ad ogni tiro. Il controllo del flusso d'aria regolabile consente di personalizzare la resistenza del tiro per un'esperienza di svapo Direct-to-Lung (DTL) su misura. Ci\u00f2 significa che \u00e8 possibile regolare il dispositivo in base alle proprie preferenze, sia che si preferiscano tiri pi\u00f9 stretti o pi\u00f9 aperti per la massima soddisfazione.<\/p>\n<p>Ci\u00f2 che rende speciale il Lavande BM18000 \u00e8 il suo sistema di ricarica dell'e-liquid, che offre sia un risparmio sui costi che vantaggi ambientali. \u00c8 possibile ricaricare facilmente il dispositivo con i propri e-liquid premium preferiti, il che offre la libert\u00e0 di sperimentare diversi gusti e personalizzare la propria esperienza. Questo design ricaricabile riduce gli sprechi e offre al contempo un miglior valore a lungo termine, rendendolo una scelta eccellente per i vapers che desiderano qualit\u00e0, flessibilit\u00e0 e sostenibilit\u00e0 in un unico dispositivo.<\/p>\n<h2>Dati tecnici:<\/h2>\n<p>\u2611 Sali di nicotina: 0,3%<br \/>\n\u2611 Tiri: 18.000 boccate<br \/>\n\u2611 20 gusti disponibili<br \/>\n\u2611 650 mAh ricaricabile<br \/>\n\u2611 Bobina mesh<br \/>\n\u2611 Modalit\u00e0 normale\/boost<br \/>\n\u2611 Tipo C<br \/>\n\u2611 Flusso d'aria regolabile<br \/>\n\u2611 Ricaricabile 1-2 volte<\/p>\n<h2>Lavande BM18000 Puffs Elenco dei gusti:<\/h2>\n<ol>\n<li>Menta e frutti di bosco<\/li>\n<li>Ghiaccio al ribes nero<\/li>\n<li>Mirtillo ghiacciato<\/li>\n<li>Menta e mirtillo<\/li>\n<li>Menta gommosa<\/li>\n<li>Anguria gommosa<\/li>\n<li>Doppia mela<\/li>\n<li>Doppio Grape<\/li>\n<li>Menta e uva<\/li>\n<li>Limone e menta<\/li>\n<li>Love66<\/li>\n<li>Mango e pitaya<\/li>\n<li>Gelato al mango<\/li>\n<li>Signor Blue<\/li>\n<li>Ghiaccio alla pesca<\/li>\n<li>Ghiaccio all'ananas<\/li>\n<li>Rainbow Skittz<\/li>\n<li>Ghiaccio alla fragola<\/li>\n<li>Anguria ghiacciata<\/li>\n<li>Anguria Lampone<\/li>\n<\/ol>\n<h2>Lavande BM18000 Puffs Domande frequenti (FAQ)<\/h2>\n<p><strong>1. Quante funzioni offre il Lavande BM18000?<\/strong><br \/>\nIl dispositivo offre ben 18.000 tiri e garantisce prestazioni di lunga durata senza necessit\u00e0 di sostituzioni frequenti. Questa generosa capacit\u00e0 lo rende perfetto per un uso prolungato e per lo svapo quotidiano.<\/p>\n<p><strong>2. Che tipo di batteria e funzione di ricarica ha questo vaporizzatore?<\/strong><br \/>\n\u00c8 dotato di una batteria ricaricabile da 650 mAh con connettore di ricarica rapida di tipo C. Ci\u00f2 garantisce un rapido ripristino dell'energia e prestazioni costanti durante tutte le sessioni di svapo.<\/p>\n<p><strong>3. Quale tecnologia a bobina viene utilizzata in questo dispositivo?<\/strong><br \/>\nIl vaporizzatore utilizza l'avanzata tecnologia Mesh Coil da 1,0 \u03a9, che garantisce nuvole di vapore dense e un gusto puro e intenso ad ogni tiro. Ci\u00f2 assicura prestazioni ottimali e un gusto soddisfacente.<\/p>\n<p><strong>4. \u00c8 possibile regolare il flusso d'aria in questo vaporizzatore?<\/strong><br \/>\nS\u00ec, \u00e8 dotato di un controllo del flusso d'aria regolabile che consente di regolare la resistenza al tiro. Questa funzione consente di ottimizzare l'esperienza di svapo Direct-to-Lung (DTL) in base alle proprie preferenze personali.<\/p>\n<p><strong>5. Il sistema e-liquid \u00e8 ricaricabile o usa e getta?<\/strong><br \/>\nIl dispositivo \u00e8 dotato di un sistema di ricarica dell'e-liquid che consente di utilizzare i propri e-liquid premium preferiti. Ci\u00f2 consente di risparmiare sui costi, ridurre gli sprechi e offre la libert\u00e0 di sperimentare diversi gusti per un'esperienza personalizzata.<\/p>\n<h2>Scopri altri prodotti LAVANDE VAPE su Apexvape<\/h2>\n<p>Scopri il Lavande BM18000 e altri prodotti di alta qualit\u00e0 per lo svapo nel nostro negozio online. Su <strong><a href=\"https:\/\/apexvape.de\/it\/\">Apex Vape<\/a><\/strong> troverete un'ampia selezione di sigarette elettroniche e accessori di alta qualit\u00e0 per un'esperienza di svapo eccellente. Volete scoprire altri prodotti della serie Lavande? Visitate il nostro <strong><a href=\"https:\/\/apexvape.de\/it\/product-category\/lavande-vape\/\">LAVANDE VAPE Categoria<\/a><\/strong> e trova l'apparecchio perfetto per le tue esigenze. Approfitta della spedizione veloce, dei prezzi all'ingrosso interessanti e della consulenza competente.<\/p>","protected":false},"excerpt":{"rendered":"<p class=\"font-claude-response-body break-words whitespace-normal leading-[1.7]\">Der Lavande BM18000 bietet bis zu 18.000 Z\u00fcge mit nachf\u00fcllbarem E-Liquid-System. 650mAh Type-C-Akku, 1.0\u03a9 Mesh-Coil, einstellbarer Airflow und Normal\/Boost-Modus. 1-2x nachf\u00fcllbar mit 0,3% Salznikotin. 20 Geschmacksrichtungen f\u00fcr individuelles, nachhaltiges Dampferlebnis.<\/p>\n","protected":false},"featured_media":6310,"comment_status":"open","ping_status":"closed","template":"","meta":[],"product_brand":[],"product_cat":[85],"product_tag":[],"class_list":{"0":"post-6287","1":"product","2":"type-product","3":"status-publish","4":"has-post-thumbnail","6":"product_cat-lavande-vape","8":"first","9":"instock","10":"shipping-taxable","11":"purchasable","12":"product-type-variable"},"_links":{"self":[{"href":"https:\/\/apexvape.de\/it\/wp-json\/wp\/v2\/product\/6287","targetHints":{"allow":["GET"]}}],"collection":[{"href":"https:\/\/apexvape.de\/it\/wp-json\/wp\/v2\/product"}],"about":[{"href":"https:\/\/apexvape.de\/it\/wp-json\/wp\/v2\/types\/product"}],"replies":[{"embeddable":true,"href":"https:\/\/apexvape.de\/it\/wp-json\/wp\/v2\/comments?post=6287"}],"version-history":[{"count":0,"href":"https:\/\/apexvape.de\/it\/wp-json\/wp\/v2\/product\/6287\/revisions"}],"wp:featuredmedia":[{"embeddable":true,"href":"https:\/\/apexvape.de\/it\/wp-json\/wp\/v2\/media\/6310"}],"wp:attachment":[{"href":"https:\/\/apexvape.de\/it\/wp-json\/wp\/v2\/media?parent=6287"}],"wp:term":[{"taxonomy":"product_brand","embeddable":true,"href":"https:\/\/apexvape.de\/it\/wp-json\/wp\/v2\/product_brand?post=6287"},{"taxonomy":"product_cat","embeddable":true,"href":"https:\/\/apexvape.de\/it\/wp-json\/wp\/v2\/product_cat?post=6287"},{"taxonomy":"product_tag","embeddable":true,"href":"https:\/\/apexvape.de\/it\/wp-json\/wp\/v2\/product_tag?post=6287"}],"curies":[{"name":"wp","href":"https:\/\/api.w.org\/{rel}","templated":true}]}}