{"id":6152,"date":"2025-12-16T15:04:49","date_gmt":"2025-12-16T14:04:49","guid":{"rendered":"https:\/\/apexvape.de\/?post_type=product&#038;p=6152"},"modified":"2025-12-16T15:06:50","modified_gmt":"2025-12-16T14:06:50","slug":"fihp-60000","status":"publish","type":"product","link":"https:\/\/apexvape.de\/it\/product\/fihp-60000\/","title":{"rendered":"FIHP 60000 tiri Vape usa e getta"},"content":{"rendered":"<h1>FIHP 60000 Triple 3-in-1 | 60000 tiri Triple Flavor Vape usa e getta all'ingrosso<\/h1>\n<p>Il vaporizzatore FIHP 60000 tiri offre prestazioni eccezionali per un piacere duraturo e convince con una capacit\u00e0 impressionante fino a 60.000 tiri, che consente lunghe sessioni di vaporizzazione senza frequenti sostituzioni. Questo dispositivo ad alte prestazioni soddisfa diverse preferenze con livelli di nicotina personalizzabili da 2% e 5%, consentendo agli utenti di scegliere tra una soddisfazione delicata e moderata o tiri potenti e intensi a seconda delle esigenze individuali.<\/p>\n<h2>FIHP 60000 treni Caratteristiche principali:<\/h2>\n<p>La tecnologia avanzata alimenta questo dispositivo grazie alla sua enorme capacit\u00e0 di 54 ml di e-liquid, combinata con un sofisticato sistema a doppia bobina mesh che produce ricche nuvole di vapore aromatico ad ogni tiro. La tecnologia a doppia mesh garantisce una produzione di vapore costante e un miglior sviluppo del gusto, massimizzando la qualit\u00e0 della tua esperienza di svapo dalla prima all'ultima boccata.<\/p>\n<p>Ci\u00f2 che distingue davvero questo vaporizzatore \u00e8 il suo innovativo sistema a triplo aroma, che consente agli utenti di passare senza soluzione di continuit\u00e0 da tre diversi gusti in un unico dispositivo. Con 10 entusiasmanti opzioni di gusto, questa funzione mantiene le vostre sessioni di vaporizzazione dinamiche ed emozionanti, previene la stanchezza del gusto e offre una variet\u00e0 eccezionale senza dover portare con s\u00e9 pi\u00f9 dispositivi.<\/p>\n<p>La praticit\u00e0 incontra l'affidabilit\u00e0 grazie alla batteria ricaricabile integrata da 650 mAh e alla funzione di ricarica rapida di tipo C, che garantisce tempi di inattivit\u00e0 minimi quando hai bisogno di una sferzata di energia. Il display LED intelligente fornisce informazioni chiare in tempo reale sul livello della batteria e sul livello del liquido elettronico, in modo da essere sempre completamente informato e avere il pieno controllo per un'esperienza di svapo fluida e senza problemi che combina prestazioni, versatilit\u00e0 e funzionalit\u00e0 di facile utilizzo.<\/p>\n<h2>Specifiche del prodotto:<\/h2>\n<ul>\n<li><strong>Treni:<\/strong> Fino a 60.000 treni<\/li>\n<li><strong>Nicotina:<\/strong> 2%\/5%<\/li>\n<li><strong>Bobina a doppia maglia<\/strong><\/li>\n<li><strong>E-Liquid:<\/strong> 54 ml<\/li>\n<li><strong>Batteria:<\/strong> 650 mAh<\/li>\n<li><strong>Ricaricabile:<\/strong> Tipo C<\/li>\n<li><strong>Triplo gusto<\/strong><\/li>\n<li><strong>10 gusti tra cui scegliere<\/strong><\/li>\n<\/ul>\n<h2>FIHP 60000 tiri Elenco dei gusti:<\/h2>\n<ol>\n<li>Anguria gelato\/Red Bull\/Fragola Kiwi<\/li>\n<li>Limone Lime\/Fragola Anguria\/Mirtillo Gelato<\/li>\n<li>Fragola Banana\/Doppia mela\/Lampone Anguria<\/li>\n<li>Fragola Kiwi\/Mango acido Ananas\/Red Bull<\/li>\n<li>Frutti tropicali\/Fragola Anguria\/Limone Pesca<\/li>\n<li>Ananas e cocco\/Blue Razz\/Fragola e banana<\/li>\n<li>Fragola Lampone\/Triplo melone\/Mango acido Ananas<\/li>\n<li>Frutti di bosco misti\/lamponi Anguria\/mango Pesca<\/li>\n<li>Mirtillo Lampone\/Fragola Vaniglia Cola\/Limone Lime<\/li>\n<li>Anguria gelato\/Pesca bacche\/Triplo melone<\/li>\n<\/ol>\n<h2>FIHP 60000 treni Domande frequenti<\/h2>\n<p><strong>1. Quanti tiri offre questo vaporizzatore ad alte prestazioni?<\/strong><\/p>\n<p>Questo dispositivo offre fino a 60.000 tiri, garantendo cos\u00ec lunghe sessioni di svapo senza frequenti sostituzioni. L'enorme capacit\u00e0 di 54 ml di e-liquid supporta prestazioni di lunga durata per gli svapatori che cercano affidabilit\u00e0.<\/p>\n<p><strong>2. Che cos'\u00e8 il sistema Triple Flavor?<\/strong><\/p>\n<p>L'innovativo sistema Triple Flavor ti consente di passare senza soluzione di continuit\u00e0 da un gusto all'altro in un unico dispositivo. Con 10 entusiasmanti opzioni di gusto, puoi rendere dinamiche le tue sessioni ed evitare la stanchezza gustativa.<\/p>\n<p><strong>3. Quali concentrazioni di nicotina posso scegliere?<\/strong><\/p>\n<p>\u00c8 possibile scegliere tra concentrazioni di nicotina da 2% a 5%. Questa flessibilit\u00e0 consente di personalizzare la propria esperienza, sia che si preferisca una soddisfazione delicata e moderata o tiri potenti e intensi.<\/p>\n<p><strong>4. In che modo la bobina a doppia maglia migliora le prestazioni?<\/strong><\/p>\n<p>L'avanzato sistema Dual Mesh Coil produce ricche nuvole di vapore aromatico con una produzione costante. Questa tecnologia migliora lo sviluppo del gusto e garantisce prestazioni di qualit\u00e0 dalla prima all'ultima boccata.<\/p>\n<p><strong>5. Quali funzioni aiutano a monitorare lo stato del dispositivo?<\/strong><\/p>\n<p>Il display LED intelligente fornisce informazioni chiare in tempo reale sul livello della batteria e sul livello del liquido elettronico. In combinazione con una batteria ricaricabile da 650 mAh e la ricarica rapida di tipo C, sarete sempre informati e avrete tempi di inattivit\u00e0 minimi.<\/p>\n<h2>Ordina ora FIHP 60000 all'ingrosso<\/h2>\n<p>Scoprite il vaporizzatore FIHP 60000 Triple 3-in-1 e approfittate della nostra interessante offerta all'ingrosso. <strong><a href=\"https:\/\/apexvape.de\/it\/\">Apex Vape<\/a><\/strong> troverete un'ampia selezione di vaporizzatori usa e getta di alta qualit\u00e0 a prezzi competitivi. Date un'occhiata alla nostra gamma completa <strong><a href=\"https:\/\/apexvape.de\/it\/product-category\/fihp-vape\/\">Collezione FIHP VAPE<\/a><\/strong> e assicurati i modelli pi\u00f9 recenti con l'innovativa tecnologia Triple Flavor per la tua attivit\u00e0. Approfitta della spedizione veloce, del servizio affidabile e della qualit\u00e0 premium per i tuoi clienti.<\/p>","protected":false},"excerpt":{"rendered":"<div class=\"group relative pb-3\" data-is-streaming=\"false\">\n<div class=\"font-claude-response relative leading-[1.65rem] [&amp;_pre&gt;div]:bg-bg-000\/50 [&amp;_pre&gt;div]:border-0.5 [&amp;_pre&gt;div]:border-border-400 [&amp;_.ignore-pre-bg&gt;div]:bg-transparent [&amp;_.standard-markdown_:is(p,blockquote,h1,h2,h3,h4,h5,h6)]:pl-2 [&amp;_.standard-markdown_:is(p,blockquote,ul,ol,h1,h2,h3,h4,h5,h6)]:pr-8 [&amp;_.progressive-markdown_:is(p,blockquote,h1,h2,h3,h4,h5,h6)]:pl-2 [&amp;_.progressive-markdown_:is(p,blockquote,ul,ol,h1,h2,h3,h4,h5,h6)]:pr-8\">\n<div>\n<div class=\"standard-markdown grid-cols-1 grid gap-4 [&amp;_&gt;_*]:min-w-0 standard-markdown\">\n<p class=\"font-claude-response-body break-words whitespace-normal leading-[1.7]\">Der FIHP 60000 Z\u00fcge \u00fcberzeugt mit revolution\u00e4rem Triple-Flavor-System f\u00fcr drei Geschmacksrichtungen in einem Ger\u00e4t. Mit 54ml E-Liquid-Kapazit\u00e4t, Dual-Mesh-Coil-Technologie und 650mAh Type-C Schnelllade-Akku bietet er maximale Leistung. Das LED-Display zeigt Batterie- und F\u00fcllstand. Erh\u00e4ltlich in 10 Geschmacksrichtungen.<\/p>\n<\/div>\n<\/div>\n<\/div>\n<\/div>\n<div class=\"flex justify-start opacity-0 group-hover:opacity-100 group-focus-within:opacity-100 transition\" role=\"group\" aria-label=\"Message actions\">\n<div class=\"text-text-300\">\n<div class=\"text-text-300 flex items-stretch justify-between\">\n<div class=\"w-fit\" data-state=\"closed\">\n<div class=\"relative text-text-500 group-hover\/btn:text-text-100\">\n<div class=\"flex items-center justify-center transition-all opacity-100 scale-100\"><\/div>\n<div class=\"flex items-center justify-center absolute top-0 left-0 transition-all opacity-0 scale-50\"><\/div>\n<\/div>\n<\/div>\n<div class=\"w-fit\" data-state=\"closed\">\n<div class=\"flex items-center justify-center text-text-500 group-hover\/btn:text-text-100\"><\/div>\n<\/div>\n<div class=\"w-fit\" data-state=\"closed\">\n<div class=\"flex items-center justify-center text-text-500 group-hover\/btn:text-text-100\"><\/div>\n<\/div>\n<div class=\"flex items-center\"><\/div>\n<\/div>\n<\/div>\n<\/div>\n","protected":false},"featured_media":6153,"comment_status":"open","ping_status":"closed","template":"","meta":[],"product_brand":[],"product_cat":[82],"product_tag":[],"class_list":{"0":"post-6152","1":"product","2":"type-product","3":"status-publish","4":"has-post-thumbnail","6":"product_cat-fihp-vape","8":"first","9":"instock","10":"shipping-taxable","11":"purchasable","12":"product-type-variable"},"_links":{"self":[{"href":"https:\/\/apexvape.de\/it\/wp-json\/wp\/v2\/product\/6152","targetHints":{"allow":["GET"]}}],"collection":[{"href":"https:\/\/apexvape.de\/it\/wp-json\/wp\/v2\/product"}],"about":[{"href":"https:\/\/apexvape.de\/it\/wp-json\/wp\/v2\/types\/product"}],"replies":[{"embeddable":true,"href":"https:\/\/apexvape.de\/it\/wp-json\/wp\/v2\/comments?post=6152"}],"version-history":[{"count":0,"href":"https:\/\/apexvape.de\/it\/wp-json\/wp\/v2\/product\/6152\/revisions"}],"wp:featuredmedia":[{"embeddable":true,"href":"https:\/\/apexvape.de\/it\/wp-json\/wp\/v2\/media\/6153"}],"wp:attachment":[{"href":"https:\/\/apexvape.de\/it\/wp-json\/wp\/v2\/media?parent=6152"}],"wp:term":[{"taxonomy":"product_brand","embeddable":true,"href":"https:\/\/apexvape.de\/it\/wp-json\/wp\/v2\/product_brand?post=6152"},{"taxonomy":"product_cat","embeddable":true,"href":"https:\/\/apexvape.de\/it\/wp-json\/wp\/v2\/product_cat?post=6152"},{"taxonomy":"product_tag","embeddable":true,"href":"https:\/\/apexvape.de\/it\/wp-json\/wp\/v2\/product_tag?post=6152"}],"curies":[{"name":"wp","href":"https:\/\/api.w.org\/{rel}","templated":true}]}}