{"id":6089,"date":"2025-12-16T14:35:33","date_gmt":"2025-12-16T13:35:33","guid":{"rendered":"https:\/\/apexvape.de\/?post_type=product&#038;p=6089"},"modified":"2025-12-16T14:36:52","modified_gmt":"2025-12-16T13:36:52","slug":"fihp-120k-6in1-multi","status":"publish","type":"product","link":"https:\/\/apexvape.de\/it\/product\/fihp-120k-6in1-multi\/","title":{"rendered":"FIHP 120k 6in1 Multi Tiri Vape usa e getta"},"content":{"rendered":"<h1>FIHP 120k 6in1 Multi Flavor Sigaretta elettronica usa e getta | 120000 tiri Vape ricaricabile intelligente con 6 serbatoi di e-liquid<\/h1>\n<p>Il FIHP 120k 6in1 Multi offre ben 120.000 tiri con un'enorme capacit\u00e0 di 64 ml di e-liquid per settimane di svapo. L'innovativo sistema 6 in 1 consente di passare istantaneamente da uno dei sei gusti accuratamente selezionati all'altro. L'avanzata tecnologia a doppia bobina mesh da 0,9 ohm offre un vapore denso e un gusto intenso, mentre i livelli di nicotina personalizzabili da 2% e 5% soddisfano le vostre preferenze. La batteria da 650 mAh \u00e8 dotata di ricarica rapida di tipo C e un display a LED monitora i livelli della batteria e dell'e-liquid. Le dimensioni compatte (44\u00d744\u00d7112 mm) garantiscono la portabilit\u00e0 senza compromettere le prestazioni e lo rendono la soluzione all-in-one perfetta.<\/p>\n<h2>FIHP 120k 6in1 Multi Caratteristiche speciali:<\/h2>\n<p>Il FIHP 120k 6in1 Multi rivoluziona lo svapo usa e getta con una straordinaria capacit\u00e0 di 120.000 tiri, che offre settimane di divertimento ininterrotto ed \u00e8 tra i pi\u00f9 alti sul mercato. Questa enorme capacit\u00e0 \u00e8 supportata da un generoso serbatoio di e-liquid premium da 64 ml, che rende il dispositivo davvero progettato per durare a lungo e rende superflui i frequenti sostituzioni.<\/p>\n<p>Ci\u00f2 che contraddistingue questo dispositivo \u00e8 il suo innovativo sistema di gusti 6 in 1, che consente di passare facilmente da un aroma all'altro tra i sei disponibili, in base al proprio umore e alle proprie preferenze durante la giornata. L'avanzata tecnologia Dual Mesh Coil con resistenza da 0,9 ohm garantisce un riscaldamento uniforme e produce un vapore ricco e denso, nonch\u00e9 un gusto puro e intenso ad ogni tiro. I livelli di nicotina personalizzabili da 2% e 5% ti consentono di adattare perfettamente la tua esperienza di svapo alle tue esigenze individuali.<\/p>\n<p>L'affidabile batteria integrata da 650 mAh garantisce prestazioni costanti per tutta la durata di utilizzo, mentre la tecnologia di ricarica rapida Type-C riduce al minimo i tempi di inattivit\u00e0 e ti consente di tornare rapidamente a svapare. Un intuitivo display a LED ti offre il controllo completo e fornisce informazioni sullo stato della batteria e sul livello di e-liquid a colpo d'occhio, cos\u00ec non sarai mai colto alla sprovvista.<\/p>\n<p>Nonostante le sue impressionanti capacit\u00e0, FIHP 120k 6in1 Multi mantiene un design sottile e portatile con dimensioni compatte di 44\u00d744\u00d7112 mm. Il design ergonomico lo rende comodo da tenere in mano e facile da portare ovunque, dimostrando che le massime prestazioni non richiedono necessariamente di rinunciare alla portabilit\u00e0 o allo stile. Questo dispositivo combina perfettamente innovazione, versatilit\u00e0 e comodit\u00e0 per i vapers che cercano una soluzione all-in-one eccezionale.<\/p>\n<h2>Dati tecnici:<\/h2>\n<ul>\n<li><strong>Treni:<\/strong> Fino a 120.000 treni<\/li>\n<li><strong>Contenuto di nicotina:<\/strong> 2%, 5%<\/li>\n<li><strong>E-Liquid:<\/strong> 64 ml<\/li>\n<li><strong>Gusti:<\/strong> 6 aromi regolabili<\/li>\n<li><strong>Testa dell'evaporatore:<\/strong> Doppia bobina mesh<\/li>\n<li><strong>Capacit\u00e0 della batteria:<\/strong> 650 mAh<\/li>\n<li><strong>Display:<\/strong> display a LED<\/li>\n<li><strong>Ricarica:<\/strong> Ricarica rapida Type-C<\/li>\n<li><strong>Confezione:<\/strong> 10 pezzi\/scatola<\/li>\n<\/ul>\n<h2>FIHP 120k 6in1 Multi Elenco dei gusti:<\/h2>\n<p><strong>Opzione 1:<\/strong> Fragola-anguria \/ Gelato all'anguria \/ Red Bull \/ Fragola-kiwi \/ Gelato ai mirtilli \/ Limone-lime<\/p>\n<p><strong>Opzione 2:<\/strong> Limone-pesca \/ Fragola-banana \/ Doppia mela \/ Lampone-anguria \/ Mango acido-ananas \/ Frutti tropicali<\/p>\n<p><strong>Opzione 3:<\/strong> Fragola-Vaniglia-Cola \/ Ananas-Cocco \/ Blue Razz \/ Frutti di bosco misti \/ Mango-Pesca \/ Mirtillo-Lampone<\/p>\n<p><strong>Opzione 4:<\/strong> Orsetti gommosi \/ Pesca e frutti di bosco \/ Triplo melone \/ Gelato all'uva \/ Black Dragon Ice \/ Gelato alla ciliegia frizzante<\/p>\n<p><strong>Opzione 5:<\/strong> Gelato alla pesca \/ Rainbow Candy \/ Gelato alla ciliegia e cola \/ Love 666 \/ Gelato al mango \/ Zucchero filato al mirtillo<\/p>\n<p><strong>Opzione 6:<\/strong> Anguria e limone \/ Gelato all'aloe e litchi \/ Limone rosa \/ Gelato al ghiacciaio \/ Pino e menta \/ Gelato al ribes nero<\/p>\n<h2>Domande frequenti (FAQ)<\/h2>\n<p><strong>1. Quante boccate offre questa sigaretta elettronica usa e getta 6 in 1?<\/strong><\/p>\n<p>Questo dispositivo offre ben 120.000 tiri ed \u00e8 quindi una delle opzioni pi\u00f9 durature disponibili sul mercato. Con una capacit\u00e0 di 64 ml di e-liquido, \u00e8 progettato per offrire settimane di svapo ininterrotto.<\/p>\n<p><strong>2. Cosa rende cos\u00ec speciale il sistema di gusto 6 in 1?<\/strong><\/p>\n<p>L'innovativo sistema aromatico ti consente di scegliere tra sei diversi gusti selezionati in un unico dispositivo. Ci\u00f2 significa che puoi facilmente adattare la tua vaporizzazione al tuo umore senza dover portare con te pi\u00f9 dispositivi o cartucce.<\/p>\n<p><strong>3. Quali sono i livelli di nicotina disponibili?<\/strong><\/p>\n<p>\u00c8 possibile scegliere tra opzioni di nicotina da 2% a 5%, che consentono di personalizzare la propria esperienza in base alle preferenze e alle esigenze personali.<\/p>\n<p><strong>4. Quanto tempo occorre per ricaricare la batteria?<\/strong><\/p>\n<p>La batteria integrata da 650 mAh supporta la ricarica rapida di tipo C, riduce al minimo i tempi di inattivit\u00e0 e ti consente di tornare rapidamente a svapare. Il display a LED ti informa sullo stato della batteria, cos\u00ec puoi ricaricarla al momento giusto.<\/p>\n<p><strong>5. Questo dispositivo \u00e8 facile da trasportare?<\/strong><\/p>\n<p>S\u00ec, nonostante l'elevata capacit\u00e0, ha un design compatto ed ergonomico con dimensioni di 44\u00d744\u00d7112 mm. La struttura sottile lo rende comodo da tenere in mano e abbastanza portatile da poter essere portato ovunque.<\/p>\n<h2>Scopri di pi\u00f9 su Apex Vape<\/h2>\n<p>Il FIHP 120k 6in1 Multi \u00e8 solo uno dei tanti prodotti di alta qualit\u00e0 per lo svapo presenti nel nostro assortimento. Visitate il nostro <strong><a href=\"https:\/\/apexvape.de\/it\/\">Homepage<\/a><\/strong>, per scoprire l'intera gamma di prodotti o sfogliare il nostro ampio <strong><a href=\"https:\/\/apexvape.de\/it\/product-category\/fihp-vape\/\">Collezione FIHP VAPE<\/a><\/strong>, dove troverete altre innovative sigarette elettroniche usa e getta e soluzioni premium per lo svapo. Noi di Apex Vape vi offriamo qualit\u00e0 eccellente, spedizioni rapide e un servizio clienti eccellente per un'esperienza di svapo perfetta.<\/p>","protected":false},"excerpt":{"rendered":"<p class=\"font-claude-response-body break-words whitespace-normal leading-[1.7]\">Die FIHP 120k 6in1 Multi bietet revolution\u00e4re 120.000 Z\u00fcge mit 64ml E-Liquid-Kapazit\u00e4t. Wechseln Sie m\u00fchelos zwischen 6 Premium-Geschmacksrichtungen, genie\u00dfen Sie intensiven Dampf dank Dual-Mesh-Coil und profitieren Sie von Type-C Schnellladung. LED-Display zeigt Akku- und Liquid-Stand. Kompakt, leistungsstark, perfekt!<\/p>\n","protected":false},"featured_media":6090,"comment_status":"open","ping_status":"closed","template":"","meta":[],"product_brand":[],"product_cat":[82],"product_tag":[],"class_list":{"0":"post-6089","1":"product","2":"type-product","3":"status-publish","4":"has-post-thumbnail","6":"product_cat-fihp-vape","8":"first","9":"instock","10":"shipping-taxable","11":"purchasable","12":"product-type-variable"},"_links":{"self":[{"href":"https:\/\/apexvape.de\/it\/wp-json\/wp\/v2\/product\/6089","targetHints":{"allow":["GET"]}}],"collection":[{"href":"https:\/\/apexvape.de\/it\/wp-json\/wp\/v2\/product"}],"about":[{"href":"https:\/\/apexvape.de\/it\/wp-json\/wp\/v2\/types\/product"}],"replies":[{"embeddable":true,"href":"https:\/\/apexvape.de\/it\/wp-json\/wp\/v2\/comments?post=6089"}],"version-history":[{"count":0,"href":"https:\/\/apexvape.de\/it\/wp-json\/wp\/v2\/product\/6089\/revisions"}],"wp:featuredmedia":[{"embeddable":true,"href":"https:\/\/apexvape.de\/it\/wp-json\/wp\/v2\/media\/6090"}],"wp:attachment":[{"href":"https:\/\/apexvape.de\/it\/wp-json\/wp\/v2\/media?parent=6089"}],"wp:term":[{"taxonomy":"product_brand","embeddable":true,"href":"https:\/\/apexvape.de\/it\/wp-json\/wp\/v2\/product_brand?post=6089"},{"taxonomy":"product_cat","embeddable":true,"href":"https:\/\/apexvape.de\/it\/wp-json\/wp\/v2\/product_cat?post=6089"},{"taxonomy":"product_tag","embeddable":true,"href":"https:\/\/apexvape.de\/it\/wp-json\/wp\/v2\/product_tag?post=6089"}],"curies":[{"name":"wp","href":"https:\/\/api.w.org\/{rel}","templated":true}]}}