{"id":5671,"date":"2025-12-14T10:04:08","date_gmt":"2025-12-14T09:04:08","guid":{"rendered":"https:\/\/apexvape.de\/?post_type=product&#038;p=5671"},"modified":"2025-12-18T09:09:07","modified_gmt":"2025-12-18T08:09:07","slug":"elf-box-pulse-x-25000","status":"publish","type":"product","link":"https:\/\/apexvape.de\/it\/product\/elf-box-pulse-x-25000\/","title":{"rendered":"ELF BOX PULSE X 25000 boccate Vape usa e getta"},"content":{"rendered":"<h1>ELF BOX PULSE X 25000 boccate 0% 2% 3% 5% Basso contenuto di nicotina Display LED curvo 3D Commercio all'ingrosso Sigaretta elettronica ricaricabile Monouso<\/h1>\n<p>ELF BOX PULSE X 25000 offre fino a 25.000 tiri in modalit\u00e0 Regular e 15.000 in modalit\u00e0 Pulse. Dotato di un sistema Dual Mesh Coil (0,8 Ohm+0,8 Ohm), capacit\u00e0 di 18 ml di e-liquid e una batteria da 750 mAh con ricarica di tipo C. Disponibile nei livelli di nicotina 0%, 2%, 3% e 5%. Le caratteristiche innovative includono uno schermo curvo 3D, regolazione della potenza AI, modalit\u00e0 Pulse Power e Super Boost e tecnologia VPU Inside per prestazioni ottimizzate. Scegli tra 10 gusti diversi in pratiche confezioni da 5. Prova la tecnologia di svapo all'avanguardia con un rilascio costante del gusto e un design elegante.<\/p>\n<h2>ELF BOX PULSE X 25000 boccate \u2013 Descrizione del prodotto<\/h2>\n<p>La sigaretta elettronica usa e getta ELF BOX PULSE X 25000 boccate rappresenta la scelta definitiva per i vapers che richiedono potenza e precisione nella loro esperienza di svapo. Sviluppato con una tecnologia all'avanguardia, questo dispositivo innovativo offre fino a 25.000 tiri in modalit\u00e0 Regular e 15.000 tiri in modalit\u00e0 Pulse, garantendo un piacere duraturo che si adatta perfettamente alle vostre preferenze individuali e al vostro stile di svapo.<\/p>\n<p>Dotato di un avanzato sistema Dual Mesh Coil (0,8 Ohm+0,8 Ohm), il dispositivo offre aromi intensi e corposi e un vapore denso ad ogni tiro. La generosa capacit\u00e0 di 18 ml di e-liquid, abbinata a concentrazioni di nicotina di 0%, 2%, 3% e 5%, soddisfa sia i nuovi svapatori che quelli esperti, mentre la potente batteria ricaricabile da 750 mAh con ricarica di tipo C assicura che siate sempre pronti per lunghe sessioni.<\/p>\n<p>Ci\u00f2 che distingue davvero questo dispositivo sono le sue caratteristiche innovative, tra cui un impressionante schermo curvo 3D e la regolazione della potenza AI, che ottimizza automaticamente la tua esperienza di svapo in tempo reale. Le modalit\u00e0 Pulse Power e Super Boost offrono una spinta in pi\u00f9 quando hai bisogno di prestazioni potenziate, mentre la tecnologia VPU Inside garantisce un rilascio costante del gusto e prestazioni affidabili durante l'impressionante durata del dispositivo.<\/p>\n<p>Con il suo design elegante e raffinato e le sue funzionalit\u00e0 avanzate, questa sigaretta elettronica usa e getta combina perfettamente estetica e prestazioni. Scegliete tra 10 diversi gusti accuratamente selezionati per soddisfare tutti i palati, disponibili in comode confezioni da 5. Scoprite il futuro dello svapo, dove la tecnologia pi\u00f9 avanzata incontra un gusto eccezionale e unisce qualit\u00e0, comfort e innovazione in un pacchetto premium.<\/p>\n<h2>Dati tecnici:<\/h2>\n<p><strong>Modalit\u00e0 regolare:<\/strong> 25.000 treni<br \/>\n<strong>Modalit\u00e0 Pulse:<\/strong> 15.000 treni<br \/>\n<strong>Doppia bobina mesh:<\/strong> 0,8 ohm+0,8 ohm<br \/>\n<strong>E-Liquid:<\/strong> 18 ml<br \/>\n<strong>Nicotina:<\/strong> 0% \/ 2% \/ 3% \/ 5%<br \/>\n<strong>Batteria:<\/strong> 750 mAh<br \/>\n<strong>Schermo curvo 3D<\/strong><br \/>\n<strong>Regolazione della potenza AI<\/strong><br \/>\n<strong>Potenza a impulsi, Super Boost<\/strong><br \/>\n<strong>Ricaricabile:<\/strong> Tipo C<br \/>\n<strong>Confezione:<\/strong> 5 pezzi\/confezione<\/p>\n<h2>ELF BOX PULSE X 25000 gusti:<\/h2>\n<ol>\n<li>Blue Razz Ice<\/li>\n<li>Ghiaccio alla fragola<\/li>\n<li>Grape Ice<\/li>\n<li>Ghiaccio alla pesca<\/li>\n<li>Soda alla ciliegia<\/li>\n<li>Anguria e fragola<\/li>\n<li>Lush Ice<\/li>\n<li>Red Bull<\/li>\n<li>Fragola e banana<\/li>\n<li>Kiwi e frutto della passione<\/li>\n<\/ol>\n<h2>ELF BOX PULSE X 25000 \u2013 Domande frequenti<\/h2>\n<p><strong>1. Quante boccate offre questa sigaretta elettronica?<\/strong><br \/>\nIl dispositivo offre fino a 25.000 tiri in modalit\u00e0 regolare e 15.000 tiri in modalit\u00e0 pulse per un piacere duraturo.<\/p>\n<p><strong>2. Quali sono i livelli di nicotina disponibili?<\/strong><br \/>\nDisponibile nelle opzioni di nicotina 0%, 2%, 3% e 5% per soddisfare diverse preferenze ed esigenze di svapo.<\/p>\n<p><strong>3. Qual \u00e8 la capacit\u00e0 dell'e-liquido e della batteria?<\/strong><br \/>\nIl dispositivo ha una capacit\u00e0 di 18 ml di e-liquido e una potente batteria ricaricabile da 750 mAh con ricarica di tipo C.<\/p>\n<p><strong>4. Quali caratteristiche speciali sono incluse?<\/strong><br \/>\nLa sigaretta elettronica \u00e8 dotata di schermo curvo 3D, regolazione della potenza AI, modalit\u00e0 Pulse Power, modalit\u00e0 Super Boost e tecnologia VPU Inside per prestazioni ottimizzate.<\/p>\n<p><strong>5. Quale sistema a bobina viene utilizzato?<\/strong><br \/>\nUtilizza un sistema Dual Mesh Coil (0,8 Ohm+0,8 Ohm) per aromi intensi e una produzione di vapore densa ad ogni tiro.<\/p>\n<h2>Altri prodotti premium su ApexVape<\/h2>\n<p>Ti interessa la tecnologia innovativa del vaping? Sul nostro <strong><a href=\"https:\/\/apexvape.de\/it\/\">Homepage<\/a><\/strong> troverete l'assortimento completo di sigarette elettroniche e vaporizzatori di alta qualit\u00e0 dei principali produttori. ELF BOX PULSE X \u00e8 solo uno dei tanti prodotti eccezionali presenti nel nostro <strong><a href=\"https:\/\/apexvape.de\/it\/product-category\/elf-box-vape\/\">ELF BOX VAPE Categoria<\/a><\/strong>, dove potrete scoprire altri modelli di punta con diverse funzioni, capacit\u00e0 e gusti. ApexVape \u00e8 sinonimo di qualit\u00e0, affidabilit\u00e0 e servizio di prima classe: scoprite voi stessi la nostra vasta gamma di prodotti e approfittate di prezzi all'ingrosso interessanti e consegne rapide.<\/p>","protected":false},"excerpt":{"rendered":"<p class=\"font-claude-response-body break-words whitespace-normal leading-[1.7]\">Die ELF BOX PULSE X 25000 setzt neue Ma\u00dfst\u00e4be: bis zu 25.000 Z\u00fcge, Dual Mesh Coil System, 18ml Liquid und 750mAh Akku. Das 3D Curved Display, AI Power Adjustment und Pulse\/Super Boost Modi bieten maximale Performance. Erh\u00e4ltlich in 0-5% Nikotin und 10 Geschmacksrichtungen \u2013 Innovation trifft Genuss.<\/p>\n","protected":false},"featured_media":5672,"comment_status":"open","ping_status":"closed","template":"","meta":[],"product_brand":[],"product_cat":[80],"product_tag":[],"class_list":{"0":"post-5671","1":"product","2":"type-product","3":"status-publish","4":"has-post-thumbnail","6":"product_cat-elf-box-vape","8":"first","9":"instock","10":"shipping-taxable","11":"purchasable","12":"product-type-variable"},"_links":{"self":[{"href":"https:\/\/apexvape.de\/it\/wp-json\/wp\/v2\/product\/5671","targetHints":{"allow":["GET"]}}],"collection":[{"href":"https:\/\/apexvape.de\/it\/wp-json\/wp\/v2\/product"}],"about":[{"href":"https:\/\/apexvape.de\/it\/wp-json\/wp\/v2\/types\/product"}],"replies":[{"embeddable":true,"href":"https:\/\/apexvape.de\/it\/wp-json\/wp\/v2\/comments?post=5671"}],"version-history":[{"count":0,"href":"https:\/\/apexvape.de\/it\/wp-json\/wp\/v2\/product\/5671\/revisions"}],"wp:featuredmedia":[{"embeddable":true,"href":"https:\/\/apexvape.de\/it\/wp-json\/wp\/v2\/media\/5672"}],"wp:attachment":[{"href":"https:\/\/apexvape.de\/it\/wp-json\/wp\/v2\/media?parent=5671"}],"wp:term":[{"taxonomy":"product_brand","embeddable":true,"href":"https:\/\/apexvape.de\/it\/wp-json\/wp\/v2\/product_brand?post=5671"},{"taxonomy":"product_cat","embeddable":true,"href":"https:\/\/apexvape.de\/it\/wp-json\/wp\/v2\/product_cat?post=5671"},{"taxonomy":"product_tag","embeddable":true,"href":"https:\/\/apexvape.de\/it\/wp-json\/wp\/v2\/product_tag?post=5671"}],"curies":[{"name":"wp","href":"https:\/\/api.w.org\/{rel}","templated":true}]}}