{"id":4750,"date":"2025-12-05T17:04:09","date_gmt":"2025-12-05T16:04:09","guid":{"rendered":"https:\/\/apexvape.de\/?post_type=product&#038;p=4750"},"modified":"2025-12-08T15:18:04","modified_gmt":"2025-12-08T14:18:04","slug":"jnr-falcon-pro-28000","status":"publish","type":"product","link":"https:\/\/apexvape.de\/it\/product\/jnr-falcon-pro-28000\/","title":{"rendered":"JNR Falcon Pro 28000 tiri Vape usa e getta"},"content":{"rendered":"<h1>Sigaretta elettronica usa e getta JNR Falcon Pro 28000 | Potente e dal gusto autentico<\/h1>\n<p>Il JNR Falcon Pro 28000 Puffs \u00e8 il modello di punta originale, progettato per un'esperienza di svapo fluida, aromatica e duratura. Con una capacit\u00e0 impressionante fino a 28.000 tiri, questo potente dispositivo \u00e8 ideale per gli utenti che apprezzano la resistenza, la qualit\u00e0 e lo stile in un dispositivo elegante. Dotato di 30 ml di e-liquid premium e 2 % nicotina, il Falcon Pro garantisce un colpo in gola costante e soddisfacente.<\/p>\n<p>Il dispositivo \u00e8 dotato di un sistema a doppia bobina mesh che ottimizza la produzione di vapore e la purezza del gusto, rendendo ogni tiro intenso e morbido come il primo. L'avanzata tecnologia della bobina interagisce perfettamente con la generosa capacit\u00e0 di e-liquid, garantendo prestazioni eccezionali per tutta la durata del dispositivo.<\/p>\n<p>Alimentato da una batteria affidabile da 950 mAh con funzione di ricarica, questo vaporizzatore offre una durata impressionante con una singola ricarica e supporta la ricarica rapida di tipo C per tempi di inattivit\u00e0 minimi. Il display LED digitale fornisce informazioni in tempo reale sullo stato della batteria e dell'e-liquid, offrendoti sicurezza e controllo ad ogni sessione, cos\u00ec non avrai mai sorprese.<\/p>\n<p>Con 20 gusti unici, JNR Falcon Pro 28000 Puffs \u00e8 stato sviluppato per soddisfare le preferenze di gusto pi\u00f9 disparate, sia che cerchiate qualcosa di fruttato, ghiacciato o forte. Questa ampia selezione di gusti garantisce che ci sia qualcosa per tutti i vapers, rendendolo una scelta versatile sia per i principianti che per gli appassionati esperti.<\/p>\n<h2>Dati tecnici:<\/h2>\n<ul>\n<li><strong>E-Liquid:<\/strong> 30 ml<\/li>\n<li><strong>Capacit\u00e0 della batteria:<\/strong> 950 mAh<\/li>\n<li><strong>Mosse massime:<\/strong> 28.000 boccate<\/li>\n<li><strong>Contenuto di nicotina:<\/strong> 2 % (20 mg)<\/li>\n<li><strong>Bobina:<\/strong> Doppie bobine mesh da 1,0 \u03a9 per boccate morbide e gustose<\/li>\n<li><strong>Display intelligente:<\/strong> Display digitale<\/li>\n<li><strong>Tecnologia Dual Mesh Coil<\/strong><\/li>\n<li><strong>Ricarica:<\/strong> USB tipo C<\/li>\n<li><strong>Vaporizzazione MTL<\/strong> (Bocca-polmone)<\/li>\n<\/ul>\n<h2>Gusti:<\/h2>\n<ol>\n<li>Strawberry Ice (gelato alla fragola)<\/li>\n<li>Cherry Cola (ciliegia e cola)<\/li>\n<li>Watermelon Ice (Gelato al cocomero)<\/li>\n<li>Blue Razz Cherry (ciliegia e lampone blu)<\/li>\n<li>Strawberry Kiwi (Fragola e kiwi)<\/li>\n<li>Mirtillo Lampone Ciliegia (mirtillo-lampone-ciliegia)<\/li>\n<li>Gelato alla fragola e anguria<\/li>\n<li>Kiwi Watermelon Ice (Gelato al kiwi e anguria)<\/li>\n<li>Mixed Berries (frutti di bosco misti)<\/li>\n<li>Juicy Peaches (Pesche succose)<\/li>\n<li>Blueberry Ice (gelato al mirtillo)<\/li>\n<li>Blueberry Sour Raspberry (Mirtillo-Lampone Acido)<\/li>\n<li>White Peach Razz (Pesca bianca e lampone)<\/li>\n<li>Mango Passion Fruit (Mango e frutto della passione)<\/li>\n<li>Peach Mango Watermelon (Pesca, mango e anguria)<\/li>\n<li>Watermelon Bubblegum (Gomma da masticare al gusto di anguria)<\/li>\n<li>Strawberry Banana (Fragola e banana)<\/li>\n<li>Double Apple (Mela doppia)<\/li>\n<li>Kiwi Passion Guava (kiwi, frutto della passione e guava)<\/li>\n<li>Cherry Berry (ciliegia e bacche)<\/li>\n<\/ol>\n<h2>Domande frequenti \u2013 JNR Falcon Pro 28000 Puffs<\/h2>\n<p><strong>1. Quanti treni offre il JNR Falcon Pro 28000?<\/strong><\/p>\n<p>Questo dispositivo offre fino a 28.000 boccate ed \u00e8 quindi una delle sigarette elettroniche usa e getta pi\u00f9 durature sul mercato. La sua enorme capacit\u00e0 \u00e8 ideale per gli utenti che cercano resistenza e valore senza doverla sostituire frequentemente.<\/p>\n<p><strong>2. Qual \u00e8 la capacit\u00e0 dell'e-liquido e quale \u00e8 il contenuto di nicotina del dispositivo?<\/strong><\/p>\n<p>Il dispositivo \u00e8 pre-riempito con 30 ml di e-liquid premium e ha un contenuto di nicotina di 2 % (20 mg\/ml). Questa generosa capacit\u00e0, combinata con il contenuto ottimale di nicotina, garantisce un colpo in gola costante e soddisfacente per tutta la durata del prodotto.<\/p>\n<p><strong>3. Quale sistema di bobina utilizza il JNR Falcon Pro 28000?<\/strong><\/p>\n<p>\u00c8 dotato di un avanzato sistema a doppia bobina mesh che ottimizza sia la produzione di vapore che la purezza del gusto. Questa tecnologia garantisce che ogni tiro sia intenso e morbido come il primo e offra prestazioni eccezionali dall'inizio alla fine.<\/p>\n<p><strong>4. Quanto dura la batteria e quali sono le opzioni di ricarica disponibili?<\/strong><\/p>\n<p>Il dispositivo \u00e8 alimentato da un'affidabile batteria ricaricabile da 950 mAh che offre una durata impressionante con una singola ricarica. Supporta la ricarica rapida di tipo C per tempi di inattivit\u00e0 minimi e il display LED digitale mostra lo stato della batteria in tempo reale, cos\u00ec sarai sempre informato.<\/p>\n<p><strong>5. Quanti gusti sono disponibili per il JNR Falcon Pro 28000?<\/strong><\/p>\n<p>Sono disponibili 20 gusti unici per soddisfare le preferenze di gusto pi\u00f9 disparate. Che tu stia cercando qualcosa di fruttato, ghiacciato o forte, questa vasta selezione di gusti garantisce che ci sia qualcosa per tutti i vapers, dai principianti agli appassionati esperti.<\/p>\n<h2>Informazioni su Apex Vape<\/h2>\n<p>Scoprite il JNR Falcon Pro 28000 e altri prodotti premium su <strong><a href=\"https:\/\/apexvape.de\/it\/\">Apex Vape<\/a><\/strong> \u2013 Il tuo negozio online di fiducia per sigarette elettroniche e accessori per lo svapo di alta qualit\u00e0 in Germania. Se sei alla ricerca di sigarette elettroniche usa e getta innovative con prestazioni eccezionali, visita il nostro sito <strong><a href=\"https:\/\/apexvape.de\/it\/product-category\/jnr-vape\/\">Categoria JNR VAPE<\/a><\/strong> e trova il dispositivo perfetto per le tue esigenze individuali. Noi di Apex Vape ti offriamo un'ampia selezione di prodotti di prima qualit\u00e0 per lo svapo, spedizioni rapide e un eccellente servizio clienti per un'esperienza di acquisto soddisfacente sotto ogni punto di vista.<\/p>","protected":false},"excerpt":{"rendered":"<p class=\"font-claude-response-body break-words whitespace-normal\">Il JNR Falcon Pro 28000 Puffs unisce prestazioni ed eleganza. Con 30 ml di e-liquido, doppia bobina mesh e batteria da 950 mAh, offre 28.000 tiri dal gusto intenso. Il display LED intelligente mostra il livello della batteria e del liquido, mentre la ricarica rapida di tipo C garantisce tempi di ricarica brevi. 20 aromi premium con nicotina 2%: la qualit\u00e0 incontra la resistenza.<\/p>","protected":false},"featured_media":4751,"comment_status":"open","ping_status":"closed","template":"","meta":[],"product_brand":[],"product_cat":[77],"product_tag":[],"class_list":{"0":"post-4750","1":"product","2":"type-product","3":"status-publish","4":"has-post-thumbnail","6":"product_cat-jnr-vape","8":"first","9":"instock","10":"shipping-taxable","11":"purchasable","12":"product-type-variable"},"_links":{"self":[{"href":"https:\/\/apexvape.de\/it\/wp-json\/wp\/v2\/product\/4750","targetHints":{"allow":["GET"]}}],"collection":[{"href":"https:\/\/apexvape.de\/it\/wp-json\/wp\/v2\/product"}],"about":[{"href":"https:\/\/apexvape.de\/it\/wp-json\/wp\/v2\/types\/product"}],"replies":[{"embeddable":true,"href":"https:\/\/apexvape.de\/it\/wp-json\/wp\/v2\/comments?post=4750"}],"version-history":[{"count":0,"href":"https:\/\/apexvape.de\/it\/wp-json\/wp\/v2\/product\/4750\/revisions"}],"wp:featuredmedia":[{"embeddable":true,"href":"https:\/\/apexvape.de\/it\/wp-json\/wp\/v2\/media\/4751"}],"wp:attachment":[{"href":"https:\/\/apexvape.de\/it\/wp-json\/wp\/v2\/media?parent=4750"}],"wp:term":[{"taxonomy":"product_brand","embeddable":true,"href":"https:\/\/apexvape.de\/it\/wp-json\/wp\/v2\/product_brand?post=4750"},{"taxonomy":"product_cat","embeddable":true,"href":"https:\/\/apexvape.de\/it\/wp-json\/wp\/v2\/product_cat?post=4750"},{"taxonomy":"product_tag","embeddable":true,"href":"https:\/\/apexvape.de\/it\/wp-json\/wp\/v2\/product_tag?post=4750"}],"curies":[{"name":"wp","href":"https:\/\/api.w.org\/{rel}","templated":true}]}}