{"id":4326,"date":"2025-11-28T14:11:01","date_gmt":"2025-11-28T13:11:01","guid":{"rendered":"https:\/\/apexvape.de\/?post_type=product&#038;p=4326"},"modified":"2025-11-28T14:11:38","modified_gmt":"2025-11-28T13:11:38","slug":"bang-leader-120k","status":"publish","type":"product","link":"https:\/\/apexvape.de\/it\/product\/bang-leader-120k\/","title":{"rendered":"Bang Leader 120K tiri Vape usa e getta"},"content":{"rendered":"<h1>Bang Leader 120K tiri \u2013 Doppio aroma e doppia bobina mesh Sigaretta elettronica usa e getta<\/h1>\n<p>Il Bang Leader 120K stabilisce nuovi standard con incredibili 120.000 tiri in un unico dispositivo, rendendo superflui i frequenti acquisti di ricambi. Alimentato da una batteria da 650 mAh con ricarica rapida di tipo C, offre prestazioni per tutto il giorno con tempi di inattivit\u00e0 minimi. L'avanzata tecnologia della bobina mesh da 1,0 \u03a9 garantisce un gusto corposo e costante e un vapore morbido dalla prima all'ultima boccata. Il display intelligente consente il monitoraggio in tempo reale del livello della batteria e del liquido, in modo da essere sempre ben informati. La caratteristica speciale \u00e8 il sistema a doppio aroma: due gusti diversi in un unico dispositivo, tra i quali \u00e8 possibile passare facilmente per la massima variet\u00e0. Con prestazioni affidabili e caratteristiche innovative, \u00e8 progettato per i vapers che richiedono durata, comfort e flessibilit\u00e0 in un pacchetto premium.<\/p>\n<h2>Bang Leader 120K tiri \u2013 Caratteristiche principali del prodotto<\/h2>\n<p>La sigaretta elettronica usa e getta Bang Leader 120K offre 120.000 boccate, un numero leader nel settore, e garantisce una durata eccezionale che riduce drasticamente la necessit\u00e0 di riacquistarla frequentemente. Questa enorme capacit\u00e0 garantisce sessioni di svapo senza interruzioni e la rende uno dei dispositivi pi\u00f9 resistenti attualmente disponibili sul mercato.<\/p>\n<p>Dotato di una batteria affidabile da 650 mAh con moderna funzione di ricarica di tipo C, questo dispositivo ti accompagna per tutta la giornata grazie alla ricarica rapida ed efficiente quando necessario. L'avanzata tecnologia della bobina mesh da 1,0 \u03a9 garantisce una distribuzione uniforme del calore su una superficie pi\u00f9 ampia e offre un gusto intenso e costante, nonch\u00e9 una produzione di vapore pi\u00f9 morbida, che mantiene la sua qualit\u00e0 dal primo all'ultimo tiro.<\/p>\n<p>Rimani sempre aggiornato grazie al display intelligente integrato, che monitora in tempo reale il livello della batteria e del liquido e ti offre il controllo completo della tua esperienza di svapo. Saprai sempre esattamente a che punto sei, senza congetture e interruzioni impreviste.<\/p>\n<p>L'innovativo sistema Dual Aroma distingue questo dispositivo, combinando due diversi aromi in un unico dispositivo e consentendo di passare facilmente da uno all'altro in qualsiasi momento. Questa configurazione versatile aggiunge variet\u00e0 alla routine quotidiana e consente di personalizzare ogni sessione in base all'umore o alle preferenze, senza dover portare con s\u00e9 pi\u00f9 dispositivi.<\/p>\n<h2>Dati tecnici<\/h2>\n<p>\u2611 0% 2% 3% 5% Nicotina<br \/>\n\u2611 Treni: 120.000<br \/>\n\u2611 12 gusti disponibili<br \/>\n\u2611 650 mAh ricaricabile<br \/>\n\u2611 Doppia bobina a maglia<br \/>\n\u2611 Connettore Type-C<br \/>\n\u2611 Contenuto della confezione: 1x dispositivo<\/p>\n<h2>Bang Leader 120K tiri \u2013 Gusti<\/h2>\n<ol>\n<li>Blue Razz\/Love66<\/li>\n<li>Fragola Ciliegia\/Kiwi Frutto della passione Guava<\/li>\n<li>Gomma da masticare all'anguria\/mix di frutta<\/li>\n<li>Fragola Banana\/Cherry Fiesta<\/li>\n<li>Anguria ghiacciata\/Pesca e mango<\/li>\n<li>Mirtillo ghiacciato\/Lampone limone<\/li>\n<li>Red Energy Ice\/Uva Ice<\/li>\n<li>Fragola Anguria\/Limonata all'arancia<\/li>\n<li>Cola Ice\/Ciliegia Mirtillo rosso<\/li>\n<li>Mirtillo ghiacciato\/Ribes nero<\/li>\n<li>Mojito al lampone Pesca ghiacciata\/Lady Killer<\/li>\n<li>Anguria ghiacciata\/Fragola Mamba<\/li>\n<\/ol>\n<h2>Domande frequenti (FAQ)<\/h2>\n<p><strong>D: Quanto dura un dispositivo?<\/strong><br \/>\nA: Il Bang Leader 120K offre 120.000 tiri e, con un uso regolare, dura in genere diverse settimane.<\/p>\n<p><strong>D: Quanto tempo richiede la ricarica?<\/strong><br \/>\nR: Con la ricarica rapida Type-C, la batteria da 650 mAh si ricarica completamente in circa 60 minuti.<\/p>\n<p><strong>D: Posso utilizzare il dispositivo durante la ricarica?<\/strong><br \/>\nR: Per garantire il corretto funzionamento della batteria, si consiglia di non utilizzare il Bang Leader 120K durante la ricarica.<\/p>\n<p><strong>D: Il dispositivo \u00e8 difficile da trasportare?<\/strong><br \/>\nR: Con un peso di 105 g, ha una sensazione tattile di alta qualit\u00e0, ma rimane comunque comodo per il trasporto e l'uso quotidiano.<\/p>\n<h2 class=\"font-claude-response-heading text-text-100 mt-1 -mb-0.5\">Scopri subito Bang Leader 120K su Apex Vape<\/h2>\n<p class=\"font-claude-response-body whitespace-normal break-words\">Scopri la Bang Leader 120K e altre innovative sigarette elettroniche usa e getta nel nostro <strong><a class=\"underline\" href=\"https:\/\/apexvape.de\/it\/\">negozio online<\/a><\/strong>. In qualit\u00e0 di fornitore leader di prodotti premium per lo svapo, Apex Vape offre una selezione accuratamente curata di dispositivi di alta qualit\u00e0 a prezzi interessanti. Esplora la nostra gamma completa <strong><a class=\"underline\" href=\"https:\/\/apexvape.de\/it\/product-category\/bang-vape\/\">Collezione BANG VAPE<\/a><\/strong> con tutti i modelli attuali e approfitta della spedizione veloce, dell'eccellente servizio clienti e della qualit\u00e0 garantita dei prodotti. Ordina oggi stesso e prova l'esperienza di svapo definitiva con Bang Leader 120K!<\/p>","protected":false},"excerpt":{"rendered":"<p class=\"font-claude-response-body whitespace-normal break-words\">Il Bang Leader 120K convince con 120.000 tiri e un innovativo sistema a doppio aroma: due gusti in un unico dispositivo. Batteria da 650 mAh con ricarica rapida di tipo C, bobina doppia mesh da 1,0 \u03a9 e display intelligente per il livello della batteria e del liquido. Contenuto di nicotina 0-5%, 12 aromi: massima flessibilit\u00e0 per i vapers pi\u00f9 esigenti!<\/p>","protected":false},"featured_media":4327,"comment_status":"open","ping_status":"closed","template":"","meta":[],"product_brand":[],"product_cat":[76],"product_tag":[],"class_list":{"0":"post-4326","1":"product","2":"type-product","3":"status-publish","4":"has-post-thumbnail","6":"product_cat-bang-vape","8":"first","9":"instock","10":"shipping-taxable","11":"purchasable","12":"product-type-variable"},"_links":{"self":[{"href":"https:\/\/apexvape.de\/it\/wp-json\/wp\/v2\/product\/4326","targetHints":{"allow":["GET"]}}],"collection":[{"href":"https:\/\/apexvape.de\/it\/wp-json\/wp\/v2\/product"}],"about":[{"href":"https:\/\/apexvape.de\/it\/wp-json\/wp\/v2\/types\/product"}],"replies":[{"embeddable":true,"href":"https:\/\/apexvape.de\/it\/wp-json\/wp\/v2\/comments?post=4326"}],"version-history":[{"count":0,"href":"https:\/\/apexvape.de\/it\/wp-json\/wp\/v2\/product\/4326\/revisions"}],"wp:featuredmedia":[{"embeddable":true,"href":"https:\/\/apexvape.de\/it\/wp-json\/wp\/v2\/media\/4327"}],"wp:attachment":[{"href":"https:\/\/apexvape.de\/it\/wp-json\/wp\/v2\/media?parent=4326"}],"wp:term":[{"taxonomy":"product_brand","embeddable":true,"href":"https:\/\/apexvape.de\/it\/wp-json\/wp\/v2\/product_brand?post=4326"},{"taxonomy":"product_cat","embeddable":true,"href":"https:\/\/apexvape.de\/it\/wp-json\/wp\/v2\/product_cat?post=4326"},{"taxonomy":"product_tag","embeddable":true,"href":"https:\/\/apexvape.de\/it\/wp-json\/wp\/v2\/product_tag?post=4326"}],"curies":[{"name":"wp","href":"https:\/\/api.w.org\/{rel}","templated":true}]}}