{"id":4127,"date":"2025-11-28T13:33:14","date_gmt":"2025-11-28T12:33:14","guid":{"rendered":"https:\/\/apexvape.de\/?post_type=product&#038;p=4127"},"modified":"2025-11-28T13:33:31","modified_gmt":"2025-11-28T12:33:31","slug":"bang-leader-80000","status":"publish","type":"product","link":"https:\/\/apexvape.de\/it\/product\/bang-leader-80000\/","title":{"rendered":"Bang Leader 80000 tiri Vape usa e getta"},"content":{"rendered":"<h1>Bang Leader 80000 tiri Vape | 78 ml di e-liquido, batteria da 850 mAh, sistema a triplo aroma, doppia bobina, ricarica di tipo C<\/h1>\n<p>Il Bang Leader 80000 tiri 3-in-1 Triple Aroma Vape usa e getta offre ben 80.000 tiri con un esclusivo sistema a triplo gusto. Con 78 ml di e-liquid distribuiti su 3 pod (26 ml ciascuno), questo dispositivo offre un'esperienza di svapo dinamica con aromi che possono essere cambiati mentre si \u00e8 in movimento. Alimentato da una batteria ricaricabile da 850 mAh e una bobina mesh da 1,0 \u03a9, offre un vapore morbido e un gusto eccezionale. Disponibile con nicotina 0%, 2%, 3% o 5%, Bang Leader 80000 garantisce un'esperienza personalizzabile per tutti i vapers.<\/p>\n<h2>Bang Leader 80000 tiri Caratteristiche principali<\/h2>\n<p>Il Bang Leader 80000 tiri Vape ridefinisce la resistenza con la sua straordinaria capacit\u00e0 fino a 80.000 tiri, stabilendo un nuovo standard di durata nel mondo dello svapo. Progettato per utenti esperti che non scendono a compromessi, combina prestazioni eccezionali con un design elegante e moderno, offrendo sia quantit\u00e0 che straordinaria profondit\u00e0 di gusto ad ogni sessione.<\/p>\n<p>Ci\u00f2 che contraddistingue davvero questo dispositivo \u00e8 il suo innovativo sistema di camera aromatica 3 in 1, che combina tre diverse miscele di e-liquid in un unico dispositivo. Potete passare liberamente da un aroma all'altro durante tutta la giornata o sperimentare combinandoli per creare il vostro profilo di gusto personalizzato e scoprire dimensioni completamente nuove di soddisfazione ad ogni tiro. Con una generosa capacit\u00e0 di 78 ml di e-liquid precaricato, non \u00e8 necessario ricaricare continuamente e puoi svapare pi\u00f9 a lungo senza interruzioni: perfetto per chi desidera un utilizzo prolungato e ininterrotto ovunque e in qualsiasi momento.<\/p>\n<p>Questo straordinario dispositivo \u00e8 alimentato da una batteria ricaricabile da 850 mAh a ricarica rapida con pratico connettore di tipo C, che garantisce ore di prestazioni affidabili e tempi di inattivit\u00e0 minimi durante la ricarica. L'avanzato sistema a doppia bobina mesh da 1,0 \u03a9 porta ogni tiro a un nuovo livello, producendo un vapore denso e aromatico con una consistenza uniforme dal primo all'ultimo tiro, mantenendo la qualit\u00e0 per tutta la durata impressionante del dispositivo.<\/p>\n<p>Disponibile nei livelli di nicotina 0%, 2%, 3% e 5%, Bang Leader 80000 soddisfa ogni tipo di svapatore, da chi cerca opzioni senza nicotina agli utenti esperti che desiderano un effetto pi\u00f9 forte. \u00c8 un prodotto versatile e potente, pensato per soddisfare le tue preferenze e stare al passo con il tuo stile di vita.<\/p>\n<h2>Dati tecnici<\/h2>\n<ul>\n<li><strong>Treni:<\/strong> Fino a 80.000 treni<\/li>\n<li><strong>Nicotina:<\/strong> 0% \/ 2% \/ 3% \/ 5%<\/li>\n<li><strong>Aromi:<\/strong> Sistema aromatico 3 in 1<\/li>\n<li><strong>E-Liquid:<\/strong> 78 ml precaricato (3 capsule, 26 ml+26 ml+26 ml)<\/li>\n<li><strong>Batteria:<\/strong> 850 mAh ricaricabile<\/li>\n<li><strong>Bobina:<\/strong> 1,0 \u03a9 Mesh<\/li>\n<li><strong>Connettore di ricarica:<\/strong> Tipo C<\/li>\n<li><strong>Gusti disponibili:<\/strong> 12<\/li>\n<\/ul>\n<h2>Bang Leader 80000 tiri Elenco dei gusti<\/h2>\n<ol>\n<li>Anguria ghiacciata\/fragola e mango\/banana<\/li>\n<li>Mojito al lampone Pesca ghiacciata\/Fragola e anguria\/Kiwi Frutto della passione Guava<\/li>\n<li>Fragola e anguria\/uva ghiacciata\/caramella arcobaleno<\/li>\n<li>Cola ghiacciata\/mirtillo lampone\/pesca mango anguria<\/li>\n<li>Mirtillo Acqua di melone\/Fragola Mango\/Ribes nero<\/li>\n<li>Mirtillo ghiacciato\/Drago nero ghiacciato\/Mango e pesca<\/li>\n<li>Mirtillo ghiacciato\/Fragola e banana\/Frutti di bosco misti<\/li>\n<li>Red Bull\/Mirtillo Anguria\/Mela Pera<\/li>\n<li>Red Bull\/Anguria Bubble Candy\/Gelato alla fragola<\/li>\n<li>Fragola Kiwi\/Pesca Ghiaccio\/Ciliegia-Cola<\/li>\n<li>Kiwi Passione\/Litchi Ghiaccio\/Mango Pesca Ananas<\/li>\n<li>Avocado ghiacciato\/limone e lime\/anguria e lampone<\/li>\n<\/ol>\n<h2>Domande frequenti sul Bang Leader 80000 3-in-1 Vape usa e getta<\/h2>\n<p><strong>1. Quante boccate offre in totale il Bang Leader 80K?<\/strong><br \/>\nIl dispositivo offre fino a 80.000 tiri in totale, con ciascuno dei tre pod che contribuisce con circa 26.000+ tiri.<\/p>\n<p><strong>2. Cosa significa \u201e3 in 1\u201c?<\/strong><br \/>\nIl Bang Leader 80K \u00e8 dotato di un sistema a triplo aroma che consente di passare da una capsula di e-liquid all'altra, ciascuna con un gusto unico, tramite un meccanismo di selezione dedicato.<\/p>\n<p><strong>3. Il dispositivo \u00e8 ricaricabile?<\/strong><br \/>\nS\u00ec. \u00c8 alimentato da una batteria ricaricabile da 850 mAh e supporta la ricarica rapida di tipo C.<\/p>\n<p><strong>4. Come posso passare da un aroma all'altro?<\/strong><br \/>\n\u00c8 possibile cambiare gli aromi spostando il selettore sull'apparecchio, che commuta tra le tre capsule integrate.<\/p>\n<p><strong>5. Quanto tempo occorre per ricaricare il dispositivo?<\/strong><br \/>\nIl tempo di ricarica \u00e8 solitamente di circa 60-90 minuti tramite connessione di tipo C.<\/p>\n<p><strong>6. \u00c8 adatto ai principianti?<\/strong><br \/>\nS\u00ec. \u00c8 attivato dal tiro, senza pulsanti e pre-riempito: questo lo rende estremamente facile da usare, anche per i principianti.<\/p>\n<h2>Scopri altri prodotti premium per lo svapo<\/h2>\n<p>Il Bang Leader 80000 tiri \u00e8 solo uno dei tanti vaporizzatori usa e getta di alta qualit\u00e0 presenti nel nostro assortimento. Visitate il nostro <strong><a href=\"https:\/\/apexvape.de\/it\/\">Homepage<\/a><\/strong>, per scoprire la gamma completa di prodotti premium per lo svapo, oppure esplora la nostra <strong><a href=\"https:\/\/apexvape.de\/it\/product-category\/bang-vape\/\">Categoria BANG VAPE<\/a><\/strong> per altri dispositivi innovativi della serie Bang con prestazioni eccezionali e una grande variet\u00e0 di gusti. Da Apex Vape troverete sempre le soluzioni di svapo pi\u00f9 recenti e migliori per ogni esigenza.<\/p>","protected":false},"excerpt":{"rendered":"<p class=\"font-claude-response-body whitespace-normal break-words\">Il Bang Leader 80000 rivoluziona lo svapo con 80.000 tiri e un innovativo sistema aromatico 3 in 1. 78 ml di e-liquid in 3 pod intercambiabili, batteria da 850 mAh con ricarica rapida di tipo C e bobine dual mesh da 1,0 \u03a9 garantiscono un gusto intenso. Contenuto di nicotina 0-5%: massima versatilit\u00e0 per i vapers pi\u00f9 esigenti.<\/p>","protected":false},"featured_media":4128,"comment_status":"open","ping_status":"closed","template":"","meta":[],"product_brand":[],"product_cat":[76],"product_tag":[],"class_list":{"0":"post-4127","1":"product","2":"type-product","3":"status-publish","4":"has-post-thumbnail","6":"product_cat-bang-vape","8":"first","9":"instock","10":"shipping-taxable","11":"purchasable","12":"product-type-variable"},"_links":{"self":[{"href":"https:\/\/apexvape.de\/it\/wp-json\/wp\/v2\/product\/4127","targetHints":{"allow":["GET"]}}],"collection":[{"href":"https:\/\/apexvape.de\/it\/wp-json\/wp\/v2\/product"}],"about":[{"href":"https:\/\/apexvape.de\/it\/wp-json\/wp\/v2\/types\/product"}],"replies":[{"embeddable":true,"href":"https:\/\/apexvape.de\/it\/wp-json\/wp\/v2\/comments?post=4127"}],"version-history":[{"count":0,"href":"https:\/\/apexvape.de\/it\/wp-json\/wp\/v2\/product\/4127\/revisions"}],"wp:featuredmedia":[{"embeddable":true,"href":"https:\/\/apexvape.de\/it\/wp-json\/wp\/v2\/media\/4128"}],"wp:attachment":[{"href":"https:\/\/apexvape.de\/it\/wp-json\/wp\/v2\/media?parent=4127"}],"wp:term":[{"taxonomy":"product_brand","embeddable":true,"href":"https:\/\/apexvape.de\/it\/wp-json\/wp\/v2\/product_brand?post=4127"},{"taxonomy":"product_cat","embeddable":true,"href":"https:\/\/apexvape.de\/it\/wp-json\/wp\/v2\/product_cat?post=4127"},{"taxonomy":"product_tag","embeddable":true,"href":"https:\/\/apexvape.de\/it\/wp-json\/wp\/v2\/product_tag?post=4127"}],"curies":[{"name":"wp","href":"https:\/\/api.w.org\/{rel}","templated":true}]}}