{"id":3990,"date":"2025-11-27T14:22:01","date_gmt":"2025-11-27T13:22:01","guid":{"rendered":"https:\/\/apexvape.de\/?post_type=product&#038;p=3990"},"modified":"2025-11-27T14:22:36","modified_gmt":"2025-11-27T13:22:36","slug":"bang-legend-150k","status":"publish","type":"product","link":"https:\/\/apexvape.de\/it\/product\/bang-legend-150k\/","title":{"rendered":"Bang Legend 150K tiri Vape usa e getta"},"content":{"rendered":"<h1>Bang Legend 150K | 150.000 boccate 6 aromi in 1 sigaretta elettronica usa e getta multi-aroma a lunga durata<\/h1>\n<p>La sigaretta elettronica usa e getta Bang Legend 150K con funzione 6 in 1 stabilisce nuovi standard con fino a 150.000 tiri e un rivoluzionario sistema a tre serbatoi. Con tre livelli di nicotina (0%\/2%\/3%\/5%) e sei modalit\u00e0 di aroma, offre una personalizzazione senza pari. La bobina mesh offre un'esperienza di gusto intensa, mentre il display LED intelligente e la batteria da 850 mAh garantiscono controllo e durata. Perfetta per gli appassionati di svapo e i rivenditori.<\/p>\n<h2>Bang Legend 150K Caratteristiche principali:<\/h2>\n<p>Il Bang Legend 150K rappresenta la nuova generazione di dispositivi per lo svapo ad alte prestazioni e offre 150.000 tiri senza precedenti per un'esperienza di svapo eccezionalmente prolungata che supera tutte le aspettative. Progettato per gli utenti che richiedono prestazioni, gusto e durata eccezionale, questo dispositivo offre una personalizzazione completa con concentrazioni di nicotina di 0%, 2%, 3% e 5%, che consentono di avere il pieno controllo dell'intensit\u00e0 dello svapo, mentre il design elegante e avanzato combina uno stile accattivante con una struttura robusta, garantendo un'esperienza fluida e soddisfacente ad ogni tiro.<\/p>\n<p>Scoprite una variet\u00e0 di sapori senza pari con l'innovativo sistema aromatico 6 in 1, che offre sei modalit\u00e0 regolabili - A, B, C, A+B, A+C e B+C - e vi d\u00e0 la libert\u00e0 di esplorare infinite preferenze di gusto. Il rivoluzionario sistema a tre serbatoi supporta combinazioni dinamiche di aromi multipli, consentendoti di gustare singoli aromi o creare miscele personalizzate che offrono un gusto fresco, eccitante e appagante ad ogni tiro, mentre la bobina mesh ad alta efficienza migliora la fluidit\u00e0 del vapore, aumenta la profondit\u00e0 del gusto e offre un riscaldamento immediato per un tiro corposo ad ogni inalazione.<\/p>\n<p>Alimentato da una robusta batteria ricaricabile da 850 mAh, Bang Legend 150K offre prestazioni affidabili durante le tue lunghe sessioni, con una ricarica rapida e comoda tramite la moderna porta Type-C che riduce al minimo i tempi di inattivit\u00e0. Il display LED intelligente mostra chiaramente le informazioni in tempo reale sul contatore di tiri e sul livello della batteria, offrendo un controllo pi\u00f9 intelligente e una trasparenza completa, consentendoti di monitorare i tuoi modelli di utilizzo e pianificare di conseguenza con sicurezza e facilit\u00e0.<\/p>\n<p>Disponibile in 12 deliziosi gusti sapientemente miscelati per soddisfare ogni palato e ogni preferenza, Bang Legend 150K \u00e8 venduto in confezioni da 10 pezzi, il che lo rende perfetto per i rivenditori al dettaglio e all'ingrosso alla ricerca di prodotti di alta qualit\u00e0. Questo straordinario dispositivo combina magistralmente tecnologia all'avanguardia, straordinaria variet\u00e0 di gusti e durata senza compromessi in una soluzione di svapo definitiva, rendendolo la scelta definitiva per i vapers esigenti che non si accontentano di nulla di meno che un'esperienza di svapo eccezionale, completamente personalizzabile e infinitamente soddisfacente.<\/p>\n<h2>Dati tecnici:<\/h2>\n<p><strong>Contenuto di nicotina:<\/strong> 0% \/ 2% \/ 3% \/ 5%<br \/>\n<strong>Numero di treni:<\/strong> 150.000 treni<br \/>\n<strong>Sistema serbatoio:<\/strong> 3 serbatoi<br \/>\n<strong>Batteria:<\/strong> 850 mAh ricaricabile<br \/>\n<strong>Connettore di ricarica:<\/strong> Tipo C<br \/>\n<strong>Bobina:<\/strong> Bobina a maglia<br \/>\n<strong>Display:<\/strong> Display LED intelligente (contatore di tiri, batteria, e-liquid)<br \/>\n<strong>Caratteristica principale:<\/strong> 6 modalit\u00e0 aroma (A, B, C, A+B, A+C, B+C)<br \/>\n<strong>Confezione:<\/strong> 10 pezzi\/confezione<\/p>\n<h2>Bang Legend 150K Elenco dei gusti:<\/h2>\n<ol>\n<li>Pesca ghiacciata\/Mango Pesca\/Mirtillo Pesca<\/li>\n<li>Ananas ghiacciato\/Ananas e cocco\/Kiwi e ananas ghiacciato<\/li>\n<li>Uva ghiacciata\/Gomma da masticare all'uva\/Lampone e uva<\/li>\n<li>Anguria ghiacciata\/Anguria e frutti di bosco\/Anguria e fragole<\/li>\n<li>Mirtillo ghiacciato\/Mirtillo lampone\/Mirtillo mirtillo rosso ciliegia<\/li>\n<li>Banana ghiacciata\/Fragola Banana\/Acido citrico Arancia<\/li>\n<li>Mela ghiacciata\/Mela uva\/Mirtillo uva<\/li>\n<li>Mango ghiacciato\/Pesca Mango Anguria\/Orsetti gommosi<\/li>\n<li>Ciliegia ghiacciata\/Frutti di bosco misti\/Cola rossa<\/li>\n<li>Red Bull\/Gomma da masticare all'anguria\/Love 66<\/li>\n<li>Fragola ghiacciata\/Fragola kiwi\/Fragola litchi<\/li>\n<li>Frutto della passione\/guava Lime\/frutto della passione Limone<\/li>\n<\/ol>\n<h2>Domande frequenti sul Bang Legend 150K<\/h2>\n<p><strong>F1: Quanti tiri offre il Bang Legend 150K?<\/strong><br \/>\nA: Bang Legend 150K garantisce fino a 150.000 tiri, offrendo cos\u00ec una delle esperienze di svapo pi\u00f9 durature del settore.<\/p>\n<p><strong>D2: Cosa distingue la Bang Legend 150K dalle altre sigarette elettroniche usa e getta?<\/strong><br \/>\nR: \u00c8 dotato di un sistema aromatico 6 in 1 con 3 camere liquide indipendenti che consente di gustare sei diverse combinazioni di sapori in un unico dispositivo, insieme a un display LED intelligente, flusso d'aria regolabile e ricarica di tipo C.<\/p>\n<p><strong>F3: Come funziona il sistema 6 in 1?<\/strong><br \/>\nR: Ogni camera del liquido contiene due aromi puri che possono essere sostituiti o miscelati, offrendoti sei diverse esperienze di gusto. Basta passare da una modalit\u00e0 aromatica all'altra per goderti il tuo gusto preferito.<\/p>\n<p><strong>D4: Il Bang Legend 150K \u00e8 ricaricabile?<\/strong><br \/>\nR: S\u00ec! \u00c8 dotato di una batteria ricaricabile ad alta capacit\u00e0 e di ricarica rapida di tipo C, che garantisce prestazioni continue per tutti i 150.000 tiri.<\/p>\n<p><strong>F5: Il dispositivo mostra i livelli della batteria e dell'e-liquid?<\/strong><br \/>\nR: S\u00ec, \u00e8 dotato di uno schermo HD intelligente che mostra la percentuale di batteria, lo stato dell'e-liquid e il numero di tiri, tenendoti informato in tempo reale.<\/p>\n<h2>Scopri altri prodotti Premium Vape<\/h2>\n<p>La Bang Legend 150K fa parte della nostra vasta gamma di sigarette elettroniche usa e getta di alta qualit\u00e0. Visita il nostro <strong><a href=\"https:\/\/apexvape.de\/it\/\">Homepage<\/a><\/strong> per l'assortimento completo di prodotti premium per lo svapo e offerte esclusive. Se siete interessati in particolare agli innovativi dispositivi Bang Vape, scoprite la nostra gamma completa <strong><a href=\"https:\/\/apexvape.de\/it\/product-category\/bang-vape\/\">Collezione BANG VAPE<\/a><\/strong> con gli ultimi modelli e gusti. Da Apex Vape troverete sicuramente il dispositivo di svapo perfetto per le vostre esigenze individuali, con spedizione veloce e un servizio clienti di prima classe.<\/p>","protected":false},"excerpt":{"rendered":"<p class=\"font-claude-response-body whitespace-normal break-words\">La sigaretta elettronica Bang Legend 150K offre ben 150.000 boccate con un rivoluzionario sistema aromatico 6 in 1 e un design a 3 serbatoi. Con bobina mesh, batteria da 850 mAh, display LED intelligente e ricarica USB-C. Contenuto di nicotina 0-5%. 12 gusti premium per infinite combinazioni.<\/p>","protected":false},"featured_media":3991,"comment_status":"open","ping_status":"closed","template":"","meta":[],"product_brand":[],"product_cat":[76],"product_tag":[],"class_list":{"0":"post-3990","1":"product","2":"type-product","3":"status-publish","4":"has-post-thumbnail","6":"product_cat-bang-vape","8":"first","9":"instock","10":"shipping-taxable","11":"purchasable","12":"product-type-variable"},"_links":{"self":[{"href":"https:\/\/apexvape.de\/it\/wp-json\/wp\/v2\/product\/3990","targetHints":{"allow":["GET"]}}],"collection":[{"href":"https:\/\/apexvape.de\/it\/wp-json\/wp\/v2\/product"}],"about":[{"href":"https:\/\/apexvape.de\/it\/wp-json\/wp\/v2\/types\/product"}],"replies":[{"embeddable":true,"href":"https:\/\/apexvape.de\/it\/wp-json\/wp\/v2\/comments?post=3990"}],"version-history":[{"count":0,"href":"https:\/\/apexvape.de\/it\/wp-json\/wp\/v2\/product\/3990\/revisions"}],"wp:featuredmedia":[{"embeddable":true,"href":"https:\/\/apexvape.de\/it\/wp-json\/wp\/v2\/media\/3991"}],"wp:attachment":[{"href":"https:\/\/apexvape.de\/it\/wp-json\/wp\/v2\/media?parent=3990"}],"wp:term":[{"taxonomy":"product_brand","embeddable":true,"href":"https:\/\/apexvape.de\/it\/wp-json\/wp\/v2\/product_brand?post=3990"},{"taxonomy":"product_cat","embeddable":true,"href":"https:\/\/apexvape.de\/it\/wp-json\/wp\/v2\/product_cat?post=3990"},{"taxonomy":"product_tag","embeddable":true,"href":"https:\/\/apexvape.de\/it\/wp-json\/wp\/v2\/product_tag?post=3990"}],"curies":[{"name":"wp","href":"https:\/\/api.w.org\/{rel}","templated":true}]}}