{"id":3924,"date":"2025-11-27T14:08:12","date_gmt":"2025-11-27T13:08:12","guid":{"rendered":"https:\/\/apexvape.de\/?post_type=product&#038;p=3924"},"modified":"2025-11-27T14:09:10","modified_gmt":"2025-11-27T13:09:10","slug":"bang-legend-120k","status":"publish","type":"product","link":"https:\/\/apexvape.de\/it\/product\/bang-legend-120k\/","title":{"rendered":"Bang Legend 120K tiri Vape usa e getta"},"content":{"rendered":"<p>&nbsp;<\/p>\n<h1><strong>Bang Legend 120K 5 in 1 120000 tiri | Sigaretta elettronica all'ingrosso regolabile con gusti multipli<\/strong><\/h1>\n<p>La sigaretta elettronica usa e getta Bang Legend 120K 5 in 1 \u00e8 un dispositivo di alta qualit\u00e0 con una capacit\u00e0 enorme, progettato per gli amanti del gusto e gli utenti intensivi. Con 120.000 tiri, un serbatoio da 50 ml e un sistema di aromi 5 in 1, offre una versatilit\u00e0 senza pari e fornisce fino a 5 aromi diversi in un unico dispositivo. Dotata di una bobina mesh da 1,0 \u03a9, una batteria da 850 mAh e una porta di ricarica rapida di tipo C, garantisce un vapore morbido, prestazioni di lunga durata e il massimo comfort. Disponibile in concentrazioni di nicotina regolabili da 0%, 2%, 3% e 5%.<\/p>\n<p><img decoding=\"async\" class=\"alignnone size-medium wp-image-3988\" src=\"https:\/\/apexvape.de\/wp-content\/uploads\/2025\/11\/\u4ea7\u54c1\u5408\u96c6\u56fe-300x120.jpg\" alt=\"Bang Legend 120K\" width=\"300\" height=\"120\" srcset=\"https:\/\/apexvape.de\/wp-content\/uploads\/2025\/11\/\u4ea7\u54c1\u5408\u96c6\u56fe-300x120.jpg 300w, https:\/\/apexvape.de\/wp-content\/uploads\/2025\/11\/\u4ea7\u54c1\u5408\u96c6\u56fe-1024x409.jpg 1024w, https:\/\/apexvape.de\/wp-content\/uploads\/2025\/11\/\u4ea7\u54c1\u5408\u96c6\u56fe-768x307.jpg 768w, https:\/\/apexvape.de\/wp-content\/uploads\/2025\/11\/\u4ea7\u54c1\u5408\u96c6\u56fe-1536x613.jpg 1536w, https:\/\/apexvape.de\/wp-content\/uploads\/2025\/11\/\u4ea7\u54c1\u5408\u96c6\u56fe-2048x817.jpg 2048w, https:\/\/apexvape.de\/wp-content\/uploads\/2025\/11\/\u4ea7\u54c1\u5408\u96c6\u56fe-18x7.jpg 18w, https:\/\/apexvape.de\/wp-content\/uploads\/2025\/11\/\u4ea7\u54c1\u5408\u96c6\u56fe-1200x479.jpg 1200w, https:\/\/apexvape.de\/wp-content\/uploads\/2025\/11\/\u4ea7\u54c1\u5408\u96c6\u56fe-150x60.jpg 150w\" sizes=\"(max-width: 300px) 100vw, 300px\" \/><\/p>\n<h2><strong>Bang Legend 120K tiri Caratteristiche principali:<\/strong><\/h2>\n<p>Prova una straordinaria autonomia di vapore con la sigaretta elettronica usa e getta Bang Legend 120K, che offre un'impressionante capacit\u00e0 fino a 120.000 boccate e stabilisce un nuovo standard di durata, senza necessit\u00e0 di sostituzioni frequenti. Disponibile con concentrazioni di nicotina da 0%, 2%, 3% e 5%, questo dispositivo soddisfa le preferenze pi\u00f9 disparate. Il rivoluzionario design a cinque serbatoi con 5 modalit\u00e0 di gusto regolabili consente ai fumatori di godersi pi\u00f9 aromi in un unico dispositivo e di vivere un'esperienza di gusto completamente personalizzabile che si adatta al proprio umore e mantiene ogni sessione emozionante e fresca.<\/p>\n<p>Progettato per garantire prestazioni eccezionali, Bang Legend 120K \u00e8 dotato di un avanzato sistema a 5 bobine mesh che produce un vapore morbido, intenso e aromatico con un'eccellente efficienza di riscaldamento e produzione di nuvole. Alimentato da una robusta batteria da 850 mAh, questo dispositivo garantisce prestazioni affidabili e di lunga durata durante lunghe sessioni di svapo e fornisce la potenza necessaria per supportare l'impressionante capacit\u00e0 di tiro senza compromettere la qualit\u00e0 o la consistenza.<\/p>\n<p>Rimani sempre informato e mantieni il controllo grazie all'intuitivo display LCD che fornisce aggiornamenti in tempo reale sullo stato della batteria, sul contatore di tiri e sulla modalit\u00e0 di gusto selezionata, offrendo agli utenti la massima trasparenza e gestione delle loro sessioni. Questo sistema di monitoraggio intelligente ti assicura di non avere mai sorprese e di poter pianificare con sicurezza il tuo utilizzo, massimizzando il comfort e migliorando l'esperienza complessiva dell'utente.<\/p>\n<p>Perfetta per uso personale e vendita all'ingrosso: Bang Legend 120K \u00e8 confezionata in pratici pacchetti da 10 pezzi ed \u00e8 disponibile in 12 gusti di alta qualit\u00e0, creati con maestria per soddisfare ogni palato. Questa sigaretta elettronica usa e getta combina versatilit\u00e0 senza pari, massimo comfort e prestazioni di alta qualit\u00e0 in un pacchetto elegante ed \u00e8 la scelta ideale per i vapers esigenti che cercano soddisfazione duratura, eccezionale variet\u00e0 di gusti e un'esperienza di svapo davvero personalizzata che non si accontenta mai della mediocrit\u00e0.<\/p>\n<h2><strong>Dati tecnici:<\/strong><\/h2>\n<ul>\n<li>Numero di mosse: fino a 120.000 mosse<\/li>\n<li>Capacit\u00e0 liquido: 50 ml<\/li>\n<li>Camere di aromatizzazione: sistema di aromatizzazione 5 in 1<\/li>\n<li>Tipo di bobina: bobina mesh da 1,0 \u03a9<\/li>\n<li>Capacit\u00e0 batteria: 850 mAh ricaricabile<\/li>\n<li>Connettore di ricarica: ricarica rapida Type-C<\/li>\n<li>Contenuto di nicotina: 0%, 2%, 3% o 5%<\/li>\n<\/ul>\n<h2><strong>Bang Legend 120K tiri Elenco dei gusti:<\/strong><\/h2>\n<ol>\n<li>Bevanda energetica\/mirtillo ciliegia\/mela uva\/anguria frutto del drago\/mamba<\/li>\n<li>Bevanda energetica\/Pesca ghiacciata\/Mango ghiacciato\/Mirtillo rosso e uva\/Ribes nero<\/li>\n<li>Mirtillo Lampone\/Pesca Mango Anguria\/Cherry Cola\/Uva Mora Ghiaccio\/Mango Pesca Albicocca<\/li>\n<li>Mirtillo Lampone\/Black Dragon Ice\/Caramella arcobaleno\/Fuji Ice\/Anguria Pesca acida<\/li>\n<li>Mirtillo ghiacciato\/Kiwi Frutto della passione Guava\/Triplo melone\/Pesca Ananas\/Baci appassionati<\/li>\n<li>Mirtillo ghiacciato\/Anguria Gomma da masticare\/Mela acida Lampone\/Loto Mango Melone\/Frutto della passione Kiwi Lime<\/li>\n<li>Anguria ghiacciata\/Frutti di bosco misti\/Mela e pera\/Mirtillo e menta\/Estate<\/li>\n<li>Anguria ghiacciata\/Fragola Mango\/Ciliegia della California\/Mirtillo Pesca ghiacciata\/Berry Cool<\/li>\n<li>Fragola Anguria\/Uva Ghiaccio\/Mojito rosso\/Banana Ghiaccio\/Limone Lime<\/li>\n<li>Fragola Anguria\/Melone Mela\/Cola Ice\/Mango Pesca\/Love 66<\/li>\n<li>Fragola Kiwi\/Fragola Banana\/Litch\u00ec Ghiaccio\/Anguria Bacche\/Frutto della passione Mango<\/li>\n<li>Fragola Kiwi\/Mirtillo Anguria\/Caramello mou\/Gomma da masticare al mirtillo\/Mango acido Ananas<\/li>\n<\/ol>\n<h2><strong>Domande frequenti sul Bang Legend 120K<\/strong><\/h2>\n<p><strong>F1: Che cos'\u00e8 Bang Legend 120K?<\/strong> Bang Legend 120K \u00e8 una sigaretta elettronica usa e getta ad alta capacit\u00e0 con fino a 120.000 boccate, che combina diverse combinazioni di gusti in un unico dispositivo e offre un'esperienza di svapo duratura e di prima classe.<\/p>\n<p><strong>F2: Come posso cambiare i gusti?<\/strong> Basta ruotare il selettore di gusto o utilizzare il comando touch (a seconda del modello) per scegliere tra le combinazioni di gusto preinstallate.<\/p>\n<p><strong>F3: Posso ricaricare il Bang Legend 120K?<\/strong> S\u00ec. Il dispositivo \u00e8 dotato di una batteria ricaricabile tramite USB-C che garantisce prestazioni costanti fino al completo esaurimento del liquido.<\/p>\n<p><strong>D4: Come faccio a sapere quando \u00e8 necessario ricaricare la batteria?<\/strong> Un indicatore LED lampeggia o cambia colore quando la batteria \u00e8 scarica. Caricare il dispositivo con un cavo USB-C compatibile fino a quando l'indicatore non rimane acceso fisso.<\/p>\n<p><strong>F5: \u00c8 ricaricabile?<\/strong> No. La Bang Legend 120K \u00e8 una sigaretta elettronica monouso pre-riempita. Una volta esaurito il liquido, deve essere sostituita con un nuovo dispositivo.<\/p>\n<h2 class=\"font-claude-response-body whitespace-normal break-words\"><strong>Scopri altri prodotti premium per lo svapo:<\/strong><\/h2>\n<p class=\"font-claude-response-body whitespace-normal break-words\">Visitate il nostro sito <strong><a class=\"underline\" href=\"https:\/\/apexvape.de\/it\/\">Homepage<\/a><\/strong> per le ultime offerte di sigarette elettroniche e vaporizzatori. Il Bang Legend 120K fa parte della nostra vasta gamma <strong><a class=\"underline\" href=\"https:\/\/apexvape.de\/it\/product-category\/bang-vape\/\">BANG VAPE<\/a><\/strong> Collezione dove potrai scoprire altre sigarette elettroniche usa e getta di alta qualit\u00e0 e innovativi dispositivi per lo svapo del marchio Bang. Approfitta di interessanti prezzi all'ingrosso, spedizioni veloci e un servizio clienti di prima classe per le tue esigenze di svapo.<\/p>","protected":false},"excerpt":{"rendered":"<p class=\"font-claude-response-body whitespace-normal break-words\">La sigaretta elettronica Bang Legend 120K offre 120.000 tiri con un innovativo sistema di aromi 5 in 1 e un serbatoio da 50 ml. Dotata di bobina mesh da 1,0 \u03a9, batteria da 850 mAh, display LCD e ricarica rapida USB-C. Contenuto di nicotina 0-5%. 12 aromi premium per la massima versatilit\u00e0 e piacere di svapo.<\/p>","protected":false},"featured_media":3925,"comment_status":"open","ping_status":"closed","template":"","meta":[],"product_brand":[],"product_cat":[76],"product_tag":[],"class_list":{"0":"post-3924","1":"product","2":"type-product","3":"status-publish","4":"has-post-thumbnail","6":"product_cat-bang-vape","8":"first","9":"instock","10":"shipping-taxable","11":"purchasable","12":"product-type-variable"},"_links":{"self":[{"href":"https:\/\/apexvape.de\/it\/wp-json\/wp\/v2\/product\/3924","targetHints":{"allow":["GET"]}}],"collection":[{"href":"https:\/\/apexvape.de\/it\/wp-json\/wp\/v2\/product"}],"about":[{"href":"https:\/\/apexvape.de\/it\/wp-json\/wp\/v2\/types\/product"}],"replies":[{"embeddable":true,"href":"https:\/\/apexvape.de\/it\/wp-json\/wp\/v2\/comments?post=3924"}],"version-history":[{"count":0,"href":"https:\/\/apexvape.de\/it\/wp-json\/wp\/v2\/product\/3924\/revisions"}],"wp:featuredmedia":[{"embeddable":true,"href":"https:\/\/apexvape.de\/it\/wp-json\/wp\/v2\/media\/3925"}],"wp:attachment":[{"href":"https:\/\/apexvape.de\/it\/wp-json\/wp\/v2\/media?parent=3924"}],"wp:term":[{"taxonomy":"product_brand","embeddable":true,"href":"https:\/\/apexvape.de\/it\/wp-json\/wp\/v2\/product_brand?post=3924"},{"taxonomy":"product_cat","embeddable":true,"href":"https:\/\/apexvape.de\/it\/wp-json\/wp\/v2\/product_cat?post=3924"},{"taxonomy":"product_tag","embeddable":true,"href":"https:\/\/apexvape.de\/it\/wp-json\/wp\/v2\/product_tag?post=3924"}],"curies":[{"name":"wp","href":"https:\/\/api.w.org\/{rel}","templated":true}]}}