{"id":3857,"date":"2025-11-27T13:59:04","date_gmt":"2025-11-27T12:59:04","guid":{"rendered":"https:\/\/apexvape.de\/?post_type=product&#038;p=3857"},"modified":"2025-11-27T13:59:28","modified_gmt":"2025-11-27T12:59:28","slug":"bang-legend-110k","status":"publish","type":"product","link":"https:\/\/apexvape.de\/it\/product\/bang-legend-110k\/","title":{"rendered":"Bang Legend 110k tiri Vape usa e getta"},"content":{"rendered":"<h1>Bang Legend 110k tiri 3in1 sigaretta elettronica \u2013 Ultra resistente, bobina mesh, ricarica Type-C, 12 combinazioni di gusti<\/h1>\n<p>Bang Legend 110k Sbuffi 3 in 1 Sigaretta elettronica usa e getta. Con l'innovativa tecnologia a triplo cambio di gusto, questo potente dispositivo offre ben 110.000 sbuffi di vapore corposo e aromatico. L'avanzata bobina mesh e il display digitale consentono un monitoraggio perfetto delle prestazioni, mentre l'elegante design a forma di scimmia fa risaltare la Bang Vape. Scegli tra 12 entusiasmanti combinazioni di gusti e determina il tuo livello di nicotina preferito (0%, 2%, 3% o 5%). Con la sua batteria ricaricabile e l'enorme capacit\u00e0 di e-liquid, Bang Legend Big Puff 3 in 1 Vape ridefinisce la perfezione delle sigarette elettroniche usa e getta.<\/p>\n<h2>Caratteristiche principali della Bang Legend 110k:<\/h2>\n<p>Bang Legend 110K ridefinisce l'eccellenza dello svapo con una capacit\u00e0 enorme di 110.000 tiri, che offre prestazioni ultra-durature per un uso prolungato ed elimina completamente la necessit\u00e0 di sostituzioni frequenti: un nuovo punto di riferimento nel settore. Questo straordinario dispositivo \u00e8 dotato di un serbatoio per e-liquid di grande capacit\u00e0 combinato con un display digitale intelligente che mostra chiaramente il livello di e-liquid e la capacit\u00e0 residua della batteria, consentendo un monitoraggio senza sforzo, in modo da essere sempre informati e avere il pieno controllo della vostra esperienza di svapo.<\/p>\n<p>Alimentato da un'efficiente batteria ricaricabile da 600 mAh con tecnologia di ricarica Type-C, Bang Legend 110K offre una ricarica rapida e comoda che supporta un numero impressionante di tiri e riduce al minimo i tempi di inattivit\u00e0. Il dispositivo integra un sistema intelligente di efficienza energetica con gestione ottimizzata per un'erogazione di potenza uniforme e prestazioni affidabili per tutta la sua durata, integrato da un'avanzata tecnologia a bobina mesh da 1,0\u03a9 che offre una riproduzione superiore del gusto e nuvole di vapore dense e soddisfacenti ad ogni tiro.<\/p>\n<p>Prova l'innovativo sistema di gusto 3 in 1 con 12 combinazioni di gusti fruttati e ghiacciati selezionati con cura, come frutti di bosco e frutto della passione, mango e Love66 e molti altri: un'esperienza di gusto davvero personalizzabile che delizier\u00e0 e stimoler\u00e0 il tuo palato. Disponibile in diversi livelli di nicotina (0%, 2%, 3% e 5%), Bang Legend 110K soddisfa le diverse preferenze degli utenti e risponde alla domanda di variet\u00e0 del mercato, offrendo l'opzione perfetta per ogni tipo di vaper, dal principiante all'appassionato esperto.<\/p>\n<p>Il Bang Legend 110K Vape, facile da usare e attivato dal tiro, presenta un design alla moda con una scimmia, attualmente molto di tendenza, che combina un'estetica accattivante con una funzionalit\u00e0 pratica in un pacchetto elegante. Questa perfetta fusione di tecnologia all'avanguardia, prestazioni eccezionali, opzioni personalizzabili e design contemporaneo rende Bang Legend 110K la scelta definitiva per i vaper che non scendono a compromessi in termini di qualit\u00e0, durata o stile.<\/p>\n<h2>Specifiche tecniche:<\/h2>\n<p><strong>Numero di treni:<\/strong> 110.000 treni<br \/>\n<strong>Batteria:<\/strong> 600 mAh ricaricabile tipo C<br \/>\n<strong>Capacit\u00e0 e-liquid:<\/strong> 18 ml (serbatoio ad alto volume)<br \/>\n<strong>Bobina:<\/strong> Bobina mesh da 1,0 \u03a9<br \/>\n<strong>Contenuto di nicotina:<\/strong> 0%, 2%, 3%, 5%<br \/>\n<strong>Sistema gustativo:<\/strong> 3 gusti intercambiabili \u00d7 12 profili<br \/>\n<strong>Attivazione:<\/strong> Attivato dalla trazione<br \/>\n<strong>Tempo di caricamento:<\/strong> 40 minuti (0-100%)<\/p>\n<h2>Lista dei gusti Bang Legend 110k:<\/h2>\n<ol>\n<li>Anguria ghiacciata \/ Mela e pera \/ Bacio appassionato<\/li>\n<li>Gelato al mirtillo \/ Mela cantalupo \/ Limone e lime<\/li>\n<li>Bevanda energetica \/ Mela e uva \/ Mango, pesca e albicocca<\/li>\n<li>Fragola Mango \/ Mirtillo Pesca \/ Anguria Frutti di bosco<\/li>\n<li>Mirtillo Lampone \/ Orsetti gommosi \/ Anguria Pitaya<\/li>\n<li>Fragola Kiwi \/ Gelato al drago nero \/ Limone Lime<\/li>\n<li>Mirtillo, anguria \/ gelato all'uva \/ gelato Fuji<\/li>\n<li>Fragola Anguria \/ Uva Mora \/ Limone e lime<\/li>\n<li>Fragola Banana \/ Pesca Gelato \/ Anguria Pesca acida<\/li>\n<li>Pesca, mango, anguria \/ ciliegia, cola \/ frutto della passione, kiwi, lime<\/li>\n<li>Gomma da masticare al gusto di anguria \/ Kiwi, frutto della passione, guava \/ Mamba<\/li>\n<li>Frutti di bosco misti \/ Frutto della passione Mango \/ Love66<\/li>\n<\/ol>\n<h2>Domande frequenti (FAQ)<\/h2>\n<p><strong>F1: Cosa distingue la Bang Legend 110K dalle altre sigarette elettroniche usa e getta?<\/strong><br \/>\nA1: Bang Legend 110K offre 110.000 tiri, un serbatoio per liquidi di grandi dimensioni e un sistema multi-gusto che consente di godere di diverse esperienze di gusto in un unico dispositivo.<\/p>\n<p><strong>F2: Bang Legend 110K supporta funzioni regolabili?<\/strong><br \/>\nA2: S\u00ec, dispone di flusso d'aria regolabile e modalit\u00e0 di potenza, in modo da poter passare da nuvole morbide e ricche a boccate intense e ghiacciate, a seconda delle proprie preferenze.<\/p>\n<p><strong>F3: Qual \u00e8 la durata della batteria?<\/strong><br \/>\nA3: Dotato di una batteria ricaricabile ad alta capacit\u00e0 e ricarica rapida di tipo C, garantisce sessioni di svapo pi\u00f9 lunghe senza interruzioni.<\/p>\n<p><strong>F4: Posso cambiare facilmente i gusti?<\/strong><br \/>\nA4: S\u00ec, con il sistema di gusto 3 in 1 \u00e8 possibile passare facilmente da un gusto all'altro con un semplice interruttore e godersi la variet\u00e0 senza cambiare dispositivo.<\/p>\n<p><strong>F5: Per chi \u00e8 stata progettata la Bang Legend 110K?<\/strong><br \/>\nA5: \u00c8 perfetta per i vapers di lunga data, gli amanti del gusto e i trendsetter che desiderano prestazioni premium con la comodit\u00e0 di una sigaretta elettronica usa e getta.<\/p>\n<h2>Scopri la collezione completa Bang Vape su Apexvape<\/h2>\n<p>Il Bang Legend 110K \u00e8 solo uno dei tanti prodotti di alta qualit\u00e0 presenti nel nostro assortimento. Su <strong><a href=\"https:\/\/apexvape.de\/it\/\">Apexvape<\/a><\/strong> troverete un'ampia selezione di sigarette elettroniche premium e accessori per lo svapo per tutti i gusti e tutte le preferenze. Esplorate la nostra gamma completa <strong><a href=\"https:\/\/apexvape.de\/it\/product-category\/bang-vape\/\">Collezione BANG VAPE<\/a><\/strong> e scoprite altri dispositivi innovativi con prestazioni eccezionali, gusti variegati e tecnologia all'avanguardia. Che siate principianti o esperti, su Apexvape troverete sicuramente il prodotto perfetto per la vostra esperienza di svapo definitiva.<\/p>","protected":false},"excerpt":{"rendered":"<p class=\"font-claude-response-body whitespace-normal break-words\">La sigaretta elettronica Bang Legend 110k offre ben 110.000 boccate con un sistema di aromi 3 in 1 e un serbatoio da 18 ml. Dotata di bobina mesh da 1,0 \u03a9, batteria da 600 mAh, display digitale, ricarica rapida USB-C e un design alla moda con una scimmia. Contenuto di nicotina 0-5%, 12 combinazioni di gusti.<\/p>","protected":false},"featured_media":3858,"comment_status":"open","ping_status":"closed","template":"","meta":[],"product_brand":[],"product_cat":[76],"product_tag":[],"class_list":{"0":"post-3857","1":"product","2":"type-product","3":"status-publish","4":"has-post-thumbnail","6":"product_cat-bang-vape","8":"first","9":"instock","10":"shipping-taxable","11":"purchasable","12":"product-type-variable"},"_links":{"self":[{"href":"https:\/\/apexvape.de\/it\/wp-json\/wp\/v2\/product\/3857","targetHints":{"allow":["GET"]}}],"collection":[{"href":"https:\/\/apexvape.de\/it\/wp-json\/wp\/v2\/product"}],"about":[{"href":"https:\/\/apexvape.de\/it\/wp-json\/wp\/v2\/types\/product"}],"replies":[{"embeddable":true,"href":"https:\/\/apexvape.de\/it\/wp-json\/wp\/v2\/comments?post=3857"}],"version-history":[{"count":0,"href":"https:\/\/apexvape.de\/it\/wp-json\/wp\/v2\/product\/3857\/revisions"}],"wp:featuredmedia":[{"embeddable":true,"href":"https:\/\/apexvape.de\/it\/wp-json\/wp\/v2\/media\/3858"}],"wp:attachment":[{"href":"https:\/\/apexvape.de\/it\/wp-json\/wp\/v2\/media?parent=3857"}],"wp:term":[{"taxonomy":"product_brand","embeddable":true,"href":"https:\/\/apexvape.de\/it\/wp-json\/wp\/v2\/product_brand?post=3857"},{"taxonomy":"product_cat","embeddable":true,"href":"https:\/\/apexvape.de\/it\/wp-json\/wp\/v2\/product_cat?post=3857"},{"taxonomy":"product_tag","embeddable":true,"href":"https:\/\/apexvape.de\/it\/wp-json\/wp\/v2\/product_tag?post=3857"}],"curies":[{"name":"wp","href":"https:\/\/api.w.org\/{rel}","templated":true}]}}