{"id":3335,"date":"2025-11-26T13:34:53","date_gmt":"2025-11-26T12:34:53","guid":{"rendered":"https:\/\/apexvape.de\/?post_type=product&#038;p=3335"},"modified":"2025-11-26T13:35:14","modified_gmt":"2025-11-26T12:35:14","slug":"bang-king-25000","status":"publish","type":"product","link":"https:\/\/apexvape.de\/it\/product\/bang-king-25000\/","title":{"rendered":"Bang King 25000 tiri Vape usa e getta"},"content":{"rendered":"<h1>Bang King 25000 tiri | Doppie capsule 0%-5% nicotina, 46 ml 650 mAh Vape usa e getta all'ingrosso<\/h1>\n<p>Il Bang King 25000 tiri \u00e8 un dispositivo vape monouso ad alta capacit\u00e0 progettato per offrire un'esperienza di svapo senza pari con un massimo di 25.000 tiri. Progettato sia per gli appassionati di svapo che per i rivenditori, questo dispositivo combina comfort, prestazioni e durata. La generosa capacit\u00e0 di 46 ml di e-liquid (suddivisa in 2 pod da 23 ml) riduce al minimo la necessit\u00e0 di ricariche, mentre la potente batteria ricaricabile da 650 mAh garantisce un uso prolungato. Disponibile in concentrazioni di nicotina da 0%, 2%, 3% e 5%, soddisfa una vasta gamma di preferenze.<\/p>\n<h2>Bang King 25000 tiri Caratteristiche principali:<\/h2>\n<p>Provate un'esperienza straordinaria con una capacit\u00e0 impressionante fino a 25.000 tiri, alimentata da due pod di e-liquid pre-riempiti da 23 ml con un generoso volume totale di 46 ml. Questa capacit\u00e0 ampliata garantisce un piacere duraturo senza la necessit\u00e0 di sostituzioni continue ed \u00e8 perfetta sia per gli utenti occasionali che per gli appassionati di svapo.<\/p>\n<p>Personalizza la tua esperienza con opzioni flessibili di contenuto di nicotina, disponibili nelle concentrazioni 0%, 2%, 3% e 5%, per soddisfare le tue preferenze e esigenze individuali. Che tu voglia ridurre l'assunzione di nicotina o preferisca un effetto pi\u00f9 forte, c'\u00e8 un'opzione pensata appositamente per te.<\/p>\n<p>Il dispositivo \u00e8 dotato di una tecnologia avanzata con una bobina mesh da 1,0 ohm che offre profili aromatici migliorati e una produzione di vapore impressionante ad ogni tiro. Alimentato da un'affidabile batteria ricaricabile da 650 mAh, potrete contare su prestazioni costanti per tutto il giorno, mentre la pratica porta di ricarica di tipo C consente una ricarica rapida ed efficiente quando necessario.<\/p>\n<p>Scegli tra una selezione allettante di 12 gusti deliziosi, creati con cura per soddisfare ogni palato e ogni preferenza. Dai classici preferiti alle miscele uniche, questa variegata selezione di gusti ti assicura di trovare quello perfetto per il tuo umore e per arricchire la tua esperienza di svapo.<\/p>\n<h2>Specifiche del prodotto:<\/h2>\n<ul>\n<li><strong>Treni:<\/strong> Fino a 25.000 treni<\/li>\n<li><strong>Liquido:<\/strong> 46 ml di liquido per sigarette elettroniche precaricato (2 POD, 23 ml + 23 ml)<\/li>\n<li><strong>Nicotina:<\/strong> 0%, 2%, 3%, 5%<\/li>\n<li><strong>Tipo:<\/strong> monouso<\/li>\n<li><strong>Batteria:<\/strong> Batteria da 650 mAh<\/li>\n<li><strong>Flusso d'aria regolabile<\/strong><\/li>\n<li><strong>Ricarica tipo C<\/strong><\/li>\n<li><strong>12 gusti disponibili<\/strong><\/li>\n<\/ul>\n<h2>Elenco dei gusti:<\/h2>\n<ol>\n<li>Blue Razz Ice<\/li>\n<li>Pesca succosa ghiacciata<\/li>\n<li>Anguria e fragola<\/li>\n<li>Anguria ghiacciata<\/li>\n<li>Fragola e banana<\/li>\n<li>Mela acida ghiacciata<\/li>\n<li>Triplo gusto frutti di bosco<\/li>\n<li>Frutta tropicale<\/li>\n<li>Bomba alla ciliegia<\/li>\n<li>Grape Ice<\/li>\n<li>Pesca e mango<\/li>\n<li>Mango e fragola<\/li>\n<\/ol>\n<h2>Domande frequenti (FAQ)<\/h2>\n<p><strong>1. Quanto dura il Bang King 25000 tiri?<\/strong><\/p>\n<p>Il Bang King 25000 boccate \u00e8 progettato per offrire fino a 25.000 boccate, a seconda dell'utilizzo. Si tratta di una durata notevolmente superiore rispetto alla maggior parte delle sigarette elettroniche usa e getta, rendendolo ideale per i fumatori accaniti.<\/p>\n<p><strong>2. Quali gusti sono disponibili per il Bang King 25000 tiri?<\/strong><\/p>\n<p>Il Bang King 25000 tiri \u00e8 disponibile in una vasta gamma di gusti, tra cui opzioni fruttate, al mentolo e dessert. Tra le scelte pi\u00f9 popolari figurano mirtillo e menta, mango ghiacciato e fragola e banana.<\/p>\n<p><strong>3. Come smaltisco il mio Bang King 25000 usato?<\/strong><\/p>\n<p>Incoraggiamo tutti i clienti a smaltire in modo responsabile i vaporizzatori usa e getta usati. Informatevi sui programmi di riciclaggio locali per conoscere i metodi di smaltimento adeguati, soprattutto perch\u00e9 molti componenti dei vaporizzatori usa e getta sono riciclabili.<\/p>\n<h2 class=\"font-claude-response-heading text-text-100 mt-1 -mb-0.5\">Scopri di pi\u00f9 su Apex Vape<\/h2>\n<p class=\"font-claude-response-body whitespace-normal break-words\">Cerchi altri prodotti premium per lo svapo? Visita il nostro <strong><a class=\"underline\" href=\"https:\/\/apexvape.de\/it\/\">Homepage<\/a><\/strong>, per scoprire la nostra gamma completa di vaporizzatori usa e getta e prodotti per lo svapo di alta qualit\u00e0. Il Bang King 25000 tiri fa parte della nostra esclusiva <strong><a class=\"underline\" href=\"https:\/\/apexvape.de\/it\/product-category\/bang-vape\/\">Collezione BANG VAPE<\/a><\/strong>, che offre un'ampia selezione di dispositivi innovativi con prestazioni eccezionali e una grande variet\u00e0 di gusti. Noi di Apex Vape puntiamo sulla qualit\u00e0, l'affidabilit\u00e0 e la soddisfazione del cliente: il tuo partner di fiducia per prodotti di prima classe nel settore dello svapo in Germania.<\/p>","protected":false},"excerpt":{"rendered":"<p class=\"font-claude-response-body whitespace-normal break-words\">Il Bang King 25000 offre ben 25.000 tiri grazie all'innovativo sistema a doppio pod (2x23 ml). Dotato di batteria da 650 mAh, ricarica di tipo C, bobina mesh da 1,0 \u03a9 e flusso d'aria regolabile. Disponibile in nicotina 0%-5% e 12 gusti premium. Ideale per grossisti e svapatori esigenti.<\/p>","protected":false},"featured_media":3336,"comment_status":"open","ping_status":"closed","template":"","meta":[],"product_brand":[],"product_cat":[76],"product_tag":[],"class_list":{"0":"post-3335","1":"product","2":"type-product","3":"status-publish","4":"has-post-thumbnail","6":"product_cat-bang-vape","8":"first","9":"instock","10":"shipping-taxable","11":"purchasable","12":"product-type-variable"},"_links":{"self":[{"href":"https:\/\/apexvape.de\/it\/wp-json\/wp\/v2\/product\/3335","targetHints":{"allow":["GET"]}}],"collection":[{"href":"https:\/\/apexvape.de\/it\/wp-json\/wp\/v2\/product"}],"about":[{"href":"https:\/\/apexvape.de\/it\/wp-json\/wp\/v2\/types\/product"}],"replies":[{"embeddable":true,"href":"https:\/\/apexvape.de\/it\/wp-json\/wp\/v2\/comments?post=3335"}],"version-history":[{"count":0,"href":"https:\/\/apexvape.de\/it\/wp-json\/wp\/v2\/product\/3335\/revisions"}],"wp:featuredmedia":[{"embeddable":true,"href":"https:\/\/apexvape.de\/it\/wp-json\/wp\/v2\/media\/3336"}],"wp:attachment":[{"href":"https:\/\/apexvape.de\/it\/wp-json\/wp\/v2\/media?parent=3335"}],"wp:term":[{"taxonomy":"product_brand","embeddable":true,"href":"https:\/\/apexvape.de\/it\/wp-json\/wp\/v2\/product_brand?post=3335"},{"taxonomy":"product_cat","embeddable":true,"href":"https:\/\/apexvape.de\/it\/wp-json\/wp\/v2\/product_cat?post=3335"},{"taxonomy":"product_tag","embeddable":true,"href":"https:\/\/apexvape.de\/it\/wp-json\/wp\/v2\/product_tag?post=3335"}],"curies":[{"name":"wp","href":"https:\/\/api.w.org\/{rel}","templated":true}]}}