{"id":3212,"date":"2025-11-25T14:10:05","date_gmt":"2025-11-25T13:10:05","guid":{"rendered":"https:\/\/apexvape.de\/?post_type=product&#038;p=3212"},"modified":"2025-11-25T14:10:26","modified_gmt":"2025-11-25T13:10:26","slug":"bang-blaze-100000","status":"publish","type":"product","link":"https:\/\/apexvape.de\/it\/product\/bang-blaze-100000\/","title":{"rendered":"Bang Blaze 100000 tiri Vape usa e getta"},"content":{"rendered":"<h1>Bang Blaze 100000 6-in-1 100k tiri | Sigaretta elettronica ricaricabile usa e getta con triplo serbatoio e display LED<\/h1>\n<p>La <strong>Bang Blaze 100000 tiri 6in1<\/strong> \u00e8 la sigaretta elettronica usa e getta pi\u00f9 potente della serie Bang, progettata per i fumatori esperti e gli amanti del gusto. Con ben 100.000 tiri, questo dispositivo offre una durata eccezionalmente lunga senza necessit\u00e0 di sostituzioni frequenti. Dotata di una batteria ricaricabile da 850 mAh e della funzione di ricarica rapida di tipo C, questa sigaretta elettronica garantisce prestazioni durature e affidabili. La capacit\u00e0 di 60 ml di e-liquid \u00e8 distribuita su tre serbatoi separati da 20 ml, dotati di una bobina mesh da 1,0 \u03a9 che produce un vapore intenso e morbido. Il display a LED mostra il livello della batteria e i dati di utilizzo, mentre la modalit\u00e0 gusto puro e la modalit\u00e0 combinazione di gusti consentono esperienze di gusto individuali o miste. Scegli il tuo contenuto di nicotina preferito tra 0%, 2%, 3% o 5% e goditi un'esperienza di svapo completamente personalizzabile.<\/p>\n<h2>Bang Blaze 100000 tiri Caratteristiche principali:<\/h2>\n<p>La sigaretta elettronica Bang Blaze 100000 tiri convince per la sua straordinaria durata, con fino a 100.000 tiri, rendendo superflui frequenti acquisti. La bobina mesh da 1,0 \u03a9 garantisce un vapore morbido e dal gusto intenso, mentre la generosa capacit\u00e0 di 60 ml di e-liquid \u00e8 distribuita su tre serbatoi indipendenti da 20 ml, offrendo una versatilit\u00e0 senza precedenti. La funzione di ricarica rapida di tipo C garantisce un'alimentazione affidabile, consentendoti di svapare sempre e ovunque.<\/p>\n<p>Scoprite la massima flessibilit\u00e0 di gusto con l'innovativo sistema a triplo serbatoio, che pu\u00f2 contenere fino a 6 aromi diversi in scomparti separati. Passate senza sforzo dalla modalit\u00e0 pura per i singoli gusti alla modalit\u00e0 combinata per creare interessanti profili di gusto misti. Il design intelligente del selettore rende il passaggio da un'opzione all'altra fluido e intuitivo.<\/p>\n<p>Personalizza la tua esperienza di svapo con livelli di nicotina regolabili da 0%, 2%, 3% o 5% in base alle tue preferenze. Il display LED integrato fornisce informazioni in tempo reale sullo stato della batteria, la modalit\u00e0 di gusto corrente e il contatore di tiri, tenendoti sempre aggiornato.<\/p>\n<p>Il Bang Blaze 100000 sbuffi combina tecnologia all'avanguardia, enorme capacit\u00e0 e innovazione nel gusto in un dispositivo premium per svapatori esigenti.<\/p>\n<h2>Specifiche del prodotto:<\/h2>\n<ul>\n<li><strong>Contenuto di nicotina:<\/strong> 0% \/ 2% \/ 3% \/ 5%<\/li>\n<li><strong>Numero di treni:<\/strong> Fino a 100.000 treni<\/li>\n<li><strong>Modalit\u00e0 di gusto:<\/strong> A, B, C, A+B, A+C, B+C<\/li>\n<li><strong>Serbatoi per liquidi:<\/strong> 3 serbatoi<\/li>\n<li><strong>Batteria:<\/strong> 850 mAh ricaricabile<\/li>\n<li><strong>Bobina:<\/strong> Tripla bobina mesh<\/li>\n<li><strong>Display a LED:<\/strong> S\u00ec<\/li>\n<li><strong>Connettore di ricarica:<\/strong> Tipo C<\/li>\n<li><strong>Confezione:<\/strong> 10 pezzi\/confezione<\/li>\n<li><strong>Gusti:<\/strong> 10 opzioni<\/li>\n<\/ul>\n<h2>Bang Blaze 100000 tiri Elenco dei gusti:<\/h2>\n<ol>\n<li>Anguria ghiacciata \/ Fragola Mamba \/ Fragola Anguria<\/li>\n<li>Gelato Fuji \/ Mela Uva \/ Ciliegia Melograno<\/li>\n<li>Gelato al mirtillo \/ Lampone e limone \/ Gomma da masticare al gusto di anguria<\/li>\n<li>Mirtilli Lamponi \/ Ananas acido Arancia \/ Lamponi Anguria<\/li>\n<li>Gelato all'uva \/ Mango e pesca \/ Mirtillo e anguria<\/li>\n<li>Gelato alla fragola \/ Pesca e limone \/ Kiwi e frutto della passione \/ Guava<\/li>\n<li>Ananas e cocco \/ Mirtillo e Red Bull \/ Ghiaccio all'anguria<\/li>\n<li>Fragola e kiwi \/ Mirtillo e cocco \/ Frutti di bosco misti<\/li>\n<li>Limone Romance \/ Mirtillo Lampone \/ Pesca Mentolo<\/li>\n<li>Gelato alla pesca \/ Gelato al ribes nero e ananas \/ Mela verde e kiwi<\/li>\n<\/ol>\n<h2>Domande frequenti (FAQ)<\/h2>\n<p><strong>1. Quanto dura Bang Blaze 100000 tiri?<\/strong> La sigaretta elettronica Bang Blaze 100000 boccate \u00e8 progettata per fornire fino a 100.000 boccate, offrendo cos\u00ec una delle durate di utilizzo pi\u00f9 lunghe tra le sigarette elettroniche usa e getta.<\/p>\n<p><strong>2. Quali gusti sono inclusi nella confezione 6 in 1?<\/strong> Ogni dispositivo contiene 6 combinazioni di gusti, come gelato all'anguria, gelato al fuji, gelato al mirtillo e altro ancora. La miscela specifica pu\u00f2 variare a seconda del dispositivo, ma comprende sempre 6 profili unici.<\/p>\n<p><strong>3. La sigaretta elettronica Bang Blaze 100k \u00e8 ricaricabile?<\/strong> S\u00ec, dispone di una batteria integrata da 850 mAh e di una porta di ricarica di tipo C per una ricarica rapida e semplice.<\/p>\n<p><strong>4. Posso scegliere il livello di nicotina?<\/strong> S\u00ec, i livelli di nicotina sono personalizzabili: sono disponibili le opzioni 0%, 2%, 3% e 5% per soddisfare le tue preferenze.<\/p>\n<h2 class=\"font-claude-response-heading text-text-100 mt-1 -mb-0.5\">Scopri altri prodotti premium per lo svapo<\/h2>\n<p class=\"font-claude-response-body whitespace-normal break-words\">Scoprite l'intera gamma di sigarette elettroniche di alta qualit\u00e0 nel nostro <strong><a class=\"underline\" href=\"https:\/\/apexvape.de\/it\/\">negozio online<\/a><\/strong>. Il Bang Blaze 100000 tiri \u00e8 solo uno dei tanti prodotti di prima classe della nostra vasta gamma. Se desiderate scoprire altri dispositivi innovativi della serie Bang, visitate il nostro sito <strong><a class=\"underline\" href=\"https:\/\/apexvape.de\/it\/product-category\/bang-vape\/\">Categoria BANG VAPE<\/a><\/strong>, dove troverete un'ampia selezione di sigarette elettroniche usa e getta ad alte prestazioni con tecnologia all'avanguardia e sapori straordinari. Noi di Apex Vape vi offriamo qualit\u00e0 eccellente, spedizioni rapide e un servizio clienti competente per un'esperienza di svapo perfetta.<\/p>","protected":false},"excerpt":{"rendered":"<p class=\"font-claude-response-body whitespace-normal break-words\">Bang Blaze 100000 rivoluziona lo svapo con 100.000 tiri e un innovativo sistema 6 in 1. Tre serbatoi da 20 ml consentono 6 combinazioni di gusti (A, B, C, A+B, A+C, B+C). Display a LED, batteria da 850 mAh di tipo C, tripla bobina mesh. 10 aromi in 4 concentrazioni di nicotina. Massima potenza per le esigenze pi\u00f9 elevate.<\/p>","protected":false},"featured_media":3214,"comment_status":"open","ping_status":"closed","template":"","meta":[],"product_brand":[],"product_cat":[76],"product_tag":[],"class_list":{"0":"post-3212","1":"product","2":"type-product","3":"status-publish","4":"has-post-thumbnail","6":"product_cat-bang-vape","8":"first","9":"instock","10":"shipping-taxable","11":"purchasable","12":"product-type-variable"},"_links":{"self":[{"href":"https:\/\/apexvape.de\/it\/wp-json\/wp\/v2\/product\/3212","targetHints":{"allow":["GET"]}}],"collection":[{"href":"https:\/\/apexvape.de\/it\/wp-json\/wp\/v2\/product"}],"about":[{"href":"https:\/\/apexvape.de\/it\/wp-json\/wp\/v2\/types\/product"}],"replies":[{"embeddable":true,"href":"https:\/\/apexvape.de\/it\/wp-json\/wp\/v2\/comments?post=3212"}],"version-history":[{"count":0,"href":"https:\/\/apexvape.de\/it\/wp-json\/wp\/v2\/product\/3212\/revisions"}],"wp:featuredmedia":[{"embeddable":true,"href":"https:\/\/apexvape.de\/it\/wp-json\/wp\/v2\/media\/3214"}],"wp:attachment":[{"href":"https:\/\/apexvape.de\/it\/wp-json\/wp\/v2\/media?parent=3212"}],"wp:term":[{"taxonomy":"product_brand","embeddable":true,"href":"https:\/\/apexvape.de\/it\/wp-json\/wp\/v2\/product_brand?post=3212"},{"taxonomy":"product_cat","embeddable":true,"href":"https:\/\/apexvape.de\/it\/wp-json\/wp\/v2\/product_cat?post=3212"},{"taxonomy":"product_tag","embeddable":true,"href":"https:\/\/apexvape.de\/it\/wp-json\/wp\/v2\/product_tag?post=3212"}],"curies":[{"name":"wp","href":"https:\/\/api.w.org\/{rel}","templated":true}]}}