{"id":2934,"date":"2025-11-25T13:33:07","date_gmt":"2025-11-25T12:33:07","guid":{"rendered":"https:\/\/apexvape.de\/?post_type=product&#038;p=2934"},"modified":"2025-11-25T14:00:08","modified_gmt":"2025-11-25T13:00:08","slug":"bang-blaze-40000","status":"publish","type":"product","link":"https:\/\/apexvape.de\/it\/product\/bang-blaze-40000\/","title":{"rendered":"Bang Blaze 40000 tiri Vape usa e getta"},"content":{"rendered":"<h1>Bang Blaze 40000 Vape usa e getta a doppio gusto | 40.000 tiri | 40 ml di e-liquid | Doppia bobina mesh | Ricaricabile con Type-C<\/h1>\n<p>La sigaretta elettronica usa e getta Bang Blaze 40000 tiri Dual-Flavor offre fino a 40.000 tiri, una capacit\u00e0 di e-liquid di 40 ml e una batteria ricaricabile da 650 mAh per un piacere di svapo di lunga durata. Con l'innovativo sistema a doppio gusto con cursore, puoi passare facilmente da un gusto all'altro e rendere ogni sessione pi\u00f9 varia. Dotato di una doppia bobina mesh (1,2\u03a9) per un gusto pi\u00f9 intenso e un vapore morbido, disponibile in 32 gusti e 4 livelli di nicotina (0%, 2%, 3%, 5%), questo dispositivo \u00e8 la scelta perfetta per ogni svapatore. La ricarica rapida di tipo C garantisce una ricarica veloce e ti mantiene sempre pronto all'uso.<\/p>\n<h2>Bang Blaze 40000 tiri Caratteristiche principali:<\/h2>\n<p>La sigaretta elettronica Bang Blaze 40000 boccate ridefinisce le prestazioni di lunga durata e offre ben 40.000 boccate per un piacere duraturo senza sostituzioni frequenti. Precaricato con ben 40 ml di e-liquid a doppio aroma, ogni dispositivo offre un'esperienza di gusto tripla unica: goditi l'aroma A, l'aroma B o mescolali entrambi per ottenere un terzo profilo aromatico combinato. Questo design innovativo offre tre diverse esperienze di svapo in un unico dispositivo elegante, perfetto per gli utenti che apprezzano la variet\u00e0 e la flessibilit\u00e0 nella loro routine quotidiana.<\/p>\n<p>Progettato per garantire prestazioni ottimali, Bang Blaze \u00e8 dotato di una batteria ricaricabile da 650 mAh con ricarica rapida di tipo C, che assicura tempi di inattivit\u00e0 minimi e il massimo piacere di svapo. L'avanzato sistema a doppia bobina mesh da 0,6 \u03a9 aumenta la produzione di vapore e l'intensit\u00e0 del gusto, fornendo nuvole di vapore dense e uniformi ad ogni tiro. Nonostante il suo design compatto e sottile, questo dispositivo offre prestazioni e funzionalit\u00e0 notevoli, pari a quelle delle alternative pi\u00f9 grandi.<\/p>\n<p>Disponibile con livelli di nicotina flessibili da 0%, 2%, 3% e 5%, Bang Blaze 40000 \u00e8 adatto sia ai fumatori occasionali che ai vapers esperti che cercano un'esperienza personalizzabile. Che tu voglia esplorare nuove combinazioni di gusti o preferisca un piacere costante per tutto il giorno, questo dispositivo combina una durata eccezionale, una tecnologia innovativa per il gusto e una produzione di vapore delicata in un pacchetto potente per il vaper moderno.<\/p>\n<h2>Dati tecnici:<\/h2>\n<p><strong>Numero di mosse:<\/strong> Fino a 40.000 treni<br \/>\n<strong>Capacit\u00e0 e-liquid:<\/strong> 40 ml<br \/>\n<strong>Contenuto di nicotina:<\/strong> 0%, 2%, 3%, 5%<br \/>\n<strong>Capacit\u00e0 della batteria:<\/strong> 650 mAh (ricaricabile)<br \/>\n<strong>Connettore di ricarica:<\/strong> Tipo C<br \/>\n<strong>Tipo di bobina:<\/strong> Doppia bobina mesh (1,2 \u03a9)<br \/>\n<strong>Sistema gustativo:<\/strong> Interruttore a scorrimento a doppio gusto<br \/>\n<strong>Peso dell'apparecchio:<\/strong> Circa 120 g<\/p>\n<h2>Bang Blaze 40000 tiri Gusti:<\/h2>\n<ol>\n<li>Anguria\/Anguria e fragole<\/li>\n<li>Mirtillo ghiacciato\/Mirtillo-Lampone<\/li>\n<li>Mango Ice\/Fragola-Mango<\/li>\n<li>Anguria\/Gomma da masticare all'anguria<\/li>\n<li>Ananas Ice\/Ananas e cocco<\/li>\n<li>Mix di frutta\/Triple Berry<\/li>\n<li>Pesca ghiacciata\/Mango e pesca<\/li>\n<li>Ciliegia\/Ciliegia-Cola<\/li>\n<li>Uva\/Mirtillo-Uva<\/li>\n<li>Menta\/Menta e mirtillo<\/li>\n<li>Black Dragon Ice\/Red Bull<\/li>\n<li>Fragola ghiacciata\/Fragola e kiwi<\/li>\n<li>Frutta tropicale\/Tripla anguria<\/li>\n<li>Mango acido-ananas\/limone-lime<\/li>\n<li>Summer Time\/Mela ghiacciata<\/li>\n<li>Rainbow Candy\/Arctic Freezing<\/li>\n<li>Lampone-anguria\/Jieshuang<\/li>\n<li>Romance al limone\/California Cherry<\/li>\n<li>Gommose al mango, pesca e albicocca\/bianche<\/li>\n<li>Mary's Dream\/Aloe-Mango-Melone Ice<\/li>\n<li>Kiwi-frutto della passione-guava\/mirtillo-ciliegia<\/li>\n<li>Gelato all'ananas e mango\/ananas e cocco<\/li>\n<li>Lampone-anguria\/aloe vera-uva<\/li>\n<li>Litchi ghiacciato\/Litchi e fragola<\/li>\n<li>Sesso sulla spiaggia\/Lampone-Anguria<\/li>\n<li>Orsetti gommosi\/lampone-glitter nero<\/li>\n<li>Frutti di bosco, anguria fresca\/pesca acidula<\/li>\n<li>Fragola-banana\/frutto della passione-kiwi<\/li>\n<li>Acai Storm Ice\/Love 66<\/li>\n<li>Limonata rosa\/mirtillo-ciliegia-limone<\/li>\n<li>Gelato alla fragola\/fragola e vaniglia<\/li>\n<li>Mirtillo-mirtillo rosso-ciliegia\/anguria-ciliegia<\/li>\n<\/ol>\n<h2>Domande frequenti (FAQ)<\/h2>\n<p><strong>1. Quante mosse offre Bang Blaze 40K?<\/strong><br \/>\nIl Bang Blaze 40K offre fino a 40.000 tiri in totale, circa 20.000 tiri per ogni serbatoio di aroma.<\/p>\n<p><strong>2. Posso cambiare gusto?<\/strong><br \/>\nS\u00ec! Questo dispositivo \u00e8 dotato di un sistema a doppio gusto. \u00c8 possibile passare immediatamente da un serbatoio all'altro scorrendo il dispositivo.<\/p>\n<p><strong>3. Il dispositivo \u00e8 ricaricabile?<\/strong><br \/>\nS\u00ec, \u00e8 dotato di una batteria ricaricabile da 650 mAh e supporta la ricarica rapida Type-C per una ricarica veloce ed efficiente.<\/p>\n<p><strong>4. Quali sono i livelli di nicotina disponibili?<\/strong><br \/>\nI livelli di nicotina disponibili includono 0%, 2%, 3%, 5%, a seconda della regione o del rivenditore.<\/p>\n<p><strong>5. Il Bang Blaze 40K \u00e8 ricaricabile o riutilizzabile?<\/strong><br \/>\nNo, si tratta di una sigaretta elettronica usa e getta. Una volta esauriti entrambi i serbatoi di aroma, il dispositivo deve essere smaltito in modo responsabile.<\/p>\n<p><strong>6. Quanto tempo occorre per ricaricare completamente la batteria?<\/strong><br \/>\nDi solito occorrono dai 45 ai 60 minuti per ricaricare completamente il dispositivo tramite un cavo di tipo C.<\/p>\n<h2 class=\"font-claude-response-heading text-text-100 mt-1 -mb-0.5\">Scopri di pi\u00f9 su Apex Vape<\/h2>\n<p class=\"font-claude-response-body whitespace-normal break-words\">Siete alla ricerca di sigarette elettroniche usa e getta di alta qualit\u00e0 e prodotti innovativi per lo svapo? Visitate <strong><a class=\"underline\" href=\"https:\/\/apexvape.de\/it\/\">Apex Vape<\/a><\/strong>, il tuo negozio online di fiducia per prodotti premium per lo svapo in Germania. Il Bang Blaze 40000 fa parte della nostra vasta gamma <strong><a class=\"underline\" href=\"https:\/\/apexvape.de\/it\/product-category\/bang-vape\/\">Collezione BANG VAPE<\/a><\/strong>, che offre un'ampia selezione di potenti vaporizzatori usa e getta con tecnologia innovativa e gusto eccezionale. Scopri altri modelli, confronta le specifiche e trova il dispositivo perfetto per le tue esigenze individuali. Noi di Apex Vape garantiamo prodotti autentici, spedizioni rapide e un servizio clienti di prima classe per tutti gli appassionati di vaporizzatori.<\/p>","protected":false},"excerpt":{"rendered":"<p class=\"font-claude-response-body whitespace-normal break-words\">Bang Blaze 40000 rivoluziona la tua esperienza di svapo con fino a 40.000 tiri e un esclusivo sistema a doppio aroma. Passate senza sforzo da un gusto all'altro o mescolateli entrambi per ottenere un terzo profilo aromatico. 40 ml di e-liquid, batteria Type-C da 650 mAh, doppia bobina mesh e 32 gusti in 4 concentrazioni di nicotina.<\/p>","protected":false},"featured_media":2935,"comment_status":"open","ping_status":"closed","template":"","meta":[],"product_brand":[],"product_cat":[76],"product_tag":[],"class_list":{"0":"post-2934","1":"product","2":"type-product","3":"status-publish","4":"has-post-thumbnail","6":"product_cat-bang-vape","8":"first","9":"instock","10":"shipping-taxable","11":"purchasable","12":"product-type-variable"},"_links":{"self":[{"href":"https:\/\/apexvape.de\/it\/wp-json\/wp\/v2\/product\/2934","targetHints":{"allow":["GET"]}}],"collection":[{"href":"https:\/\/apexvape.de\/it\/wp-json\/wp\/v2\/product"}],"about":[{"href":"https:\/\/apexvape.de\/it\/wp-json\/wp\/v2\/types\/product"}],"replies":[{"embeddable":true,"href":"https:\/\/apexvape.de\/it\/wp-json\/wp\/v2\/comments?post=2934"}],"version-history":[{"count":0,"href":"https:\/\/apexvape.de\/it\/wp-json\/wp\/v2\/product\/2934\/revisions"}],"wp:featuredmedia":[{"embeddable":true,"href":"https:\/\/apexvape.de\/it\/wp-json\/wp\/v2\/media\/2935"}],"wp:attachment":[{"href":"https:\/\/apexvape.de\/it\/wp-json\/wp\/v2\/media?parent=2934"}],"wp:term":[{"taxonomy":"product_brand","embeddable":true,"href":"https:\/\/apexvape.de\/it\/wp-json\/wp\/v2\/product_brand?post=2934"},{"taxonomy":"product_cat","embeddable":true,"href":"https:\/\/apexvape.de\/it\/wp-json\/wp\/v2\/product_cat?post=2934"},{"taxonomy":"product_tag","embeddable":true,"href":"https:\/\/apexvape.de\/it\/wp-json\/wp\/v2\/product_tag?post=2934"}],"curies":[{"name":"wp","href":"https:\/\/api.w.org\/{rel}","templated":true}]}}