{"id":2849,"date":"2025-11-23T10:54:44","date_gmt":"2025-11-23T09:54:44","guid":{"rendered":"https:\/\/apexvape.de\/?post_type=product&#038;p=2849"},"modified":"2025-11-23T10:56:16","modified_gmt":"2025-11-23T09:56:16","slug":"waspe-6-in-1-150000","status":"publish","type":"product","link":"https:\/\/apexvape.de\/it\/product\/waspe-6-in-1-150000\/","title":{"rendered":"WASPE 6-in-1 150000 puff Vape usa e getta"},"content":{"rendered":"<h2>WASPE 6-in-1 150000 boccate | 6 gusti in una sigaretta elettronica usa e getta da 150K 64ml con effetto a lunga durata<\/h2>\n<p>Il WASPE 6-in-1 150000 offre 150.000 tiri senza pari, la capacit\u00e0 pi\u00f9 alta sul mercato. L'innovativo sistema di cambio gusto 6-in-1 consente di utilizzare aromi singoli o miscelati. Le bobine a tripla maglia garantiscono un gusto e uno sviluppo di vapore di prima classe. Grande capacit\u00e0 di 64 ml con batteria ricaricabile da 650 mAh di tipo C. Display LED intelligente per monitorare il livello della batteria, il livello di e-liquid e le impostazioni. Disponibile con concentrazione di nicotina 0 %, 2 % o 5 %. Leggero con 140 g e un elegante design a forma di scimmia. Perfetto per uno svapo duraturo e senza complicazioni.<\/p>\n<h3>WASPE 6-in-1 150000 tiri Caratteristiche principali:<\/h3>\n<p>La sigaretta elettronica usa e getta WASPE 6-in-1 150000 offre ben 150.000 boccate e garantisce un'esperienza di svapo duratura e leader nel settore, che supera di gran lunga i prodotti usa e getta tradizionali. L'innovativo sistema di aromi sei in uno consente di passare da sei diversi profili di gusto in un unico dispositivo, offrendo la massima variet\u00e0 ed eliminando la necessit\u00e0 di avere pi\u00f9 vaporizzatori. Con un'enorme capacit\u00e0 di e-liquid precaricato di 64 ml, potrete godervi lunghe sessioni di svapo senza dovervi preoccupare di esaurirlo rapidamente.<\/p>\n<p>Alimentato da una batteria ricaricabile affidabile da 650 mAh, questo dispositivo offre prestazioni costanti per tutto il giorno e pu\u00f2 essere ricaricato rapidamente e comodamente tramite una moderna connessione di tipo C. Il display LED intelligente ti tiene sempre aggiornato con informazioni in tempo reale sul livello della batteria e dell'e-liquid, cos\u00ec saprai sempre quando \u00e8 il momento di ricaricare e non avrai mai sorprese.<\/p>\n<p>Il sistema Triple Mesh Coil (3 x 1,0 \u03a9) di alta qualit\u00e0 \u00e8 progettato per uno sviluppo eccezionale del gusto e produce un vapore morbido, intenso e uniforme ad ogni tiro, per un'esperienza di svapo di prima classe. Disponibile con concentrazioni di nicotina 0 %, 2 % o 5 %, WASPE 150000 soddisfa ogni preferenza, sia che si tratti di svapare senza nicotina o di un tiro pi\u00f9 forte.<\/p>\n<h3>Specifiche del prodotto:<\/h3>\n<ul>\n<li>Treni: 150.000<\/li>\n<li>Bobina mesh: 3 x 1,0 ohm<\/li>\n<li>Capacit\u00e0 e-liquid: 64 ml<\/li>\n<li>Contenuto di nicotina: 0 % \/ 2 % \/ 5 %<\/li>\n<li>Capacit\u00e0 della batteria: 650 mAh<\/li>\n<li>Ricarica: Tipo C (ricaricabile)<\/li>\n<li>Caratteristica speciale: display a LED<\/li>\n<li>Peso del prodotto: 140 g\/pezzo<\/li>\n<li>Dimensioni del prodotto: 53 x 46 x 138 mm<\/li>\n<\/ul>\n<h3>WASPE 6-in-1 150000 tiri Elenco dei gusti:<\/h3>\n<ol>\n<li>Anguria ghiacciata \/ Limone e lime \/ Limone e pesca<\/li>\n<li>Mirtillo ghiacciato \/ Fragola kiwi \/ Ciliegia fragola ghiacciata<\/li>\n<li>Red Bull Ice \/ Lampone e melograno \/ Mango acido e fragola<\/li>\n<li>Fragola Anguria \/ Pesca succosa ghiacciata \/ Triplo frutti di bosco ghiacciato<\/li>\n<li>Cherry Cola Ice \/ Fragola Red Bull Ice \/ Anguria Lampone<\/li>\n<li>Uva ghiacciata \/ Ciliegia blu Razz \/ Fragola ghiacciata<\/li>\n<li>Frutti di bosco misti \/ Drago nero ghiacciato \/ Fragola ciliegia cola<\/li>\n<li>Cola Ice frizzante \/ Bevanda energetica \/ Ciliegia Ice<\/li>\n<li>Fragola Banana \/ Kiwi Anguria \/ Cocco Fragola<\/li>\n<li>Red Bull Cola Ice \/ Fragola Lampone Ciliegia \/ Mora Pitaya<\/li>\n<li>Gomma da masticare alla fragola e anguria \/ Ghiaccio al mango acido \/ Ghiaccio alla fragola e uva<\/li>\n<li>Melone e frutto della passione \/ Gelato al gusto di mora \/ Mela e kiwi<\/li>\n<\/ol>\n<h3>Domande frequenti su WASPE Aiviou 6 in 1 150K<\/h3>\n<p><strong>Quanto dura il WASPE 6-in-1 150000?<\/strong><\/p>\n<p>Il WASPE Aiviou 150K \u00e8 progettato per un numero impressionante di 150.000 tiri. La durata effettiva dipende in gran parte dalle vostre abitudini personali di svapo, ma grazie alla capacit\u00e0 di 64 ml di e-liquid e all'elevato numero di tiri, offre un tempo di utilizzo eccezionalmente lungo.<\/p>\n<p><strong>Posso ricaricare il WASPE Aiviou?<\/strong><\/p>\n<p>S\u00ec, \u00e8 possibile! Sebbene WASPE Aiviou sia una sigaretta elettronica usa e getta, \u00e8 dotata di una batteria ricaricabile da 650 mAh. \u00c8 possibile ricaricare facilmente il dispositivo tramite la porta di tipo C per assicurarsi di poter utilizzare l'intera quantit\u00e0 di 64 ml di liquido elettronico.<\/p>\n<p><strong>Come funziona il cambio di gusto 6 in 1?<\/strong><\/p>\n<p>Il WASPE Aiviou 6 in 1 \u00e8 stato progettato per offrirti la massima versatilit\u00e0. Il cambio avviene solitamente tramite un meccanismo intuitivo o un interruttore sul dispositivo stesso, che ti consente di passare rapidamente tra i sei gusti preimpostati.<\/p>\n<h3 class=\"font-claude-response-heading text-text-100 mt-1 -mb-0.5\">Scopri di pi\u00f9 su Apex Vape<\/h3>\n<p class=\"font-claude-response-body whitespace-normal break-words\">Cerchi altre sigarette elettroniche e prodotti per lo svapo di alta qualit\u00e0? Visita il nostro sito <strong><a class=\"underline\" href=\"https:\/\/apexvape.de\/it\/\">Homepage<\/a><\/strong>, per scoprire la nostra gamma completa. Per tutti gli amanti delle WASPE, la nostra <strong><a class=\"underline\" href=\"https:\/\/apexvape.de\/it\/product-category\/waspe-vape\/\">WASPE VAPE Categoria<\/a><\/strong> Una vasta selezione di dispositivi innovativi con tecnologia all'avanguardia e una grande variet\u00e0 di gusti. Provate la qualit\u00e0 eccellente e il servizio affidabile di Apex Vape, il vostro partner di fiducia per esperienze di svapo straordinarie.<\/p>","protected":false},"excerpt":{"rendered":"<p class=\"font-claude-response-body whitespace-normal break-words\">La sigaretta elettronica usa e getta WASPE 6-in-1 150000 tiri offre una capacit\u00e0 leader di mercato con un sistema di cambio gusto 6-in-1. Tripla bobina mesh (3\u00d71,0\u03a9), 64 ml di e-liquid, batteria da 650 mAh con ricarica Type-C e display LED. Disponibile con nicotina 0%, 2% o 5%. Elegante design a forma di scimmia, peso di soli 140 g.<\/p>","protected":false},"featured_media":2850,"comment_status":"open","ping_status":"closed","template":"","meta":[],"product_brand":[],"product_cat":[75],"product_tag":[],"class_list":{"0":"post-2849","1":"product","2":"type-product","3":"status-publish","4":"has-post-thumbnail","6":"product_cat-waspe-vape","8":"first","9":"instock","10":"shipping-taxable","11":"purchasable","12":"product-type-variable"},"_links":{"self":[{"href":"https:\/\/apexvape.de\/it\/wp-json\/wp\/v2\/product\/2849","targetHints":{"allow":["GET"]}}],"collection":[{"href":"https:\/\/apexvape.de\/it\/wp-json\/wp\/v2\/product"}],"about":[{"href":"https:\/\/apexvape.de\/it\/wp-json\/wp\/v2\/types\/product"}],"replies":[{"embeddable":true,"href":"https:\/\/apexvape.de\/it\/wp-json\/wp\/v2\/comments?post=2849"}],"version-history":[{"count":0,"href":"https:\/\/apexvape.de\/it\/wp-json\/wp\/v2\/product\/2849\/revisions"}],"wp:featuredmedia":[{"embeddable":true,"href":"https:\/\/apexvape.de\/it\/wp-json\/wp\/v2\/media\/2850"}],"wp:attachment":[{"href":"https:\/\/apexvape.de\/it\/wp-json\/wp\/v2\/media?parent=2849"}],"wp:term":[{"taxonomy":"product_brand","embeddable":true,"href":"https:\/\/apexvape.de\/it\/wp-json\/wp\/v2\/product_brand?post=2849"},{"taxonomy":"product_cat","embeddable":true,"href":"https:\/\/apexvape.de\/it\/wp-json\/wp\/v2\/product_cat?post=2849"},{"taxonomy":"product_tag","embeddable":true,"href":"https:\/\/apexvape.de\/it\/wp-json\/wp\/v2\/product_tag?post=2849"}],"curies":[{"name":"wp","href":"https:\/\/api.w.org\/{rel}","templated":true}]}}