{"id":2743,"date":"2025-11-23T10:35:05","date_gmt":"2025-11-23T09:35:05","guid":{"rendered":"https:\/\/apexvape.de\/?post_type=product&#038;p=2743"},"modified":"2025-11-23T10:36:18","modified_gmt":"2025-11-23T09:36:18","slug":"waspe-crystal-40000","status":"publish","type":"product","link":"https:\/\/apexvape.de\/it\/product\/waspe-crystal-40000\/","title":{"rendered":"Waspe Crystal 40000 Puffs Vape usa e getta"},"content":{"rendered":"<h2>Waspe Crystal 40000 Puffs | Sigaretta elettronica usa e getta ricaricabile con doppio gusto all'ingrosso<\/h2>\n<p>La <strong>Waspe Crystal 40000 40K Puffs Dual Flavors Sigaretta elettronica usa e getta<\/strong> offre 40.000 tiri, 32 ml di e-liquido e un sistema a doppia bobina mesh (0,9\u03a9) per un gusto intenso e un vapore morbido. Con una batteria ricaricabile da 850 mAh, ricarica rapida di tipo C e un innovativo sistema a doppio gusto, offre un'esperienza di svapo piacevole e personalizzabile. Il display LED intelligente mostra il livello della batteria e il livello dell'e-liquid in tempo reale, mentre il design compatto lo rende perfetto per gli spostamenti. Scegli tra 12 gusti unici per un'esperienza di svapo personalizzata.<\/p>\n<h3>Waspe Crystal 40000 Puffs Caratteristiche principali del prodotto:<\/h3>\n<p>La sigaretta elettronica usa e getta Waspe Crystal 40000 40K Puffs convince per la sua straordinaria versatilit\u00e0 con opzioni di nicotina da 0 %, 2 % o 5 %, che consentono di scegliere la concentrazione ideale. Con fino a 40.000 boccate, questo dispositivo garantisce un piacere estremamente duraturo grazie all'innovativo sistema Dual Flavor, che consente di passare da un gusto all'altro, offrendo cos\u00ec maggiore variet\u00e0 e divertimento.<\/p>\n<p>Grazie all'avanzata tecnologia a doppia bobina mesh da 0,9 \u03a9, Waspe Crystal 40000 produce un vapore morbido e un gusto intenso ad ogni tiro. La generosa capacit\u00e0 di 32 ml di e-liquid riduce al minimo la necessit\u00e0 di ricariche frequenti, mentre la batteria ricaricabile da 850 mAh offre prestazioni costanti durante le sessioni prolungate. La ricarica rapida di tipo C garantisce una ricarica veloce ed efficiente quando necessario.<\/p>\n<p>Il display LED intelligente consente il monitoraggio in tempo reale del livello della batteria e dell'e-liquid per un comodo controllo, mentre 12 deliziose opzioni di gusto soddisfano le preferenze pi\u00f9 diverse. Il design leggero e portatile lo rende perfetto per lo svapo in viaggio e sta comodamente in tasca.<\/p>\n<p>Confezionato in scatole commerciali da 10 pezzi ciascuna, Waspe Crystal 40000 \u00e8 ideale per acquisti all'ingrosso e vendita al dettaglio. Scegliete questo dispositivo innovativo per un'esperienza di svapo raffinata, personalizzabile e semplice, che unisce prestazioni, comfort e stile.<\/p>\n<h3>Dati tecnici:<\/h3>\n<ul>\n<li><strong>Nicotina:<\/strong> 0 % \/ 2 % \/ 5 %<\/li>\n<li><strong>Treni:<\/strong> 40.000 boccate<\/li>\n<li><strong>Capacit\u00e0 e-liquid:<\/strong> 32 ml<\/li>\n<li>Doppie bobine mesh da 0,9 ohm per tiri delicati e ricchi di gusto<\/li>\n<li>Ricaricabile Type-C per una ricarica rapida<\/li>\n<li>Batteria ricaricabile da 850 mAh<\/li>\n<li>Il display LED intelligente mostra il livello della batteria e il livello di liquido elettronico<\/li>\n<li>Esperienza a doppio gusto<\/li>\n<li>12 gusti tra cui scegliere<\/li>\n<\/ul>\n<h3>Waspe Crystal 40000 Puffs Elenco dei gusti:<\/h3>\n<ol>\n<li>Anguria ghiacciata \/ Limone-Lime<\/li>\n<li>Red Bull Ice \/ Fragola-Mango<\/li>\n<li>Fragola Red Bull \/ Mirtillo-Ciliegia<\/li>\n<li>Caramella al mirtillo \/ Fragola e anguria<\/li>\n<li>Fragola-kiwi \/ Fragola-ciliegia<\/li>\n<li>Mirtillo-lampone \/ Pesca-frutti di bosco Ice<\/li>\n<li>Fragola-lampone-ciliegia \/ Love 666<\/li>\n<li>Pesca ghiacciata \/ Anguria-Mango-Pesca<\/li>\n<li>Fragola-banana \/ Ananas-cocco Ice<\/li>\n<li>Uva Ice \/ Drago Nero Ice<\/li>\n<li>Frutti di bosco misti \/ Limonata al lampone<\/li>\n<li>Mirtillo Ice \/ Ciliegia-Cola Ice<\/li>\n<\/ol>\n<h3>Domande frequenti:<\/h3>\n<p><strong>D: Che cos'\u00e8 il sistema Dual Flavor e come funziona?<\/strong><br \/>\nR: Il sistema Dual Flavor consente di passare da due diversi gusti precaricati all'interno dello stesso dispositivo, offrendo un'esperienza di svapo personalizzata e variegata senza bisogno di un secondo dispositivo.<\/p>\n<p><strong>D: Perch\u00e9 le bobine a doppia rete sono migliori per il gusto?<\/strong><br \/>\nR: Le doppie bobine mesh da 0,9 \u03a9 offrono una superficie maggiore per riscaldare il liquido elettronico. Ci\u00f2 si traduce in un vapore pi\u00f9 morbido, un gusto pi\u00f9 intenso e una maggiore consistenza, eliminando il sapore secco o bruciato che spesso si riscontra con le bobine standard.<\/p>\n<p><strong>D: Quanto dura il WASPE Crystal 40000?<\/strong><br \/>\nR: Il dispositivo \u00e8 progettato per un massimo di 40.000 tiri. La durata effettiva varia a seconda delle abitudini individuali, ma \u00e8 progettata per durare molto pi\u00f9 a lungo rispetto alle tradizionali sigarette elettroniche usa e getta.<\/p>\n<h3 class=\"font-claude-response-body whitespace-normal break-words\"><strong>Informazioni su Apex Vape \u2013 Il tuo partner affidabile per sigarette elettroniche di alta qualit\u00e0:<\/strong><\/h3>\n<p class=\"font-claude-response-body whitespace-normal break-words\">Scopri Waspe Crystal 40000 e altri prodotti di alta qualit\u00e0 per lo svapo su <strong><a class=\"underline\" href=\"https:\/\/apexvape.de\/it\/\">Apex Vape<\/a><\/strong>, il vostro negozio online leader in Germania per sigarette elettroniche e accessori per lo svapo. Nel nostro vasto assortimento <strong><a class=\"underline\" href=\"https:\/\/apexvape.de\/it\/product-category\/waspe-vape\/\">WASPE VAPE Categoria<\/a><\/strong> Troverete gli ultimi modelli e dispositivi innovativi del marchio WASPE a prezzi all'ingrosso interessanti. Approfittate della spedizione veloce, dell'assistenza clienti di prima classe e di un'ampia selezione di prodotti premium per tutti i gusti. Ordinate oggi stesso il vostro Waspe Crystal 40000 e provate il piacere dello svapo ai massimi livelli!<\/p>","protected":false},"excerpt":{"rendered":"<p class=\"font-claude-response-body whitespace-normal break-words\">La sigaretta elettronica usa e getta Waspe Crystal 40000 Puffs convince con il suo sistema Dual Flavor che consente di alternare due gusti. Doppia bobina mesh (0,9 \u03a9), 32 ml di e-liquid, batteria da 850 mAh con ricarica rapida di tipo C e display a LED. Disponibile con nicotina 0%, 2% o 5% e 12 aromi tra cui scegliere.<\/p>","protected":false},"featured_media":2783,"comment_status":"open","ping_status":"closed","template":"","meta":[],"product_brand":[],"product_cat":[75],"product_tag":[],"class_list":{"0":"post-2743","1":"product","2":"type-product","3":"status-publish","4":"has-post-thumbnail","6":"product_cat-waspe-vape","8":"first","9":"instock","10":"shipping-taxable","11":"purchasable","12":"product-type-variable"},"_links":{"self":[{"href":"https:\/\/apexvape.de\/it\/wp-json\/wp\/v2\/product\/2743","targetHints":{"allow":["GET"]}}],"collection":[{"href":"https:\/\/apexvape.de\/it\/wp-json\/wp\/v2\/product"}],"about":[{"href":"https:\/\/apexvape.de\/it\/wp-json\/wp\/v2\/types\/product"}],"replies":[{"embeddable":true,"href":"https:\/\/apexvape.de\/it\/wp-json\/wp\/v2\/comments?post=2743"}],"version-history":[{"count":0,"href":"https:\/\/apexvape.de\/it\/wp-json\/wp\/v2\/product\/2743\/revisions"}],"wp:featuredmedia":[{"embeddable":true,"href":"https:\/\/apexvape.de\/it\/wp-json\/wp\/v2\/media\/2783"}],"wp:attachment":[{"href":"https:\/\/apexvape.de\/it\/wp-json\/wp\/v2\/media?parent=2743"}],"wp:term":[{"taxonomy":"product_brand","embeddable":true,"href":"https:\/\/apexvape.de\/it\/wp-json\/wp\/v2\/product_brand?post=2743"},{"taxonomy":"product_cat","embeddable":true,"href":"https:\/\/apexvape.de\/it\/wp-json\/wp\/v2\/product_cat?post=2743"},{"taxonomy":"product_tag","embeddable":true,"href":"https:\/\/apexvape.de\/it\/wp-json\/wp\/v2\/product_tag?post=2743"}],"curies":[{"name":"wp","href":"https:\/\/api.w.org\/{rel}","templated":true}]}}