{"id":2235,"date":"2025-11-22T14:32:22","date_gmt":"2025-11-22T13:32:22","guid":{"rendered":"https:\/\/apexvape.de\/?post_type=product&#038;p=2235"},"modified":"2025-11-22T14:38:09","modified_gmt":"2025-11-22T13:38:09","slug":"fumot-tornado-20000","status":"publish","type":"product","link":"https:\/\/apexvape.de\/it\/product\/fumot-tornado-20000\/","title":{"rendered":"Fumot Tornado 20000 boccate Vape usa e getta"},"content":{"rendered":"<h2>Fumot Tornado 20000 | Sigaretta elettronica Dual-Mesh da 20.000 tiri per acquisti all'ingrosso<\/h2>\n<p>La <strong>Fumot Tornado 20000 Sigaretta elettronica usa e getta<\/strong> \u00e8 un dispositivo per lo svapo con doppia bobina mesh e display LED intelligente. Grazie alle due bobine mesh, ogni tiro regala un gusto pi\u00f9 intenso e corposo. Il display LED intelligente fornisce informazioni in tempo reale e mostra a colpo d'occhio dettagli importanti come il livello della batteria e il livello del liquido. Il dispositivo \u00e8 riempito con 20 ml di e-liquid e consente fino a 20.000 boccate. Disponibile nei livelli di nicotina 0 %, 2 %, 3 % e 5 % e con 59 diversi gusti tra cui scegliere. Dotato di una batteria ricaricabile da 850 mAh, questo potente dispositivo garantisce una lunga durata e pu\u00f2 essere comodamente ricaricato tramite la porta di tipo C. Basta con le sigarette elettroniche usa e getta la cui batteria si scarica troppo rapidamente!<\/p>\n<h3>Fumot Tornado 20000 boccate \u2013 Caratteristiche principali:<\/h3>\n<p>Il Fumot Tornado 20000 convince grazie alla sua innovativa tecnologia Dual Mesh Coil, che consente di passare dalla modalit\u00e0 singola a quella doppia. La modalit\u00e0 singola fornisce un vapore uniforme e delicato per un'esperienza di svapo rilassante, mentre la modalit\u00e0 doppia produce nuvole di vapore pi\u00f9 intense e un gusto pi\u00f9 forte. Questa flessibilit\u00e0 consente di adattare lo svapo al proprio umore e alle proprie preferenze in qualsiasi momento.<\/p>\n<p>Con una capacit\u00e0 impressionante fino a 20.000 tiri, la Fumot Tornado 20000 \u00e8 una delle sigarette elettroniche usa e getta pi\u00f9 durature sul mercato. Questo numero eccezionale di tiri garantisce un piacere prolungato senza necessit\u00e0 di sostituzioni frequenti, ideale sia per i fumatori occasionali che per gli utenti quotidiani. Il dispositivo \u00e8 dotato di un display LED intelligente che mostra informazioni in tempo reale sul livello della batteria e sulla quantit\u00e0 di liquido rimanente, in modo da sapere sempre quando \u00e8 necessario ricaricare o quando l'e-liquido sta per esaurirsi.<\/p>\n<p>Il dispositivo \u00e8 alimentato da una batteria ricaricabile da 850 mAh che pu\u00f2 essere ricaricata pi\u00f9 volte, consentendoti di sfruttare appieno il potenziale del tuo e-liquido senza rimanere senza energia. Questa maggiore capacit\u00e0 della batteria, combinata con la tecnologia Dual Mesh e le modalit\u00e0 di potenza regolabili, garantisce un'esperienza di svapo flessibile e duratura che si adatta alle tue abitudini di utilizzo durante la giornata.<\/p>\n<p>Il Fumot Tornado 20000 offre una vasta gamma di gusti per tutti i gusti: fruttati, dolci o rinfrescanti. Ogni gusto offre una qualit\u00e0 elevata dal primo all'ultimo tiro e garantisce un'esperienza soddisfacente durante l'impressionante durata del dispositivo.<\/p>\n<h3>Dati tecnici:<\/h3>\n<ul>\n<li><strong>Numero di treni:<\/strong> Fino a 20.000<\/li>\n<li><strong>Contenuto di nicotina:<\/strong> 0 % \/ 2 % \/ 3 % \/ 5 %<\/li>\n<li><strong>Batteria:<\/strong> 850 mAh (ricaricabile)<\/li>\n<li><strong>Capacit\u00e0 e-liquid:<\/strong> 20 ml<\/li>\n<li><strong>Peso:<\/strong> 120 g<\/li>\n<li><strong>Resistenza della bobina:<\/strong> 0,9 \u03a9<\/li>\n<li><strong>Display:<\/strong> Indicatore livello liquido e batteria<\/li>\n<\/ul>\n<h3>Gusti:<\/h3>\n<ol>\n<li>Caramelle dure al mirtillo e lampone<\/li>\n<li>Blue Razz<\/li>\n<li>Fragola Kiwi<\/li>\n<li>Pesca Ananas Arancia<\/li>\n<li>Skittles<\/li>\n<li>Pesca, mango e anguria<\/li>\n<li>Gelato alla fragola<\/li>\n<li>Ghiaccio alla pera<\/li>\n<li>Zucchero filato<\/li>\n<li>Caramelle gommose<\/li>\n<li>Limonata al cetriolo<\/li>\n<li>Pina Colada<\/li>\n<li>mirtillo<\/li>\n<li>Anguria ghiacciata<\/li>\n<li>Anguria e fragola<\/li>\n<li>Frutti di bosco misti<\/li>\n<li>Litchi Melone Hami<\/li>\n<li>Cherry Lime<\/li>\n<li>Ananas Limone Mela verde<\/li>\n<li>Torta alla banana<\/li>\n<li>Mr Blue<\/li>\n<li>Ciliegia<\/li>\n<li>Mirtillo Lampone<\/li>\n<li>Cherry Cola<\/li>\n<li>Kiwi Frutto della passione Guava<\/li>\n<li>Ghiaccio alla fragola<\/li>\n<li>Gelato alla fragola, lampone e ciliegia<\/li>\n<li>Cherry Berry<\/li>\n<li>Mirtillo acido Lampone<\/li>\n<li>Pesca e frutti di bosco<\/li>\n<li>Orsetti gommosi Blue Razz<\/li>\n<li>Menta fresca<\/li>\n<li>Mirtillo su ghiaccio<\/li>\n<li>Cactus Ice<\/li>\n<li>Uva rossa e lime<\/li>\n<li>Cola Limone<\/li>\n<li>Ribes nero Mela<\/li>\n<li>Cactus Kiwi<\/li>\n<li>Cola Ice<\/li>\n<li>Pompelmo Apeg<\/li>\n<li>Mirtillo Cactus Ghiaccio<\/li>\n<li>Mango e uva ghiacciata<\/li>\n<li>Uva Kiwi<\/li>\n<\/ol>\n<h3>Domande frequenti (FAQ):<\/h3>\n<p><strong>F1: Quanto dura la sigaretta elettronica Fumot Tornado 20000 tiri?<\/strong> A1: Fornisce fino a 20.000 tiri, il che consente una lunga durata di utilizzo a seconda delle abitudini individuali di svapo.<\/p>\n<p><strong>F2: Il Fumot Tornado 20k \u00e8 ricaricabile?<\/strong> A2: S\u00ec, \u00e8 dotato di una batteria integrata da 850 mAh che pu\u00f2 essere ricaricata con un cavo di tipo C.<\/p>\n<p><strong>F3: Quali sono i livelli di nicotina disponibili?<\/strong> A3: Questo dispositivo \u00e8 disponibile in quattro varianti: 0 %, 2 %, 3 % e 5 % nicotina, per soddisfare le diverse preferenze.<\/p>\n<p><strong>D4: Come faccio a capire quando devo ricaricare o sostituire la sigaretta elettronica?<\/strong> A4: La sigaretta elettronica \u00e8 dotata di un display digitale che mostra chiaramente il livello di e-liquid e della batteria.<\/p>\n<h3 class=\"font-claude-response-heading text-text-100 mt-1 -mb-0.5\">Ulteriori informazioni e prodotti<\/h3>\n<p class=\"font-claude-response-body whitespace-normal break-words\">Scoprite la Fumot Tornado 20000 e altre sigarette elettroniche di alta qualit\u00e0 nel nostro vasto assortimento. Su <strong><a class=\"underline\" href=\"https:\/\/apexvape.de\/it\/\">Apex Vape<\/a><\/strong> troverete un'ampia scelta di sigarette elettroniche usa e getta, liquidi premium e accessori per lo svapo a prezzi interessanti. Visitate il nostro <strong><a class=\"underline\" href=\"https:\/\/apexvape.de\/it\/product-category\/fumot-vape\/\">Categoria FUMOT VAPE<\/a><\/strong>, per scoprire l'intera gamma di prodotti del marchio Fumot e trovare l'apparecchio perfetto per le tue esigenze. Approfitta della spedizione veloce, del pagamento sicuro e dell'assistenza clienti di prima classe.<\/p>","protected":false},"excerpt":{"rendered":"<p class=\"font-claude-response-body whitespace-normal break-words\">Il Fumot Tornado 20000 convince con la tecnologia Dual Mesh Coil e fino a 20.000 tiri da 20 ml di e-liquid. Passate dalla modalit\u00e0 singola a quella doppia per un piacere personalizzato. Il display LED mostra il livello della batteria e del liquido, la batteria da 850 mAh si ricarica tramite Type-C. 59 gusti disponibili.<\/p>","protected":false},"featured_media":2236,"comment_status":"open","ping_status":"closed","template":"","meta":[],"product_brand":[],"product_cat":[74],"product_tag":[],"class_list":{"0":"post-2235","1":"product","2":"type-product","3":"status-publish","4":"has-post-thumbnail","6":"product_cat-fumot-vape","8":"first","9":"instock","10":"shipping-taxable","11":"purchasable","12":"product-type-variable"},"_links":{"self":[{"href":"https:\/\/apexvape.de\/it\/wp-json\/wp\/v2\/product\/2235","targetHints":{"allow":["GET"]}}],"collection":[{"href":"https:\/\/apexvape.de\/it\/wp-json\/wp\/v2\/product"}],"about":[{"href":"https:\/\/apexvape.de\/it\/wp-json\/wp\/v2\/types\/product"}],"replies":[{"embeddable":true,"href":"https:\/\/apexvape.de\/it\/wp-json\/wp\/v2\/comments?post=2235"}],"version-history":[{"count":0,"href":"https:\/\/apexvape.de\/it\/wp-json\/wp\/v2\/product\/2235\/revisions"}],"wp:featuredmedia":[{"embeddable":true,"href":"https:\/\/apexvape.de\/it\/wp-json\/wp\/v2\/media\/2236"}],"wp:attachment":[{"href":"https:\/\/apexvape.de\/it\/wp-json\/wp\/v2\/media?parent=2235"}],"wp:term":[{"taxonomy":"product_brand","embeddable":true,"href":"https:\/\/apexvape.de\/it\/wp-json\/wp\/v2\/product_brand?post=2235"},{"taxonomy":"product_cat","embeddable":true,"href":"https:\/\/apexvape.de\/it\/wp-json\/wp\/v2\/product_cat?post=2235"},{"taxonomy":"product_tag","embeddable":true,"href":"https:\/\/apexvape.de\/it\/wp-json\/wp\/v2\/product_tag?post=2235"}],"curies":[{"name":"wp","href":"https:\/\/api.w.org\/{rel}","templated":true}]}}