{"id":1975,"date":"2025-11-22T14:11:46","date_gmt":"2025-11-22T13:11:46","guid":{"rendered":"https:\/\/apexvape.de\/?post_type=product&#038;p=1975"},"modified":"2025-11-22T14:22:28","modified_gmt":"2025-11-22T13:22:28","slug":"fumot-tornado-15000","status":"publish","type":"product","link":"https:\/\/apexvape.de\/it\/product\/fumot-tornado-15000\/","title":{"rendered":"Fumot Tornado 15000 tiri Vape usa e getta"},"content":{"rendered":"<h2>Fumot Tornado 15000 tiri | 0%-5% nicotina, 25 ml, sigaretta elettronica usa e getta all'ingrosso<\/h2>\n<p>Il Fumot Tornado 15000 offre fino a 15.000 tiri con una capacit\u00e0 di e-liquid precaricato di 25 ml e concentrazioni di nicotina di 0%\/2%\/3%\/5%. Alimentato da una batteria ricaricabile da 850 mAh, il dispositivo \u00e8 dotato di una bobina mesh per un riscaldamento uniforme e di un display per monitorare il livello della batteria e del liquido. Disponibile in diversi gusti come Peach Ice, Blue Razz Lemonade e Kiwi Passion Fruit Guava.<\/p>\n<h3>Fumot Tornado 15000 tiri Caratteristiche principali<\/h3>\n<p>La Fumot Tornado 15000 \u00e8 nota per la sua impressionante capacit\u00e0 di 15.000 tiri e le sue eccellenti prestazioni. Questa sigaretta elettronica ricaricabile e pre-riempita \u00e8 dotata di un pratico display che mostra sia il livello della batteria che quello del liquido, cos\u00ec saprai sempre quando \u00e8 il momento di ricaricarla. Il dispositivo utilizza una tecnologia avanzata per offrire aromi eccezionali e una produzione di vapore soddisfacente ad ogni tiro.<\/p>\n<p>L'uso del Fumot Tornado 15000 \u00e8 estremamente semplice grazie al suo design attivato dal tiro. Non ci sono impostazioni o pulsanti complicati: basta inalare e godersi il vapore. Questo approccio semplice rende il dispositivo perfetto sia per i nuovi svapatori che per gli utenti esperti che desiderano un'esperienza di svapo senza problemi.<\/p>\n<p>Il dispositivo \u00e8 alimentato da una potente batteria ricaricabile da 850 mAh, che pu\u00f2 essere facilmente ricaricata tramite un cavo USB di tipo C. Quando la batteria si scarica, basta collegarla per ricaricarla e continuare a svapare. La combinazione di batteria ricaricabile e capacit\u00e0 di 15.000 tiri consente di svapare per lunghi periodi senza interruzioni.<\/p>\n<p>Il design compatto e tascabile rende il Fumot Tornado 15000 facile da trasportare. Che siate al lavoro, in giro con gli amici o in viaggio, potete mettere questo dispositivo in borsa e svapare comodamente per tutto il giorno.<\/p>\n<h3>Dati tecnici<\/h3>\n<ul>\n<li><strong>Treni:<\/strong> 15.000 treni<\/li>\n<li><strong>Capacit\u00e0 liquida:<\/strong> Cartuccia preriempita da 25 ml<\/li>\n<li><strong>Tipo:<\/strong> Sigaretta elettronica usa e getta<\/li>\n<li><strong>Resistenza:<\/strong> 0,9 ohm<\/li>\n<li><strong>Batteria:<\/strong> Batteria integrata da 850 mAh<\/li>\n<li><strong>Bobina:<\/strong> Bobina a maglia<\/li>\n<li><strong>Ricarica:<\/strong> Cavo USB tipo C<\/li>\n<li><strong>Display:<\/strong> schermo LCD<\/li>\n<\/ul>\n<h3>Gusti<\/h3>\n<ol>\n<li>Limonata al lampone blu<\/li>\n<li>Ghiaccio alla pesca<\/li>\n<li>Mela acida<\/li>\n<li>Anguria ghiacciata<\/li>\n<li>Mirtillo su ghiaccio<\/li>\n<li>Mirtillo Lampone<\/li>\n<li>Ghiaccio all'ananas<\/li>\n<li>Ciliegia<\/li>\n<li>Ghiaccio alla fragola<\/li>\n<li>Vimto<\/li>\n<li>Grape Ice<\/li>\n<li>Cola Ice<\/li>\n<li>Anguria e fragola<\/li>\n<li>Limonata rosa<\/li>\n<li>Frutti di bosco misti<\/li>\n<li>Pesca e mango<\/li>\n<li>Frutto del drago<\/li>\n<li>Uva fragola<\/li>\n<li>Mr Blue<\/li>\n<li>Lush Ice<\/li>\n<li>Ghiacciolo<\/li>\n<li>Fragola Kiwi<\/li>\n<li>Kiwi Frutto della passione Guava<\/li>\n<li>Triplo frutti di bosco<\/li>\n<li>Gelato alla banana<\/li>\n<li>Caramelle alla pesca e mirtillo<\/li>\n<li>Mela Pesca Pera<\/li>\n<li>Limonata ai frutti di bosco<\/li>\n<li>Ciliegia blu Razz<\/li>\n<li>Mirtillo Bubblegum<\/li>\n<li>Mirtillo Ciliegia Mirtillo rosso<\/li>\n<li>Mirtillo e melograno<\/li>\n<li>Bluesour Lampone<\/li>\n<li>Cherry Cola<\/li>\n<li>Orsetto gommoso<\/li>\n<li>Limone e lime<\/li>\n<li>Mango su ghiaccio<\/li>\n<li>Red Energy Ice<\/li>\n<li>Fragola e banana<\/li>\n<li>Red Bull alla fragola<\/li>\n<li>Limonata alla fragola e anguria<\/li>\n<li>T\u00e8 freddo al limone<\/li>\n<li>T\u00e8 freddo alla pesca<\/li>\n<li>Ciliegia frizzante<\/li>\n<li>Skittles<\/li>\n<li>Menta fresca<\/li>\n<li>Pina Colada<\/li>\n<li>mirtillo<\/li>\n<li>Gelato al mirtillo e pesca<\/li>\n<li>Uva Limone<\/li>\n<li>Fanta<\/li>\n<li>Mojito al mentolo fresco<\/li>\n<li>Aloe Lemon Berries<\/li>\n<li>Mela verde, agrumi e mentolo<\/li>\n<li>Uva verde Melone<\/li>\n<li>Cactus Kiwi<\/li>\n<li>Cola Limone<\/li>\n<li>Cactus Ice<\/li>\n<li>Orsetti gommosi Blue Razz<\/li>\n<\/ol>\n<h3>Domande frequenti (FAQ)<\/h3>\n<p><strong>D: Come si usa il Fumot 15000?<\/strong><\/p>\n<p>R: Quando riceverai la confezione Fumot, troverai il dispositivo TORNADO 15000 in un sacchetto di plastica sigillato con una semplice chiusura a strappo. Basta rimuovere la penna vaporizzatore Fumot 15000 dalla confezione e fare il primo tiro: non ci sono pulsanti o sistemi di menu, il che rende la configurazione molto semplice.<\/p>\n<p><strong>D: Qual \u00e8 la sigaretta elettronica pi\u00f9 potente?<\/strong><\/p>\n<p>R: L'intensit\u00e0 della sensazione di tiro di una sigaretta elettronica pu\u00f2 variare in base a fattori quali la concentrazione di nicotina, il design della bobina e il flusso d'aria. Alcune sigarette elettroniche sono progettate per fornire un colpo in gola pi\u00f9 forte rispetto ad altre. Si consiglia quindi di consultare le specifiche del prodotto o le recensioni degli utenti per consigli specifici.<\/p>\n<p><strong>D: Le sigarette elettroniche pre-riempite durano davvero 15.000 tiri?<\/strong><\/p>\n<p>R: Le sigarette elettroniche pre-riempite hanno in genere un numero prestabilito di tiri, ma il raggiungimento effettivo di tale numero pu\u00f2 variare a seconda delle abitudini individuali di utilizzo, della durata dell'inalazione e di altri fattori. Sebbene alcune sigarette elettroniche pubblicizzino circa 15.000 tiri, l'utilizzo effettivo pu\u00f2 variare.<\/p>\n<h3>Scopri altre sigarette elettroniche premium su ApexVape<\/h3>\n<p>Il Fumot Tornado 15000 \u00e8 solo uno dei tanti prodotti di alta qualit\u00e0 della nostra gamma. Su <strong><a href=\"https:\/\/apexvape.de\/it\/\">Apex Vape<\/a><\/strong> troverete un'ampia selezione di sigarette elettroniche e accessori per lo svapo di prima qualit\u00e0 per ogni esigenza. Se siete interessati in particolare ad altri prodotti innovativi Fumot, visitate il nostro <strong><a href=\"https:\/\/apexvape.de\/it\/product-category\/fumot-vape\/\">Categoria FUMOT VAPE<\/a><\/strong>, dove potrai scoprire l'intera gamma di prodotti di questo marchio molto apprezzato. Approfitta dei nostri prezzi all'ingrosso competitivi, della spedizione veloce e dell'eccellente servizio clienti. Ordina oggi stesso e prova la qualit\u00e0 che contraddistingue Apex Vape.<\/p>","protected":false},"excerpt":{"rendered":"<p>Il Fumot Tornado 15000 offre fino a 15.000 tiri grazie al serbatoio da 25 ml di e-liquid. Con display LCD per la visualizzazione della batteria e del liquido, batteria ricaricabile da 850 mAh e ricarica di tipo C. La bobina mesh da 0,9 \u03a9 garantisce un gusto intenso. Attivato dal tiro, compatto e disponibile in molte variet\u00e0. Ideale per quando si \u00e8 in viaggio.<\/p>","protected":false},"featured_media":1976,"comment_status":"open","ping_status":"closed","template":"","meta":[],"product_brand":[],"product_cat":[74],"product_tag":[],"class_list":{"0":"post-1975","1":"product","2":"type-product","3":"status-publish","4":"has-post-thumbnail","6":"product_cat-fumot-vape","8":"first","9":"instock","10":"shipping-taxable","11":"purchasable","12":"product-type-variable"},"_links":{"self":[{"href":"https:\/\/apexvape.de\/it\/wp-json\/wp\/v2\/product\/1975","targetHints":{"allow":["GET"]}}],"collection":[{"href":"https:\/\/apexvape.de\/it\/wp-json\/wp\/v2\/product"}],"about":[{"href":"https:\/\/apexvape.de\/it\/wp-json\/wp\/v2\/types\/product"}],"replies":[{"embeddable":true,"href":"https:\/\/apexvape.de\/it\/wp-json\/wp\/v2\/comments?post=1975"}],"version-history":[{"count":0,"href":"https:\/\/apexvape.de\/it\/wp-json\/wp\/v2\/product\/1975\/revisions"}],"wp:featuredmedia":[{"embeddable":true,"href":"https:\/\/apexvape.de\/it\/wp-json\/wp\/v2\/media\/1976"}],"wp:attachment":[{"href":"https:\/\/apexvape.de\/it\/wp-json\/wp\/v2\/media?parent=1975"}],"wp:term":[{"taxonomy":"product_brand","embeddable":true,"href":"https:\/\/apexvape.de\/it\/wp-json\/wp\/v2\/product_brand?post=1975"},{"taxonomy":"product_cat","embeddable":true,"href":"https:\/\/apexvape.de\/it\/wp-json\/wp\/v2\/product_cat?post=1975"},{"taxonomy":"product_tag","embeddable":true,"href":"https:\/\/apexvape.de\/it\/wp-json\/wp\/v2\/product_tag?post=1975"}],"curies":[{"name":"wp","href":"https:\/\/api.w.org\/{rel}","templated":true}]}}