{"id":1752,"date":"2025-11-22T13:57:43","date_gmt":"2025-11-22T12:57:43","guid":{"rendered":"https:\/\/apexvape.de\/?post_type=product&#038;p=1752"},"modified":"2025-11-22T14:02:19","modified_gmt":"2025-11-22T13:02:19","slug":"fumot-digital-box-12000","status":"publish","type":"product","link":"https:\/\/apexvape.de\/it\/product\/fumot-digital-box-12000\/","title":{"rendered":"Fumot Digital Box 12000 tiri Vape usa e getta"},"content":{"rendered":"<h2>Fumot Digital Box 12000 tiri | 20 ml di e-liquid, batteria da 550 mAh, display LCD, vaporizzatore usa e getta<\/h2>\n<p>La Fumot Digital Box 12000 \u00e8 una sigaretta elettronica usa e getta di alta qualit\u00e0 con ben 12.000 tiri da un serbatoio da 20 ml. Dispone di un display LED per visualizzare il livello della batteria e il livello del liquido, una batteria ricaricabile da 550-850 mAh con funzione di ricarica rapida di tipo C (30-45 minuti) e una bobina mesh da 0,8 \u03a9 per un gusto intenso. Disponibile con nicotina 0-5% e oltre 15 gusti, offre flusso d'aria MTL, circuiti di sicurezza e un resistente corpo in alluminio con un peso di soli 67 g. Gli indicatori di colore e le funzioni di protezione integrate garantiscono uno svapo affidabile e confortevole per tutto il giorno.<\/p>\n<h3>Fumot Digital Box 12000 boccate \u2013 Caratteristiche speciali:<\/h3>\n<p>Il Fumot Digital Box 12000 convince grazie alla sua straordinaria capacit\u00e0 di e-liquid di 20 millilitri, che consente lunghe sessioni di svapo senza doverlo ricaricare continuamente. Questa generosa capacit\u00e0 va di pari passo con gli impressionanti 12.000 tiri per dispositivo e offre un'esperienza di svapo di lunga durata che soddisfa sia gli utenti occasionali che gli svapatori appassionati.<\/p>\n<p>Una delle caratteristiche pi\u00f9 innovative \u00e8 il display integrato per la batteria e l'e-liquido, che ti tiene sempre informato e ti permette di avere il controllo della tua esperienza di svapo. Questo doppio sistema di monitoraggio ti consente di tenere traccia in tempo reale sia della potenza della batteria che del livello residuo di e-liquido, cos\u00ec non avrai mai sorprese durante le tue sessioni.<\/p>\n<p>Il dispositivo \u00e8 alimentato da una batteria integrata da 550 mAh che garantisce un'alimentazione affidabile e costante durante tutto il viaggio nel mondo dello svapo. Sebbene il Fumot Digital Box 12000 abbia gi\u00e0 una durata impressionante, la batteria \u00e8 ricaricabile quando necessario, il che prolunga ulteriormente l'utilizzabilit\u00e0 del dispositivo.<\/p>\n<p>Questa funzione di ricarica non solo consente di utilizzare la sigaretta elettronica per periodi di tempo pi\u00f9 lunghi, ma rappresenta anche una scelta pi\u00f9 rispettosa dell'ambiente, poich\u00e9 permette di riutilizzare il dispositivo e ridurre i rifiuti. La combinazione di elevata capacit\u00e0, numero di tiri prolungato e ricaricabilit\u00e0 rende la Fumot Digital Box 12000 un'opzione pratica e sostenibile per i vapers che cercano prestazioni di lunga durata.<\/p>\n<h3>Dati tecnici:<\/h3>\n<ul>\n<li><strong>Sale di nicotina:<\/strong> 0% \/ 2% \/ 3% \/ 5%<\/li>\n<li><strong>E-Liquid:<\/strong> 20 ml<\/li>\n<li><strong>Treni:<\/strong> fino a 12.000<\/li>\n<li><strong>Display:<\/strong> Indicatore batteria e e-liquid<\/li>\n<li><strong>Batteria:<\/strong> Ricaricabile, 550 mAh<\/li>\n<li><strong>Gusti:<\/strong> 53 varianti<\/li>\n<li><strong>Confezione:<\/strong> 10 pezzi per espositore<\/li>\n<\/ul>\n<h3>Elenco dei gusti:<\/h3>\n<ol>\n<li>Menta fresca<\/li>\n<li>Anguria ghiacciata<\/li>\n<li>Grape Ice<\/li>\n<li>Mirtillo Lampone<\/li>\n<li>Anguria e fragola<\/li>\n<li>Fragola e banana<\/li>\n<li>Lush Ice<\/li>\n<li>Ciliegia<\/li>\n<li>Ghiaccio alla fragola<\/li>\n<li>Ghiacciolo<\/li>\n<li>Limonata rosa<\/li>\n<li>Mango su ghiaccio<\/li>\n<li>Frutti di bosco misti<\/li>\n<li>Ciambella alla fragola<\/li>\n<li>Uva fragola<\/li>\n<li>Cherry Cola<\/li>\n<li>Dr Blue<\/li>\n<li>Mirtillo su ghiaccio<\/li>\n<li>Kiwi Frutto della passione Guava<\/li>\n<li>Fragola Kiwi<\/li>\n<li>Pesca e mango<\/li>\n<li>Ghiaccio alla pesca<\/li>\n<li>Mela rossa ghiacciata<\/li>\n<li>Mirtillo Bubblegum<\/li>\n<li>Limonata ai frutti di bosco<\/li>\n<li>Limonata al lampone blu<\/li>\n<li>Bluesour Lampone<\/li>\n<li>Red Bull alla fragola<\/li>\n<li>Esplosione di frutti di bosco e mela<\/li>\n<li>Gomma da masticare al gusto di anguria<\/li>\n<li>Lampone e anguria<\/li>\n<li>Ghiaccio nero<\/li>\n<li>Mirtillo Ciliegia Mirtillo rosso<\/li>\n<li>Strawberry Pomp (melograno)<\/li>\n<li>Vimto<\/li>\n<li>Cherry Berry<\/li>\n<li>Limone e lime<\/li>\n<li>Bingo Crush<\/li>\n<li>Mirtillo e kiwi<\/li>\n<li>Gelato alla banana<\/li>\n<li>Gelato al frutto del drago<\/li>\n<li>Fusione fruttata<\/li>\n<li>Menta e uva<\/li>\n<li>Amore 66<\/li>\n<li>Ghiaccio all'ananas<\/li>\n<li>Red Energy Ice<\/li>\n<li>Due mele<\/li>\n<li>Cola Ice<\/li>\n<li>T\u00e8 freddo al limone<\/li>\n<li>T\u00e8 freddo alla pesca<\/li>\n<li>Orsetti gommosi Blue Razz<\/li>\n<\/ol>\n<h3>Domande frequenti:<\/h3>\n<p><strong>F1: Quante mosse offre il Fumot Digital Box 12K?<\/strong> Offre fino a 12.000 movimenti per dispositivo.<\/p>\n<p><strong>F2: Cosa rende speciale la versione Digital Box?<\/strong> \u00c8 dotata di un display digitale che mostra sia la carica della batteria che il livello di e-liquid.<\/p>\n<p><strong>F3: Il dispositivo \u00e8 ricaricabile?<\/strong> S\u00ec, \u00e8 dotato di una batteria ricaricabile e di una funzione di ricarica di tipo C.<\/p>\n<h3>Ulteriori informazioni e prodotti<\/h3>\n<p>Scopri la gamma completa di sigarette elettroniche e prodotti per lo svapo di alta qualit\u00e0 sul nostro sito web. <strong><a href=\"https:\/\/apexvape.de\/it\/\">Homepage<\/a><\/strong>. Il Fumot Digital Box 12000 fa parte della nostra vasta gamma di prodotti. <strong>FUMOT VAPE<\/strong> Collezione in cui troverete altri innovativi dispositivi a vapore e sigarette elettroniche usa e getta di Fumot. Visitate il nostro <strong><a href=\"https:\/\/apexvape.de\/it\/product-category\/fumot-vape\/\">Categoria FUMOT VAPE<\/a><\/strong>, per confrontare tutti i modelli, i gusti e i livelli di nicotina disponibili e trovare il prodotto perfetto per le tue esigenze.<\/p>","protected":false},"excerpt":{"rendered":"<p class=\"font-claude-response-body whitespace-normal break-words\">Il Fumot Digital Box 12000 offre fino a 12.000 tiri con una capacit\u00e0 di 20 ml di e-liquid. Il display LCD mostra il livello della batteria e il livello di riempimento, mentre la batteria ricaricabile da 550 mAh consente una ricarica rapida di tipo C. La bobina mesh da 0,8 \u03a9 offre un gusto intenso in oltre 15 variet\u00e0. Compatto e affidabile.<\/p>","protected":false},"featured_media":1753,"comment_status":"open","ping_status":"closed","template":"","meta":[],"product_brand":[],"product_cat":[74],"product_tag":[],"class_list":{"0":"post-1752","1":"product","2":"type-product","3":"status-publish","4":"has-post-thumbnail","6":"product_cat-fumot-vape","8":"first","9":"instock","10":"shipping-taxable","11":"purchasable","12":"product-type-variable"},"_links":{"self":[{"href":"https:\/\/apexvape.de\/it\/wp-json\/wp\/v2\/product\/1752","targetHints":{"allow":["GET"]}}],"collection":[{"href":"https:\/\/apexvape.de\/it\/wp-json\/wp\/v2\/product"}],"about":[{"href":"https:\/\/apexvape.de\/it\/wp-json\/wp\/v2\/types\/product"}],"replies":[{"embeddable":true,"href":"https:\/\/apexvape.de\/it\/wp-json\/wp\/v2\/comments?post=1752"}],"version-history":[{"count":0,"href":"https:\/\/apexvape.de\/it\/wp-json\/wp\/v2\/product\/1752\/revisions"}],"wp:featuredmedia":[{"embeddable":true,"href":"https:\/\/apexvape.de\/it\/wp-json\/wp\/v2\/media\/1753"}],"wp:attachment":[{"href":"https:\/\/apexvape.de\/it\/wp-json\/wp\/v2\/media?parent=1752"}],"wp:term":[{"taxonomy":"product_brand","embeddable":true,"href":"https:\/\/apexvape.de\/it\/wp-json\/wp\/v2\/product_brand?post=1752"},{"taxonomy":"product_cat","embeddable":true,"href":"https:\/\/apexvape.de\/it\/wp-json\/wp\/v2\/product_cat?post=1752"},{"taxonomy":"product_tag","embeddable":true,"href":"https:\/\/apexvape.de\/it\/wp-json\/wp\/v2\/product_tag?post=1752"}],"curies":[{"name":"wp","href":"https:\/\/api.w.org\/{rel}","templated":true}]}}