{"id":1674,"date":"2025-11-22T03:51:36","date_gmt":"2025-11-22T02:51:36","guid":{"rendered":"https:\/\/apexvape.de\/?post_type=product&#038;p=1674"},"modified":"2025-11-22T03:53:41","modified_gmt":"2025-11-22T02:53:41","slug":"vozol-star-40000","status":"publish","type":"product","link":"https:\/\/apexvape.de\/it\/product\/vozol-star-40000\/","title":{"rendered":"Vozol Star 40000 Puffs Vape usa e getta"},"content":{"rendered":"<h2>Vozol Star 40000 Puffs | Sigaretta elettronica dual mode con 40.000 tiri e schermo ondulato<\/h2>\n<p>La Vozol Star 40000 \u00e8 una sigaretta elettronica ricaricabile usa e getta che garantisce un'esperienza di svapo continua e un gusto eccezionale. Alimentata da una batteria a lunga durata da 1000 mAh con ricarica rapida di tipo C, il dispositivo offre fino a 40.000 tiri in modalit\u00e0 normale. La modalit\u00e0 Boost raddoppia l'intensit\u00e0 per chi desidera una maggiore potenza di svapo. Vozol Star 40K \u00e8 dotato di uno schermo laterale curvo che mostra il livello di e-liquid e della batteria per una comoda panoramica.<\/p>\n<h3>Vozol Star 40000 Puffs Caratteristiche principali<\/h3>\n<p>La sigaretta elettronica usa e getta Vozol Star 40000 Puffs colpisce per la sua straordinaria capacit\u00e0 di fino a 40.000 tiri. Il dispositivo elimina la necessit\u00e0 di frequenti riacquisti e offre boccate morbide e soddisfacenti ogni volta. Con funzioni avanzate come le modalit\u00e0 Boost e Norm, un sistema di flusso d'aria regolabile e un display moderno, la Vozol Star 40000 si distingue come un vero e proprio concentrato di potenza nel mondo delle sigarette elettroniche usa e getta.<\/p>\n<p>Dotato di una batteria da 1000 mAh e ricarica rapida USB Type-C, i tempi di inattivit\u00e0 sono ridotti al minimo. La capacit\u00e0 di 18 ml di e-liquid garantisce un piacere duraturo, mentre la tecnologia mesh coil assicura una produzione di gusto costante e un maggiore rilascio di vapore. Che si tratti di miscele fruttate o aromi ghiacciati, Vozol Star 40000 offre un'esperienza di svapo premium per tutti i gusti.<\/p>\n<p>Il design compatto ed ergonomico lo rende ideale per l'uso a casa e in viaggio. Chi \u00e8 alla ricerca di una sigaretta elettronica usa e getta ad alta capacit\u00e0 trover\u00e0 nella VOZOL STAR 40000 il perfetto equilibrio tra gusto, prestazioni e stile.<\/p>\n<h3>Dati tecnici<\/h3>\n<ul>\n<li><strong>Numero di mosse:<\/strong> 40.000 (normale), 25.000 (boost)<\/li>\n<li><strong>Contenuto di nicotina:<\/strong> 5% (50 mg)<\/li>\n<li><strong>Batteria:<\/strong> Supporto Type-C, ricarica rapida<\/li>\n<li><strong>Bobina:<\/strong> Doppia bobina mesh<\/li>\n<li><strong>Display:<\/strong> strumento di visualizzazione a LED<\/li>\n<li><strong>Capacit\u00e0 della batteria:<\/strong> 1000 mAh (ricaricabile)<\/li>\n<\/ul>\n<h3>Gusti<\/h3>\n<ol>\n<li>Blue Razz Ice<\/li>\n<li>Mirtillo ghiacciato<\/li>\n<li>Menta e mirtillo<\/li>\n<li>Mirtillo e anguria<\/li>\n<li>Cherimoya Pompelmo Bacche<\/li>\n<li>Cherry Cola<\/li>\n<li>Menta fresca<\/li>\n<li>Grape Ice<\/li>\n<li>Gelato al mango<\/li>\n<li>Mango Pesca<\/li>\n<li>Gomma al melone<\/li>\n<li>Melone ghiacciato<\/li>\n<li>Ghiaccio alla pesca<\/li>\n<li>Mela acida ghiacciata<\/li>\n<li>Ghiaccio alla fragola<\/li>\n<li>Fragola Kiwi<\/li>\n<li>Anguria e fragola<\/li>\n<li>Melone giallo Pesca<\/li>\n<li>Tabacco<\/li>\n<li>Vzbull<\/li>\n<li>Gomma da masticare al gusto di anguria<\/li>\n<li>Anguria Uva Boysenberry<\/li>\n<li>Anguria ghiacciata<\/li>\n<li>Anguria e pesca acida<\/li>\n<li>Pesca bianca e lampone<\/li>\n<\/ol>\n<h3>Domande frequenti (FAQ)<\/h3>\n<p><strong>F1: Quanti movimenti offre VOZOL Star 40000?<\/strong><br \/>\nR: VOZOL Star offre fino a 40.000 tiri.<\/p>\n<p><strong>D2: VOZOL Star 40k \u00e8 ricaricabile?<\/strong><br \/>\nR: S\u00ec! \u00c8 dotato di una batteria ricaricabile e di ricarica rapida di tipo C, cos\u00ec potrai goderti appieno ogni goccia di e-liquido.<\/p>\n<p><strong>F3: Qual \u00e8 il contenuto di nicotina del VOZOL Star 40000 Puffs?<\/strong><br \/>\nR: La maggior parte dei dispositivi VOZOL Star 40000 sono disponibili con nicotina 5% (50 mg) e offrono un colpo in gola delicato e soddisfacente.<\/p>\n<p><strong>F4: Quanto dura VOZOL Star 40k?<\/strong><br \/>\nA: A seconda dell'utilizzo, VOZOL Star 40000 Puffs pu\u00f2 durare diverse settimane.<\/p>\n<h3 class=\"font-claude-response-heading text-text-100 mt-1 -mb-0.5\">Ordina ora su Apex Vape<\/h3>\n<p class=\"font-claude-response-body whitespace-normal break-words\">Scopri la Vozol Star 40k e molte altre sigarette elettroniche premium nel nostro negozio online. Su <strong><a class=\"underline\" href=\"https:\/\/apexvape.de\/it\/\">Apex Vape<\/a><\/strong> troverete un'ampia selezione di prodotti per lo svapo di alta qualit\u00e0 a prezzi equi. Date un'occhiata al nostro vasto assortimento <strong><a class=\"underline\" href=\"https:\/\/apexvape.de\/it\/product-category\/vozol-vape\/\">VOZOL VAPE Categoria<\/a><\/strong> e scoprite gli ultimi modelli e gusti. Approfittate della spedizione veloce, del servizio clienti di prima classe e dei prodotti di marca autentici. Ordinate subito il vostro Vozol Star 40k e provate il piacere dello svapo premium al massimo livello!<\/p>","protected":false},"excerpt":{"rendered":"<p class=\"font-claude-response-body whitespace-normal break-words\">Il Vozol Star 40000 offre fino a 40.000 tiri in una sigaretta elettronica ricaricabile usa e getta. Con batteria da 1000 mAh, tecnologia Dual Mesh Coil e schermo ondulato per visualizzare il livello di e-liquid e della batteria. Doppia modalit\u00e0 (normale\/boost), capacit\u00e0 e-liquid da 18 ml e ricarica rapida USB tipo C per il massimo piacere di svapo.<\/p>","protected":false},"featured_media":1675,"comment_status":"open","ping_status":"closed","template":"","meta":[],"product_brand":[],"product_cat":[73],"product_tag":[],"class_list":{"0":"post-1674","1":"product","2":"type-product","3":"status-publish","4":"has-post-thumbnail","6":"product_cat-vozol-vape","8":"first","9":"instock","10":"shipping-taxable","11":"purchasable","12":"product-type-variable"},"_links":{"self":[{"href":"https:\/\/apexvape.de\/it\/wp-json\/wp\/v2\/product\/1674","targetHints":{"allow":["GET"]}}],"collection":[{"href":"https:\/\/apexvape.de\/it\/wp-json\/wp\/v2\/product"}],"about":[{"href":"https:\/\/apexvape.de\/it\/wp-json\/wp\/v2\/types\/product"}],"replies":[{"embeddable":true,"href":"https:\/\/apexvape.de\/it\/wp-json\/wp\/v2\/comments?post=1674"}],"version-history":[{"count":0,"href":"https:\/\/apexvape.de\/it\/wp-json\/wp\/v2\/product\/1674\/revisions"}],"wp:featuredmedia":[{"embeddable":true,"href":"https:\/\/apexvape.de\/it\/wp-json\/wp\/v2\/media\/1675"}],"wp:attachment":[{"href":"https:\/\/apexvape.de\/it\/wp-json\/wp\/v2\/media?parent=1674"}],"wp:term":[{"taxonomy":"product_brand","embeddable":true,"href":"https:\/\/apexvape.de\/it\/wp-json\/wp\/v2\/product_brand?post=1674"},{"taxonomy":"product_cat","embeddable":true,"href":"https:\/\/apexvape.de\/it\/wp-json\/wp\/v2\/product_cat?post=1674"},{"taxonomy":"product_tag","embeddable":true,"href":"https:\/\/apexvape.de\/it\/wp-json\/wp\/v2\/product_tag?post=1674"}],"curies":[{"name":"wp","href":"https:\/\/api.w.org\/{rel}","templated":true}]}}