{"id":1579,"date":"2025-11-19T15:05:39","date_gmt":"2025-11-19T14:05:39","guid":{"rendered":"https:\/\/apexvape.de\/?post_type=product&#038;p=1579"},"modified":"2025-11-21T16:39:58","modified_gmt":"2025-11-21T15:39:58","slug":"vozol-gear-shisha-25000","status":"publish","type":"product","link":"https:\/\/apexvape.de\/it\/product\/vozol-gear-shisha-25000\/","title":{"rendered":"Vozol Gear Shisha 25000 Vape usa e getta"},"content":{"rendered":"<h2>Vozol Gear Shisha 25000 | Sigaretta elettronica dual mode da 25k con 25000 tiri, display intelligente e vendita all'ingrosso<\/h2>\n<p>La <strong>Vozol Gear Shisha 25000<\/strong> \u00e8 stato sviluppato per offrirvi un'autentica esperienza di narghil\u00e8 con effetti simulati di bolle d'aria. Con fino a <strong>25.000 treni in modalit\u00e0 Eco<\/strong> consente sessioni di svapo prolungate senza interruzioni. La modalit\u00e0 Power, invece, offre un'esperienza di svapo pi\u00f9 intensa grazie alle doppie bobine mesh. Il design Airway basato sulla fluidodinamica soddisfa le esigenze della maggior parte dei vapers DTL e garantisce un tiro immediato e fluido. Con una batteria da 1000 mAh, un generoso serbatoio da 24 ml e un mega display da 2,1 pollici, il Vozol Gear Shisha 25000 offre il perfetto equilibrio tra durata, funzionalit\u00e0 e comfort.<\/p>\n<h3>Vozol Gear Shisha 25000 boccate \u2013 Caratteristiche principali:<\/h3>\n<p>Il dispositivo offre ben 25.000 boccate per un utilizzo prolungato senza ricariche ripetute e ha un contenuto di nicotina di 5%, che offre un gusto forte e corposo ad ogni boccata. Progettato per lo svapo Direct-to-Lung (DTL), consente profili di gusto pi\u00f9 ricchi e nuvole di vapore pi\u00f9 grandi, completati da una vasta selezione di eccellenti gusti di e-liquid, dalla frutta e menta alle varianti dessert, in grado di soddisfare tutti i gusti.<\/p>\n<p>La sigaretta elettronica convince grazie al suo design sottile e leggero, perfetto per chi \u00e8 sempre in movimento, mentre la batteria integrata garantisce prestazioni di lunga durata per tutta la vita utile del dispositivo. Essendo completamente usa e getta, viene fornita gi\u00e0 caricata e pronta all'uso, senza fastidiose ricariche o ricariche e senza alcuna manutenzione.<\/p>\n<p>Con la sua combinazione di numero elevato di boccate, forte rilascio di nicotina e funzioni di comfort intuitive, questo dispositivo offre un'esperienza di svapo eccezionale dalla prima all'ultima delle sue straordinarie 25.000 boccate.<\/p>\n<h3>Caratteristiche tecniche:<\/h3>\n<ul>\n<li>La prima sigaretta elettronica usa e getta DTL al mondo con audio interattivo ed effetto shisha<\/li>\n<li>Chip intelligente con tecnologia S.i.L.C.<\/li>\n<li>Batteria ricaricabile da 1000 mAh<\/li>\n<li>Sistema a doppia bobina mesh<\/li>\n<li>Due modalit\u00e0: Eco (25.000 tiri) \/ Power (18.000 tiri)<\/li>\n<li>Capacit\u00e0 e-liquid: 24 ml<\/li>\n<li>Display a colori da 2,1 pollici<\/li>\n<li>Flusso d'aria regolabile<\/li>\n<li>Sistema di flusso d'aria fluidodinamico: velocit\u00e0 di reazione 0,1 s<\/li>\n<\/ul>\n<h3>Gusti:<\/h3>\n<ol>\n<li>Due mele<\/li>\n<li>Anguria ghiacciata<\/li>\n<li>Mango Freeze<\/li>\n<li>Ghiaccio al ribes nero<\/li>\n<li>Mango Pesca<\/li>\n<li>Menta e mirtillo<\/li>\n<li>Mirtillo ghiacciato<\/li>\n<li>Profumo Limone<\/li>\n<li>Limone e menta<\/li>\n<li>Blue Razz Ice<\/li>\n<li>Grape Ice<\/li>\n<li>Fragola Kiwi<\/li>\n<li>Mirtillo e anguria<\/li>\n<li>Cherry Cola<\/li>\n<li>Mojito blu<\/li>\n<li>Menta e frutti di bosco<\/li>\n<li>Menta e uva<\/li>\n<li>Amore 777<\/li>\n<li>Serate moscovite<\/li>\n<li>Assassino delle fan<\/li>\n<li>Cherry Ice<\/li>\n<li>Gelato ai frutti di bosco<\/li>\n<li>Ghiaccio alla pesca<\/li>\n<li>Margarita alla fragola<\/li>\n<li>Anguria e menta<\/li>\n<li>Gelato al mirtillo nero<\/li>\n<li>Dolce frutto della passione<\/li>\n<li>Fragole congelate e kiwi<\/li>\n<li>Frutto della passione, litchi e arancia<\/li>\n<li>Frutto del drago Banana Ciliegia<\/li>\n<\/ol>\n<h3>Domande frequenti (FAQ)<\/h3>\n<p><strong>1. Che cos'\u00e8 la Vozol Gear Shisha 25000 tiri?<\/strong> La Vozol Gear Shisha 25000 \u00e8 una sigaretta elettronica intelligente, ricaricabile e usa e getta con doppia bobina mesh, modalit\u00e0 doppia potenza e una grande capacit\u00e0 di 24 ml di e-liquid per prestazioni di lunga durata.<\/p>\n<p><strong>2. Come funziona la modalit\u00e0 Dual Power?<\/strong> La modalit\u00e0 Dual Power consente di passare dalla modalit\u00e0 ECO (fino a 25.000 boccate) alla modalit\u00e0 Power (fino a 18.000 boccate), consentendo di controllare l'intensit\u00e0 del vapore e il numero di boccate.<\/p>\n<p><strong>3. La Vozol Gear Shisha 25k \u00e8 ricaricabile?<\/strong> S\u00ec, \u00e8 dotato di una batteria da 1000 mAh e di una porta di ricarica di tipo C per una ricarica rapida e comoda.<\/p>\n<h3 class=\"font-claude-response-heading text-text-100 mt-1 -mb-0.5\">Acquista ora su Apex Vape<\/h3>\n<p class=\"font-claude-response-body whitespace-normal break-words\">Scoprite la Vozol Gear Shisha 25000 e provate l'innovazione e la qualit\u00e0 ai massimi livelli. Con <strong><a class=\"underline\" href=\"https:\/\/apexvape.de\/it\/\">Apex Vape<\/a><\/strong> troverete non solo questo dispositivo premium, ma anche un'ampia selezione di sigarette elettroniche e prodotti per lo svapo di alta qualit\u00e0 per ogni esigenza. Visitate il nostro <strong><a class=\"underline\" href=\"https:\/\/apexvape.de\/it\/product-category\/vozol-vape\/\">VOZOL VAPE Categoria<\/a><\/strong>, per scoprire la gamma completa di prodotti e trovare l'esperienza di svapo perfetta per te. Approfitta della spedizione veloce, dei prezzi all'ingrosso interessanti e del servizio clienti di prima classe.<\/p>","protected":false},"excerpt":{"rendered":"<p>Il Vozol Gear Shisha 25000 rivoluziona lo svapo con un'autentica sensazione di narghil\u00e8 e un effetto gorgogliante. Fino a 25.000 tiri in modalit\u00e0 Eco, sistema a doppia bobina mesh e display da 2,1\u2033 offrono il massimo comfort. Il serbatoio da 24 ml e la batteria da 1000 mAh garantiscono un piacere duraturo per i vapers DTL. R\u00e9essayer<\/p>","protected":false},"featured_media":1580,"comment_status":"open","ping_status":"closed","template":"","meta":[],"product_brand":[],"product_cat":[73],"product_tag":[],"class_list":{"0":"post-1579","1":"product","2":"type-product","3":"status-publish","4":"has-post-thumbnail","6":"product_cat-vozol-vape","8":"first","9":"instock","10":"shipping-taxable","11":"purchasable","12":"product-type-variable"},"_links":{"self":[{"href":"https:\/\/apexvape.de\/it\/wp-json\/wp\/v2\/product\/1579","targetHints":{"allow":["GET"]}}],"collection":[{"href":"https:\/\/apexvape.de\/it\/wp-json\/wp\/v2\/product"}],"about":[{"href":"https:\/\/apexvape.de\/it\/wp-json\/wp\/v2\/types\/product"}],"replies":[{"embeddable":true,"href":"https:\/\/apexvape.de\/it\/wp-json\/wp\/v2\/comments?post=1579"}],"version-history":[{"count":0,"href":"https:\/\/apexvape.de\/it\/wp-json\/wp\/v2\/product\/1579\/revisions"}],"wp:featuredmedia":[{"embeddable":true,"href":"https:\/\/apexvape.de\/it\/wp-json\/wp\/v2\/media\/1580"}],"wp:attachment":[{"href":"https:\/\/apexvape.de\/it\/wp-json\/wp\/v2\/media?parent=1579"}],"wp:term":[{"taxonomy":"product_brand","embeddable":true,"href":"https:\/\/apexvape.de\/it\/wp-json\/wp\/v2\/product_brand?post=1579"},{"taxonomy":"product_cat","embeddable":true,"href":"https:\/\/apexvape.de\/it\/wp-json\/wp\/v2\/product_cat?post=1579"},{"taxonomy":"product_tag","embeddable":true,"href":"https:\/\/apexvape.de\/it\/wp-json\/wp\/v2\/product_tag?post=1579"}],"curies":[{"name":"wp","href":"https:\/\/api.w.org\/{rel}","templated":true}]}}