{"id":1570,"date":"2025-11-18T08:19:45","date_gmt":"2025-11-18T07:19:45","guid":{"rendered":"https:\/\/apexvape.de\/?page_id=1570"},"modified":"2025-11-18T08:19:48","modified_gmt":"2025-11-18T07:19:48","slug":"ueber-uns","status":"publish","type":"page","link":"https:\/\/apexvape.de\/it\/ueber-uns\/","title":{"rendered":"Chi siamo"},"content":{"rendered":"<h1 class=\"wp-block-heading\">Informazioni su apexvape<\/h1>\n\n\n\n<h2 class=\"wp-block-heading\">Il vostro partner affidabile per le sigarette elettroniche monouso all'ingrosso online<\/h2>\n\n\n\n<p>Benvenuti su apexvape, il vostro punto di riferimento online per sigarette elettroniche monouso di alta qualit\u00e0. Con oltre cinque anni di esperienza nel settore, ci siamo affermati come fornitore affidabile e vi offriamo una vasta gamma di marchi rinomati. Il nostro portafoglio prodotti comprende Bang King, Al Fakher Vape, Vapeme, Waspe, RandM Tornado, Bang Box e numerosi altri marchi di qualit\u00e0.<\/p>\n\n\n\n<h2 class=\"wp-block-heading\">La nostra missione e il nostro raggio d'azione<\/h2>\n\n\n\n<p>apexvape si \u00e8 posizionata come leader nel settore del vaping elettronico. I nostri prodotti sono arrivati in numerosi paesi del mondo, a chiara testimonianza della nostra ricerca della qualit\u00e0 senza compromessi e della nostra attenzione alla soddisfazione del cliente. In qualit\u00e0 di specialisti esperti nella distribuzione di sigarette elettroniche, ci occupiamo sia di vendita al dettaglio che all'ingrosso e garantiamo sempre ai nostri clienti l'accesso ai migliori prodotti e servizi disponibili sul mercato.<\/p>\n\n\n\n<h2 class=\"wp-block-heading\">La nostra offerta online<\/h2>\n\n\n\n<p>La nostra piattaforma apexvape.de funge da punto di contatto centrale per gli appassionati di svapo e per i principianti. Vi offriamo un'esperienza di acquisto semplice con un'ampia selezione di sigarette elettroniche monouso. Che siate alla ricerca delle ultime novit\u00e0 o di prodotti classici e collaudati, da apexvape troverete quello che cercate. Ci consideriamo il vostro compagno affidabile nel mondo del vaping.<\/p>\n\n\n\n<h2 class=\"wp-block-heading\">La nostra visione del futuro<\/h2>\n\n\n\n<p>Diventate parte della nostra storia di successo e continuate a stabilire nuovi standard di eccellenza nel settore delle sigarette elettroniche usa e getta. Da apexvape proverete la differenza: la massima qualit\u00e0, un'ampia gamma di prodotti e un eccellente servizio clienti si fondono in un pacchetto armonioso.<\/p>\n\n\n\n<h2 class=\"wp-block-heading\">Contattateci<\/h2>\n\n\n\n<p><strong>E-mail:<\/strong> canliumit3535@gmail.com<\/p>\n\n\n\n<p>Visitate il nostro negozio online e scoprite la nostra gamma completa di sigarette elettroniche monouso di prima qualit\u00e0!<\/p>","protected":false},"excerpt":{"rendered":"<p>\u00dcber apexvape Ihr zuverl\u00e4ssiger Partner f\u00fcr Einweg-E-Zigaretten im Online-Gro\u00dfhandel Herzlich willkommen bei apexvape\u2013 Ihrer erstklassigen Anlaufstelle im Internet f\u00fcr hochwertige<\/p>","protected":false},"author":1,"featured_media":0,"parent":0,"menu_order":0,"comment_status":"closed","ping_status":"closed","template":"","meta":{"footnotes":""},"class_list":["post-1570","page","type-page","status-publish","hentry"],"_links":{"self":[{"href":"https:\/\/apexvape.de\/it\/wp-json\/wp\/v2\/pages\/1570","targetHints":{"allow":["GET"]}}],"collection":[{"href":"https:\/\/apexvape.de\/it\/wp-json\/wp\/v2\/pages"}],"about":[{"href":"https:\/\/apexvape.de\/it\/wp-json\/wp\/v2\/types\/page"}],"author":[{"embeddable":true,"href":"https:\/\/apexvape.de\/it\/wp-json\/wp\/v2\/users\/1"}],"replies":[{"embeddable":true,"href":"https:\/\/apexvape.de\/it\/wp-json\/wp\/v2\/comments?post=1570"}],"version-history":[{"count":0,"href":"https:\/\/apexvape.de\/it\/wp-json\/wp\/v2\/pages\/1570\/revisions"}],"wp:attachment":[{"href":"https:\/\/apexvape.de\/it\/wp-json\/wp\/v2\/media?parent=1570"}],"curies":[{"name":"wp","href":"https:\/\/api.w.org\/{rel}","templated":true}]}}