{"id":1560,"date":"2025-11-18T08:11:28","date_gmt":"2025-11-18T07:11:28","guid":{"rendered":"https:\/\/apexvape.de\/?page_id=1560"},"modified":"2025-11-18T08:11:30","modified_gmt":"2025-11-18T07:11:30","slug":"versand-und-lieferung","status":"publish","type":"page","link":"https:\/\/apexvape.de\/it\/versand-und-lieferung\/","title":{"rendered":"Spedizione e consegna"},"content":{"rendered":"<h1 class=\"wp-block-heading\">Politica di spedizione e consegna - apexvape<\/h1>\n\n\n\n<h2 class=\"wp-block-heading\">Tempi di elaborazione e consegna<\/h2>\n\n\n\n<p>I vostri ordini saranno elaborati e spediti da noi entro uno o tre giorni lavorativi. Dopo la spedizione, i tempi di consegna sono generalmente compresi tra dieci e quindici giorni lavorativi. Si prega di notare che nei fine settimana la spedizione non viene effettuata.<\/p>\n\n\n\n<h2 class=\"wp-block-heading\">Tracciabilit\u00e0 dell'ordine<\/h2>\n\n\n\n<p>Non appena il vostro ordine avr\u00e0 lasciato il nostro magazzino, vi invieremo una notifica via e-mail con i relativi dati di tracciamento. Si prega di notare che potrebbero essere necessari da uno a due giorni prima che le informazioni di tracciamento vengano aggiornate sul sito web del fornitore del servizio di spedizione.<\/p>\n\n\n\n<h2 class=\"wp-block-heading\">Cancellazione e modifica dell'indirizzo di consegna<\/h2>\n\n\n\n<p>Avete la possibilit\u00e0 di annullare l'ordine o di modificare l'indirizzo di consegna finch\u00e9 l'ordine non \u00e8 ancora stato spedito. Purtroppo non \u00e8 possibile effettuare rimborsi o modifiche dell'indirizzo una volta che l'ordine \u00e8 stato spedito.<\/p>\n\n\n\n<h2 class=\"wp-block-heading\">Servizio di spedizione DDP (Delivered Duty Paid)<\/h2>\n\n\n\n<p>Offriamo la spedizione DDP per alcuni paesi selezionati. Con questo metodo di spedizione, non dovrete pagare alcuna procedura di sdoganamento o dazio doganale:<\/p>\n\n\n\n<h3 class=\"wp-block-heading\">Regno Unito<\/h3>\n\n\n\n<ul class=\"wp-block-list\">\n<li><strong>Partner di spedizione<\/strong>DPD Express locale<\/li>\n\n\n\n<li><strong>Periodo di consegna<\/strong>Da 7 a 12 giorni<\/li>\n<\/ul>\n\n\n\n<h3 class=\"wp-block-heading\">Unione Europea<\/h3>\n\n\n\n<ul class=\"wp-block-list\">\n<li><strong>Partner di spedizione<\/strong>UPS\/DPD\/DHL Express<\/li>\n\n\n\n<li><strong>Periodo di consegna<\/strong>Da 10 a 15 giorni<\/li>\n<\/ul>\n\n\n\n<h2 class=\"wp-block-heading\">Spedizione DDP nei paesi europei<\/h2>\n\n\n\n<p>I seguenti Paesi europei beneficiano del nostro servizio di spedizione DDP:<\/p>\n\n\n\n<p>Germania, Belgio, Lussemburgo, Paesi Bassi, Repubblica Ceca, Polonia, Croazia, Slovacchia, Slovenia, Finlandia, Danimarca, Svezia, Austria, Francia, Italia, Ungheria, Bulgaria, Lituania, Estonia, Lettonia, Grecia, Irlanda, Portogallo e Spagna.<\/p>\n\n\n\n<h2 class=\"wp-block-heading\">Note sui tempi di spedizione<\/h2>\n\n\n\n<p>I tempi di consegna effettivi possono variare a seconda del Paese di destinazione e del metodo di spedizione selezionato. Per le consegne all'interno dei Paesi europei, i tempi di consegna standard vanno dagli otto ai tredici giorni.<\/p>","protected":false},"excerpt":{"rendered":"<p>Versandrichtlinien und Zustellung &#8211; apexvape Bearbeitungs- und Lieferdauer Ihre Bestellungen werden von uns innerhalb eines Zeitraums von ein bis drei<\/p>","protected":false},"author":1,"featured_media":0,"parent":0,"menu_order":0,"comment_status":"closed","ping_status":"closed","template":"","meta":{"footnotes":""},"class_list":["post-1560","page","type-page","status-publish","hentry"],"_links":{"self":[{"href":"https:\/\/apexvape.de\/it\/wp-json\/wp\/v2\/pages\/1560","targetHints":{"allow":["GET"]}}],"collection":[{"href":"https:\/\/apexvape.de\/it\/wp-json\/wp\/v2\/pages"}],"about":[{"href":"https:\/\/apexvape.de\/it\/wp-json\/wp\/v2\/types\/page"}],"author":[{"embeddable":true,"href":"https:\/\/apexvape.de\/it\/wp-json\/wp\/v2\/users\/1"}],"replies":[{"embeddable":true,"href":"https:\/\/apexvape.de\/it\/wp-json\/wp\/v2\/comments?post=1560"}],"version-history":[{"count":0,"href":"https:\/\/apexvape.de\/it\/wp-json\/wp\/v2\/pages\/1560\/revisions"}],"wp:attachment":[{"href":"https:\/\/apexvape.de\/it\/wp-json\/wp\/v2\/media?parent=1560"}],"curies":[{"name":"wp","href":"https:\/\/api.w.org\/{rel}","templated":true}]}}