{"id":1557,"date":"2025-11-18T08:01:57","date_gmt":"2025-11-18T07:01:57","guid":{"rendered":"https:\/\/apexvape.de\/?page_id=1557"},"modified":"2025-11-18T08:09:20","modified_gmt":"2025-11-18T07:09:20","slug":"rueckgaberichtlinie","status":"publish","type":"page","link":"https:\/\/apexvape.de\/it\/rueckgaberichtlinie\/","title":{"rendered":"Politica di restituzione"},"content":{"rendered":"<h1 class=\"wp-block-heading\">Linee guida per la restituzione della merce - apexvape<\/h1>\n\n\n\n<h2 class=\"wp-block-heading\">Periodo di restituzione di 3 giorni<\/h2>\n\n\n\n<p>Noi di apexvape vi offriamo la possibilit\u00e0 di restituire gli articoli entro tre giorni. Questo periodo decorre dalla data di ricezione dell'ordine. Se non siete soddisfatti del prodotto acquistato, potete presentare una richiesta di restituzione entro questo periodo.<\/p>\n\n\n\n<h2 class=\"wp-block-heading\">Requisiti per un ritorno di successo<\/h2>\n\n\n\n<p>Affinch\u00e9 possiamo accettare il vostro reso, devono essere soddisfatte alcune condizioni. L'articolo da restituire deve essere nelle sue condizioni originali, cio\u00e8 non usato, con tutte le etichette attaccate e nella sua confezione originale. Inoltre, \u00e8 necessaria una prova d'acquisto valida, come una ricevuta o una conferma d'ordine, per garantire che il processo di restituzione si svolga senza intoppi.<\/p>\n\n\n\n<h2 class=\"wp-block-heading\">Avvio della procedura di restituzione<\/h2>\n\n\n\n<p>Se desiderate effettuare un reso, contattateci via e-mail all'indirizzo canliumit3535@gmail.com. Una volta verificata e approvata la richiesta, vi invieremo un'etichetta di spedizione prepagata e istruzioni dettagliate su come spedire il pacco. \u00c8 importante notare che: Le restituzioni non annunciate e non autorizzate non possono essere elaborate. Pertanto, vi preghiamo di contattarci prima.<\/p>\n\n\n\n<h2 class=\"wp-block-heading\">Reclami in caso di difetti o danni<\/h2>\n\n\n\n<p>Vi preghiamo di controllare attentamente il vostro ordine non appena lo ricevete. Se vi accorgete che un articolo \u00e8 danneggiato, difettoso o non \u00e8 stato consegnato correttamente, vi preghiamo di contattarci immediatamente in modo da poter elaborare la vostra richiesta il pi\u00f9 rapidamente possibile.<\/p>\n\n\n\n<h2 class=\"wp-block-heading\">Prodotti esclusi dalla restituzione<\/h2>\n\n\n\n<p>Non tutti gli articoli possono essere restituiti. Le seguenti categorie di prodotti sono escluse dal nostro diritto di recesso:<\/p>\n\n\n\n<ul class=\"wp-block-list\">\n<li>Prodotti deperibili<\/li>\n\n\n\n<li>Articoli personalizzati o su misura<\/li>\n\n\n\n<li>Prodotti per l'igiene e la cura del corpo<\/li>\n\n\n\n<li>Merci pericolose<\/li>\n\n\n\n<li>Liquidi o gas infiammabili<\/li>\n<\/ul>\n\n\n\n<p>In caso di dubbi sull'autorizzazione alla restituzione di un determinato prodotto, siete invitati a contattarci per ottenere chiarimenti.<\/p>\n\n\n\n<h2 class=\"wp-block-heading\">Scambio di articoli<\/h2>\n\n\n\n<p>Per la sostituzione si consiglia di seguire la seguente procedura: Per prima cosa restituire l'articolo originale. Una volta autorizzato il reso, \u00e8 possibile effettuare un nuovo ordine per l'articolo sostitutivo desiderato. In questo modo si garantisce una rapida elaborazione.<\/p>\n\n\n\n<h2 class=\"wp-block-heading\">Elaborazione dei rimborsi<\/h2>\n\n\n\n<p>Non appena avremo ricevuto e controllato il vostro reso, vi informeremo dell'approvazione o del rifiuto del rimborso. Se approvato, il rimborso verr\u00e0 effettuato sul metodo di pagamento originale entro dieci giorni lavorativi. Si prega di notare che il vostro istituto finanziario o la societ\u00e0 emittente della carta di credito potrebbero avere bisogno di ulteriore tempo per accreditare il vostro conto. Se non avete ricevuto il rimborso dopo quindici giorni lavorativi dall'autorizzazione, contattateci all'indirizzo canliumit3535@gmail.com.<\/p>\n\n\n\n<hr class=\"wp-block-separator has-alpha-channel-opacity\"\/>\n\n\n\n<p>Apprezziamo molto la vostra fiducia in apexvape. La vostra soddisfazione \u00e8 la nostra massima priorit\u00e0.<\/p>\n\n\n\n<p><\/p>","protected":false},"excerpt":{"rendered":"<p>Richtlinien f\u00fcr Warenr\u00fccksendungen &#8211; apexvape R\u00fccksendefrist von 3 Tagen Bei apexvape bieten wir Ihnen die M\u00f6glichkeit, Artikel innerhalb von drei<\/p>","protected":false},"author":1,"featured_media":0,"parent":0,"menu_order":0,"comment_status":"closed","ping_status":"closed","template":"","meta":{"footnotes":""},"class_list":["post-1557","page","type-page","status-publish","hentry"],"_links":{"self":[{"href":"https:\/\/apexvape.de\/it\/wp-json\/wp\/v2\/pages\/1557","targetHints":{"allow":["GET"]}}],"collection":[{"href":"https:\/\/apexvape.de\/it\/wp-json\/wp\/v2\/pages"}],"about":[{"href":"https:\/\/apexvape.de\/it\/wp-json\/wp\/v2\/types\/page"}],"author":[{"embeddable":true,"href":"https:\/\/apexvape.de\/it\/wp-json\/wp\/v2\/users\/1"}],"replies":[{"embeddable":true,"href":"https:\/\/apexvape.de\/it\/wp-json\/wp\/v2\/comments?post=1557"}],"version-history":[{"count":0,"href":"https:\/\/apexvape.de\/it\/wp-json\/wp\/v2\/pages\/1557\/revisions"}],"wp:attachment":[{"href":"https:\/\/apexvape.de\/it\/wp-json\/wp\/v2\/media?parent=1557"}],"curies":[{"name":"wp","href":"https:\/\/api.w.org\/{rel}","templated":true}]}}