{"id":1550,"date":"2025-11-18T05:13:18","date_gmt":"2025-11-18T04:13:18","guid":{"rendered":"https:\/\/apexvape.de\/?page_id=1550"},"modified":"2025-11-18T05:13:20","modified_gmt":"2025-11-18T04:13:20","slug":"nutzungsbedingungen","status":"publish","type":"page","link":"https:\/\/apexvape.de\/it\/nutzungsbedingungen\/","title":{"rendered":"Condizioni di utilizzo"},"content":{"rendered":"<h1 class=\"wp-block-heading\">Termini e condizioni generali - apexvape<\/h1>\n\n\n\n<p>Benvenuti sul sito web di apexvape! Si prega di leggere attentamente i seguenti termini e condizioni prima di utilizzare la nostra piattaforma. Visitando e utilizzando il nostro sito web, l'utente dichiara di accettare le norme qui riportate e tutte le disposizioni di legge applicabili. Se non si accettano questi termini e condizioni, si prega di astenersi dall'utilizzare ulteriormente il nostro sito web. Completando un acquisto, accettate automaticamente i presenti termini e condizioni, nonch\u00e9 le nostre politiche di spedizione, restituzione e garanzia.<\/p>\n\n\n\n<h2 class=\"wp-block-heading\">Spedizione in tutto il mondo<\/h2>\n\n\n\n<p>La nostra azienda apexvape opera a livello internazionale e ha sede a Hong Kong. Tutti gli acquirenti al di fuori di Hong Kong sono trattati come clienti internazionali. Prima di effettuare un ordine, consigliamo vivamente di informarsi sui requisiti legali del proprio Paese, in particolare per quanto riguarda il possesso, l'importazione e l'uso di articoli per vaporizzatori. In alcuni paesi possono essere applicate norme speciali, descritte in dettaglio nelle nostre politiche di spedizione, restituzione e garanzia.<\/p>\n\n\n\n<h2 class=\"wp-block-heading\">Propriet\u00e0 intellettuale e copyright<\/h2>\n\n\n\n<p>Tutti i contenuti pubblicati su questo sito web - compresi testi, immagini, grafici e codici di programma - sono soggetti a tutela del diritto d'autore e sono di propriet\u00e0 di apexvape come opera completa. Copyright 2022, apexvape. Tutti i diritti riservati. L'utente ha il diritto di copiare o stampare parti del sito web in formato elettronico, a condizione che ci\u00f2 avvenga allo scopo di elaborare ordini o acquistare prodotti da apexvape. Qualsiasi altro utilizzo, in particolare la riproduzione, la distribuzione o la trasmissione dei contenuti del sito web, non \u00e8 consentito senza l'espressa autorizzazione di apexvape Inc.<\/p>\n\n\n\n<h2 class=\"wp-block-heading\">Protezione dei marchi<\/h2>\n\n\n\n<p>Tutti i marchi di fabbrica, i marchi di servizio e i nomi commerciali utilizzati sul nostro sito web sono propriet\u00e0 legalmente protetta di apexvape.<\/p>\n\n\n\n<h2 class=\"wp-block-heading\">Esclusione delle garanzie<\/h2>\n\n\n\n<p>Il sito web e tutti i materiali e i prodotti in esso contenuti sono forniti \u201ecos\u00ec come sono\u201c, senza garanzie di alcun tipo, n\u00e9 esplicite n\u00e9 implicite. apexvape declina tutte le garanzie, comprese quelle di commerciabilit\u00e0, idoneit\u00e0 a uno scopo particolare e titolo. Non garantiamo che la funzionalit\u00e0 del sito web sia ininterrotta o priva di errori. N\u00e9 garantiamo che eventuali errori vengano corretti o che il sito web sia privo di virus o altri elementi dannosi. Non garantiamo l'accuratezza, la completezza o l'affidabilit\u00e0 delle informazioni fornite.<\/p>\n\n\n\n<h2 class=\"wp-block-heading\">Limitazione di responsabilit\u00e0<\/h2>\n\n\n\n<p>apexvape non sar\u00e0 responsabile di eventuali danni speciali o consequenziali derivanti dall'uso o dall'impossibilit\u00e0 di usare il materiale di questo sito o dalle prestazioni del prodotto, anche se siamo stati avvisati della possibilit\u00e0 di tali danni. Alcune giurisdizioni non consentono l'esclusione o la limitazione di responsabilit\u00e0 per danni conseguenti o accidentali, pertanto le limitazioni di cui sopra potrebbero non essere applicabili.<\/p>\n\n\n\n<h2 class=\"wp-block-heading\">Risoluzione del contratto<\/h2>\n\n\n\n<p>Questi termini e condizioni si applicano a tutti gli utenti quando accedono al sito web, si registrano o effettuano un acquisto. apexvape si riserva il diritto di rescindere questi termini e condizioni in tutto o in parte in qualsiasi momento e senza preavviso. Le disposizioni relative al copyright, ai diritti di marchio, alle esclusioni di garanzia, alle limitazioni di responsabilit\u00e0, agli indennizzi e ad altre questioni rimarranno in vigore anche dopo la risoluzione.<\/p>\n\n\n\n<h2 class=\"wp-block-heading\">Comunicazioni e notifiche<\/h2>\n\n\n\n<p>apexvape pu\u00f2 inviare notifiche all'utente via e-mail, pubblicare avvisi generali sul sito web o utilizzare altri mezzi di comunicazione affidabili utilizzando i dati di contatto forniti dall'utente.<\/p>\n\n\n\n<h2 class=\"wp-block-heading\">Altre disposizioni<\/h2>\n\n\n\n<p>I presenti Termini e condizioni saranno interpretati in conformit\u00e0 alle leggi di Hong Kong, senza tener conto delle disposizioni in materia di conflitto di leggi. Tutte le controversie derivanti dai presenti Termini e condizioni saranno portate davanti ai tribunali competenti di Hong Kong. I reclami devono essere presentati entro dodici mesi dal loro insorgere. Se apexvape decide di non far valere una parte di questi Termini, ci\u00f2 non costituir\u00e0 una rinuncia ai relativi diritti. Possiamo cedere i nostri diritti e obblighi ai sensi dei presenti Termini senza preavviso.<\/p>\n\n\n\n<h2 class=\"wp-block-heading\">Regole di comportamento nell'utilizzo del sito web<\/h2>\n\n\n\n<p>Sul nostro sito web non sono ammessi comportamenti molesti o inappropriati. Gli utenti non possono caricare contenuti offensivi o discutibili o sollecitare altri utenti per servizi commerciali. apexvape si riserva il diritto di bloccare o rimuovere qualsiasi contenuto che violi questi termini.<\/p>\n\n\n\n<h2 class=\"wp-block-heading\">Esclusione di responsabilit\u00e0 per i contenuti degli utenti<\/h2>\n\n\n\n<p>apexvape non si assume alcuna responsabilit\u00e0 per i contenuti creati o caricati dagli utenti sul sito web. Noi agiamo esclusivamente come piattaforma di distribuzione e ci riserviamo il diritto di eliminare contenuti offensivi o inappropriati a nostra esclusiva discrezione.<\/p>\n\n\n\n<h2 class=\"wp-block-heading\">Utilizzo del prodotto<\/h2>\n\n\n\n<p>apexvape non rilascia alcuna dichiarazione sull'efficacia o sull'idoneit\u00e0 dei prodotti per qualsiasi scopo particolare. Tutti i prodotti sono utilizzati a rischio e pericolo dell'acquirente. I prodotti contenenti nicotina sono destinati all'uso esclusivo da parte di adulti. Si consiglia vivamente di consultare un medico prima di utilizzare prodotti a base di nicotina.<\/p>\n\n\n\n<h2 class=\"wp-block-heading\">Esenzione<\/h2>\n\n\n\n<p>Utilizzando il nostro sito web, l'utente accetta di indennizzare apexvape e i suoi fornitori di servizi per tutte le perdite, i danni, i costi e le spese derivanti da qualsiasi violazione dei presenti termini e condizioni o da qualsiasi attivit\u00e0 svolta in relazione al proprio account.<\/p>\n\n\n\n<h2 class=\"wp-block-heading\">Collegamenti esterni<\/h2>\n\n\n\n<p>apexvape pu\u00f2 fornire collegamenti a siti web esterni per la comodit\u00e0 dei visitatori. Questi siti esterni non sono sotto il nostro controllo e non ci assumiamo alcuna responsabilit\u00e0 per il loro contenuto o le loro pratiche.<\/p>\n\n\n\n<h2 class=\"wp-block-heading\">Esclusioni specifiche per i prodotti<\/h2>\n\n\n\n<p>Alcuni prodotti possono essere soggetti a speciali clausole di esclusione per quanto riguarda i resi o i cambi. Si prega di controllare attentamente tutte le esclusioni specifiche del prodotto prima dell'acquisto. Accettando i nostri Termini e condizioni al momento del pagamento, confermate di aver compreso tutte le esclusioni applicabili.<\/p>\n\n\n\n<hr class=\"wp-block-separator has-alpha-channel-opacity\"\/>\n\n\n\n<p>Grazie mille per la vostra fiducia in apexvape!<\/p>","protected":false},"excerpt":{"rendered":"<p>Allgemeine Gesch\u00e4ftsbedingungen &#8211; apexvape Herzlich willkommen auf der apexvape-Website! Wir bitten Sie, die nachfolgenden Gesch\u00e4ftsbedingungen aufmerksam zu lesen, bevor Sie<\/p>","protected":false},"author":1,"featured_media":0,"parent":0,"menu_order":0,"comment_status":"closed","ping_status":"closed","template":"","meta":{"footnotes":""},"class_list":["post-1550","page","type-page","status-publish","hentry"],"_links":{"self":[{"href":"https:\/\/apexvape.de\/it\/wp-json\/wp\/v2\/pages\/1550","targetHints":{"allow":["GET"]}}],"collection":[{"href":"https:\/\/apexvape.de\/it\/wp-json\/wp\/v2\/pages"}],"about":[{"href":"https:\/\/apexvape.de\/it\/wp-json\/wp\/v2\/types\/page"}],"author":[{"embeddable":true,"href":"https:\/\/apexvape.de\/it\/wp-json\/wp\/v2\/users\/1"}],"replies":[{"embeddable":true,"href":"https:\/\/apexvape.de\/it\/wp-json\/wp\/v2\/comments?post=1550"}],"version-history":[{"count":0,"href":"https:\/\/apexvape.de\/it\/wp-json\/wp\/v2\/pages\/1550\/revisions"}],"wp:attachment":[{"href":"https:\/\/apexvape.de\/it\/wp-json\/wp\/v2\/media?parent=1550"}],"curies":[{"name":"wp","href":"https:\/\/api.w.org\/{rel}","templated":true}]}}