{"id":6682,"date":"2026-04-06T10:58:41","date_gmt":"2026-04-06T08:58:41","guid":{"rendered":"https:\/\/apexvape.de\/?post_type=product&#038;p=6682"},"modified":"2026-04-06T10:59:13","modified_gmt":"2026-04-06T08:59:13","slug":"airmez-fox-4-in-1-120k","status":"publish","type":"product","link":"https:\/\/apexvape.de\/hu\/product\/airmez-fox-4-in-1-120k\/","title":{"rendered":"Airmez FOX 4 IN 1 120K puff 120K puff eldobhat\u00f3 vape"},"content":{"rendered":"<h1>Airmez FOX 4 IN 1 120K Puffs eldobhat\u00f3 vape | 4 \u00edz \u00e9s 120,000 puff | 4 \u00edz \u00e9s 120,000 puffs<\/h1>\n<p>Az Airmez FOX 4 IN 1 120K ak\u00e1r 120 000 sz\u00edv\u00e1st is biztos\u00edt 4 az 1-ben \u00edzrendszerrel \u00e9s 60 ml e-folyad\u00e9kkal a hosszan tart\u00f3 \u00e9lvezet \u00e9rdek\u00e9ben. A LED kijelz\u0151 lehet\u0151v\u00e9 teszi az akkumul\u00e1tor \u00e9s az e-folyad\u00e9k szintj\u00e9nek egyszer\u0171 nyomon k\u00f6vet\u00e9s\u00e9t, m\u00edg a 650 mAh-s akkumul\u00e1tor C t\u00edpus\u00fa gyorst\u00f6lt\u00e9ssel minimaliz\u00e1lja az \u00e1ll\u00e1sid\u0151t. A 3 % nikotin er\u0151ss\u00e9g\u0171 \u00e9s 1,0 \u03a9-os h\u00e1l\u00f3s tekercs a sima, egyenletes g\u0151z\u00e9rt, ez egy sokoldal\u00fa, nagy teljes\u00edtm\u00e9ny\u0171 k\u00e9sz\u00fcl\u00e9k a min\u0151s\u00e9get \u00e9s v\u00e1ltozatoss\u00e1got ig\u00e9nyl\u0151 vaperek sz\u00e1m\u00e1ra.<\/p>\n<h2>Airmez FOX 4 IN 1 120K Puffs - A legfontosabb tudnival\u00f3k<\/h2>\n<p>Az Airmez FOX 4 IN 1 120K egy nagy teljes\u00edtm\u00e9ny\u0171 p\u00e1rologtat\u00f3, amely leny\u0171g\u00f6z\u0151, ak\u00e1r 120.000 puffol\u00e1sos kapacit\u00e1ssal rendelkezik a hosszan tart\u00f3 \u00e9s kiel\u00e9g\u00edt\u0151 p\u00e1rologtat\u00e1si \u00e9lm\u00e9ny \u00e9rdek\u00e9ben. Ami k\u00fcl\u00f6nlegess\u00e9 teszi, az a 4 az 1-ben \u00edzrendszer, amely lehet\u0151v\u00e9 teszi a felhaszn\u00e1l\u00f3k sz\u00e1m\u00e1ra, hogy n\u00e9gy egyedi \u00edzt \u00e9lvezzenek egyetlen k\u00e9sz\u00fcl\u00e9kben - a p\u00e1ratlan v\u00e1ltozatoss\u00e1g \u00e9s k\u00e9nyelem \u00e9rdek\u00e9ben.<\/p>\n<p>A b\u0151s\u00e9ges, el\u0151re felt\u00f6lt\u00f6tt 60 ml e-folyad\u00e9kkal (15 ml \u00d7 4 tart\u00e1ly) ez a k\u00e9sz\u00fcl\u00e9k a hosszan tart\u00f3, kevesebb megszak\u00edt\u00e1ssal j\u00e1r\u00f3 \u00e9lvezethez k\u00e9sz\u00fclt. Az intuit\u00edv LED-kijelz\u0151 folyamatosan t\u00e1j\u00e9koztatja \u00d6nt, \u00e9s megk\u00f6nny\u00edti az akkumul\u00e1tor \u00e1llapot\u00e1nak \u00e9s az e-folyad\u00e9k t\u00f6lt\u00f6tts\u00e9gi szintj\u00e9nek nyomon k\u00f6vet\u00e9s\u00e9t - m\u00e9g akkor is, ha \u00faton van.<\/p>\n<p>A t\u00f6lt\u00e9s gyors \u00e9s egyszer\u0171 a 650 mAh kapacit\u00e1s\u00fa, C-t\u00edpus\u00fa gyorst\u00f6lt\u00e9ssel ell\u00e1tott akkumul\u00e1tornak k\u00f6sz\u00f6nhet\u0151en, \u00edgy a k\u00e9sz\u00fcl\u00e9k mindig k\u00e9szen \u00e1ll, amikor sz\u00fcks\u00e9g van r\u00e1. Az Airmez FOX 4 IN 1 120K 3 % nikotiner\u0151ss\u00e9ggel kaphat\u00f3, \u00e9s a sima \u00e9s kontroll\u00e1lt nikotin\u00e9lm\u00e9nyt kedvel\u0151 felhaszn\u00e1l\u00f3knak sz\u00f3l.<\/p>\n<p>A k\u00e9sz\u00fcl\u00e9k k\u00f6z\u00e9ppontj\u00e1ban egy 1,0 \u03a9-os h\u00e1l\u00f3s tekercs tal\u00e1lhat\u00f3, amely minden egyes slukkban egyenletesen sima \u00e9s arom\u00e1s g\u0151zt biztos\u00edt. A kapacit\u00e1s, a v\u00e1ltozatoss\u00e1g \u00e9s a technol\u00f3gia ezen kombin\u00e1ci\u00f3ja teszi az Airmez FOX 4 IN 1 120K-t sokoldal\u00fa, nagy teljes\u00edtm\u00e9ny\u0171 k\u00e9sz\u00fcl\u00e9kk\u00e9 az ig\u00e9nyes vaperek sz\u00e1m\u00e1ra.<\/p>\n<h2>M\u0171szaki adatok - Airmez FOX 4 IN 1 120K Puffs<\/h2>\n<table>\n<thead>\n<tr>\n<th>Jellemz\u0151<\/th>\n<th>r\u00e9szletek<\/th>\n<\/tr>\n<\/thead>\n<tbody>\n<tr>\n<td>Vonatok sz\u00e1ma<\/td>\n<td>120,000 vonat<\/td>\n<\/tr>\n<tr>\n<td>E-folyad\u00e9k kapacit\u00e1s<\/td>\n<td>15 ml \u00d7 4 tart\u00e1ly (\u00f6sszesen 60 ml)<\/td>\n<\/tr>\n<tr>\n<td>\u00cdzes\u00edt\u00e9si m\u00f3dok<\/td>\n<td>4 \u00e1ll\u00edthat\u00f3 \u00edzes\u00edt\u00e9s<\/td>\n<\/tr>\n<tr>\n<td>Az akkumul\u00e1tor kapacit\u00e1sa<\/td>\n<td>650 mAh (\u00fajrat\u00f6lthet\u0151)<\/td>\n<\/tr>\n<tr>\n<td>tekercs<\/td>\n<td>1.0 \u03a9 H\u00e1l\u00f3s tekercs<\/td>\n<\/tr>\n<tr>\n<td>T\u00f6lt\u0151csatlakoz\u00e1s<\/td>\n<td>USB Type-C<\/td>\n<\/tr>\n<tr>\n<td>Csomagol\u00e1si egys\u00e9g<\/td>\n<td>10 darabos csomagol\u00e1s<\/td>\n<\/tr>\n<tr>\n<td>Kaphat\u00f3 \u00edzek<\/td>\n<td>10 opci\u00f3<\/td>\n<\/tr>\n<\/tbody>\n<\/table>\n<h2>Airmez FOX 4 IN 1 120K Puffs - Kaphat\u00f3 \u00edzek<\/h2>\n<ol>\n<li>Eper m\u00e1lna \/ Eper kiwi \/ Eper j\u00e9g \/ Barack mang\u00f3 g\u00f6r\u00f6gdinnye<\/li>\n<li>G\u00f6r\u00f6gdinnye j\u00e9g \/ Eper g\u00f6r\u00f6gdinnye \/ M\u00e1lna g\u00f6r\u00f6gdinnye \/ \u00c1fonya m\u00e1lna<\/li>\n<li>R\u00f3zsasz\u00edn limon\u00e1d\u00e9 \/ Passion Kiss \/ Vegyes bogy\u00f3s gy\u00fcm\u00f6lcs\u00f6k \/ Tripla bogy\u00f3s gy\u00fcm\u00f6lcs\u00f6k<\/li>\n<li>Cseresznye \/ Love 66 \/ Bogy\u00f3s limon\u00e1d\u00e9 \/ Grape Ice<\/li>\n<li>Mang\u00f3 barack \/ Tr\u00f3pusi gy\u00fcm\u00f6lcs \/ Barack j\u00e9g \/ Savany\u00fa mang\u00f3 anan\u00e1sz<\/li>\n<li>Grape Ice \/ Love 66 \/ Blueberry On Ice \/ S\u00e1rk\u00e1nygy\u00fcm\u00f6lcs Ice<\/li>\n<li>Love 66 \/ Cherry \/ Blueberry On Ice \/ Kiwi Passion Fruit Guava<\/li>\n<li>Barack j\u00e9g \/ R\u00f3zsasz\u00edn limon\u00e1d\u00e9 \/ G\u00f6r\u00f6gdinnye j\u00e9g \/ Dr Blue<\/li>\n<li>Piros Mojito \/ Love 66 \/ Vegyes bogy\u00f3s gy\u00fcm\u00f6lcs\u00f6k \/ Epres g\u00f6r\u00f6gdinnye<\/li>\n<li>Barack Mang\u00f3 G\u00f6r\u00f6gdinnye \/ \u00c1fonya Cseresznye \/ G\u00f6r\u00f6gdinnye S\u00e1rk\u00e1nygy\u00fcm\u00f6lcs \/ Passion Kiss<\/li>\n<\/ol>\n<h2>Gyakran ism\u00e9telt k\u00e9rd\u00e9sek (GYIK) - Airmez FOX 4 IN 1 120K Puffok<\/h2>\n<p><strong>1. k\u00e9rd\u00e9s: Mi k\u00fcl\u00f6nb\u00f6zteti meg az Airmez FOX 4 IN 1 120K-t a t\u00f6bbi eldobhat\u00f3 p\u00e1rologtat\u00f3t\u00f3l?<\/strong> Az Airmez FOX 4 IN 1 120K kiemelkedik a leny\u0171g\u00f6z\u0151 120 000 puff kapacit\u00e1s\u00e1val, n\u00e9gy egyedi \u00edzzel egy k\u00e9sz\u00fcl\u00e9kben \u00e9s 60 ml-es e-folyad\u00e9k ell\u00e1t\u00e1ssal - az egyik legsokoldal\u00fabb \u00e9s legtart\u00f3sabb lehet\u0151s\u00e9g a piacon.<\/p>\n<p><strong>2. k\u00e9rd\u00e9s: H\u00e1ny \u00edzes\u00edt\u00e9s \u00e9rhet\u0151 el egy k\u00e9sz\u00fcl\u00e9kben?<\/strong> Ez az innovat\u00edv k\u00e9sz\u00fcl\u00e9k 4 az 1-ben \u00edzrendszerrel rendelkezik, amely n\u00e9gy k\u00fcl\u00f6nb\u00f6z\u0151 \u00edzhez biztos\u00edt hozz\u00e1f\u00e9r\u00e9st a felhaszn\u00e1l\u00f3k sz\u00e1m\u00e1ra an\u00e9lk\u00fcl, hogy a k\u00e9sz\u00fcl\u00e9ket ki kellene cser\u00e9lni - ide\u00e1lis a v\u00e1ltozatoss\u00e1got kedvel\u0151 p\u00e1rol\u00f3k sz\u00e1m\u00e1ra.<\/p>\n<p><strong>3. k\u00e9rd\u00e9s: Mennyi ideig tart az akkumul\u00e1tor, \u00e9s t\u00e1mogatja-e a gyorst\u00f6lt\u00e9st?<\/strong> A k\u00e9sz\u00fcl\u00e9ket egy 650 mAh kapacit\u00e1s\u00fa, C-t\u00edpus\u00fa gyorst\u00f6lt\u00e9ssel ell\u00e1tott akkumul\u00e1tor t\u00e1pl\u00e1lja, amely minim\u00e1lis \u00e1ll\u00e1sid\u0151t biztos\u00edt, \u00e9s a k\u00e9sz\u00fcl\u00e9k mindig haszn\u00e1latra k\u00e9szen \u00e1ll.<\/p>\n<p><strong>4. k\u00e9rd\u00e9s: Van kijelz\u0151 az e-folyad\u00e9k \u00e9s az akkumul\u00e1tor szintj\u00e9nek ellen\u0151rz\u00e9s\u00e9re?<\/strong> Igen, be\u00e9p\u00edtett LED kijelz\u0151vel rendelkezik, amely lehet\u0151v\u00e9 teszi a felhaszn\u00e1l\u00f3k sz\u00e1m\u00e1ra, hogy k\u00f6nnyen \u00e9s val\u00f3s id\u0151ben nyomon k\u00f6vethess\u00e9k mind az akkumul\u00e1tor szintj\u00e9t, mind a marad\u00e9k e-folyad\u00e9k szintj\u00e9t.<\/p>\n<p><strong>5. k\u00e9rd\u00e9s: Milyen nikotin er\u0151ss\u00e9g\u0171 \u00e9s tekercs t\u00edpus\u00fa p\u00e1rologtat\u00f3t haszn\u00e1l ez a p\u00e1rologtat\u00f3?<\/strong> 3 % nikotin er\u0151ss\u00e9ggel kaphat\u00f3, \u00e9s 1,0 \u03a9-os h\u00e1l\u00f3s tekercset tartalmaz, amely sima, egyenletes \u00e9s \u00edzletes g\u0151zt biztos\u00edt minden slukkban.<\/p>\n<h2>Fedezzen fel t\u00f6bb AIRMEZ VAPE-t az Apexvape-n\u00e9l<\/h2>\n<p>Ha m\u00e1s kiv\u00e1l\u00f3 min\u0151s\u00e9g\u0171 p\u00e1rologtat\u00f3 term\u00e9keket keres, garant\u00e1ltan megtal\u00e1lja n\u00e1lunk, amit keres. B\u00f6ng\u00e9sszen a <strong><a href=\"https:\/\/apexvape.de\/hu\/\">honlap<\/a><\/strong> a teljes v\u00e1laszt\u00e9kon kereszt\u00fcl, vagy fedezze fel a m\u00e1rka tov\u00e1bbi modelljeit \u00e9s \u00faj term\u00e9keit a <strong><a href=\"https:\/\/apexvape.de\/hu\/product-category\/airmez-vape\/\">Airmez Vape kateg\u00f3ria<\/a><\/strong>.<\/p>","protected":false},"excerpt":{"rendered":"<p class=\"font-claude-response-body break-words whitespace-normal leading-[1.7]\">Der Airmez FOX 4 IN 1 120K bietet 120.000 Z\u00fcge, 60 ml E-Liquid auf 4 Tanks und ein 4-in-1-Aromasystem. LED-Display f\u00fcr Akku- und F\u00fcllstandskontrolle, 1,0-\u03a9-Mesh-Coil, 650-mAh-Akku mit Type-C-Schnellladung \u2013 mit 3 % Nikotin.<\/p>\n<p class=\"font-claude-response-body break-words whitespace-normal leading-[1.7]\">\n","protected":false},"featured_media":6694,"comment_status":"open","ping_status":"closed","template":"","meta":[],"product_brand":[],"product_cat":[86],"product_tag":[],"class_list":{"0":"post-6682","1":"product","2":"type-product","3":"status-publish","4":"has-post-thumbnail","6":"product_cat-airmez-vape","8":"first","9":"instock","10":"shipping-taxable","11":"purchasable","12":"product-type-variable"},"_links":{"self":[{"href":"https:\/\/apexvape.de\/hu\/wp-json\/wp\/v2\/product\/6682","targetHints":{"allow":["GET"]}}],"collection":[{"href":"https:\/\/apexvape.de\/hu\/wp-json\/wp\/v2\/product"}],"about":[{"href":"https:\/\/apexvape.de\/hu\/wp-json\/wp\/v2\/types\/product"}],"replies":[{"embeddable":true,"href":"https:\/\/apexvape.de\/hu\/wp-json\/wp\/v2\/comments?post=6682"}],"version-history":[{"count":0,"href":"https:\/\/apexvape.de\/hu\/wp-json\/wp\/v2\/product\/6682\/revisions"}],"wp:featuredmedia":[{"embeddable":true,"href":"https:\/\/apexvape.de\/hu\/wp-json\/wp\/v2\/media\/6694"}],"wp:attachment":[{"href":"https:\/\/apexvape.de\/hu\/wp-json\/wp\/v2\/media?parent=6682"}],"wp:term":[{"taxonomy":"product_brand","embeddable":true,"href":"https:\/\/apexvape.de\/hu\/wp-json\/wp\/v2\/product_brand?post=6682"},{"taxonomy":"product_cat","embeddable":true,"href":"https:\/\/apexvape.de\/hu\/wp-json\/wp\/v2\/product_cat?post=6682"},{"taxonomy":"product_tag","embeddable":true,"href":"https:\/\/apexvape.de\/hu\/wp-json\/wp\/v2\/product_tag?post=6682"}],"curies":[{"name":"wp","href":"https:\/\/api.w.org\/{rel}","templated":true}]}}